{"id":10223,"date":"2025-11-06T10:42:18","date_gmt":"2025-11-06T09:42:18","guid":{"rendered":"https:\/\/intercel.eu\/?page_id=10223"},"modified":"2025-12-19T13:06:55","modified_gmt":"2025-12-19T12:06:55","slug":"batterietechnologie","status":"publish","type":"page","link":"https:\/\/intercel.eu\/de\/wissen-erkenntnisse\/batterietechnologie\/","title":{"rendered":"Batterietechnologie"},"content":{"rendered":"\n<div class=\"wp-block-group has-global-padding is-layout-constrained wp-block-group-is-layout-constrained\">\n<div class=\"wp-block-group alignwide has-global-padding is-layout-constrained wp-block-group-is-layout-constrained\">\n<div class=\"wp-block-group has-global-padding is-layout-constrained wp-block-group-is-layout-constrained\">\n<p>Nass-, Blei-, AGM-, Gel-, Blei-Kohlenstoff- und Lithium-Technologien: Die sechs aktuellsten Batterietechnologien decken fast jeden Bedarf ab. Deshalb finden Sie diese Bezeichnungen \u00fcberall im Internet und auch auf unserer Website. Aber was genau ist eine AGM-Batterie? Warum sollte man einen Gel-Akku verwenden? Und was ist der Unterschied zwischen einer Blei-Kohlenstoff-Batterie und einer Lithium-Batterie? Fragen, auf die wir gerne klare Antworten geben m\u00f6chten.     <\/p>\n<\/div>\n\n\n<div class=\"cards is-style-default wp-block-indrukwekkend-subpagina alignwide columns-3 has-excerpt has-readmore\"><ul><li class=\"card\"><div class=\"text\"><h3><a href=\"https:\/\/intercel.eu\/de\/wissen-erkenntnisse\/batterietechnologie\/blei-kohlenstoff-batterien\/\">Blei-Kohle (AGM) Batterien<\/a><\/h3><p>Immer eine Blei-Kohle-Batterie f\u00fcr Ihre Anwendung Suchen Sie eine Blei-Kohle-Batterie? Bei Intercel finden Sie hochwertige Blei-Kohle-Batterien von Cellpower. Diese Batterien sind wartungsfrei, haben eine sehr lange Lebensdauer und k\u00f6nnen schnell &hellip; <\/p><\/div><div class=\"footer\"><span class=\"cta\" aria-hidden=\"true\" id=\"desc-blei-kohlenstoff-batterien\">Read more<\/span><\/div><\/li><li class=\"card\"><div class=\"text\"><h3><a href=\"https:\/\/intercel.eu\/de\/wissen-erkenntnisse\/batterietechnologie\/lithium-batterien\/\">Lithium-batterien<\/a><\/h3><p>Eine Lithium-batterie ist eine batterie, die zur Stromerzeugung Lithium oder eine Lithiumlegierung anstelle von Blei verwendet. Lithium ist das leichteste Metall und bietet die h\u00f6chste elektrochemische St\u00e4rke und Energiedichte bezogen &hellip; <\/p><\/div><div class=\"footer\"><span class=\"cta\" aria-hidden=\"true\" id=\"desc-lithium-batterien\">Read more<\/span><\/div><\/li><li class=\"card\"><div class=\"text\"><h3><a href=\"https:\/\/intercel.eu\/de\/wissen-erkenntnisse\/batterietechnologie\/agm-batterien\/\">AGM-batterien<\/a><\/h3><p>Was ist eine AGM-batterie? Eine AGM-batterie, kurz f\u00fcr Absorbent Glass Mat batterie, ist eine Art von versiegelter Blei-S\u00e4ure-batterie, bei der der Elektrolyt in Glasfasermatten absorbiert wird, die zwischen den Bleiplatten &hellip; <\/p><\/div><div class=\"footer\"><span class=\"cta\" aria-hidden=\"true\" id=\"desc-agm-batterien\">Read more<\/span><\/div><\/li><li class=\"card\"><div class=\"text\"><h3><a href=\"https:\/\/intercel.eu\/de\/wissen-erkenntnisse\/batterietechnologie\/gel-batterien\/\">Gel-Batterien<\/a><\/h3><p>Intercel bietet ein sehr komplettes Sortiment an Gel-Akkus an. Die hochwertigen Gelbatterien von Cellpower eignen sich unter anderem f\u00fcr elektrischen Transport, Robotik, Infrastruktur und maritime Anwendungen. Sehen Sie sich unser &hellip; <\/p><\/div><div class=\"footer\"><span class=\"cta\" aria-hidden=\"true\" id=\"desc-gel-batterien\">Read more<\/span><\/div><\/li><\/ul><\/div><\/div>\n\n\n\n<div class=\"wp-block-group has-global-padding is-layout-constrained wp-container-core-group-is-layout-19e250f3 wp-block-group-is-layout-constrained\">\n<div style=\"height:5px\" aria-hidden=\"true\" class=\"wp-block-spacer\"><\/div>\n\n\n\n<div class=\"wp-block-columns is-layout-flex wp-container-core-columns-is-layout-28f84493 wp-block-columns-is-layout-flex\">\n<div class=\"wp-block-column is-vertically-aligned-center is-style-indrukwekkend-afgerond has-horizontal-white-to-grey-reversed-gradient-background has-background is-layout-flow wp-container-core-column-is-layout-45f3a075 wp-block-column-is-layout-flow\" style=\"border-style:none;border-width:0px;padding-top:var(--wp--preset--spacing--30);padding-right:var(--wp--preset--spacing--30);padding-bottom:var(--wp--preset--spacing--30);padding-left:var(--wp--preset--spacing--40)\">\n<div style=\"height:35px\" aria-hidden=\"true\" class=\"wp-block-spacer\"><\/div>\n\n\n\n<h3 class=\"wp-block-heading has-text-align-left\">Energiel\u00f6sungen f\u00fcr jede Anwendung<\/h3>\n\n\n\n<div class=\"wp-block-group has-global-padding is-layout-constrained wp-container-core-group-is-layout-19e250f3 wp-block-group-is-layout-constrained\">\n<div style=\"height:40px\" aria-hidden=\"true\" class=\"wp-block-spacer\"><\/div>\n\n\n\n<div class=\"wp-block-group has-global-padding is-layout-constrained wp-block-group-is-layout-constrained\">\n<div class=\"wp-block-columns is-layout-flex wp-container-core-columns-is-layout-f369e703 wp-block-columns-is-layout-flex\" style=\"margin-top:var(--wp--preset--spacing--10);margin-bottom:var(--wp--preset--spacing--10)\">\n<div class=\"wp-block-column is-layout-flow wp-block-column-is-layout-flow\">\n<figure class=\"wp-block-image alignleft size-full is-resized\"><img decoding=\"async\" src=\"https:\/\/intercel.eu\/app\/uploads\/2025\/11\/Intercel-Trusted.svg\" alt=\"\" class=\"wp-image-10728\" style=\"width:135px;height:auto\"\/><\/figure>\n<\/div>\n<\/div>\n\n\n\n<div class=\"wp-block-columns is-style-default is-layout-flex wp-container-core-columns-is-layout-f369e703 wp-block-columns-is-layout-flex\" style=\"margin-top:var(--wp--preset--spacing--10);margin-bottom:var(--wp--preset--spacing--10)\">\n<div class=\"wp-block-column is-vertically-aligned-top is-layout-flow wp-container-core-column-is-layout-e3d1c41b wp-block-column-is-layout-flow\">\n<h4 class=\"wp-block-heading\">Unsere Batterien im Feld<\/h4>\n\n\n\n<p>Energiel\u00f6sungen f\u00fcr jede Anwendung \u2013 vertrauensw\u00fcrdig f\u00fcr Unternehmen wie Ihres. Erfahren Sie, wie unsere Kunden von unseren L\u00f6sungen profitieren. Das sind ihre Geschichten.  <\/p>\n<\/div>\n<\/div>\n<\/div>\n<\/div>\n\n\n\n<div class=\"wp-block-group has-global-padding is-layout-constrained wp-container-core-group-is-layout-19e250f3 wp-block-group-is-layout-constrained\">\n<div style=\"height:10px\" aria-hidden=\"true\" class=\"wp-block-spacer\"><\/div>\n\n\n\n<div class=\"wp-block-buttons is-content-justification-left is-layout-flex wp-container-core-buttons-is-layout-fc4fd283 wp-block-buttons-is-layout-flex\">\n<div class=\"wp-block-button is-style-arrow-white\"><a class=\"wp-block-button__link has-text-align-center wp-element-button\" href=\"https:\/\/intercel.eu\/storage\/client-cases\/\">Entdecken Sie unsere Mandantenf\u00e4lle<\/a><\/div>\n<\/div>\n<\/div>\n\n\n\n<div style=\"height:35px\" aria-hidden=\"true\" class=\"wp-block-spacer\"><\/div>\n<\/div>\n\n\n\n<div class=\"wp-block-column is-vertically-aligned-center is-layout-flow wp-block-column-is-layout-flow\">\n<figure class=\"wp-block-image aligncenter size-large has-custom-border is-style-default\"><img decoding=\"async\" src=\"https:\/\/intercel.eu\/\/app\/uploads\/2025\/10\/Praatplaat-2700x1800-geen-afloop-scaled.png\" alt=\"&#xDC;berblick &#xFC;ber alle Anwendungen, die Batterien und Energiespeicherl&#xF6;sungen nutzen\" class=\"wp-image-4521\" style=\"border-radius:20px\"\/><\/figure>\n<\/div>\n<\/div>\n<\/div>\n\n\n\n<div style=\"height:5px\" aria-hidden=\"true\" class=\"wp-block-spacer\"><\/div>\n\n\n\n<div class=\"wp-block-group has-global-padding is-layout-constrained wp-container-core-group-is-layout-19e250f3 wp-block-group-is-layout-constrained\">\n<div style=\"height:5px\" aria-hidden=\"true\" class=\"wp-block-spacer\"><\/div>\n\n\n\n<div class=\"wp-block-group alignwide has-global-padding is-layout-constrained wp-container-core-group-is-layout-7db9d80f wp-block-group-is-layout-constrained\" style=\"padding-right:0;padding-left:0\">\n<div class=\"wp-block-columns alignwide stackProducts is-style-indrukwekkend-kolommen-zes is-layout-flex wp-container-core-columns-is-layout-7fc3d43a wp-block-columns-is-layout-flex\">\n<div class=\"wp-block-column is-vertically-aligned-stretch is-style-indrukwekkend-afgerond has-wit-background-color has-background is-layout-flow wp-container-core-column-is-layout-a81ee822 wp-block-column-is-layout-flow\" style=\"padding-top:0;padding-right:0;padding-bottom:0;padding-left:0\">\n<div class=\"wp-block-group has-horizontal-bright-red-to-darker-gradient-background has-background has-global-padding is-layout-constrained wp-block-group-is-layout-constrained\" style=\"border-top-left-radius:20px;border-top-right-radius:20px;margin-top:0;margin-bottom:0\">\n<figure class=\"wp-block-image aligncenter size-full is-resized\"><img loading=\"lazy\" decoding=\"async\" width=\"128\" height=\"128\" src=\"https:\/\/intercel.eu\/\/app\/uploads\/2025\/11\/europe-2.png\" alt=\"Icon Europe\" class=\"wp-image-11034\" style=\"width:100px\" srcset=\"https:\/\/intercel.eu\/\/app\/uploads\/2025\/11\/europe-2.png 128w, https:\/\/intercel.eu\/\/app\/uploads\/2025\/11\/europe-2-50x50.png 50w, https:\/\/intercel.eu\/\/app\/uploads\/2025\/11\/europe-2-100x100.png 100w\" sizes=\"auto, (max-width: 128px) 100vw, 128px\" \/><\/figure>\n<\/div>\n\n\n\n<div class=\"wp-block-group is-vertical is-content-justification-left is-layout-flex wp-container-core-group-is-layout-f30598c3 wp-block-group-is-layout-flex\" style=\"margin-top:0;margin-bottom:0;padding-top:0;padding-right:var(--wp--preset--spacing--30);padding-bottom:var(--wp--preset--spacing--30);padding-left:var(--wp--preset--spacing--30)\">\n<h3 class=\"wp-block-heading has-text-align-left has-large-font-size\" style=\"font-style:normal;font-weight:600;line-height:1.4\">Europ\u00e4ischer Service &amp; Qualit\u00e4t<\/h3>\n\n\n\n<p class=\"has-text-align-left\">Entwickelt und unterst\u00fctzt aus dem Herzen Europas, um eine schnelle Reaktion, vertrauensw\u00fcrdige Expertise und Produkte zu gew\u00e4hrleisten, die h\u00f6chste Sicherheits- und Leistungsstandards erf\u00fcllen.<\/p>\n<\/div>\n<\/div>\n\n\n\n<div class=\"wp-block-column is-vertically-aligned-stretch is-style-indrukwekkend-afgerond has-wit-background-color has-background is-layout-flow wp-container-core-column-is-layout-f8561097 wp-block-column-is-layout-flow\" style=\"padding-top:0;padding-right:0;padding-bottom:0;padding-left:0\">\n<div class=\"wp-block-group is-style-default has-horizontal-bright-red-to-darker-gradient-background has-background has-global-padding is-layout-constrained wp-block-group-is-layout-constrained\" style=\"border-top-left-radius:20px;border-top-right-radius:20px;margin-top:0;margin-bottom:0\">\n<figure class=\"wp-block-image aligncenter size-full is-resized\"><img loading=\"lazy\" decoding=\"async\" width=\"128\" height=\"128\" src=\"https:\/\/intercel.eu\/\/app\/uploads\/2025\/11\/efficiency-1.png\" alt=\"\" class=\"wp-image-10817\" style=\"width:100px\" srcset=\"https:\/\/intercel.eu\/\/app\/uploads\/2025\/11\/efficiency-1.png 128w, https:\/\/intercel.eu\/\/app\/uploads\/2025\/11\/efficiency-1-50x50.png 50w, https:\/\/intercel.eu\/\/app\/uploads\/2025\/11\/efficiency-1-100x100.png 100w\" sizes=\"auto, (max-width: 128px) 100vw, 128px\" \/><\/figure>\n<\/div>\n\n\n\n<div class=\"wp-block-group is-vertical is-content-justification-left is-layout-flex wp-container-core-group-is-layout-f30598c3 wp-block-group-is-layout-flex\" style=\"margin-top:0;margin-bottom:0;padding-top:0;padding-right:var(--wp--preset--spacing--30);padding-bottom:var(--wp--preset--spacing--30);padding-left:var(--wp--preset--spacing--30)\">\n<h3 class=\"wp-block-heading has-text-align-left has-large-font-size\" style=\"font-style:normal;font-weight:600;line-height:1.4\"><mark style=\"background-color:#ffffff\" class=\"has-inline-color has-donker-grijs-color\">40 Jahre Batterieerfahrung<\/mark><\/h3>\n\n\n\n<p class=\"has-text-align-left\">Jahrzehnte an Wissen, Innovation und Partnerschaft, die seit 1985 Tausende von Anwendungen weltweit antrieben.<\/p>\n<\/div>\n<\/div>\n\n\n\n<div class=\"wp-block-column is-vertically-aligned-stretch is-style-indrukwekkend-afgerond has-wit-background-color has-background is-layout-flow wp-container-core-column-is-layout-f8561097 wp-block-column-is-layout-flow\" style=\"padding-top:0;padding-right:0;padding-bottom:0;padding-left:0\">\n<div class=\"wp-block-group has-horizontal-bright-red-to-darker-gradient-background has-background has-global-padding is-layout-constrained wp-block-group-is-layout-constrained\" style=\"border-top-left-radius:20px;border-top-right-radius:20px;margin-top:0;margin-bottom:0\">\n<figure class=\"wp-block-image aligncenter size-full is-resized\"><img loading=\"lazy\" decoding=\"async\" width=\"1667\" height=\"1667\" src=\"https:\/\/intercel.eu\/\/app\/uploads\/2025\/12\/Ecovadis-Gold-Medal-white.png\" alt=\"Ecovadis Goldmedaille Intercel Gruppe\" class=\"wp-image-18785\" style=\"width:100px\" srcset=\"https:\/\/intercel.eu\/\/app\/uploads\/2025\/12\/Ecovadis-Gold-Medal-white.png 1667w, https:\/\/intercel.eu\/\/app\/uploads\/2025\/12\/Ecovadis-Gold-Medal-white-300x300.png 300w, https:\/\/intercel.eu\/\/app\/uploads\/2025\/12\/Ecovadis-Gold-Medal-white-1024x1024.png 1024w, https:\/\/intercel.eu\/\/app\/uploads\/2025\/12\/Ecovadis-Gold-Medal-white-150x150.png 150w, https:\/\/intercel.eu\/\/app\/uploads\/2025\/12\/Ecovadis-Gold-Medal-white-768x768.png 768w, https:\/\/intercel.eu\/\/app\/uploads\/2025\/12\/Ecovadis-Gold-Medal-white-1536x1536.png 1536w, https:\/\/intercel.eu\/\/app\/uploads\/2025\/12\/Ecovadis-Gold-Medal-white-50x50.png 50w, https:\/\/intercel.eu\/\/app\/uploads\/2025\/12\/Ecovadis-Gold-Medal-white-1600x1600.png 1600w, https:\/\/intercel.eu\/\/app\/uploads\/2025\/12\/Ecovadis-Gold-Medal-white-450x450.png 450w, https:\/\/intercel.eu\/\/app\/uploads\/2025\/12\/Ecovadis-Gold-Medal-white-250x250.png 250w, https:\/\/intercel.eu\/\/app\/uploads\/2025\/12\/Ecovadis-Gold-Medal-white-175x175.png 175w, https:\/\/intercel.eu\/\/app\/uploads\/2025\/12\/Ecovadis-Gold-Medal-white-600x600.png 600w, https:\/\/intercel.eu\/\/app\/uploads\/2025\/12\/Ecovadis-Gold-Medal-white-100x100.png 100w\" sizes=\"auto, (max-width: 1667px) 100vw, 1667px\" \/><\/figure>\n<\/div>\n\n\n\n<div class=\"wp-block-group is-vertical is-content-justification-left is-layout-flex wp-container-core-group-is-layout-f30598c3 wp-block-group-is-layout-flex\" style=\"margin-top:0;margin-bottom:0;padding-top:0;padding-right:var(--wp--preset--spacing--30);padding-bottom:var(--wp--preset--spacing--30);padding-left:var(--wp--preset--spacing--30)\">\n<h3 class=\"wp-block-heading has-text-align-left has-midden-grijs-color has-text-color has-link-color has-large-font-size wp-elements-d2594caedb955c65d90b5cf701c78dd9\" style=\"font-style:normal;font-weight:600;line-height:1.4\"><mark style=\"background-color:#ffffff\" class=\"has-inline-color has-donker-grijs-color\">Konform und zertifiziert<\/mark><\/h3>\n\n\n\n<p>Vollst\u00e4ndig an europ\u00e4ische Vorschriften angepasst und nach den neuesten Sicherheits-, Qualit\u00e4ts- und Nachhaltigkeitsstandards zertifiziert, von PGS 37-2 bis zur EU-Batterieverordnung.<\/p>\n<\/div>\n<\/div>\n\n\n\n<div class=\"wp-block-column is-vertically-aligned-stretch is-style-indrukwekkend-afgerond has-wit-background-color has-background is-layout-flow wp-container-core-column-is-layout-f8561097 wp-block-column-is-layout-flow\" style=\"padding-top:0;padding-right:0;padding-bottom:0;padding-left:0\">\n<div class=\"wp-block-group has-horizontal-bright-red-to-darker-gradient-background has-background has-global-padding is-layout-constrained wp-block-group-is-layout-constrained\" style=\"border-top-left-radius:20px;border-top-right-radius:20px;margin-top:0;margin-bottom:0\">\n<figure class=\"wp-block-image aligncenter size-full is-resized\"><img loading=\"lazy\" decoding=\"async\" width=\"128\" height=\"128\" src=\"https:\/\/intercel.eu\/\/app\/uploads\/2025\/11\/handshake-3.png\" alt=\"\" class=\"wp-image-10820\" style=\"width:100px\" srcset=\"https:\/\/intercel.eu\/\/app\/uploads\/2025\/11\/handshake-3.png 128w, https:\/\/intercel.eu\/\/app\/uploads\/2025\/11\/handshake-3-50x50.png 50w, https:\/\/intercel.eu\/\/app\/uploads\/2025\/11\/handshake-3-100x100.png 100w\" sizes=\"auto, (max-width: 128px) 100vw, 128px\" \/><\/figure>\n<\/div>\n\n\n\n<div class=\"wp-block-group is-vertical is-content-justification-left is-layout-flex wp-container-core-group-is-layout-f30598c3 wp-block-group-is-layout-flex\" style=\"margin-top:0;margin-bottom:0;padding-top:0;padding-right:var(--wp--preset--spacing--30);padding-bottom:var(--wp--preset--spacing--30);padding-left:var(--wp--preset--spacing--30)\">\n<h3 class=\"wp-block-heading has-text-align-left has-donker-grijs-color has-text-color has-link-color has-large-font-size wp-elements-dd67113483fb2c4281a92ac229fb9637\" style=\"font-style:normal;font-weight:600;line-height:1.4\">Jede Herausforderung meistern<\/h3>\n\n\n\n<p>Egal wie komplex Ihr Energiebedarf ist, wir liefern die richtige L\u00f6sung. Mit Flexibilit\u00e4t, Zuverl\u00e4ssigkeit und dem Willen, Ihr Unternehmen am Laufen zu halten. <\/p>\n<\/div>\n<\/div>\n<\/div>\n<\/div>\n\n\n\n<div style=\"height:5px\" aria-hidden=\"true\" class=\"wp-block-spacer\"><\/div>\n<\/div>\n\n\n\n<div style=\"height:5px\" aria-hidden=\"true\" class=\"wp-block-spacer\"><\/div>\n\n\n\n<div class=\"wp-block-columns has-horizontal-dark-grey-to-grey-gradient-background has-background is-layout-flex wp-container-core-columns-is-layout-a5331a9e wp-block-columns-is-layout-flex\" style=\"border-top-left-radius:35px;border-top-right-radius:32px;border-bottom-left-radius:35px;border-bottom-right-radius:32px;padding-top:0;padding-right:0;padding-bottom:0;padding-left:0;box-shadow:var(--wp--preset--shadow--natural)\">\n<div class=\"wp-block-column is-vertically-aligned-stretch is-layout-flow wp-block-column-is-layout-flow\" style=\"flex-basis:33.33%\">\n<div class=\"wp-block-group is-style-default has-global-padding is-layout-constrained wp-container-core-group-is-layout-72d38984 wp-block-group-is-layout-constrained has-background\" style=\"border-top-left-radius:25px;border-bottom-left-radius:25px;min-height:100%;margin-top:0;margin-bottom:0;padding-top:0;padding-right:0;padding-bottom:0;padding-left:0;background-image:url(&apos;https:\/\/intercel.eu\/\/app\/uploads\/2025\/11\/Battery-project-in-mind.png&apos;);background-position:59% 32%;background-size:cover;\">\n<div style=\"height:200px\" aria-hidden=\"true\" class=\"wp-block-spacer\"><\/div>\n<\/div>\n<\/div>\n\n\n\n<div class=\"wp-block-column is-vertically-aligned-center has-global-padding is-layout-constrained wp-block-column-is-layout-constrained\" style=\"flex-basis:66.66%\">\n<div class=\"wp-block-group has-global-padding is-layout-constrained wp-container-core-group-is-layout-85182686 wp-block-group-is-layout-constrained\" style=\"padding-top:var(--wp--preset--spacing--30);padding-right:var(--wp--preset--spacing--70);padding-bottom:var(--wp--preset--spacing--30);padding-left:var(--wp--preset--spacing--10)\">\n<h2 class=\"wp-block-heading has-wit-color has-text-color has-link-color wp-elements-8f8cbb9d1f928b5ad1cbb5f7458363f6\">Haben du ein Projekt im Sinn?<\/h2>\n\n\n\n<p class=\"has-bijna-wit-color has-text-color has-link-color wp-elements-5bb223514d3ec5fbe1df100e44febb76\">Von unseren eigenen Premium-Marken bis hin zu f\u00fchrenden A-Marken bieten wir eine komplette Palette hochwertiger Batterien und Energiesysteme. Immer ausgew\u00e4hlt, um Zuverl\u00e4ssigkeit, Leistung und eine perfekte Passform f\u00fcr dein Projekt zu gew\u00e4hrleisten. <\/p>\n\n\n\n<div class=\"wp-block-buttons alignfull is-horizontal is-content-justification-left is-layout-flex wp-container-core-buttons-is-layout-036cb0ab wp-block-buttons-is-layout-flex\">\n<div class=\"wp-block-button is-style-arrow-white\" id=\"contact-form-popup\"><a class=\"wp-block-button__link has-text-align-center wp-element-button\" href=\"https:\/\/intercel.eu\/de\/kontakt\/\">Sprechen Sie mit unseren Experten<\/a><\/div>\n<\/div>\n<\/div>\n<\/div>\n<\/div>\n\n\n\n<div style=\"height:14px\" aria-hidden=\"true\" class=\"wp-block-spacer\"><\/div>\n<\/div>\n\n<div class=\"wp-block-columns is-not-stacked-on-mobile has-vertical-grey-to-white-gradient-background has-background is-layout-flex wp-container-core-columns-is-layout-a5331a9e wp-block-columns-is-layout-flex\" style=\"border-top-left-radius:25px;border-top-right-radius:25px;border-bottom-left-radius:25px;border-bottom-right-radius:25px;padding-top:0;padding-right:0;padding-bottom:0;padding-left:0;box-shadow:var(--wp--preset--shadow--natural)\">\n<div class=\"wp-block-column is-vertically-aligned-center is-layout-flow wp-block-column-is-layout-flow\">\n<div class=\"wp-block-group has-global-padding is-layout-constrained wp-container-core-group-is-layout-52009084 wp-block-group-is-layout-constrained\" style=\"padding-top:var(--wp--preset--spacing--40);padding-right:var(--wp--preset--spacing--40);padding-bottom:var(--wp--preset--spacing--40);padding-left:var(--wp--preset--spacing--40)\">\n<h2 class=\"wp-block-heading has-contrast-color has-text-color has-link-color has-x-large-font-size wp-elements-42aaf3397b600dfc7e6783e2d48713f2\">Bleib mit <em>The Current<\/em> aktiv<\/h2>\n\n\n\n<p class=\"has-contrast-color has-text-color has-link-color wp-elements-70a65d2b9c4980d02f1ed88b4eac3bb0\">Abonnieren Sie unser digitales Journal <em>The Current<\/em> und bleiben Sie informiert \u00fcber die neuesten Batterieinnovationen, Veranstaltungen, Marktentwicklungen und Praxisbeispiele.<\/p>\n\n\n\n<div class=\"wp-block-buttons is-content-justification-left is-layout-flex wp-container-core-buttons-is-layout-fc4fd283 wp-block-buttons-is-layout-flex\">\n<div class=\"wp-block-button is-style-arrow\"><a class=\"wp-block-button__link has-text-align-center wp-element-button\" href=\"https:\/\/mailchi.mp\/420996ce8b06\/subscribe-to-the-current\" target=\"_blank\" rel=\"noopener\">Abonnieren<\/a><\/div>\n<\/div>\n<\/div>\n<\/div>\n\n\n\n<div class=\"wp-block-column is-vertically-aligned-center is-style-default is-layout-flow wp-container-core-column-is-layout-f8561097 wp-block-column-is-layout-flow\" style=\"border-radius:25px;padding-top:0;padding-right:0;padding-bottom:0;padding-left:0;flex-basis:33.33%\">\n<div class=\"wp-block-group has-global-padding is-layout-constrained wp-block-group-is-layout-constrained has-background\" style=\"border-top-right-radius:25px;border-bottom-right-radius:25px;background-image:url(&apos;https:\/\/intercel.eu\/\/app\/uploads\/2025\/11\/The-Current-newspaper-1.png&apos;);background-position:20% 70%;background-size:cover;background-attachment:scroll;\">\n<div style=\"height:280px\" aria-hidden=\"true\" class=\"wp-block-spacer\"><\/div>\n<\/div>\n<\/div>\n<\/div>\n\n<div style=\"height:5px\" aria-hidden=\"true\" class=\"wp-block-spacer\"><\/div>\n","protected":false},"excerpt":{"rendered":"<p>Nass-, Blei-, AGM-, Gel-, Blei-Kohlenstoff- und Lithium-Technologien: Die sechs aktuellsten Batterietechnologien decken fast jeden Bedarf ab. Deshalb finden Sie diese Bezeichnungen \u00fcberall im Internet und auch auf unserer Website. Aber was genau ist eine AGM-Batterie? Warum sollte man einen Gel-Akku verwenden? Und was ist der Unterschied zwischen einer Blei-Kohlenstoff-Batterie und einer Lithium-Batterie? Fragen, auf die &hellip; <a href=\"https:\/\/intercel.eu\/de\/wissen-erkenntnisse\/batterietechnologie\/\">Fortgesetzt<\/a><\/p>\n","protected":false},"author":1,"featured_media":10153,"parent":10221,"menu_order":0,"comment_status":"open","ping_status":"open","template":"","meta":{"footnotes":""},"class_list":["post-10223","page","type-page","status-publish","has-post-thumbnail","hentry"],"acf":[],"_links":{"self":[{"href":"https:\/\/intercel.eu\/de\/wp-json\/wp\/v2\/pages\/10223","targetHints":{"allow":["GET"]}}],"collection":[{"href":"https:\/\/intercel.eu\/de\/wp-json\/wp\/v2\/pages"}],"about":[{"href":"https:\/\/intercel.eu\/de\/wp-json\/wp\/v2\/types\/page"}],"author":[{"embeddable":true,"href":"https:\/\/intercel.eu\/de\/wp-json\/wp\/v2\/users\/1"}],"replies":[{"embeddable":true,"href":"https:\/\/intercel.eu\/de\/wp-json\/wp\/v2\/comments?post=10223"}],"version-history":[{"count":3,"href":"https:\/\/intercel.eu\/de\/wp-json\/wp\/v2\/pages\/10223\/revisions"}],"predecessor-version":[{"id":20926,"href":"https:\/\/intercel.eu\/de\/wp-json\/wp\/v2\/pages\/10223\/revisions\/20926"}],"up":[{"embeddable":true,"href":"https:\/\/intercel.eu\/de\/wp-json\/wp\/v2\/pages\/10221"}],"wp:featuredmedia":[{"embeddable":true,"href":"https:\/\/intercel.eu\/de\/wp-json\/wp\/v2\/media\/10153"}],"wp:attachment":[{"href":"https:\/\/intercel.eu\/de\/wp-json\/wp\/v2\/media?parent=10223"}],"curies":[{"name":"wp","href":"https:\/\/api.w.org\/{rel}","templated":true}]}}