{"id":10227,"date":"2025-11-06T10:42:18","date_gmt":"2025-11-06T09:42:18","guid":{"rendered":"https:\/\/intercel.eu\/?page_id=10227"},"modified":"2025-12-16T14:51:46","modified_gmt":"2025-12-16T13:51:46","slug":"gel-batterien","status":"publish","type":"page","link":"https:\/\/intercel.eu\/de\/wissen-erkenntnisse\/batterietechnologie\/gel-batterien\/","title":{"rendered":"Gel-Batterien"},"content":{"rendered":"\n<div class=\"wp-block-group has-global-padding is-layout-constrained wp-block-group-is-layout-constrained\">\n<div style=\"height:5px\" aria-hidden=\"true\" class=\"wp-block-spacer\"><\/div>\n\n\n\n<div class=\"wp-block-columns is-layout-flex wp-container-core-columns-is-layout-28f84493 wp-block-columns-is-layout-flex\">\n<div class=\"wp-block-column is-layout-flow wp-block-column-is-layout-flow\">\n<p>Intercel bietet ein sehr komplettes Sortiment an Gel-Akkus an. Die hochwertigen <a href=\"https:\/\/intercel.eu\/de\/marken\/cellpower\/\" data-type=\"product_brand\" data-id=\"1596\">Gelbatterien von Cellpower<\/a> eignen sich unter anderem f\u00fcr elektrischen Transport, Robotik, Infrastruktur und maritime Anwendungen. Sehen Sie sich unser gro\u00dfes Sortiment an oder kontaktieren Sie uns unverbindlich. Wir helfen Ihnen gerne, die richtige Gel-Batterie f\u00fcr Ihre Anwendung zu finden!  <\/p>\n\n\n\n<div class=\"wp-block-group has-global-padding is-layout-constrained wp-container-core-group-is-layout-c19476fc wp-block-group-is-layout-constrained\">\n<h2 class=\"wp-block-heading has-x-large-font-size\">Was ist eine Gel-Batterie?<\/h2>\n\n\n\n<p>Gel-Batterien sind wartungsfreie Blei-S\u00e4ure-Batterien mit einer Mischung aus Silikon zwischen den Platten.\nDer Elektrolyt bildet somit ein Gel, das nicht auslaufen kann.\nDadurch kann eine Gel-Batterie in beliebige Position platziert werden.\nDie gelartige Struktur sorgt au\u00dferdem daf\u00fcr, dass die Batterie nicht schwappt und vibrationsresistent ist.\nDaher unterscheidet sich die Gel-Batterie deutlich von herk\u00f6mmlichen Blei- und AGM-Batterien, die eine gef\u00e4hrliche S\u00e4ure enthalten, die auslaufen kann.  <\/p>\n\n\n\n<p>Gel-Batterien, wie <a href=\"\/de\/?page_id=10225\" data-type=\"page\" data-id=\"10224\">AGM-Batterien<\/a>, geh\u00f6ren zur Gruppe der VRLA-Batterien. VRLA steht f\u00fcr Valve Regulated Lead Acid (Valve Regulated Lead Acid). Gelbatterien k\u00f6nnen aufgrund ihrer besonderen Eigenschaften bis zu 20 % der Kapazit\u00e4t entladen werden. Dies sorgt wiederum f\u00fcr eine l\u00e4ngere Lebensdauer als die meisten anderen AGM-Batterien. F\u00fcr diesen Zweck ist es jedoch wichtig, ein geeignetes Batterieladeger\u00e4t zu verwenden. Das \u00dcberladen von Gel-Akkus wirkt sich sehr negativ auf ihre Lebensdauer aus!     <\/p>\n\n\n\n<div style=\"height:5px\" aria-hidden=\"true\" class=\"wp-block-spacer\"><\/div>\n<\/div>\n<\/div>\n\n\n\n<div class=\"wp-block-column is-vertically-aligned-center is-layout-flow wp-block-column-is-layout-flow\">\n<div style=\"height:22px\" aria-hidden=\"true\" class=\"wp-block-spacer\"><\/div>\n\n\n\n<div class=\"wp-block-columns has-horizontal-dark-grey-to-grey-gradient-background has-background is-layout-flex wp-container-core-columns-is-layout-a5331a9e wp-block-columns-is-layout-flex\" style=\"border-top-left-radius:35px;border-top-right-radius:32px;border-bottom-left-radius:35px;border-bottom-right-radius:32px;padding-top:0;padding-right:0;padding-bottom:0;padding-left:0;box-shadow:var(--wp--preset--shadow--natural)\">\n<div class=\"wp-block-column is-vertically-aligned-stretch is-layout-flow wp-block-column-is-layout-flow\" style=\"flex-basis:33.33%\">\n<div class=\"wp-block-group is-style-default has-global-padding is-layout-constrained wp-container-core-group-is-layout-72d38984 wp-block-group-is-layout-constrained has-background\" style=\"border-top-left-radius:25px;border-bottom-left-radius:25px;min-height:100%;margin-top:0;margin-bottom:0;padding-top:0;padding-right:0;padding-bottom:0;padding-left:0;background-image:url(&apos;https:\/\/intercel.eu\/\/app\/uploads\/2025\/11\/Battery-project-in-mind.png&apos;);background-position:59% 35%;background-size:cover;\">\n<div style=\"height:200px\" aria-hidden=\"true\" class=\"wp-block-spacer\"><\/div>\n<\/div>\n<\/div>\n\n\n\n<div class=\"wp-block-column is-vertically-aligned-center is-style-indrukwekkend-afgerond is-layout-flow wp-container-core-column-is-layout-f2c55d9d wp-block-column-is-layout-flow\" style=\"border-style:none;border-width:0px;padding-top:var(--wp--preset--spacing--20);padding-right:var(--wp--preset--spacing--30);padding-bottom:var(--wp--preset--spacing--20);padding-left:var(--wp--preset--spacing--10)\">\n<div class=\"wp-block-group is-layout-flow wp-container-core-group-is-layout-4d399660 wp-block-group-is-layout-flow\" style=\"margin-top:0;margin-bottom:0;padding-top:var(--wp--preset--spacing--50);padding-right:0;padding-bottom:var(--wp--preset--spacing--50);padding-left:0\">\n<h3 class=\"wp-block-heading alignfull has-text-align-left has-wit-color has-text-color has-link-color wp-elements-418088670faaf86341a897d3a60bbc84\">Hast du ein Projekt im Sinn?<\/h3>\n\n\n\n<p class=\"has-bijna-wit-color has-text-color has-link-color wp-elements-8e24c01220f847f4f3dee6769803e006\">Wir helfen Ihnen gerne, die richtige Batteriel\u00f6sung zu finden. Ob f\u00fcr Energiespeicherung, Elektrifizierungsprojekte, Antriebskraft oder Standby- und Backup-Anwendungen. <\/p>\n\n\n\n<div class=\"wp-block-buttons alignfull is-horizontal is-content-justification-left is-layout-flex wp-container-core-buttons-is-layout-036cb0ab wp-block-buttons-is-layout-flex\">\n<div class=\"wp-block-button is-style-arrow\" id=\"contact-form-popup\"><a class=\"wp-block-button__link has-text-align-center wp-element-button\" href=\"https:\/\/intercel.eu\/de\/kontakt\/\">Sprechen Sie mit unseren Experten<\/a><\/div>\n<\/div>\n<\/div>\n<\/div>\n<\/div>\n<\/div>\n<\/div>\n\n\n\n<div class=\"wp-block-group has-global-padding is-layout-constrained wp-container-core-group-is-layout-e0082cf6 wp-block-group-is-layout-constrained\">\n<h2 class=\"wp-block-heading has-x-large-font-size\">Die Vorteile von Gel-Batterien<\/h2>\n\n\n\n<p>Gel-Akkus sind sehr robust und vielseitig.\nDaher haben sie viele Vorteile gegen\u00fcber anderen Arten von Tiefzyklusbatterien, darunter:  <\/p>\n\n\n\n<div style=\"height:10px\" aria-hidden=\"true\" class=\"wp-block-spacer\"><\/div>\n\n\n\n<div class=\"wp-block-group is-layout-grid wp-container-core-group-is-layout-3721f5f0 wp-block-group-is-layout-grid\">\n<div class=\"wp-block-group is-style-indrukwekkend-rond-schaduw has-wit-background-color has-background has-global-padding is-layout-constrained wp-container-core-group-is-layout-b44eaaa3 wp-block-group-is-layout-constrained\" style=\"margin-top:var(--wp--preset--spacing--10);margin-bottom:var(--wp--preset--spacing--10);padding-top:var(--wp--preset--spacing--20);padding-right:var(--wp--preset--spacing--20);padding-bottom:var(--wp--preset--spacing--20);padding-left:var(--wp--preset--spacing--20)\">\n<h3 class=\"wp-block-heading has-text-align-center has-large-font-size\">\u2713 Sicherheit<\/h3>\n\n\n\n<p>Gel-Akkus sind sehr sicher, weil die S\u00e4ure in ein Gel umgewandelt wird, das nicht auslaufen kann.\nDaher besteht keine Gefahr von S\u00e4ureverschmutzung, wenn die Batterie kippt oder besch\u00e4digt wird.\nDie Batterie produziert au\u00dferdem praktisch keine gef\u00e4hrlichen Gase, die freigesetzt werden k\u00f6nnen, was Gel-Batterien ideal f\u00fcr den Einsatz in engen R\u00e4umen macht.  <\/p>\n<\/div>\n\n\n\n<div class=\"wp-block-group is-style-indrukwekkend-rond-schaduw has-wit-background-color has-background has-global-padding is-layout-constrained wp-container-core-group-is-layout-b44eaaa3 wp-block-group-is-layout-constrained\" style=\"margin-top:var(--wp--preset--spacing--10);margin-bottom:var(--wp--preset--spacing--10);padding-top:var(--wp--preset--spacing--20);padding-right:var(--wp--preset--spacing--20);padding-bottom:var(--wp--preset--spacing--20);padding-left:var(--wp--preset--spacing--20)\">\n<h3 class=\"wp-block-heading has-text-align-center has-large-font-size\">\u2713 Gute Widerstandsf\u00e4higkeit gegen Vibrationen und Sto\u00df<\/h3>\n\n\n\n<p>Gelzellen sind au\u00dferdem besonders widerstandsf\u00e4hig gegen Vibrationen und St\u00f6\u00dfe, sodass sie problemlos f\u00fcr den Motor eines Bootes oder in einem landwirtschaftlichen Fahrzeug verwendet werden k\u00f6nnen.\nDa die Batterien vibrationsbest\u00e4ndig sind, ist auch die Wahrscheinlichkeit von Sch\u00e4den beim Transport stark reduziert.  <\/p>\n<\/div>\n\n\n\n<div class=\"wp-block-group is-style-indrukwekkend-rond-schaduw has-wit-background-color has-background has-global-padding is-layout-constrained wp-container-core-group-is-layout-b44eaaa3 wp-block-group-is-layout-constrained\" style=\"margin-top:var(--wp--preset--spacing--10);margin-bottom:var(--wp--preset--spacing--10);padding-top:var(--wp--preset--spacing--20);padding-right:var(--wp--preset--spacing--20);padding-bottom:var(--wp--preset--spacing--20);padding-left:var(--wp--preset--spacing--20)\">\n<h3 class=\"wp-block-heading has-text-align-center has-large-font-size\">\u2713 Lange Lebensdauer<\/h3>\n\n\n\n<p>Gel-Akkus haben eine sehr lange Lebensdauer, was sie ideal macht, wenn man den Akku \u00fcber l\u00e4ngere Zeit ben\u00f6tigt.\nSie k\u00f6nnen bis zu viermal so lange halten wie herk\u00f6mmliche Batterien: Die Ausdauer f\u00e4llt besonders in hei\u00dfen Klimazonen oder bei regelm\u00e4\u00dfigem Gebrauch an Orten auf, an denen die Batteriekapazit\u00e4t stark entladen ist (z. B. Solarkraftwerke und Windkraftanlagen).  <\/p>\n<\/div>\n\n\n\n<div class=\"wp-block-group is-style-indrukwekkend-rond-schaduw has-wit-background-color has-background has-global-padding is-layout-constrained wp-container-core-group-is-layout-b44eaaa3 wp-block-group-is-layout-constrained\" style=\"margin-top:var(--wp--preset--spacing--10);margin-bottom:var(--wp--preset--spacing--10);padding-top:var(--wp--preset--spacing--20);padding-right:var(--wp--preset--spacing--20);padding-bottom:var(--wp--preset--spacing--20);padding-left:var(--wp--preset--spacing--20)\">\n<h3 class=\"wp-block-heading has-text-align-center has-large-font-size\">\u2713 Temperaturbest\u00e4ndig<\/h3>\n\n\n\n<p>Die Temperatur von Gel-Batterien liegt etwa 10 Grad Celsius unter der anderer Batterietypen, was bedeutet, dass sie unter extremen Bedingungen und hei\u00dfen Klimazonen verwendet werden k\u00f6nnen.<\/p>\n<\/div>\n\n\n\n<div class=\"wp-block-group is-style-indrukwekkend-rond-schaduw has-wit-background-color has-background has-global-padding is-layout-constrained wp-container-core-group-is-layout-b44eaaa3 wp-block-group-is-layout-constrained\" style=\"margin-top:var(--wp--preset--spacing--10);margin-bottom:var(--wp--preset--spacing--10);padding-top:var(--wp--preset--spacing--20);padding-right:var(--wp--preset--spacing--20);padding-bottom:var(--wp--preset--spacing--20);padding-left:var(--wp--preset--spacing--20)\">\n<h3 class=\"wp-block-heading has-text-align-center has-large-font-size\">\u2713 Entlassen<\/h3>\n\n\n\n<p>Gel-Akkus funktionieren bei unterschiedlichen Entladungsstufen gut.\nDas bedeutet unter anderem, dass sie ideal f\u00fcr Installationen von Solaranlagen oder Windturbinen sind.\nDie Batterie kann regelm\u00e4\u00dfig tief entladen werden und bleibt dennoch in gutem Zustand.\nAndererseits kann der Akku auch aufgeladen und \u00fcber l\u00e4ngere Zeitr\u00e4ume ohne Probleme gelagert werden.\nDies liegt an dem Gel, das dem Elektrolyten zugesetzt wird.  <\/p>\n<\/div>\n\n\n\n<div class=\"wp-block-buttons is-content-justification-center is-layout-flex wp-container-core-buttons-is-layout-b5994976 wp-block-buttons-is-layout-flex\"><\/div>\n<\/div>\n\n\n\n<div style=\"height:10px\" aria-hidden=\"true\" class=\"wp-block-spacer\"><\/div>\n\n\n\n<div style=\"height:5px\" aria-hidden=\"true\" class=\"wp-block-spacer\"><\/div>\n<\/div>\n\n\n\n<div class=\"wp-block-columns is-layout-flex wp-container-core-columns-is-layout-28f84493 wp-block-columns-is-layout-flex\">\n<div class=\"wp-block-column is-vertically-aligned-top is-layout-flow wp-block-column-is-layout-flow\">\n<div class=\"wp-block-group has-global-padding is-layout-constrained wp-container-core-group-is-layout-c19476fc wp-block-group-is-layout-constrained\">\n<h2 class=\"wp-block-heading has-x-large-font-size\">Nachteile von Gel-Batterien<\/h2>\n\n\n\n<p>Eine Gel-Batterie ist im Allgemeinen etwas teurer als andere Akkutypen.\nAu\u00dferdem brauchen Gel-Akkus l\u00e4nger zum Laden als andere Batterien und liefern bei derselben Gr\u00f6\u00dfe weniger Strom.\nEs ist au\u00dferdem wichtig, \u00dcberpreise zu vermeiden.\nWenn Sie jedoch Ihren Gel-Akku richtig handhaben, werden die meisten Nachteile durch die l\u00e4ngere Lebensdauer und Benutzerfreundlichkeit aufgewogen.  <\/p>\n\n\n\n<div style=\"height:5px\" aria-hidden=\"true\" class=\"wp-block-spacer\"><\/div>\n<\/div>\n\n\n\n<div class=\"wp-block-group has-global-padding is-layout-constrained wp-container-core-group-is-layout-c19476fc wp-block-group-is-layout-constrained\">\n<h2 class=\"wp-block-heading has-x-large-font-size\">F\u00fcr welche Anwendungen eignet sich eine Gel-Batterie?<\/h2>\n\n\n\n<p>Gel-Akkus sind \u00e4u\u00dferst vielseitig und eignen sich f\u00fcr eine Vielzahl von Anwendungen.\nUnter anderem k\u00f6nnen Sie sie verwenden als:  <\/p>\n\n\n\n<ul class=\"wp-block-list\">\n<li>Batterien f\u00fcr <a href=\"\/de\/?page_id=10290\" data-type=\"page\" data-id=\"10289\">maritime Anwendungen<\/a><\/li>\n\n\n\n<li>Batterien f\u00fcr die <a href=\"\/de\/?page_id=10310\" data-type=\"page\" data-id=\"10309\">Infrastruktur<\/a><\/li>\n\n\n\n<li>Batterien f\u00fcr die <a href=\"\/de\/?page_id=10296\" data-type=\"page\" data-id=\"10295\">Sanierungsindustrie<\/a><\/li>\n\n\n\n<li>Batterien f\u00fcr <a href=\"https:\/\/intercel.eu\/de\/motiv\/eigenstandiger-roboter-akku\/\" data-type=\"page\" data-id=\"10287\">Robotik<\/a><\/li>\n\n\n\n<li>Batterien f\u00fcr <a href=\"\/de\/?page_id=10316\" data-type=\"page\" data-id=\"10315\">Wohnmobile, Wohnwagen<\/a> und <a href=\"\/de\/?page_id=10314\" data-type=\"page\" data-id=\"10313\">Nutzfahrzeuge<\/a><\/li>\n\n\n\n<li>Batterien f\u00fcr <a href=\"\/de\/?page_id=10322\" data-type=\"page\" data-id=\"10321\">den elektrischen Transport<\/a><\/li>\n<\/ul>\n\n\n\n<div class=\"wp-block-buttons is-layout-flex wp-block-buttons-is-layout-flex\">\n<div class=\"wp-block-button is-style-arrow\"><a class=\"wp-block-button__link wp-element-button\" href=\"https:\/\/intercel.eu\/de\/motiv\/batterien\/\">Anzeigen des Akkubereichs<\/a><\/div>\n<\/div>\n\n\n\n<div style=\"height:5px\" aria-hidden=\"true\" class=\"wp-block-spacer\"><\/div>\n<\/div>\n<\/div>\n\n\n\n<div class=\"wp-block-column is-vertically-aligned-center is-layout-flow wp-block-column-is-layout-flow\">\n<div class=\"wp-block-columns has-horizontal-bright-red-to-darker-gradient-background has-background is-layout-flex wp-container-core-columns-is-layout-a5331a9e wp-block-columns-is-layout-flex\" style=\"border-top-left-radius:35px;border-top-right-radius:32px;border-bottom-left-radius:35px;border-bottom-right-radius:32px;padding-top:0;padding-right:0;padding-bottom:0;padding-left:0;box-shadow:var(--wp--preset--shadow--natural)\">\n<div class=\"wp-block-column is-vertically-aligned-stretch is-layout-flow wp-block-column-is-layout-flow\" style=\"flex-basis:33.33%\">\n<div class=\"wp-block-group is-style-default has-global-padding is-layout-constrained wp-container-core-group-is-layout-72d38984 wp-block-group-is-layout-constrained has-background\" style=\"border-top-left-radius:25px;border-bottom-left-radius:25px;min-height:100%;margin-top:0;margin-bottom:0;padding-top:0;padding-right:0;padding-bottom:0;padding-left:0;background-image:url(&apos;https:\/\/intercel.eu\/\/app\/uploads\/2025\/11\/Intercel-Sfeer-4-scaled-1.jpg&apos;);background-position:59% 35%;background-size:cover;\">\n<div style=\"height:200px\" aria-hidden=\"true\" class=\"wp-block-spacer\"><\/div>\n<\/div>\n<\/div>\n\n\n\n<div class=\"wp-block-column is-vertically-aligned-center is-style-indrukwekkend-afgerond is-layout-flow wp-container-core-column-is-layout-f2c55d9d wp-block-column-is-layout-flow\" style=\"border-style:none;border-width:0px;padding-top:var(--wp--preset--spacing--20);padding-right:var(--wp--preset--spacing--30);padding-bottom:var(--wp--preset--spacing--20);padding-left:var(--wp--preset--spacing--10)\">\n<div class=\"wp-block-group is-layout-flow wp-container-core-group-is-layout-e8824730 wp-block-group-is-layout-flow\" style=\"margin-top:0;margin-bottom:0;padding-top:var(--wp--preset--spacing--10);padding-right:0;padding-bottom:var(--wp--preset--spacing--10);padding-left:0\">\n<h3 class=\"wp-block-heading alignfull has-text-align-left has-wit-color has-text-color has-link-color wp-elements-cf3103409e6904e809c4fed89c2066fb\">Entdecken Sie alle Batterietechnologien<\/h3>\n\n\n\n<p class=\"has-bijna-wit-color has-text-color has-link-color wp-elements-83d0d1575dd847b0aae0c9a333b54c26\">Entdecken Sie die verschiedenen Batterietechnologien und wo jede wirklich vorankommt.<\/p>\n\n\n\n<div class=\"wp-block-buttons is-layout-flex wp-block-buttons-is-layout-flex\">\n<div class=\"wp-block-button is-style-arrow-white\"><a class=\"wp-block-button__link has-text-align-center wp-element-button\" href=\"https:\/\/intercel.eu\/de\/wissenszentrum\/batterie-technologie\/\">Batterietechnologien<\/a><\/div>\n<\/div>\n<\/div>\n<\/div>\n<\/div>\n<\/div>\n<\/div>\n\n\n\n<div class=\"wp-block-columns is-layout-flex wp-container-core-columns-is-layout-28f84493 wp-block-columns-is-layout-flex\">\n<div class=\"wp-block-column is-vertically-aligned-center is-layout-flow wp-block-column-is-layout-flow\">\n<figure class=\"wp-block-image aligncenter size-large has-custom-border is-style-rounded\"><img decoding=\"async\" src=\"https:\/\/intercel.eu\/\/app\/uploads\/2025\/10\/Praatplaat-2700x1800-geen-afloop-scaled.png\" alt=\"&#xDC;berblick &#xFC;ber alle Anwendungen, die Batterien und Energiespeicherl&#xF6;sungen nutzen\" class=\"wp-image-4521\" style=\"border-radius:20px\"\/><\/figure>\n<\/div>\n\n\n\n<div class=\"wp-block-column is-vertically-aligned-center is-style-indrukwekkend-afgerond is-layout-flow wp-container-core-column-is-layout-24419d1c wp-block-column-is-layout-flow\" style=\"border-style:none;border-width:0px;padding-top:var(--wp--preset--spacing--30);padding-right:var(--wp--preset--spacing--30);padding-bottom:var(--wp--preset--spacing--30);padding-left:var(--wp--preset--spacing--30)\">\n<div style=\"height:35px\" aria-hidden=\"true\" class=\"wp-block-spacer\"><\/div>\n\n\n\n<h3 class=\"wp-block-heading has-text-align-left\">Energiel\u00f6sungen f\u00fcr jede Anwendung<\/h3>\n\n\n\n<div class=\"wp-block-group has-global-padding is-layout-constrained wp-container-core-group-is-layout-323a0f85 wp-block-group-is-layout-constrained\" style=\"padding-right:0;padding-left:0\">\n<div style=\"height:40px\" aria-hidden=\"true\" class=\"wp-block-spacer\"><\/div>\n\n\n\n<div class=\"wp-block-group has-global-padding is-layout-constrained wp-block-group-is-layout-constrained\">\n<div class=\"wp-block-columns is-layout-flex wp-container-core-columns-is-layout-f369e703 wp-block-columns-is-layout-flex\" style=\"margin-top:var(--wp--preset--spacing--10);margin-bottom:var(--wp--preset--spacing--10)\">\n<div class=\"wp-block-column is-layout-flow wp-block-column-is-layout-flow\">\n<figure class=\"wp-block-image alignleft size-full is-resized\"><img decoding=\"async\" src=\"https:\/\/intercel.eu\/app\/uploads\/2025\/11\/Intercel-Trusted.svg\" alt=\"\" class=\"wp-image-10728\" style=\"width:135px;height:auto\"\/><\/figure>\n<\/div>\n<\/div>\n\n\n\n<div class=\"wp-block-columns is-style-default is-layout-flex wp-container-core-columns-is-layout-f369e703 wp-block-columns-is-layout-flex\" style=\"margin-top:var(--wp--preset--spacing--10);margin-bottom:var(--wp--preset--spacing--10)\">\n<div class=\"wp-block-column is-vertically-aligned-top is-layout-flow wp-container-core-column-is-layout-e3d1c41b wp-block-column-is-layout-flow\">\n<h4 class=\"wp-block-heading\">Unsere Batterien im Feld<\/h4>\n\n\n\n<p>Energiel\u00f6sungen f\u00fcr jede Anwendung \u2013 vertrauensw\u00fcrdig f\u00fcr Unternehmen wie Ihres. Erfahren Sie, wie unsere Kunden von unseren L\u00f6sungen profitieren. Das sind ihre Geschichten.  <\/p>\n<\/div>\n<\/div>\n<\/div>\n<\/div>\n\n\n\n<div class=\"wp-block-group has-global-padding is-layout-constrained wp-container-core-group-is-layout-19e250f3 wp-block-group-is-layout-constrained\">\n<div style=\"height:10px\" aria-hidden=\"true\" class=\"wp-block-spacer\"><\/div>\n\n\n\n<div class=\"wp-block-buttons is-content-justification-left is-layout-flex wp-container-core-buttons-is-layout-fc4fd283 wp-block-buttons-is-layout-flex\">\n<div class=\"wp-block-button is-style-arrow-white\"><a class=\"wp-block-button__link has-text-align-center wp-element-button\" href=\"https:\/\/intercel.eu\/client-cases\/\">Entdecken Sie unsere Mandantenf\u00e4lle<\/a><\/div>\n<\/div>\n<\/div>\n\n\n\n<div style=\"height:35px\" aria-hidden=\"true\" class=\"wp-block-spacer\"><\/div>\n<\/div>\n<\/div>\n\n\n<\/div>\n\n<p><\/p>\n","protected":false},"excerpt":{"rendered":"<p>Intercel bietet ein sehr komplettes Sortiment an Gel-Akkus an. Die hochwertigen Gelbatterien von Cellpower eignen sich unter anderem f\u00fcr elektrischen Transport, Robotik, Infrastruktur und maritime Anwendungen. Sehen Sie sich unser gro\u00dfes Sortiment an oder kontaktieren Sie uns unverbindlich. Wir helfen Ihnen gerne, die richtige Gel-Batterie f\u00fcr Ihre Anwendung zu finden! Was ist eine Gel-Batterie? Gel-Batterien &hellip; <a href=\"https:\/\/intercel.eu\/de\/wissen-erkenntnisse\/batterietechnologie\/gel-batterien\/\">Fortgesetzt<\/a><\/p>\n","protected":false},"author":1,"featured_media":10167,"parent":10223,"menu_order":0,"comment_status":"open","ping_status":"open","template":"","meta":{"footnotes":""},"class_list":["post-10227","page","type-page","status-publish","has-post-thumbnail","hentry"],"acf":[],"_links":{"self":[{"href":"https:\/\/intercel.eu\/de\/wp-json\/wp\/v2\/pages\/10227","targetHints":{"allow":["GET"]}}],"collection":[{"href":"https:\/\/intercel.eu\/de\/wp-json\/wp\/v2\/pages"}],"about":[{"href":"https:\/\/intercel.eu\/de\/wp-json\/wp\/v2\/types\/page"}],"author":[{"embeddable":true,"href":"https:\/\/intercel.eu\/de\/wp-json\/wp\/v2\/users\/1"}],"replies":[{"embeddable":true,"href":"https:\/\/intercel.eu\/de\/wp-json\/wp\/v2\/comments?post=10227"}],"version-history":[{"count":6,"href":"https:\/\/intercel.eu\/de\/wp-json\/wp\/v2\/pages\/10227\/revisions"}],"predecessor-version":[{"id":22915,"href":"https:\/\/intercel.eu\/de\/wp-json\/wp\/v2\/pages\/10227\/revisions\/22915"}],"up":[{"embeddable":true,"href":"https:\/\/intercel.eu\/de\/wp-json\/wp\/v2\/pages\/10223"}],"wp:featuredmedia":[{"embeddable":true,"href":"https:\/\/intercel.eu\/de\/wp-json\/wp\/v2\/media\/10167"}],"wp:attachment":[{"href":"https:\/\/intercel.eu\/de\/wp-json\/wp\/v2\/media?parent=10227"}],"curies":[{"name":"wp","href":"https:\/\/api.w.org\/{rel}","templated":true}]}}