{"id":10233,"date":"2025-11-06T10:43:04","date_gmt":"2025-11-06T09:43:04","guid":{"rendered":"https:\/\/intercel.eu\/?page_id=10233"},"modified":"2026-03-13T16:53:40","modified_gmt":"2026-03-13T15:53:40","slug":"lifepo4-batterien","status":"publish","type":"page","link":"https:\/\/intercel.eu\/de\/wissen-erkenntnisse\/batterietechnologie\/lithium-batterien\/lifepo4-batterien\/","title":{"rendered":"LifePO4-Batterien"},"content":{"rendered":"\n<div class=\"wp-block-group alignwide has-global-padding is-layout-constrained wp-block-group-is-layout-constrained\">\n<div class=\"wp-block-group has-global-padding is-layout-constrained wp-block-group-is-layout-constrained\">\n<p>Suchen Sie einen LiFePO4-Akku?\nBei Intercel finden Sie die passenden Lithium-Eisenphosphat-Batterien f\u00fcr Ihre Anwendung.\nDiese Batterien sind sicher, zuverl\u00e4ssig und haben eine lange Nutzungsdauer.\nEntdecken Sie die vielen Vorteile von LiFePO4-Akkus oder bestellen Sie die ben\u00f6tigte Batterie direkt aus unserem gro\u00dfen Sortiment!  <\/p>\n\n\n\n<div class=\"wp-block-buttons is-layout-flex wp-block-buttons-is-layout-flex\">\n<div class=\"wp-block-button is-style-arrow\"><a class=\"wp-block-button__link wp-element-button\" href=\"https:\/\/intercel.eu\/motive\/#products\">Sehen Sie sich alle unsere Batterien an<\/a><\/div>\n<\/div>\n\n\n\n<h2 class=\"wp-block-heading\">Was sind LifePO4-Batterien?<\/h2>\n\n\n\n<p>LiFePO4 batteries are composed of lithium, iron and phosphate. It is a battery with high energy density relative to its volume and weight, and great resistance to extreme temperatures. Compared to other well-known lithium battery technologies, such as LiCoO2 (lithium oxide cobalt), LiFePO4 is also a lot safer. Whereas other <a href=\"https:\/\/intercel.eu\/knowledge-insights\/battery-technology\/lithium-batteries\/\" data-type=\"page\" data-id=\"10230\">lithium batteries<\/a> are prone to ignite when overcharged, LiFePO4 batteries do not have this problem. The battery has many advantages over other battery types.<\/p>\n\n\n\n<h2 class=\"wp-block-heading\">Vorteile von Lithium-Eisenphosphat-Batterien  <\/h2>\n\n\n\n<p>Wie bereits erw\u00e4hnt, haben Lithium-Eisenphosphat-Batterien viele Vorteile.\nWir listen sie f\u00fcr Sie auf:  <\/p>\n\n\n\n<h3 class=\"wp-block-heading\">Nutzen Sie mehr als die volle Kapazit\u00e4t<\/h3>\n\n\n\n<p>Eine LiFePO4-Batterie kann mehr als 100 % ihrer Nennkapazit\u00e4t nutzen.\nEine 100-Ampere-Stunde (Ah) LiFePO4-Batterie kann zum Beispiel mehr als 100 Ah liefern.\nF\u00fcr eine 100 Ah Blei-S\u00e4ure-Batterie betr\u00e4gt die nutzbare Kapazit\u00e4t nicht mehr als 30 bis 50 Ah.  <\/p>\n\n\n\n<h3 class=\"wp-block-heading\">Lange Lebensdauer<\/h3>\n\n\n\n<p>LiFePO4-Batterien halten mehr als 2000 Zyklen bei einer durchschnittlichen Entladung von 100 %.\nDas kann sogar bis zu 8500 Zyklen steigen, wenn der Akku auf 30 % entladen ist!\nLiFePO4-Batterien sind somit echte zyklische Kraftpakete, die dort weitermachen, wo andere Batterien aufh\u00f6ren.\nIm Vergleich dazu h\u00e4lt eine herk\u00f6mmliche Blei-S\u00e4ure-Batterie h\u00f6chstens 300\u2013500 Zyklen.\nDie lange Lebensdauer bedeutet, dass eine LiFePO4-Batterie auch wirtschaftlich eine kluge Wahl ist!  <\/p>\n\n\n\n<h3 class=\"wp-block-heading\">Gro\u00dfe Benutzerfreundlichkeit<\/h3>\n\n\n\n<p>Um die oben angegebene Lebensdauer zu erreichen, ist praktisch keine Wartung erforderlich.\nW\u00e4hrend es bei Blei-S\u00e4ure-Batterien wichtig ist, sie richtig zu pflegen und zu verwenden, spielt dies bei LiFePO4-Batterien praktisch keine Rolle.\nSie k\u00f6nnen auf 100 % entladen werden und m\u00fcssen nicht immer vollst\u00e4ndig geladen sein.\nDas erspart viel Sorgen!  <\/p>\n\n\n\n<h3 class=\"wp-block-heading\">Schnelles und einfaches Laden<\/h3>\n\n\n\n<p>LiFePO4-Batterien laden blitzschnell bis zu 100 % ihrer Kapazit\u00e4t.\nMit einem normalen Ladeger\u00e4t dauert das Laden nur eine Stunde.\nMit einem leistungsstarken Ladeger\u00e4t wird die Lithium-Eisenphosphat-Batterie sogar innerhalb einer halben Stunde vollst\u00e4ndig aufgeladen.\nWenn der Akku nicht zu 100 % geladen ist, ist das kein Problem.\nDies ist ein erheblicher Vorteil gegen\u00fcber Blei-S\u00e4ure-Batterien, bei denen unvollst\u00e4ndiges Laden zu Sch\u00e4den f\u00fchren kann.\nAu\u00dferdem haben Lithium-Eisenphosphat-Batterien keine Absorptionsphase, um die letzten 20 % der Batterie aufzuladen.\nDank des \u201cBatteriemanagementsystems&#8221; werden die Zellen gleichm\u00e4\u00dfig geladen.\nNach dem Laden ist der Akku sofort einsatzbereit.\nDas macht diese Art von Batterie sehr einfach und flexibel zu bedienen.  <\/p>\n\n\n\n<h3 class=\"wp-block-heading\">Temperaturbest\u00e4ndig<\/h3>\n\n\n\n<p>LiFePO4-Akkus k\u00f6nnen extremen Temperaturen standhalten.\nDer Kapazit\u00e4tsverlust ist dann minimal.\nBei einer Temperatur von -20 \u00b0C betr\u00e4gt die Kapazit\u00e4t einer LiFePO4-Batterie immer noch 80 %, w\u00e4hrend sie bei einer Bleibatterie nur 30 % betr\u00e4gt.\nSelbst bei hohen Temperaturen \u00fcber null funktioniert die Lithium-Eisenphosphat-Batterie hervorragend.  <\/p>\n\n\n\n<h3 class=\"wp-block-heading\">Flache Entladungskurve<\/h3>\n\n\n\n<p>Batterien mit dieser Zusammensetzung haben eine nahezu flache Entladungskurve.\nDas bedeutet, dass sie immer denselben Ausgang liefern k\u00f6nnen, egal ob sie gerade geladen oder fast leer sind.\nSelbst wenn sie bereits tief entladen sind, k\u00f6nnen LiFePO4-Batterien dennoch eine sehr starke Spitzenladung liefern.  <\/p>\n\n\n\n<h3 class=\"wp-block-heading\">Geringes Gewicht, praktische Gr\u00f6\u00dfe<\/h3>\n\n\n\n<p>LiFePO4-Batterien sind im Vergleich zu Blei-S\u00e4ure-Batterien sehr leicht und klein: Sie wiegen nur ein Viertel vergleichbarer Blei-Batterien.\nAufgrund ihrer praktischen Gr\u00f6\u00dfe k\u00f6nnen sie an vielen Stellen leicht platziert werden.\nAu\u00dferdem k\u00f6nnen sie an jeder Position platziert werden, da keine Leckgefahr besteht.\nAu\u00dferdem muss der Raum, in dem sich die LiFePO4-Batterie befindet, nicht bel\u00fcftet werden.  <\/p>\n\n\n\n<h2 class=\"wp-block-heading\">F\u00fcr welche Anwendungen werden LiFePO4-Akkus verwendet?  <\/h2>\n\n\n\n<p>These versatile batteries are suitable for a wide range of applications thanks to their favorable properties. From <a href=\"https:\/\/intercel.eu\/motive\/maritime\/\" data-type=\"page\" data-id=\"10289\">marine applications<\/a> to <a href=\"https:\/\/intercel.eu\/motive\/traffic-systems\/\" data-type=\"page\" data-id=\"10327\">traffic systems<\/a> and from <a href=\"https:\/\/intercel.eu\/storage\/\" target=\"_blank\" data-type=\"page\" data-id=\"7204\" rel=\"noreferrer noopener\">energy storage systems<\/a> to <a href=\"https:\/\/intercel.eu\/storage\/power-solutions-grid-congestion\/off-grid-power-supply\/\" target=\"_blank\" data-type=\"page\" data-id=\"7382\" rel=\"noreferrer noopener\">off-grid standalone systems<\/a>. Wondering if LiFePO4 batteries are also the solution for your application? Then feel free to contact our sales engineers!<\/p>\n\n\n\n<h2 class=\"wp-block-heading\">LiFePO4-Batterien bei Intercel<\/h2>\n\n\n\n<p>Intercel supplies high-quality <a href=\"https:\/\/intercel.eu\/brands\/pbq\/lifepo4-lithium-series\/\" data-type=\"product_brand\" data-id=\"1874\">LiFePO4 batteries from pbq<\/a> and <a href=\"https:\/\/intercel.eu\/brands\/cellpower\/clpl-series\/\" data-type=\"product_brand\" data-id=\"1890\">Cellpower<\/a>. The Cellpower batteries are modular. This means that they are always custom configured for your application. As a result, battery and application are always perfectly matched. pbq batteries are available in a variety of sizes and capacities as standard. So we can always find a ready-made solution for your application.<\/p>\n<\/div>\n<\/div>\n","protected":false},"excerpt":{"rendered":"<p>Suchen Sie einen LiFePO4-Akku? Bei Intercel finden Sie die passenden Lithium-Eisenphosphat-Batterien f\u00fcr Ihre Anwendung. Diese Batterien sind sicher, zuverl\u00e4ssig und haben eine lange Nutzungsdauer. Entdecken Sie die vielen Vorteile von LiFePO4-Akkus oder bestellen Sie die ben\u00f6tigte Batterie direkt aus unserem gro\u00dfen Sortiment! Was sind LifePO4-Batterien? LiFePO4 batteries are composed of lithium, iron and phosphate. It &hellip; <a href=\"https:\/\/intercel.eu\/de\/wissen-erkenntnisse\/batterietechnologie\/lithium-batterien\/lifepo4-batterien\/\">Fortgesetzt<\/a><\/p>\n","protected":false},"author":1,"featured_media":10161,"parent":10231,"menu_order":0,"comment_status":"open","ping_status":"open","template":"","meta":{"footnotes":""},"class_list":["post-10233","page","type-page","status-publish","has-post-thumbnail","hentry"],"acf":[],"_links":{"self":[{"href":"https:\/\/intercel.eu\/de\/wp-json\/wp\/v2\/pages\/10233","targetHints":{"allow":["GET"]}}],"collection":[{"href":"https:\/\/intercel.eu\/de\/wp-json\/wp\/v2\/pages"}],"about":[{"href":"https:\/\/intercel.eu\/de\/wp-json\/wp\/v2\/types\/page"}],"author":[{"embeddable":true,"href":"https:\/\/intercel.eu\/de\/wp-json\/wp\/v2\/users\/1"}],"replies":[{"embeddable":true,"href":"https:\/\/intercel.eu\/de\/wp-json\/wp\/v2\/comments?post=10233"}],"version-history":[{"count":6,"href":"https:\/\/intercel.eu\/de\/wp-json\/wp\/v2\/pages\/10233\/revisions"}],"predecessor-version":[{"id":36900,"href":"https:\/\/intercel.eu\/de\/wp-json\/wp\/v2\/pages\/10233\/revisions\/36900"}],"up":[{"embeddable":true,"href":"https:\/\/intercel.eu\/de\/wp-json\/wp\/v2\/pages\/10231"}],"wp:featuredmedia":[{"embeddable":true,"href":"https:\/\/intercel.eu\/de\/wp-json\/wp\/v2\/media\/10161"}],"wp:attachment":[{"href":"https:\/\/intercel.eu\/de\/wp-json\/wp\/v2\/media?parent=10233"}],"curies":[{"name":"wp","href":"https:\/\/api.w.org\/{rel}","templated":true}]}}