{"id":10235,"date":"2025-11-06T10:43:04","date_gmt":"2025-11-06T09:43:04","guid":{"rendered":"https:\/\/intercel.eu\/?page_id=10235"},"modified":"2025-12-16T14:51:50","modified_gmt":"2025-12-16T13:51:50","slug":"lihium-batterie-100ah","status":"publish","type":"page","link":"https:\/\/intercel.eu\/de\/wissen-erkenntnisse\/batterietechnologie\/lithium-batterien\/lihium-batterie-100ah\/","title":{"rendered":"Lihium-Batterie 100ah"},"content":{"rendered":"\n<div class=\"wp-block-group alignwide has-global-padding is-layout-constrained wp-block-group-is-layout-constrained\">\n<div class=\"wp-block-group has-global-padding is-layout-constrained wp-block-group-is-layout-constrained\">\n<p>Suchen Sie eine Lithiumbatterie mit einer Kapazit\u00e4t von 100 Ah?\nDann sind Sie bei Intercel hier genau richtig!\nHier finden Sie eine gro\u00dfe Auswahl an Lithiumbatterien von zuverl\u00e4ssigen Marken und hoher Qualit\u00e4t.  <\/p>\n\n\n\n<div class=\"wp-block-buttons is-layout-flex wp-block-buttons-is-layout-flex\">\n<div class=\"wp-block-button is-style-arrow\"><a class=\"wp-block-button__link wp-element-button\" href=\"https:\/\/intercel.eu\/nl\/producten\/accu's\/\">Alle Batterien anzeigen<\/a><\/div>\n<\/div>\n\n\n\n<h2 class=\"wp-block-heading has-x-large-font-size\">Was ist eine 100Ah-Lithiumbatterie?<\/h2>\n\n\n\n<p>Ein Akkumulator ist nicht dasselbe wie eine Batterie.\nDas Wort \u201cbattery&#8221; leitet sich vom englischen Wort \u201caccumulator&#8221; ab, also etwas, das sich ansammelt oder ansammelt.\nEine Batterie kann also eine Form von Energie abgeben und sie gleichzeitig speichern.\nDas steht im Gegensatz zu Batterien.\nBatterien werden oft f\u00fcr ein bestimmtes Ger\u00e4t hergestellt, mit einer einzigartigen Form und Gr\u00f6\u00dfe, die dazu passt.  <\/p>\n\n\n\n<p>Eine <a href=\"https:\/\/intercel.eu\/de\/wissenszentrum\/batterie-technologie\/lithium-batterien\/\" data-type=\"page\" data-id=\"10230\">Lithiumbatterie<\/a> hat eine bestimmte chemische Zusammensetzung und variiert in Amperestunden: oder \u201cAh. Dies ist ein Wert, der angibt, wie viele Ampere eine Batterie pro Stunde liefern kann. Je h\u00f6her die vor der Ah angegebene Zahl, desto mehr Ampere kann die Batterie an ein Ger\u00e4t liefern. Eine 100Ah-Lithiumbatterie kann also 100 Ampere in einer Stunde liefern.   <\/p>\n\n\n\n<h2 class=\"wp-block-heading has-x-large-font-size\">Wof\u00fcr wird eine 100-Ah-Lithiumbatterie verwendet?<\/h2>\n\n\n\n<p>Lithiumbatterien werden f\u00fcr verschiedene Ger\u00e4te verwendet.\nZum Beispiel f\u00fcr Uhren, H\u00f6rger\u00e4te, elektronische Spielzeuge und Rasierer sowie Fahrr\u00e4der, Autos und Handys.\nEine 100-Ah-Lithiumbatterie kann eine betr\u00e4chtliche Menge Energie liefern und ist daher f\u00fcr gro\u00dfe Ger\u00e4te geeignet.\nDazu geh\u00f6ren Computer, Robotik und Solarpanels sowie Fahrzeuge wie Mobilit\u00e4tsroller, elektrische Baumaschinen und Luftarbeitsplattformen.\nDiese 100-Ah-Lithiumbatterien variieren je nach Gewicht: Zum Beispiel gibt es Batterien mit einem Gewicht von 2,05 kg, aber auch 14,5 kg.  <\/p>\n\n\n\n<h2 class=\"wp-block-heading has-x-large-font-size\">Was ist der Unterschied zwischen einer Lithiumbatterie und einer AGM-Batterie?<\/h2>\n\n\n\n<p>Bei Intercel findet man verschiedene Arten von Batterien und Akkumulatoren. H\u00e4ufig gekaufte Batterien sind die Lithiumbatterie und die <a href=\"\/de\/?page_id=10225\" data-type=\"page\" data-id=\"10224\">AGM-Batterie<\/a>. Die Abk\u00fcrzung AGM steht f\u00fcr Absorbed Glass Mat. Die AGM-Batterie ist eine Batterie, bei der die Batteries\u00e4ure in gewebten Glasfasermatten enthalten ist, die zwischen den Bleiplatten der Batterie angebracht sind. Bei anderen Batterien ist die Batteries\u00e4ure meist locker im Akku.    <\/p>\n\n\n\n<p>Die Vorteile von AGM-Batterien sind eine lange Lebensdauer, praktisch keine Wartung und eine geringe Selbstentladung.\nSie gibt es in verschiedenen Gr\u00f6\u00dfen und eignen sich zum Beispiel f\u00fcr Spielzeug, Modellbau und sogar f\u00fcr USV-Systeme.\nEine AGM-Batterie h\u00e4lt bis zu etwa 1.500 Ladezyklen.  <\/p>\n\n\n\n<p>Ein Lithium-Akku hingegen h\u00e4lt viel l\u00e4nger zum Laden!\nSie haben eine spezielle chemische Zusammensetzung und liefern Energie durch die Reaktion zwischen Mangandioxid und Lithium.\nSie haben au\u00dferdem eine hohe Energiedichte und eine begrenzte Selbstentladung.\nDadurch halten Lithiumbatterien bis zu 25.000 Ladezyklen!  <\/p>\n\n\n\n<h2 class=\"wp-block-heading has-x-large-font-size\">Welche 100-Ah-Lithiumbatterien bietet Intercel an?<\/h2>\n\n\n\n<p>Bei Intercel finden Sie verschiedene 100-Ah-Lithiumbatterien, wie zum Beispiel die <a href=\"https:\/\/intercel.eu\/de\/product\/pbq-lf-100-12\/\" data-type=\"product\" data-id=\"9102\">PBQ LF 100 &#8211; 12 Batterie<\/a> mit einem Gewicht von 14,5 kg oder die <a href=\"https:\/\/intercel.eu\/de\/product\/cellpower-clpl-100-3-2\/\" data-type=\"product\" data-id=\"8911\">Cellpower CLPL 100 &#8211; 3,2<\/a> Batterie. Aber Sie k\u00f6nnen uns auch f\u00fcr Lithiumbatterien von beispielsweise 40 Ah oder 200 Ah kontaktieren. K\u00f6nntest du auch ein Batterieladeger\u00e4t verwenden? Schauen Sie sich unsere Batterieladeger\u00e4te an!   <\/p>\n\n\n\n<div class=\"wp-block-buttons is-layout-flex wp-block-buttons-is-layout-flex\">\n<div class=\"wp-block-button is-style-arrow\"><a class=\"wp-block-button__link wp-element-button\" href=\"https:\/\/intercel.eu\/motive\/products\/\">Alle Batterien anzeigen<\/a><\/div>\n<\/div>\n<\/div>\n<\/div>\n","protected":false},"excerpt":{"rendered":"<p>Suchen Sie eine Lithiumbatterie mit einer Kapazit\u00e4t von 100 Ah? Dann sind Sie bei Intercel hier genau richtig! Hier finden Sie eine gro\u00dfe Auswahl an Lithiumbatterien von zuverl\u00e4ssigen Marken und hoher Qualit\u00e4t. Was ist eine 100Ah-Lithiumbatterie? Ein Akkumulator ist nicht dasselbe wie eine Batterie. Das Wort \u201cbattery&#8221; leitet sich vom englischen Wort \u201caccumulator&#8221; ab, also &hellip; <a href=\"https:\/\/intercel.eu\/de\/wissen-erkenntnisse\/batterietechnologie\/lithium-batterien\/lihium-batterie-100ah\/\">Fortgesetzt<\/a><\/p>\n","protected":false},"author":1,"featured_media":10175,"parent":10231,"menu_order":0,"comment_status":"open","ping_status":"open","template":"","meta":{"footnotes":""},"class_list":["post-10235","page","type-page","status-publish","has-post-thumbnail","hentry"],"acf":[],"_links":{"self":[{"href":"https:\/\/intercel.eu\/de\/wp-json\/wp\/v2\/pages\/10235","targetHints":{"allow":["GET"]}}],"collection":[{"href":"https:\/\/intercel.eu\/de\/wp-json\/wp\/v2\/pages"}],"about":[{"href":"https:\/\/intercel.eu\/de\/wp-json\/wp\/v2\/types\/page"}],"author":[{"embeddable":true,"href":"https:\/\/intercel.eu\/de\/wp-json\/wp\/v2\/users\/1"}],"replies":[{"embeddable":true,"href":"https:\/\/intercel.eu\/de\/wp-json\/wp\/v2\/comments?post=10235"}],"version-history":[{"count":5,"href":"https:\/\/intercel.eu\/de\/wp-json\/wp\/v2\/pages\/10235\/revisions"}],"predecessor-version":[{"id":22824,"href":"https:\/\/intercel.eu\/de\/wp-json\/wp\/v2\/pages\/10235\/revisions\/22824"}],"up":[{"embeddable":true,"href":"https:\/\/intercel.eu\/de\/wp-json\/wp\/v2\/pages\/10231"}],"wp:featuredmedia":[{"embeddable":true,"href":"https:\/\/intercel.eu\/de\/wp-json\/wp\/v2\/media\/10175"}],"wp:attachment":[{"href":"https:\/\/intercel.eu\/de\/wp-json\/wp\/v2\/media?parent=10235"}],"curies":[{"name":"wp","href":"https:\/\/api.w.org\/{rel}","templated":true}]}}