{"id":10237,"date":"2025-11-06T10:43:04","date_gmt":"2025-11-06T09:43:04","guid":{"rendered":"https:\/\/intercel.eu\/?page_id=10237"},"modified":"2025-12-16T13:12:00","modified_gmt":"2025-12-16T12:12:00","slug":"lithium-batterie-12v","status":"publish","type":"page","link":"https:\/\/intercel.eu\/de\/wissen-erkenntnisse\/batterietechnologie\/lithium-batterien\/lithium-batterie-12v\/","title":{"rendered":"Lithiumbatterie 12V"},"content":{"rendered":"\n<div class=\"wp-block-group alignwide has-global-padding is-layout-constrained wp-block-group-is-layout-constrained\">\n<div class=\"wp-block-group has-global-padding is-layout-constrained wp-block-group-is-layout-constrained\">\n<h2 class=\"wp-block-heading has-x-large-font-size\">Lithium-12V-Batterien f\u00fcr moderne Anwendungen<\/h2>\n\n\n\n<p>Von den vielen verschiedenen <a href=\"https:\/\/intercel.eu\/de\/wissenszentrum\/batterie-technologie\/lithium-batterien\/\" data-type=\"page\" data-id=\"10230\">Lithiumbatterien<\/a> ist die LiFePO4 (Lithiumeisenphosphat) Batterie die Basisbatterie in modernen Anwendungen wie Laptops und Smartphones. Dieser Akku ist sehr leicht, aber gleichzeitig sehr effektiv, wenn es um Entladungen und hohe Str\u00f6me geht. Au\u00dferdem sind diese Batterien umweltfreundlicher als andere Batterien. Die 12V-Lithiumbatterien sind in verschiedenen Zusammensetzungen erh\u00e4ltlich, darunter:   <\/p>\n\n\n\n<ul class=\"wp-block-list\">\n<li>Lithium-Ion<\/li>\n\n\n\n<li>Lithium-Polymer<\/li>\n\n\n\n<li><a href=\"https:\/\/intercel.eu\/knowledge-center\/battery-technology\/lithium-batteries\/lifepo4-batteries\/\" data-type=\"page\" data-id=\"20966\"><\/a><a href=\"https:\/\/intercel.eu\/de\/wissenszentrum\/batterie-technologie\/lithium-batterien\/lifepo4-batterien\/\" data-type=\"page\" data-id=\"10232\">LiFePO4<\/a><\/li>\n<\/ul>\n\n\n\n<div class=\"wp-block-buttons is-layout-flex wp-block-buttons-is-layout-flex\">\n<div class=\"wp-block-button is-style-arrow\"><a class=\"wp-block-button__link wp-element-button\" href=\"https:\/\/intercel.eu\/motive\/products\/\">Sehen Sie sich unser Batteriesortiment an<\/a><\/div>\n<\/div>\n\n\n\n<h2 class=\"wp-block-heading has-x-large-font-size\">12V LiFePO4-Batterie \u2013 Lithium-Eisenphosphat-Batterien<\/h2>\n\n\n\n<p>Die 12V-LiFePO4-Batterie ist eine perfekte Ersatzl\u00f6sung f\u00fcr eine 12V-Blei-S\u00e4ure-Batterie.\nDiese Eisenphosphat-Batterie bietet eine ausgezeichnete, extrem zyklische Leistung und eine au\u00dfergew\u00f6hnlich lange Haltbarkeit.\nAu\u00dferdem bietet LiFePO4 eine h\u00f6here Energiedichte, was die Reichweite Ihrer 12V-Anwendung erh\u00f6ht.  <\/p>\n\n\n\n<h2 class=\"wp-block-heading has-x-large-font-size\">LiFePO4-Batterien: leichter und sicherer<\/h2>\n\n\n\n<p>LiFePO4-Zellen erreichen etwa f\u00fcnfmal mehr Zyklen als AGM-Batteriezellen.\nDar\u00fcber hinaus sind LiFePO4-Lithiumbatterienzellen 60 % leichter als herk\u00f6mmliche Blei-S\u00e4urebatterien und sicherer als Lithium-Ionen- und Lithiumpolymerbatterien.\nLiFePO4-Batterien sind mit Elektronik ausgestattet, die die Batteriezellen \u00fcberwacht.\nDies verhindert \u00dcberstrom, \u00dcberladung, \u00dcberentladung und starke Temperaturschwankungen.\nDieser Sicherheitsmechanismus sorgt au\u00dferdem daf\u00fcr, dass die Batterie l\u00e4nger h\u00e4lt.  <\/p>\n\n\n\n<h2 class=\"wp-block-heading has-x-large-font-size\">Lithiumbatterien sind ideal f\u00fcr mobile Energie<\/h2>\n\n\n\n<p>Das geringe Gewicht der 12V-Lithiumbatterien macht sie ideal geeignet, um zusammen mit dem <a href=\"https:\/\/intercel.eu\/de\/wissenszentrum\/batterie-technologie\/lithium-batterien\/lithium-akku-ladegerat\/\" data-type=\"page\" data-id=\"10242\">Lithium-Batterieladeger\u00e4t<\/a> in ein tragbares Geh\u00e4use eingebaut zu werden.<\/p>\n\n\n\n<p>Erfahren Sie mehr \u00fcber unsere <a href=\"https:\/\/intercel.eu\/de\/wissenszentrum\/batterie-technologie\/lithium-batterien\/lithium-batterie-24v\/\" data-type=\"page\" data-id=\"10240\">24V-Lithiumbatterien!<\/a><\/p>\n\n\n\n<h2 class=\"wp-block-heading has-x-large-font-size\">Reichweite der 12V-Lithiumbatterien<\/h2>\n\n\n\n<p>Intercel bietet folgende 12V-Lithiumbatterien an:<\/p>\n\n\n\n<h3 class=\"wp-block-heading has-large-font-size\">PBQ 12V Lithiumbatterien<\/h3>\n\n\n\n<ul class=\"wp-block-list\">\n<li><a href=\"https:\/\/intercel.eu\/nl\/producten\/accu's\/pbq-lf-5-12\/\" data-type=\"product\" data-id=\"2048\"><\/a><a href=\"https:\/\/intercel.eu\/product\/pbq-lf-5-12\/\" data-type=\"product\" data-id=\"9064\">pbq LF 5 &#8211; 12<\/a><\/li>\n\n\n\n<li><a href=\"https:\/\/intercel.eu\/nl\/producten\/accu's\/pbq-lf-10-12\/\" data-type=\"product\" data-id=\"2037\"><\/a><a href=\"https:\/\/intercel.eu\/product\/pbq-lf-10-12\/\" data-type=\"product\" data-id=\"9100\">pbq LF 10 &#8211; 12<\/a><\/li>\n\n\n\n<li><a href=\"https:\/\/intercel.eu\/nl\/producten\/accu's\/pbq-lf-15-12\/\" data-type=\"product\" data-id=\"2041\"><\/a><a href=\"https:\/\/intercel.eu\/product\/pbq-lf-15-12\/\" data-type=\"product\" data-id=\"9065\">pbq LF 15 &#8211; 12<\/a><\/li>\n\n\n\n<li><a href=\"https:\/\/intercel.eu\/nl\/producten\/accu's\/pbq-lf-20-12\/\" data-type=\"product\" data-id=\"2042\"><\/a><a href=\"https:\/\/intercel.eu\/product\/pbq-lf-20-12\/\" data-type=\"product\" data-id=\"9073\">pbq LF 20 &#8211; 12<\/a><\/li>\n\n\n\n<li><a href=\"https:\/\/intercel.eu\/nl\/producten\/accu's\/pbq-lf-50-12\/\" data-type=\"product\" data-id=\"2049\"><\/a><a href=\"https:\/\/intercel.eu\/product\/pbq-lf-50-12\/\" data-type=\"product\" data-id=\"9085\">pbq LF 50 &#8211; 12<\/a><\/li>\n\n\n\n<li><a href=\"https:\/\/intercel.eu\/nl\/producten\/accu's\/pbq-lf-100-12\/\" data-type=\"product\" data-id=\"2039\"><\/a><a href=\"https:\/\/intercel.eu\/product\/pbq-lf-100-12\/\" data-type=\"product\" data-id=\"9102\">pbq LF 100 &#8211; 12<\/a><\/li>\n<\/ul>\n\n\n\n<h3 class=\"wp-block-heading has-large-font-size\">Cellpower 12V-Lithiumbatterien<\/h3>\n\n\n\n<ul class=\"wp-block-list\">\n<li><a href=\"https:\/\/intercel.eu\/nl\/producten\/accu's\/cellpower-clpl-40-12\/\" data-type=\"product\" data-id=\"10487\"><\/a><a href=\"https:\/\/intercel.eu\/product\/cellpower-clpl-40-12\/\" data-type=\"product\" data-id=\"8874\">Cellpower CLPL 40 &#8211; 12<\/a><\/li>\n\n\n\n<li><a href=\"https:\/\/intercel.eu\/nl\/producten\/accu's\/cellpower-clpl-100-12\/\" data-type=\"product\" data-id=\"10483\"><\/a><a href=\"https:\/\/intercel.eu\/product\/cellpower-clpl-100-12\/\" data-type=\"product\" data-id=\"8878\">Cellpower CLPL 100 &#8211; 12<\/a><\/li>\n<\/ul>\n\n\n\n<p>Ist dein Batterietyp hier nicht aufgef\u00fchrt? Bitte <a href=\"https:\/\/intercel.eu\/de\/kontakt\/\" data-type=\"page\" data-id=\"10596\">kontaktieren Sie uns<\/a> oder sehen Sie sich unsere <a href=\"https:\/\/intercel.eu\/de\/elektrifizierung\/individuelle-konfiguration-fur-die-optimale-losung\/\" target=\"_blank\" data-type=\"page\" data-id=\"7230\" rel=\"noreferrer noopener\">ma\u00dfgeschneiderten L\u00f6sungen<\/a> an. <\/p>\n<\/div>\n<\/div>\n","protected":false},"excerpt":{"rendered":"<p>Lithium-12V-Batterien f\u00fcr moderne Anwendungen Von den vielen verschiedenen Lithiumbatterien ist die LiFePO4 (Lithiumeisenphosphat) Batterie die Basisbatterie in modernen Anwendungen wie Laptops und Smartphones. Dieser Akku ist sehr leicht, aber gleichzeitig sehr effektiv, wenn es um Entladungen und hohe Str\u00f6me geht. Au\u00dferdem sind diese Batterien umweltfreundlicher als andere Batterien. Die 12V-Lithiumbatterien sind in verschiedenen Zusammensetzungen erh\u00e4ltlich, &hellip; <a href=\"https:\/\/intercel.eu\/de\/wissen-erkenntnisse\/batterietechnologie\/lithium-batterien\/lithium-batterie-12v\/\">Fortgesetzt<\/a><\/p>\n","protected":false},"author":1,"featured_media":10181,"parent":10231,"menu_order":0,"comment_status":"open","ping_status":"open","template":"","meta":{"footnotes":""},"class_list":["post-10237","page","type-page","status-publish","has-post-thumbnail","hentry"],"acf":[],"_links":{"self":[{"href":"https:\/\/intercel.eu\/de\/wp-json\/wp\/v2\/pages\/10237","targetHints":{"allow":["GET"]}}],"collection":[{"href":"https:\/\/intercel.eu\/de\/wp-json\/wp\/v2\/pages"}],"about":[{"href":"https:\/\/intercel.eu\/de\/wp-json\/wp\/v2\/types\/page"}],"author":[{"embeddable":true,"href":"https:\/\/intercel.eu\/de\/wp-json\/wp\/v2\/users\/1"}],"replies":[{"embeddable":true,"href":"https:\/\/intercel.eu\/de\/wp-json\/wp\/v2\/comments?post=10237"}],"version-history":[{"count":14,"href":"https:\/\/intercel.eu\/de\/wp-json\/wp\/v2\/pages\/10237\/revisions"}],"predecessor-version":[{"id":22825,"href":"https:\/\/intercel.eu\/de\/wp-json\/wp\/v2\/pages\/10237\/revisions\/22825"}],"up":[{"embeddable":true,"href":"https:\/\/intercel.eu\/de\/wp-json\/wp\/v2\/pages\/10231"}],"wp:featuredmedia":[{"embeddable":true,"href":"https:\/\/intercel.eu\/de\/wp-json\/wp\/v2\/media\/10181"}],"wp:attachment":[{"href":"https:\/\/intercel.eu\/de\/wp-json\/wp\/v2\/media?parent=10237"}],"curies":[{"name":"wp","href":"https:\/\/api.w.org\/{rel}","templated":true}]}}