{"id":10239,"date":"2025-11-06T10:43:04","date_gmt":"2025-11-06T09:43:04","guid":{"rendered":"https:\/\/intercel.eu\/?page_id=10239"},"modified":"2025-12-16T14:51:51","modified_gmt":"2025-12-16T13:51:51","slug":"lithium-batterie-200ah","status":"publish","type":"page","link":"https:\/\/intercel.eu\/de\/wissen-erkenntnisse\/batterietechnologie\/lithium-batterien\/lithium-batterie-200ah\/","title":{"rendered":"Lithium-Batterie 200ah"},"content":{"rendered":"\n<div class=\"wp-block-group alignwide has-global-padding is-layout-constrained wp-block-group-is-layout-constrained\">\n<div class=\"wp-block-group has-global-padding is-layout-constrained wp-block-group-is-layout-constrained\">\n<p>Eine Lithiumbatterie mit 200 Ah kann ziemlich viel Energie liefern.\nAber wie wird so eine Batterie eigentlich zusammengebaut und wof\u00fcr kann man sie verwenden?\nWir erkl\u00e4ren es Ihnen unten.\nWir stellen Ihnen au\u00dferdem einige 200Ah-Lithiumbatterien vor.  <\/p>\n\n\n\n<div class=\"wp-block-buttons is-layout-flex wp-block-buttons-is-layout-flex\">\n<div class=\"wp-block-button is-style-arrow\"><a class=\"wp-block-button__link wp-element-button\" href=\"https:\/\/intercel.eu\/motive\/products\/\">Alle Batterien anzeigen<\/a><\/div>\n<\/div>\n\n\n\n<h2 class=\"wp-block-heading has-x-large-font-size\">Was ist eine 200-Ah-Lithiumbatterie?<\/h2>\n\n\n\n<p>Eine Batterie unterscheidet sich von einer Batterie.&#8221;\n \u201cBattery&#8221; stammt vom englischen Wort \u201caccumulator&#8221;, was bedeutet, etwas aufzubauen oder zu sammeln.\nSo kann eine Batterie sowohl Energie freisetzen als auch speichern.\nDas ist anders als Batterien.\nBatterien werden oft f\u00fcr ein bestimmtes Ger\u00e4t mit einer einzigartigen Form und Gr\u00f6\u00dfe hergestellt.  <\/p>\n\n\n\n<p>Die Zusammensetzung von Lithiumbatterien erzeugt eine elektrochemische Reaktion, die Energie erzeugt.\nDiese Reaktion findet zwischen Mangandioxid und Lithium statt.\nDar\u00fcber hinaus haben Lithiumbatterien und Akkumulatoren eine hohe Energiedichte und eine geringe Selbstentladung.\nIn der Praxis bedeutet das, dass Lithiumbatterien und Akkumulatoren viel l\u00e4nger halten als andere Akku-Typen und Akkumulatoren.  <\/p>\n\n\n\n<p>Und schlie\u00dflich: Wof\u00fcr steht dann die 200Ah? Eine <a href=\"https:\/\/intercel.eu\/de\/wissenszentrum\/batterie-technologie\/lithium-batterien\/\" data-type=\"page\" data-id=\"10230\">Lithiumbatterie<\/a> hat eine spezifische chemische Zusammensetzung und unterscheidet sich in Amperestunden: Die Abk\u00fcrzung daf\u00fcr lautet &#8216;Ah&#8217;. Dieser Wert gibt an, wie viele Ampere pro Stunde eine Batterie liefern kann. Je h\u00f6her die Zahl vor dem Ah, desto mehr Ampere pro Stunde kann die Batterie an ein Ger\u00e4t liefern. Im Fall einer 200-Ah-Lithiumbatterie k\u00f6nnen 200 Ampere innerhalb einer Stunde geliefert werden.    <\/p>\n\n\n\n<h2 class=\"wp-block-heading has-x-large-font-size\">Wof\u00fcr wird eine 200-Ah-Lithiumbatterie verwendet?<\/h2>\n\n\n\n<p>Die Anwendbarkeit von Lithiumbatterien ist sehr breit.\nDenken Sie zum Beispiel an H\u00f6rger\u00e4te, elektronische Spielzeuge oder Uhren.\nEine 200Ah-Lithiumbatterie erzeugt viel Energie und ist daher auch sehr geeignet f\u00fcr gro\u00dfe Ger\u00e4te und Systeme.\nBeispiele sind Batterien f\u00fcr Solarenergie, elektrische Kr\u00e4ne, Aufz\u00fcge und Wohnmobile.  <\/p>\n\n\n\n<h2 class=\"wp-block-heading has-x-large-font-size\">Die Unterschiede zwischen Lithium- und AGM-Batterien<\/h2>\n\n\n\n<p>Neben Lithiumbatterien sind auch andere Batterietypen erh\u00e4ltlich. Zum Beispiel die <a href=\"\/de\/?page_id=10225\" data-type=\"page\" data-id=\"10224\">AGM-Batterie<\/a> oder Absorbed Glass Mat Battery. Dies ist eine Batterie, bei der die Batteries\u00e4ure in gewebten Fiberglasmatten enthalten ist, die zwischen den Bleiplatten der Batterie liegen.  <\/p>\n\n\n\n<p>Die AGM-Batterie hat eine lange Lebensdauer und ben\u00f6tigt wenig Wartung und eine geringe Selbstentladung.\nDiese Batterie eignet sich f\u00fcr verschiedene Ger\u00e4te: von Spielzeug bis hin zu USV-Systemen.\nDu kannst einen AGM-Akku etwa 1500 Mal aufladen.  <\/p>\n\n\n\n<p>Im Gegensatz dazu kann eine Lithiumbatterie bis zu 25.000 Mal geladen werden!\nDies liegt zum Teil an seiner hohen Energiedichte und begrenzten Selbstentladung.  <\/p>\n\n\n\n<h2 class=\"wp-block-heading has-x-large-font-size\">Welche 200Ah-Lithiumbatterien findest du bei Intercel?<\/h2>\n\n\n\n<p>In unserem Angebot finden Sie verschiedene 200Ah-Lithiumbatterien, wie die <a href=\"https:\/\/intercel.eu\/de\/product\/cellpower-cpg-200-12\/\" data-type=\"product\" data-id=\"9440\">Cellpower CPG 200 &#8211; 12 Batterie<\/a> oder die Cellpower CPT 200 &#8211; 6 Batterie. Aber Sie k\u00f6nnen uns auch f\u00fcr Lithiumbatterien von beispielsweise 40 <a href=\"https:\/\/intercel.eu\/de\/wissenszentrum\/batterie-technologie\/lithium-batterien\/li-ion-akku-100ah\/\" data-type=\"page\" data-id=\"10234\">Ah oder 100 Ah<\/a> kontaktieren. M\u00f6chten Sie auch ein Batterieladeger\u00e4t? Schauen Sie sich unsere <a href=\"https:\/\/intercel.eu\/de\/motiv\/ladegeraete\/\" data-type=\"page\" data-id=\"17647\">Batterieladeger\u00e4te<\/a> an!   <\/p>\n\n\n\n<div class=\"wp-block-buttons is-layout-flex wp-block-buttons-is-layout-flex\">\n<div class=\"wp-block-button is-style-arrow\"><a class=\"wp-block-button__link wp-element-button\" href=\"https:\/\/intercel.eu\/motive\/products\/\">Alle Batterien anzeigen<\/a><\/div>\n<\/div>\n<\/div>\n<\/div>\n","protected":false},"excerpt":{"rendered":"<p>Eine Lithiumbatterie mit 200 Ah kann ziemlich viel Energie liefern. Aber wie wird so eine Batterie eigentlich zusammengebaut und wof\u00fcr kann man sie verwenden? Wir erkl\u00e4ren es Ihnen unten. Wir stellen Ihnen au\u00dferdem einige 200Ah-Lithiumbatterien vor. Was ist eine 200-Ah-Lithiumbatterie? Eine Batterie unterscheidet sich von einer Batterie.&#8221; \u201cBattery&#8221; stammt vom englischen Wort \u201caccumulator&#8221;, was bedeutet, &hellip; <a href=\"https:\/\/intercel.eu\/de\/wissen-erkenntnisse\/batterietechnologie\/lithium-batterien\/lithium-batterie-200ah\/\">Fortgesetzt<\/a><\/p>\n","protected":false},"author":1,"featured_media":10173,"parent":10231,"menu_order":0,"comment_status":"open","ping_status":"open","template":"","meta":{"footnotes":""},"class_list":["post-10239","page","type-page","status-publish","has-post-thumbnail","hentry"],"acf":[],"_links":{"self":[{"href":"https:\/\/intercel.eu\/de\/wp-json\/wp\/v2\/pages\/10239","targetHints":{"allow":["GET"]}}],"collection":[{"href":"https:\/\/intercel.eu\/de\/wp-json\/wp\/v2\/pages"}],"about":[{"href":"https:\/\/intercel.eu\/de\/wp-json\/wp\/v2\/types\/page"}],"author":[{"embeddable":true,"href":"https:\/\/intercel.eu\/de\/wp-json\/wp\/v2\/users\/1"}],"replies":[{"embeddable":true,"href":"https:\/\/intercel.eu\/de\/wp-json\/wp\/v2\/comments?post=10239"}],"version-history":[{"count":5,"href":"https:\/\/intercel.eu\/de\/wp-json\/wp\/v2\/pages\/10239\/revisions"}],"predecessor-version":[{"id":22826,"href":"https:\/\/intercel.eu\/de\/wp-json\/wp\/v2\/pages\/10239\/revisions\/22826"}],"up":[{"embeddable":true,"href":"https:\/\/intercel.eu\/de\/wp-json\/wp\/v2\/pages\/10231"}],"wp:featuredmedia":[{"embeddable":true,"href":"https:\/\/intercel.eu\/de\/wp-json\/wp\/v2\/media\/10173"}],"wp:attachment":[{"href":"https:\/\/intercel.eu\/de\/wp-json\/wp\/v2\/media?parent=10239"}],"curies":[{"name":"wp","href":"https:\/\/api.w.org\/{rel}","templated":true}]}}