{"id":10241,"date":"2025-11-06T10:43:04","date_gmt":"2025-11-06T09:43:04","guid":{"rendered":"https:\/\/intercel.eu\/?page_id=10241"},"modified":"2025-12-16T13:12:02","modified_gmt":"2025-12-16T12:12:02","slug":"lithium-batterie-24v","status":"publish","type":"page","link":"https:\/\/intercel.eu\/de\/wissen-erkenntnisse\/batterietechnologie\/lithium-batterien\/lithium-batterie-24v\/","title":{"rendered":"Lithiumbatterie 24 V"},"content":{"rendered":"\n<div class=\"wp-block-group alignwide has-global-padding is-layout-constrained wp-block-group-is-layout-constrained\">\n<div class=\"wp-block-group has-global-padding is-layout-constrained wp-block-group-is-layout-constrained\">\n<h2 class=\"wp-block-heading has-x-large-font-size\">Moderne Anwendungen<\/h2>\n\n\n\n<p>Von allen <a href=\"https:\/\/intercel.eu\/de\/wissenszentrum\/batterie-technologie\/lithium-batterien\/\" data-type=\"page\" data-id=\"10230\">Lithiumbatterien<\/a> <a href=\"https:\/\/intercel.eu\/de\/wissenszentrum\/batterie-technologie\/lithium-batterien\/lifepo4-batterien\/\" data-type=\"page\" data-id=\"10232\">ist die<\/a> <a href=\"https:\/\/intercel.eu\/de\/wissenszentrum\/batterie-technologie\/lithium-batterien\/lifepo4-batterien\/\" data-type=\"page\" data-id=\"10232\">LiFePO4-Batterie<\/a> (Lithiumeisenphosphat) die Basis in modernen Anwendungen wie Laptops und Smartphones. Leicht im Gewicht, aber schwergewichtig, was Entladungen und hohe Str\u00f6me angeht. Die Lithiumbatterie ist in verschiedenen chemischen Zusammensetzungen erh\u00e4ltlich, zum Beispiel: Lithium-Ionen, Lithiumpolymer und LiFePO4 (Eisenphosphat).  <\/p>\n\n\n\n<h2 class=\"wp-block-heading has-x-large-font-size\">24V LiFePO4-Batterie \u2013 Lithium-Eisenphosphat-Batterien<\/h2>\n\n\n\n<p>Die 24V-Lithium-Eisenphosphat-Batterie bietet die M\u00f6glichkeit, ein 24V-Bleibatteriensystem eins zu eins zu ersetzen.\nAufgrund ihrer herausragenden extremen zyklischen Leistung bietet diese Batterie eine ausgezeichnete zyklische Lebensdauer.\nAu\u00dferdem bietet eine Lithium-Eisenphosphat-Batterie die gleiche oder gr\u00f6\u00dfere Kapazit\u00e4t bei geringerem Gewicht.\nDies kann die Reichweite Ihrer 24V-Anwendung weiter erh\u00f6hen.  <\/p>\n\n\n\n<div class=\"wp-block-buttons is-layout-flex wp-block-buttons-is-layout-flex\">\n<div class=\"wp-block-button is-style-arrow\"><a class=\"wp-block-button__link wp-element-button\" href=\"https:\/\/intercel.eu\/nl\/producten\/accu's\/\">Sehen Sie sich alle unsere Batterien an<\/a><\/div>\n<\/div>\n\n\n\n<h2 class=\"wp-block-heading has-x-large-font-size\">Leichtere und sicherere LiFePO4-Batterien<\/h2>\n\n\n\n<p>Im Vergleich zu AGM-Batteriezellen erreichen LiFePO4-Batteriezellen etwa f\u00fcnfmal mehr Zyklen.\nDar\u00fcber hinaus sind LiFePO4-Lithiumbatterienzellen sicherer in der Verwendung als Lithium-Ionen- und Lithiumpolymerzellen und etwa sechzig Prozent leichter als herk\u00f6mmliche Blei-S\u00e4ure-Batterien.  <\/p>\n\n\n\n<h2 class=\"wp-block-heading has-x-large-font-size\">Mobile Energie<\/h2>\n\n\n\n<p>Das geringe Gewicht von Lithium macht es ideal geeignet, in ein tragbares Geh\u00e4use eingebaut zu werden.<\/p>\n\n\n\n<p>Schau dir auch unsere <a href=\"https:\/\/intercel.eu\/de\/wissenszentrum\/batterie-technologie\/lithium-batterien\/lithium-batterie-12v\/\" data-type=\"page\" data-id=\"10236\">12V-Lithiumbatterien<\/a> und <a href=\"https:\/\/intercel.eu\/de\/wissenszentrum\/batterie-technologie\/lithium-batterien\/lithium-akku-ladegerat\/\" data-type=\"page\" data-id=\"10242\">Lithiumbatterien-Ladeger\u00e4te<\/a> an.<\/p>\n\n\n\n<h2 class=\"wp-block-heading has-x-large-font-size\">Reichweite der 24V-Lithiumbatterien<\/h2>\n\n\n\n<p>Intercel bietet folgende 24V-Lithiumbatterien an:<\/p>\n\n\n\n<h3 class=\"wp-block-heading\">Cellpower 24V-Lithiumbatterien:<\/h3>\n\n\n\n<ul class=\"wp-block-list\">\n<li><span style=\"text-decoration: underline\"><a href=\"https:\/\/intercel.eu\/nl\/producten\/battery\/cellpower-cln-40-24\/\" data-type=\"product\" data-id=\"1764\"><\/a><a href=\"https:\/\/intercel.eu\/de\/product\/cellpower-cln-40-24\/\" data-type=\"product\" data-id=\"7930\">Cellpower CLN 40-24<\/a><\/span><\/li>\n\n\n\n<li><span style=\"text-decoration: underline\"><a href=\"https:\/\/intercel.eu\/nl\/producten\/battery\/cellpower-cln-60-24\/\" data-type=\"product\" data-id=\"1765\"><\/a><a href=\"https:\/\/intercel.eu\/de\/product\/cellpower-cln-60-24\/\" data-type=\"product\" data-id=\"9530\">Cellpower CLN 60 &#8211; 24<\/a><\/span><\/li>\n\n\n\n<li><span style=\"text-decoration: underline\"><a href=\"https:\/\/intercel.eu\/nl\/producten\/battery\/cellpower-cln-70-24\/\" data-type=\"product\" data-id=\"1766\"><\/a><a href=\"https:\/\/intercel.eu\/de\/product\/cellpower-cln-70-24\/\" data-type=\"product\" data-id=\"9537\">Cellpower CLN 70 &#8211; 24<\/a><\/span><\/li>\n<\/ul>\n\n\n\n<h3 class=\"wp-block-heading\">PBQ 24V Lithiumbatterien:<\/h3>\n\n\n\n<ul class=\"wp-block-list\">\n<li><span style=\"text-decoration: underline\"><a href=\"https:\/\/intercel.eu\/nl\/producten\/accu's\/pbq-lf-10-24\/\" data-type=\"product\" data-id=\"2038\"><\/a><a href=\"https:\/\/intercel.eu\/nl\/producten\/accu's\/pbq-lf-10-24\/\">p<\/a><a href=\"https:\/\/intercel.eu\/product\/pbq-lf-10-24\/\" data-type=\"product\" data-id=\"9077\">bq L<\/a><a href=\"https:\/\/intercel.eu\/nl\/producten\/accu's\/pbq-lf-10-24\/\">F 10 &#8211; 24<\/a><\/span><\/li>\n\n\n\n<li><span style=\"text-decoration: underline\"><a href=\"https:\/\/intercel.eu\/nl\/producten\/battery\/pbq-lf-20-24\/\" data-type=\"product\" data-id=\"2043\"><\/a><a href=\"https:\/\/intercel.eu\/de\/product\/pbq-lf-20-24\/\" data-type=\"product\" data-id=\"9101\">pbq LF 20 &#8211; 24<\/a><\/span><\/li>\n\n\n\n<li><span style=\"text-decoration: underline\"><a href=\"https:\/\/intercel.eu\/nl\/producten\/battery\/pbq-lf-40-24\/\" data-type=\"product\" data-id=\"2047\"><\/a><a href=\"https:\/\/intercel.eu\/de\/product\/pbq-lf-40-24\/\" data-type=\"product\" data-id=\"9108\">pbq LF 40 &#8211; 24<\/a><\/span><\/li>\n\n\n\n<li><span style=\"text-decoration: underline\"><a href=\"https:\/\/intercel.eu\/nl\/producten\/accu's\/pbq-lf-50-24\/\" data-type=\"product\" data-id=\"2050\"><\/a><a href=\"https:\/\/intercel.eu\/product\/pbq-lf-50-24\/\" data-type=\"product\" data-id=\"9040\">pbq LF 50 &#8211; 24<\/a><\/span><\/li>\n<\/ul>\n\n\n\n<p>Ist dein Batterietyp hier nicht aufgef\u00fchrt? Dann <a href=\"https:\/\/intercel.eu\/de\/kontakt\/\" data-type=\"page\" data-id=\"10596\">kontaktieren Sie uns<\/a> oder schauen Sie sich unsere <a href=\"https:\/\/intercel.eu\/de\/elektrifizierung\/individuelle-konfiguration-fur-die-optimale-losung\/\" target=\"_blank\" data-type=\"page\" data-id=\"7230\" rel=\"noreferrer noopener\">ma\u00dfgeschneiderten Batteriel\u00f6sungen<\/a> an. <\/p>\n<\/div>\n<\/div>\n","protected":false},"excerpt":{"rendered":"<p>Moderne Anwendungen Von allen Lithiumbatterien ist die LiFePO4-Batterie (Lithiumeisenphosphat) die Basis in modernen Anwendungen wie Laptops und Smartphones. Leicht im Gewicht, aber schwergewichtig, was Entladungen und hohe Str\u00f6me angeht. Die Lithiumbatterie ist in verschiedenen chemischen Zusammensetzungen erh\u00e4ltlich, zum Beispiel: Lithium-Ionen, Lithiumpolymer und LiFePO4 (Eisenphosphat). 24V LiFePO4-Batterie \u2013 Lithium-Eisenphosphat-Batterien Die 24V-Lithium-Eisenphosphat-Batterie bietet die M\u00f6glichkeit, ein 24V-Bleibatteriensystem &hellip; <a href=\"https:\/\/intercel.eu\/de\/wissen-erkenntnisse\/batterietechnologie\/lithium-batterien\/lithium-batterie-24v\/\">Fortgesetzt<\/a><\/p>\n","protected":false},"author":1,"featured_media":10169,"parent":10231,"menu_order":0,"comment_status":"open","ping_status":"open","template":"","meta":{"footnotes":""},"class_list":["post-10241","page","type-page","status-publish","has-post-thumbnail","hentry"],"acf":[],"_links":{"self":[{"href":"https:\/\/intercel.eu\/de\/wp-json\/wp\/v2\/pages\/10241","targetHints":{"allow":["GET"]}}],"collection":[{"href":"https:\/\/intercel.eu\/de\/wp-json\/wp\/v2\/pages"}],"about":[{"href":"https:\/\/intercel.eu\/de\/wp-json\/wp\/v2\/types\/page"}],"author":[{"embeddable":true,"href":"https:\/\/intercel.eu\/de\/wp-json\/wp\/v2\/users\/1"}],"replies":[{"embeddable":true,"href":"https:\/\/intercel.eu\/de\/wp-json\/wp\/v2\/comments?post=10241"}],"version-history":[{"count":7,"href":"https:\/\/intercel.eu\/de\/wp-json\/wp\/v2\/pages\/10241\/revisions"}],"predecessor-version":[{"id":22827,"href":"https:\/\/intercel.eu\/de\/wp-json\/wp\/v2\/pages\/10241\/revisions\/22827"}],"up":[{"embeddable":true,"href":"https:\/\/intercel.eu\/de\/wp-json\/wp\/v2\/pages\/10231"}],"wp:featuredmedia":[{"embeddable":true,"href":"https:\/\/intercel.eu\/de\/wp-json\/wp\/v2\/media\/10169"}],"wp:attachment":[{"href":"https:\/\/intercel.eu\/de\/wp-json\/wp\/v2\/media?parent=10241"}],"curies":[{"name":"wp","href":"https:\/\/api.w.org\/{rel}","templated":true}]}}