{"id":10243,"date":"2025-11-06T10:43:04","date_gmt":"2025-11-06T09:43:04","guid":{"rendered":"https:\/\/intercel.eu\/?page_id=10243"},"modified":"2025-12-16T14:51:52","modified_gmt":"2025-12-16T13:51:52","slug":"lithium-akku-ladegerat","status":"publish","type":"page","link":"https:\/\/intercel.eu\/de\/wissen-erkenntnisse\/batterietechnologie\/lithium-batterien\/lithium-akku-ladegerat\/","title":{"rendered":"Lithium-Akku-Ladeger\u00e4t"},"content":{"rendered":"\n<div class=\"wp-block-group alignwide has-global-padding is-layout-constrained wp-block-group-is-layout-constrained\">\n<div class=\"wp-block-group has-global-padding is-layout-constrained wp-block-group-is-layout-constrained\">\n<h2 class=\"wp-block-heading has-x-large-font-size\">Batterieladeger\u00e4te f\u00fcr Lithiumbatterien<\/h2>\n\n\n\n<p>DAS RICHTIGE LADEGER\u00c4T HOLT DAS BESTE AUS DER BATTERIE HERAUS<\/p>\n\n\n\n<p>Intercel bietet 6V-, 12V-, 24V-, 36V- und 48V-Batterieladeger\u00e4te sowie unterschiedliche Ladestr\u00f6me von 0,5A bis 50A an.\nEs gibt verschiedene Geh\u00e4usetypen f\u00fcr Batterieladeger\u00e4te, wie Steckdosenladeger\u00e4te, Tischladeger\u00e4te und Batterieladeger\u00e4te mit wasserdichten Geh\u00e4use.\nBatterieladeger\u00e4te f\u00fcr ein Batteriepaket sind ebenfalls im Sortiment, ebenso wie ein Trickle-Ladeger\u00e4t.  <\/p>\n\n\n\n<div class=\"wp-block-buttons is-layout-flex wp-block-buttons-is-layout-flex\">\n<div class=\"wp-block-button is-style-arrow\"><a class=\"wp-block-button__link wp-element-button\" href=\"https:\/\/intercel.eu\/de\/motiv\/ladegeraete\/\">Sehen Sie sich alle unsere Batterieladeger\u00e4te an<\/a><\/div>\n<\/div>\n\n\n\n<h2 class=\"wp-block-heading has-x-large-font-size\">Batteriehandels-Intercel<\/h2>\n\n\n\n<p>Intercel steht f\u00fcr Qualit\u00e4t.<br \/>Als Spezialist f\u00fcr Beratung und Lieferung von <a href=\"\/de\/?page_id=10225\" data-type=\"page\" data-id=\"10224\">AGM<\/a><a href=\"https:\/\/intercel.eu\/de\/wissenszentrum\/batterie-technologie\/gel-batterien\/\" data-type=\"page\" data-id=\"10226\">-, GEL-<\/a>, NiCD- und <a href=\"https:\/\/intercel.eu\/de\/wissenszentrum\/batterie-technologie\/lithium-batterien\/\" data-type=\"page\" data-id=\"10230\">Lithiumbatterien<\/a> nimmt Intercel eine zentrale Position in der Batteriewelt ein.<br \/>Wir liefern au\u00dferdem Batteriepacks, Ladeger\u00e4te, Batterietester, Stromversorgungsteile, Wechselrichter und jedes erdenkliche Batteriezubeh\u00f6r.<br \/>Intercel bietet au\u00dferdem die intelligentesten Produkte f\u00fcr wiederaufladbare und nicht wiederaufladbare Akkus sowie Ladeger\u00e4te an.<\/p>\n\n\n\n<h2 class=\"wp-block-heading has-x-large-font-size\">Spezialist f\u00fcr Lithium-Batterieladeger\u00e4te<\/h2>\n\n\n\n<p>Suchen Sie nach dem richtigen Lithium-Batterieladeger\u00e4t? Intercel bietet eine breite Palette von Lithium-Batterieladeger\u00e4ten zum Laden von <a href=\"https:\/\/intercel.eu\/de\/wissenszentrum\/batterie-technologie\/lithium-batterien\/lifepo4-batterien\/\" data-type=\"page\" data-id=\"10232\">Lithium LiFePO4-Batterien<\/a> und Lithium-Batteriepacks an. Zum Laden von <a href=\"https:\/\/intercel.eu\/de\/wissenszentrum\/batterie-technologie\/lithium-batterien\/lithium-batterie-12v\/\" data-type=\"page\" data-id=\"10236\">12V-<\/a> und <a href=\"https:\/\/intercel.eu\/de\/wissenszentrum\/batterie-technologie\/lithium-batterien\/lithium-batterie-24v\/\" data-type=\"page\" data-id=\"10240\">24V-Lithiumbatterien<\/a> liefern wir Lithium-Batterieladeger\u00e4te direkt von Original!  <\/p>\n\n\n\n<p>Intercel liefert folgende Batterieladeger\u00e4te f\u00fcr Lithiumbatterien:<\/p>\n\n\n\n<h3 class=\"wp-block-heading has-x-large-font-size\">Cellpower-Lithiumbatterie-Ladeger\u00e4te<\/h3>\n\n\n\n<ul class=\"wp-block-list\">\n<li><a href=\"https:\/\/intercel.eu\/nl\/producten\/chargers-power-supplies\/cellpower-ccl-12-0-5\/\" data-type=\"product\" data-id=\"1744\"><\/a>Cellpower CCL 12 &#8211; 0,5  <\/li>\n\n\n\n<li><a href=\"https:\/\/intercel.eu\/nl\/producten\/chargers-power-supplies\/cellpower-ccl-24-2-l\/\" data-type=\"product\" data-id=\"1747\"><\/a>Cellpower CCL 24 &#8211; 2L  <\/li>\n\n\n\n<li><a href=\"https:\/\/intercel.eu\/nl\/producten\/chargers-power-supplies\/cellpower-ccl-24-6\/\" data-type=\"product\" data-id=\"1749\"><\/a>Cellpower CCL 24 &#8211; 6<\/li>\n\n\n\n<li><a href=\"https:\/\/intercel.eu\/nl\/producten\/chargers-power-supplies\/cellpower-ccl-24-6s\/\" data-type=\"product\" data-id=\"1750\"><\/a>Cellpower CCL 24 &#8211; 6S<\/li>\n\n\n\n<li><a href=\"https:\/\/intercel.eu\/nl\/producten\/chargers-power-supplies\/cellpower-ccl-24-8\/\" data-type=\"product\" data-id=\"1751\"><\/a>Cellpower CCL 24 &#8211; 8<\/li>\n\n\n\n<li><a href=\"https:\/\/intercel.eu\/nl\/producten\/chargers-power-supplies\/cellpower-ccl-24-10\/\" data-type=\"product\" data-id=\"1745\"><\/a>Cellpower CCL 24 &#8211; 10<\/li>\n\n\n\n<li><a href=\"https:\/\/intercel.eu\/nl\/producten\/chargers-power-supplies\/cellpower-ccl-24-12\/\" data-type=\"product\" data-id=\"1746\"><\/a>Cellpower CCL 24 &#8211; 12<\/li>\n\n\n\n<li><a href=\"https:\/\/intercel.eu\/nl\/producten\/chargers-power-supplies\/cellpower-ccl-24-12-s\/\" data-type=\"product\" data-id=\"1752\"><\/a>Cellpower CCL 24 &#8211; 12S<\/li>\n\n\n\n<li><a href=\"https:\/\/intercel.eu\/nl\/producten\/chargers-power-supplies\/cellpower-ccl-24-20\/\" data-type=\"product\" data-id=\"1748\"><\/a>Cellpower CCL 24 &#8211; 20<\/li>\n\n\n\n<li><a href=\"https:\/\/intercel.eu\/nl\/producten\/chargers-power-supplies\/cellpower-ccl-72-40\/\" data-type=\"product\" data-id=\"1755\"><\/a>Cellpower CCL 72 &#8211; 40<\/li>\n\n\n\n<li><a href=\"https:\/\/intercel.eu\/nl\/producten\/chargers-power-supplies\/cellpower-ccl-48-40-1000\/\" data-type=\"product\" data-id=\"1753\"><\/a>Cellpower CCL 48 &#8211; 40 (1000)<\/li>\n\n\n\n<li><a href=\"https:\/\/intercel.eu\/nl\/producten\/chargers-power-supplies\/cellpower-ccl-72-40-can-1000\/\" data-type=\"product\" data-id=\"1756\"><\/a>Cellpower CCL 72 &#8211; 40 (CAN 1000)<\/li>\n\n\n\n<li><a href=\"https:\/\/intercel.eu\/nl\/producten\/chargers-power-supplies\/cellpower-ccl-96-32\/\" data-type=\"product\" data-id=\"1759\"><\/a>Cellpower CCL 96 &#8211; 32<\/li>\n\n\n\n<li><a href=\"https:\/\/intercel.eu\/de\/marken\/cellpower\/\" data-type=\"product_brand\" data-id=\"1596\">Hier sehen Sie sich unser Cellpower-Sortiment an.<\/a><\/li>\n<\/ul>\n\n\n\n<h3 class=\"wp-block-heading has-x-large-font-size\">PBQ-Lithiumbatterie-Ladeger\u00e4te<\/h3>\n\n\n\n<ul class=\"wp-block-list\">\n<li><a href=\"https:\/\/intercel.eu\/l-pbq-lf-12030\/\" data-type=\"product\" data-id=\"1938\"><\/a>L pbq LF 12030<\/li>\n\n\n\n<li><a href=\"https:\/\/intercel.eu\/nl\/producten\/chargers-power-supplies\/l-pbq-lf-12050\/\" data-type=\"product\" data-id=\"1939\"><\/a>L pbq LF 12050<\/li>\n\n\n\n<li><a href=\"https:\/\/intercel.eu\/nl\/producten\/chargers-power-supplies\/l-pbq-lf-12100\/\" data-type=\"product\" data-id=\"1940\"><\/a>L pbq LF 12100<\/li>\n\n\n\n<li><a href=\"https:\/\/intercel.eu\/nl\/producten\/chargers-power-supplies\/l-pbq-lf-12200\/\" data-type=\"product\" data-id=\"1941\"><\/a>L pbq LF 12200<\/li>\n\n\n\n<li><a href=\"https:\/\/intercel.eu\/nl\/producten\/chargers-power-supplies\/l-pbq-lf-24025\/\" data-type=\"product\" data-id=\"1942\"><\/a>L pbq LF 24025<\/li>\n\n\n\n<li><a href=\"https:\/\/intercel.eu\/nl\/producten\/chargers-power-supplies\/l-pbq-lf-24060\/\" data-type=\"product\" data-id=\"1943\"><\/a>L pbq LF 24060<\/li>\n\n\n\n<li><a href=\"https:\/\/intercel.eu\/nl\/producten\/chargers-power-supplies\/l-pbq-lf-24080\/\" data-type=\"product\" data-id=\"1944\"><\/a>L pbq LF 24080<\/li>\n\n\n\n<li><a href=\"https:\/\/intercel.eu\/nl\/producten\/chargers-power-supplies\/l-pbq-lf-24120\/\" data-type=\"product\" data-id=\"1945\"><\/a>L pbq LF 24120<\/li>\n\n\n\n<li><a href=\"https:\/\/intercel.eu\/nl\/producten\/chargers-power-supplies\/l-pbq-lf-24200\/\" data-type=\"product\" data-id=\"1946\"><\/a>L pbq LF 24200<\/li>\n\n\n\n<li><a href=\"https:\/\/intercel.eu\/de\/uber-intercel\/schutzmarken\/pbq\/\" data-type=\"page\" data-id=\"12936\">Hier sehen Sie sich unser PBQ-Sortiment an.<\/a><\/li>\n<\/ul>\n\n\n\n<h3 class=\"wp-block-heading has-x-large-font-size\">AdelSystems Lithium-Batterieladeger\u00e4te<\/h3>\n\n\n\n<ul class=\"wp-block-list\">\n<li><a href=\"https:\/\/intercel.eu\/nl\/producten\/chargers-power-supplies\/adelsystems-as-cb-2420a\/\" data-type=\"product\" data-id=\"1725\"><\/a>AdelSystems AS CB 2420A<\/li>\n\n\n\n<li><a href=\"https:\/\/intercel.eu\/nl\/producten\/chargers-power-supplies\/adelsystems-as-cbi-123a-ni\/\" data-type=\"product\" data-id=\"1727\"><\/a>Adelsystems ALS CBI 123A-NI<\/li>\n\n\n\n<li><a href=\"https:\/\/intercel.eu\/nl\/producten\/chargers-power-supplies\/adelsystems-as-cbi-126a-ni\/\" data-type=\"product\" data-id=\"1728\"><\/a>AdelSystems AS CBI 126A-NI<\/li>\n\n\n\n<li><a href=\"https:\/\/intercel.eu\/nl\/producten\/chargers-power-supplies\/adelsystems-as-cbi-1210a-ni\/\" data-type=\"product\" data-id=\"1726\"><\/a>AdelSystems AS CBI 1210A-NI<\/li>\n\n\n\n<li><a href=\"https:\/\/intercel.eu\/nl\/producten\/chargers-power-supplies\/adelsystems-as-cbi-243-a\/\" data-type=\"product\" data-id=\"1732\"><\/a>AdelSystems AS CBI 243 A<\/li>\n\n\n\n<li><a href=\"https:\/\/intercel.eu\/nl\/producten\/chargers-power-supplies\/adelsystems-as-cbi-245-a\/\" data-type=\"product\" data-id=\"1733\"><\/a>AdelSystems AS CBI 245 A<\/li>\n\n\n\n<li><a href=\"https:\/\/intercel.eu\/nl\/producten\/chargers-power-supplies\/adelsystems-as-cbi-2410as-n\/\" data-type=\"product\" data-id=\"1729\"><\/a>AdelSystems AS CBI 2410AS-N<\/li>\n\n\n\n<li><a href=\"https:\/\/intercel.eu\/nl\/producten\/chargers-power-supplies\/adelsystems-as-cbi-2420-av\/\" data-type=\"product\" data-id=\"1731\"><\/a>AdelSystems AS CBI 2420 AV<\/li>\n\n\n\n<li><a href=\"https:\/\/intercel.eu\/nl\/producten\/chargers-power-supplies\/adelsystems-as-cbi-4810a\/\" data-type=\"product\" data-id=\"1734\"><\/a>AdelSystems AS CBI 4810A<\/li>\n\n\n\n<li><a href=\"https:\/\/intercel.eu\/nl\/producten\/chargers-power-supplies\/adelsystems-as-flex28024b\/\" data-type=\"product\" data-id=\"1735\"><\/a>AdelSystems AS FLEX28024B<\/li>\n\n\n\n<li><a href=\"https:\/\/intercel.eu\/nl\/producten\/chargers-power-supplies\/adelsystems-as-flex28048a\/\" data-type=\"product\" data-id=\"1736\"><\/a>AdelSystems AS FLEX28048A<\/li>\n\n\n\n<li><a href=\"https:\/\/intercel.eu\/de\/marken\/adelsystems\/\" data-type=\"product_brand\" data-id=\"1570\">Sehen Sie hier unser AdelSystems-Sortiment.<\/a><\/li>\n<\/ul>\n\n\n\n<h3 class=\"wp-block-heading has-x-large-font-size\">Victron Lithium-Batterieladeger\u00e4te<\/h3>\n\n\n\n<ul class=\"wp-block-list\">\n<li><a href=\"https:\/\/intercel.eu\/nl\/producten\/chargers-power-supplies\/victron-scc010010050r\/\" data-type=\"product\" data-id=\"2069\"><\/a>Victron SCC010010050R<\/li>\n\n\n\n<li><a href=\"https:\/\/intercel.eu\/nl\/producten\/chargers-power-supplies\/victron-scc010015050r\/\" data-type=\"product\" data-id=\"2070\"><\/a>Victron SCC010015050R<\/li>\n\n\n\n<li><a href=\"https:\/\/intercel.eu\/nl\/producten\/chargers-power-supplies\/victron-scc020030200\/\" data-type=\"product\" data-id=\"2071\"><\/a>Victron SCC020030200<\/li>\n\n\n\n<li><a href=\"https:\/\/intercel.eu\/nl\/producten\/chargers-power-supplies\/victron-scc020050200\/\" data-type=\"product\" data-id=\"2072\"><\/a>Victron SCC020050200<\/li>\n\n\n\n<li><a href=\"https:\/\/intercel.eu\/nl\/producten\/chargers-power-supplies\/victron-scc075010060r\/\" data-type=\"product\" data-id=\"2073\"><\/a>Victron SCC075010060R<\/li>\n\n\n\n<li><a href=\"https:\/\/intercel.eu\/nl\/producten\/chargers-power-supplies\/victron-scc075015060r\/\" data-type=\"product\" data-id=\"2074\"><\/a>Victron SCC075015060R<\/li>\n\n\n\n<li><a href=\"https:\/\/intercel.eu\/nl\/producten\/chargers-power-supplies\/victron-scc115085211\/\" data-type=\"product\" data-id=\"2075\"><\/a>Victron SCC115085211<\/li>\n\n\n\n<li><a href=\"https:\/\/intercel.eu\/de\/marken\/victron\/\" data-type=\"product_brand\" data-id=\"1758\">Hier sehen Sie sich unser Victron-Sortiment an.<\/a><\/li>\n<\/ul>\n\n\n\n<h3 class=\"wp-block-heading has-x-large-font-size\">TBS-Lithiumbatterie-Ladeger\u00e4te<\/h3>\n\n\n\n<ul class=\"wp-block-list\">\n<li><a href=\"https:\/\/intercel.eu\/nl\/producten\/chargers-power-supplies\/tbs-to2-c-12-40\/\" data-type=\"product\" data-id=\"2151\"><\/a>TBS TO2 C-12-40<\/li>\n\n\n\n<li>TBS TO2 C-12-60<\/li>\n\n\n\n<li><a href=\"https:\/\/intercel.eu\/nl\/producten\/chargers-power-supplies\/tbs-to2-c-24-20\/\" data-type=\"product\" data-id=\"2153\"><\/a>TBS TO2 C-24-20<\/li>\n\n\n\n<li><a href=\"https:\/\/intercel.eu\/nl\/producten\/chargers-power-supplies\/tbs-to2-c-24-30\/\" data-type=\"product\" data-id=\"2154\"><\/a>TBS TO2 C-24-30<\/li>\n\n\n\n<li><a href=\"https:\/\/intercel.eu\/nl\/producten\/chargers-power-supplies\/tbs-to-c-12-40\/\" data-type=\"product\" data-id=\"2143\"><\/a>TBS AN C-12-40<\/li>\n\n\n\n<li><a href=\"https:\/\/intercel.eu\/nl\/producten\/chargers-power-supplies\/tbs-to-c-12-60\/\" data-type=\"product\" data-id=\"2144\"><\/a>TBS AN C-12-60<\/li>\n\n\n\n<li><a href=\"https:\/\/intercel.eu\/nl\/producten\/chargers-power-supplies\/tbs-to-c-12-90\/\" data-type=\"product\" data-id=\"2145\"><\/a>TBS AN C-12-90<\/li>\n\n\n\n<li><a href=\"https:\/\/intercel.eu\/nl\/producten\/chargers-power-supplies\/tbs-to-c-24-20\/\" data-type=\"product\" data-id=\"2146\"><\/a>TBS AN C-24-20<\/li>\n\n\n\n<li><a href=\"https:\/\/intercel.eu\/nl\/producten\/chargers-power-supplies\/tbs-to-c-24-30\/\" data-type=\"product\" data-id=\"2147\"><\/a>TBS BIS C-24-30<\/li>\n\n\n\n<li><a href=\"https:\/\/intercel.eu\/nl\/producten\/chargers-power-supplies\/tbs-to-c-24-50\/\" data-type=\"product\" data-id=\"2148\"><\/a>TBS AN C-24-50<\/li>\n\n\n\n<li><a href=\"https:\/\/intercel.eu\/nl\/producten\/chargers-power-supplies\/tbs-to-c-24-80\/\" data-type=\"product\" data-id=\"2149\"><\/a>TBS BIS C-24-80<\/li>\n\n\n\n<li><a href=\"https:\/\/intercel.eu\/nl\/producten\/chargers-power-supplies\/tbs-to-c-48-40\/\" data-type=\"product\" data-id=\"2150\"><\/a>TBS ZU C-48-40<\/li>\n\n\n\n<li><a href=\"https:\/\/intercel.eu\/de\/marken\/tbs\/\" data-type=\"product_brand\" data-id=\"1746\">Hier sehen Sie sich unser TBS-Sortiment an.<\/a><\/li>\n<\/ul>\n\n\n\n<p>Ist der Typ des Batterieladeger\u00e4ts nicht angegeben? Bitte <a href=\"https:\/\/intercel.eu\/de\/kontakt\/\" data-type=\"page\" data-id=\"10596\">kontaktieren<\/a> Sie uns, wir helfen Ihnen gerne. <\/p>\n<\/div>\n<\/div>\n","protected":false},"excerpt":{"rendered":"<p>Batterieladeger\u00e4te f\u00fcr Lithiumbatterien DAS RICHTIGE LADEGER\u00c4T HOLT DAS BESTE AUS DER BATTERIE HERAUS Intercel bietet 6V-, 12V-, 24V-, 36V- und 48V-Batterieladeger\u00e4te sowie unterschiedliche Ladestr\u00f6me von 0,5A bis 50A an. Es gibt verschiedene Geh\u00e4usetypen f\u00fcr Batterieladeger\u00e4te, wie Steckdosenladeger\u00e4te, Tischladeger\u00e4te und Batterieladeger\u00e4te mit wasserdichten Geh\u00e4use. Batterieladeger\u00e4te f\u00fcr ein Batteriepaket sind ebenfalls im Sortiment, ebenso wie ein Trickle-Ladeger\u00e4t. &hellip; <a href=\"https:\/\/intercel.eu\/de\/wissen-erkenntnisse\/batterietechnologie\/lithium-batterien\/lithium-akku-ladegerat\/\">Fortgesetzt<\/a><\/p>\n","protected":false},"author":1,"featured_media":10178,"parent":10231,"menu_order":0,"comment_status":"open","ping_status":"open","template":"","meta":{"footnotes":""},"class_list":["post-10243","page","type-page","status-publish","has-post-thumbnail","hentry"],"acf":[],"_links":{"self":[{"href":"https:\/\/intercel.eu\/de\/wp-json\/wp\/v2\/pages\/10243","targetHints":{"allow":["GET"]}}],"collection":[{"href":"https:\/\/intercel.eu\/de\/wp-json\/wp\/v2\/pages"}],"about":[{"href":"https:\/\/intercel.eu\/de\/wp-json\/wp\/v2\/types\/page"}],"author":[{"embeddable":true,"href":"https:\/\/intercel.eu\/de\/wp-json\/wp\/v2\/users\/1"}],"replies":[{"embeddable":true,"href":"https:\/\/intercel.eu\/de\/wp-json\/wp\/v2\/comments?post=10243"}],"version-history":[{"count":8,"href":"https:\/\/intercel.eu\/de\/wp-json\/wp\/v2\/pages\/10243\/revisions"}],"predecessor-version":[{"id":22828,"href":"https:\/\/intercel.eu\/de\/wp-json\/wp\/v2\/pages\/10243\/revisions\/22828"}],"up":[{"embeddable":true,"href":"https:\/\/intercel.eu\/de\/wp-json\/wp\/v2\/pages\/10231"}],"wp:featuredmedia":[{"embeddable":true,"href":"https:\/\/intercel.eu\/de\/wp-json\/wp\/v2\/media\/10178"}],"wp:attachment":[{"href":"https:\/\/intercel.eu\/de\/wp-json\/wp\/v2\/media?parent=10243"}],"curies":[{"name":"wp","href":"https:\/\/api.w.org\/{rel}","templated":true}]}}