{"id":10260,"date":"2025-11-13T12:05:58","date_gmt":"2025-11-13T11:05:58","guid":{"rendered":"https:\/\/intercel.eu\/?page_id=10260"},"modified":"2025-12-12T13:34:29","modified_gmt":"2025-12-12T12:34:29","slug":"datenschutzerklaerung","status":"publish","type":"page","link":"https:\/\/intercel.eu\/de\/datenschutzerklaerung\/","title":{"rendered":"Datenschutzerkl\u00e4rung"},"content":{"rendered":"\n<div class=\"wp-block-group is-layout-flow wp-block-group-is-layout-flow\">\n<p>Wir setzen uns f\u00fcr Privatsph\u00e4re ein.<\/p>\n\n\n\n<p>Wir wissen, dass Sie uns vertrauen.\nWir betrachten es daher als unsere Verantwortung, Ihre Privatsph\u00e4re zu sch\u00fctzen.\nAuf dieser Seite erfahren Sie, welche Informationen wir sammeln, wenn Sie unsere Website nutzen, warum wir diese Informationen sammeln und wie wir sie nutzen, um Ihre Benutzererfahrung zu verbessern.\nDas hilft Ihnen, genau zu verstehen, wie wir arbeiten.  <\/p>\n\n\n\n<p>Diese Datenschutzrichtlinie gilt f\u00fcr die Dienste von Intercel.\nBitte beachten Sie, dass Intercel nicht f\u00fcr die Datenschutzpraktiken anderer Websites und Online-Quellen verantwortlich ist.\nMit der Nutzung dieser Website signalisieren Sie Ihre Zustimmung zu dieser Datenschutzrichtlinie.  <\/p>\n\n\n\n<p>Intercel respektiert die Privatsph\u00e4re aller Nutzer seiner Seite und stellt sicher, dass die von Ihnen bereitgestellten pers\u00f6nlichen Informationen vertraulich behandelt werden.<\/p>\n\n\n\n<h2 class=\"wp-block-heading\">Wie wir gesammelte Informationen verwenden<\/h2>\n\n\n\n<h3 class=\"wp-block-heading has-contrast-color has-text-color has-link-color wp-elements-2e2391c4fff4e2e4cb70e3bc0448d97d\">Nutzung unserer Dienste<\/h3>\n\n\n\n<p>Wenn Sie sich f\u00fcr einen unserer Dienste anmelden, bitten wir Sie, pers\u00f6nliche Daten anzugeben.\nDiese Daten werden zur Erbringung unserer Dienstleistungen verwendet und auf den eigenen sicheren Servern von Intercel oder denen eines Drittanbieters gespeichert.  <\/p>\n\n\n\n<h3 class=\"wp-block-heading has-contrast-color has-text-color has-link-color wp-elements-5928703eea4d0743de4941667d4990a5\">Kommunikationen<\/h3>\n\n\n\n<p>Wenn Sie uns eine E-Mail oder andere Nachrichten senden, k\u00f6nnen wir diese Nachrichten speichern.\nManchmal fragen wir nach Ihren pers\u00f6nlichen Daten, wenn diese f\u00fcr die jeweilige Situation relevant sind.\nSo k\u00f6nnen wir Ihre Anfragen bearbeiten und Ihre Fragen beantworten.\nDie Daten werden auf den eigenen sicheren Servern von Intercel oder denen eines Drittanbieters gespeichert.  <\/p>\n\n\n\n<h3 class=\"wp-block-heading has-contrast-color has-text-color has-link-color wp-elements-e946215285558b4e895f5cf5d27ee136\">Cookies<\/h3>\n\n\n\n<p>Wir sammeln Daten zur Analyse, um unsere Kunden besser zu verstehen, damit wir unsere Dienstleistungen entsprechend anpassen k\u00f6nnen.<\/p>\n\n\n\n<p>Diese Website verwendet \u201cCookies&#8221; (kleine Textdateien, die auf Ihrem Computer gespeichert sind), um zu analysieren, wie die Website genutzt wird.\nDie durch das Cookie generierten Informationen \u00fcber Ihre Nutzung der Website k\u00f6nnen auf die eigenen sicheren Server von Intercel oder auf die eines Drittanbieters \u00fcbertragen werden.\nWir nutzen diese Informationen, um nachzuverfolgen, wie Sie die Website nutzen, um Berichte \u00fcber Website-Aktivit\u00e4ten zu erstellen und weitere Dienstleistungen im Zusammenhang mit Website-Aktivit\u00e4ten und Internetnutzung anzubieten.  <\/p>\n\n\n\n\n\n\n\n<h3 class=\"wp-block-heading has-contrast-color has-text-color has-link-color wp-elements-ab85cd4bd1ca529512e5b8bd7f1e7c03\">Ziel<\/h3>\n\n\n\n<p>Wir sammeln oder verwenden keine Informationen f\u00fcr andere Zwecke als die in dieser Datenschutzrichtlinie beschriebenen, es sei denn, wir haben Ihre vorherige Zustimmung eingeholt.<\/p>\n\n\n\n<h3 class=\"wp-block-heading has-contrast-color has-text-color has-link-color wp-elements-663dfeadbe24979ce9628cd3692c6c4b\">Dritter<\/h3>\n\n\n\n<p>Gesammelte Informationen werden nicht mit Dritten geteilt.\nIn einigen F\u00e4llen k\u00f6nnen Informationen intern geteilt werden.\nUnsere Mitarbeiter sind verpflichtet, die Vertraulichkeit Ihrer Daten zu respektieren.  <\/p>\n\n\n\n<h3 class=\"wp-block-heading has-contrast-color has-text-color has-link-color wp-elements-3126cbbe0d62f42d7421043515065e0c\">\u00c4nderungen<\/h3>\n\n\n\n<p>Diese Datenschutzerkl\u00e4rung ist auf die Nutzung und Funktionen dieser Website zugeschnitten.\nEtwaige \u00c4nderungen und\/oder \u00c4nderungen an dieser Seite k\u00f6nnen zu \u00c4nderungen dieser Datenschutzerkl\u00e4rung f\u00fchren.\nDaher ist es ratsam, diese Datenschutzerkl\u00e4rung regelm\u00e4\u00dfig zu konsultieren.  <\/p>\n\n\n\n<h3 class=\"wp-block-heading has-contrast-color has-text-color has-link-color wp-elements-c033c1f2f40c13a4f191c493ede447ef\">Einblicke in pers\u00f6nliche Daten<\/h3>\n\n\n\n<p>Wir bieten allen Nutzern die M\u00f6glichkeit, pers\u00f6nliche Informationen, die uns bisher bereitgestellt wurden, einzusehen, zu \u00e4ndern oder zu l\u00f6schen.<\/p>\n\n\n\n<h3 class=\"wp-block-heading has-contrast-color has-text-color has-link-color wp-elements-274825ddd186411e1be0d3c3c9a5469e\">Newsletter \u00e4ndern\/abmelden<\/h3>\n\n\n\n<p>Am Ende jedes Mailings finden Sie die Option, Ihre pers\u00f6nlichen Pr\u00e4ferenzen zu \u00e4ndern oder sich komplett abzumelden.<\/p>\n\n\n\n<h3 class=\"wp-block-heading has-contrast-color has-text-color has-link-color wp-elements-cde19e73849d039b99c7aa9a6768664e\">Kommunikation zum \u00c4ndern oder Abmelden<\/h3>\n\n\n\n<p>Wenn Sie Ihre pers\u00f6nlichen Daten \u00e4ndern oder ganz aus unserer Datenbank entfernt werden m\u00f6chten, kontaktieren Sie uns bitte.\nUnsere Kontaktdaten finden Sie unten.  <\/p>\n\n\n\n<h3 class=\"wp-block-heading has-contrast-color has-text-color has-link-color wp-elements-93dbfd9a68cbaf19ddb4d03d9174ed0f\">Cookies deaktivieren<\/h3>\n\n\n\n<p>Die meisten Webbrowser sind standardm\u00e4\u00dfig so eingestellt, dass Cookies akzeptiert werden, aber es ist m\u00f6glich, Ihre Einstellungen so zu \u00e4ndern, dass Cookies abgelehnt werden oder Sie benachrichtigt werden, wenn Cookies verwendet werden.\nAllerdings funktionieren einige Funktionen und Dienste auf unseren und anderen Websites m\u00f6glicherweise nicht richtig, wenn Cookies in Ihrem Browser deaktiviert sind.  <\/p>\n\n\n\n<h3 class=\"wp-block-heading has-contrast-color has-text-color has-link-color wp-elements-51cc2e0d1d8e1b17b25d5c79a2a26190\">Fragen und Feedback<\/h3>\n\n\n\n<p>Wir \u00fcberpr\u00fcfen regelm\u00e4\u00dfig, ob wir weiterhin diese Datenschutzrichtlinie einhalten.\nWenn Sie Fragen zu dieser Datenschutzrichtlinie haben, kontaktieren Sie uns bitte:  <\/p>\n\n\n\n<p><strong>Intercel<\/strong><br\/>Waarderveldweg 3<br\/>2031BK Haarlem<br\/>Niederlande<br\/>Tel: <a href=\"tel:+31(0)235149900\">+31(0) 23 514 99 00<\/a><br\/><a href=\"mailto:sales@intercel.eu\">sales@intercel.eu<\/a><\/p>\n<\/div>\n","protected":false},"excerpt":{"rendered":"<p>Wir setzen uns f\u00fcr Privatsph\u00e4re ein. Wir wissen, dass Sie uns vertrauen. Wir betrachten es daher als unsere Verantwortung, Ihre Privatsph\u00e4re zu sch\u00fctzen. Auf dieser Seite erfahren Sie, welche Informationen wir sammeln, wenn Sie unsere Website nutzen, warum wir diese Informationen sammeln und wie wir sie nutzen, um Ihre Benutzererfahrung zu verbessern. Das hilft Ihnen, &hellip; <a href=\"https:\/\/intercel.eu\/de\/datenschutzerklaerung\/\">Fortgesetzt<\/a><\/p>\n","protected":false},"author":1,"featured_media":0,"parent":0,"menu_order":0,"comment_status":"open","ping_status":"closed","template":"","meta":{"footnotes":""},"class_list":["post-10260","page","type-page","status-publish","hentry"],"acf":[],"_links":{"self":[{"href":"https:\/\/intercel.eu\/de\/wp-json\/wp\/v2\/pages\/10260","targetHints":{"allow":["GET"]}}],"collection":[{"href":"https:\/\/intercel.eu\/de\/wp-json\/wp\/v2\/pages"}],"about":[{"href":"https:\/\/intercel.eu\/de\/wp-json\/wp\/v2\/types\/page"}],"author":[{"embeddable":true,"href":"https:\/\/intercel.eu\/de\/wp-json\/wp\/v2\/users\/1"}],"replies":[{"embeddable":true,"href":"https:\/\/intercel.eu\/de\/wp-json\/wp\/v2\/comments?post=10260"}],"version-history":[{"count":3,"href":"https:\/\/intercel.eu\/de\/wp-json\/wp\/v2\/pages\/10260\/revisions"}],"predecessor-version":[{"id":20901,"href":"https:\/\/intercel.eu\/de\/wp-json\/wp\/v2\/pages\/10260\/revisions\/20901"}],"wp:attachment":[{"href":"https:\/\/intercel.eu\/de\/wp-json\/wp\/v2\/media?parent=10260"}],"curies":[{"name":"wp","href":"https:\/\/api.w.org\/{rel}","templated":true}]}}