{"id":10264,"date":"2025-11-13T12:05:23","date_gmt":"2025-11-13T11:05:23","guid":{"rendered":"https:\/\/intercel.eu\/?page_id=10264"},"modified":"2026-04-02T14:42:11","modified_gmt":"2026-04-02T12:42:11","slug":"trennungsrelais","status":"publish","type":"page","link":"https:\/\/intercel.eu\/de\/motiv\/trennungsrelais\/","title":{"rendered":"Trennrelais"},"content":{"rendered":"\n<div class=\"wp-block-group alignfull has-midden-grijs-background-color has-background has-global-padding is-layout-constrained wp-container-core-group-is-layout-95730b41 wp-block-group-is-layout-constrained\" style=\"padding-top:0;padding-bottom:0\">\n<div class=\"wp-block-columns alignwide are-vertically-aligned-center is-layout-flex wp-container-core-columns-is-layout-7abde1fe wp-block-columns-is-layout-flex\" style=\"padding-top:var(--wp--preset--spacing--40);padding-bottom:var(--wp--preset--spacing--40)\">\n<div class=\"wp-block-column is-vertically-aligned-center is-layout-flow wp-block-column-is-layout-flow\" style=\"flex-basis:25%\"><h1 class=\"has-link-color wp-elements-9c03a8e99b7476115ed900d759546607 wp-block-post-title has-text-color has-wit-color\">Trennrelais<\/h1><\/div>\n\n\n\n<div class=\"wp-block-column is-vertically-aligned-center is-layout-flow wp-block-column-is-layout-flow\" style=\"flex-basis:40%\">\n<p class=\"has-wit-color has-text-color has-link-color wp-elements-6a4dadec54891e2f45b16513390ab444\">Fahrzeuge mit Verbrennungsmotor werden mit einer Starterbatterie betrieben. Sind zus\u00e4tzliche batterien zur Versorgung weiterer elektrischer Verbraucher vorhanden, ist es unerl\u00e4sslich, den Ladestrom gleichm\u00e4\u00dfig auf alle batterien zu verteilen. Die Starterbatterie muss immer zuerst geladen werden, damit das Fahrzeug starten kann. Die Zusatzbatterie wird anschlie\u00dfend geladen. Daher m\u00fcssen die batterien mithilfe eines Trennrelais getrennt werden, auch bekannt als Batterietrenner oder Trennrelais.    <\/p>\n<\/div>\n\n\n\n<div class=\"wp-block-column is-vertically-aligned-center is-layout-flow wp-block-column-is-layout-flow\">\n<div class=\"wp-block-buttons is-content-justification-right is-layout-flex wp-container-core-buttons-is-layout-e351d09b wp-block-buttons-is-layout-flex\" style=\"margin-top:0;margin-bottom:0\">\n<div class=\"wp-block-button is-style-arrow\"><a class=\"wp-block-button__link wp-element-button\" href=\"https:\/\/intercel.eu\/de\/motive-kontakt\/\">Pers\u00f6nlicher Rat<\/a><\/div>\n<\/div>\n\n\n\n<p class=\"has-text-align-right has-wit-color has-text-color has-link-color wp-elements-06c5fbf188cefb7e5d26f687f7345554\" style=\"margin-top:0;margin-bottom:0\"><em>Wir helfen Ihnen, das beste Preis-Leistungs-Verh\u00e4ltnis zu erzielen<\/em><\/p>\n<\/div>\n<\/div>\n<\/div>\n\n<div class=\"wp-block-group has-global-padding is-layout-constrained wp-block-group-is-layout-constrained\">\n<h2 class=\"wp-block-heading\">Trennrelais: Wie funktioniert es?<\/h2>\n\n\n\n<p>Der mikroprozessorgesteuerte Batterietrenner \u00fcberwacht die Spannung der Starterbatterie. Solange die Spannung der Starterbatterie zu niedrig ist und sie nicht vollst\u00e4ndig geladen ist, l\u00e4sst der Batterietrenner den Ladestrom nur zur Starterbatterie flie\u00dfen. Erreicht die Starterbatterie l\u00e4nger als 7 Sekunden die maximale Spannung, l\u00e4sst der Batterietrenner den Ladestrom auch zur Zusatz- bzw. Servicebatterie flie\u00dfen. An diese batterie sind beispielsweise Verbraucher in einem Fahrzeug oder Boot angeschlossen. Wenn der Motor des Fahrzeugs, z. B. eines Campers, Caravans oder Boots, ausgeschaltet wird, sinkt die Spannung der batterien im Laufe der Zeit allm\u00e4hlich. Bleibt diese Spannung mindestens 60 Sekunden lang unter einem bestimmten Wert, trennt der Batterietrenner die Starterbatterie wieder von der Zusatz- bzw. Servicebatterie. So bleibt die Starterbatterie geladen. Suchen Sie eine pers\u00f6nliche Beratung durch einen Fachmann?       <\/p>\n\n\n\n<div class=\"wp-block-buttons is-layout-flex wp-block-buttons-is-layout-flex\">\n<div class=\"wp-block-button\"><a class=\"wp-block-button__link wp-element-button\" href=\"https:\/\/intercel.eu\/de\/motive-kontakt\/\">Pers\u00f6nliche Beratung anfordern<\/a><\/div>\n<\/div>\n\n\n\n<h2 class=\"wp-block-heading\">Trennung der Starterbatterie von der Zusatzbatterie mit einem Trennrelais<\/h2>\n\n\n\n<p>Jedes Fahrzeug mit Verbrennungsmotor hat eine Starterbatterie. Sind in einem solchen Fahrzeug mehrere batterien installiert, um zus\u00e4tzliche elektrische Verbraucher zu versorgen, ist es erforderlich, den Ladestrom korrekt auf die batterien zu verteilen. Selbstverst\u00e4ndlich muss die Starterbatterie immer zuerst geladen werden, damit das Fahrzeug starten kann. Die zweite batterie \u2013 ob Zusatzbatterie oder z. B. eine Bugstrahlruder-batterie \u2013 wird anschlie\u00dfend geladen. Daher m\u00fcssen die batterien mithilfe eines Trennrelais getrennt werden, auch bekannt als Batterietrenner.    <\/p>\n\n\n\n<h2 class=\"wp-block-heading\">Cellpower Batterietrennrelais mit bipolarer Funktionalit\u00e4t<\/h2>\n\n\n\n<p>Die Cellpower Batterietrenner verf\u00fcgen \u00fcber eine einzigartige Funktion. Wenn Sie die Zusatz- bzw. Servicebatterie Ihres Boots, Campers oder Caravans mit einem Batterieladeger\u00e4t laden, l\u00e4dt der Cellpower Batterietrenner auch die Starterbatterie. Dies geschieht nur, wenn die Zusatz- bzw. Servicebatterie vollst\u00e4ndig geladen ist. Sobald das Batterieladeger\u00e4t von der Zusatz- bzw. Servicebatterie getrennt wird, entkoppelt der Batterietrenner die Starterbatterie von der anderen batterie. Der Cellpower Batterietrenner arbeitet bipolar, sodass Strom in beide Richtungen flie\u00dfen kann.    <\/p>\n\n\n\n<div class=\"wp-block-buttons is-layout-flex wp-block-buttons-is-layout-flex\">\n<div class=\"wp-block-button\"><a class=\"wp-block-button__link wp-element-button\" href=\"https:\/\/intercel.eu\/de\/motive-kontakt\/\">Angebot anfordern<\/a><\/div>\n<\/div>\n<\/div>\n","protected":false},"excerpt":{"rendered":"<p>Fahrzeuge mit Verbrennungsmotor werden mit einer Starterbatterie betrieben. Sind zus\u00e4tzliche batterien zur Versorgung weiterer elektrischer Verbraucher vorhanden, ist es unerl\u00e4sslich, den Ladestrom gleichm\u00e4\u00dfig auf alle batterien zu verteilen. Die Starterbatterie muss immer zuerst geladen werden, damit das Fahrzeug starten kann. Die Zusatzbatterie wird anschlie\u00dfend geladen. Daher m\u00fcssen die batterien mithilfe eines Trennrelais getrennt werden, auch &hellip; <a href=\"https:\/\/intercel.eu\/de\/motiv\/trennungsrelais\/\">Fortgesetzt<\/a><\/p>\n","protected":false},"author":1,"featured_media":0,"parent":7211,"menu_order":0,"comment_status":"open","ping_status":"open","template":"page-landing","meta":{"footnotes":""},"class_list":["post-10264","page","type-page","status-publish","hentry"],"acf":[],"_links":{"self":[{"href":"https:\/\/intercel.eu\/de\/wp-json\/wp\/v2\/pages\/10264","targetHints":{"allow":["GET"]}}],"collection":[{"href":"https:\/\/intercel.eu\/de\/wp-json\/wp\/v2\/pages"}],"about":[{"href":"https:\/\/intercel.eu\/de\/wp-json\/wp\/v2\/types\/page"}],"author":[{"embeddable":true,"href":"https:\/\/intercel.eu\/de\/wp-json\/wp\/v2\/users\/1"}],"replies":[{"embeddable":true,"href":"https:\/\/intercel.eu\/de\/wp-json\/wp\/v2\/comments?post=10264"}],"version-history":[{"count":14,"href":"https:\/\/intercel.eu\/de\/wp-json\/wp\/v2\/pages\/10264\/revisions"}],"predecessor-version":[{"id":37629,"href":"https:\/\/intercel.eu\/de\/wp-json\/wp\/v2\/pages\/10264\/revisions\/37629"}],"up":[{"embeddable":true,"href":"https:\/\/intercel.eu\/de\/wp-json\/wp\/v2\/pages\/7211"}],"wp:attachment":[{"href":"https:\/\/intercel.eu\/de\/wp-json\/wp\/v2\/media?parent=10264"}],"curies":[{"name":"wp","href":"https:\/\/api.w.org\/{rel}","templated":true}]}}