{"id":10274,"date":"2025-11-06T10:43:04","date_gmt":"2025-11-06T09:43:04","guid":{"rendered":"https:\/\/intercel.eu\/?page_id=10274"},"modified":"2026-04-01T17:12:42","modified_gmt":"2026-04-01T15:12:42","slug":"mobile-kamerasysteme","status":"publish","type":"page","link":"https:\/\/intercel.eu\/de\/motiv\/mobile-kamerasysteme\/","title":{"rendered":"Mobile Kamerasysteme"},"content":{"rendered":"\n<div class=\"wp-block-group has-global-padding is-layout-constrained wp-block-group-is-layout-constrained\">\n<p>Intercel liefert passende batterien f\u00fcr Kamerasysteme.\nUnsere batterien sind \u00e4u\u00dferst zuverl\u00e4ssig und langlebig, sodass Sie das von Ihnen gesicherte Objekt beruhigt unbeaufsichtigt lassen k\u00f6nnen.\nWir liefern unsere Energiel\u00f6sungen aus eigenem Lagerbestand, sodass wir Ihre Batterie-Packs direkt an Sie liefern k\u00f6nnen.\nNeben Standard-batterien f\u00fcr Kamerasysteme denken wir auch gerne gemeinsam mit Ihnen \u00fcber eine ma\u00dfgeschneiderte L\u00f6sung nach. <\/p>\n\n\n\n<div class=\"wp-block-buttons is-layout-flex wp-block-buttons-is-layout-flex\">\n<div class=\"wp-block-button\"><a class=\"wp-block-button__link wp-element-button\" href=\"https:\/\/intercel.eu\/de\/industries\/sicherheit\/mobile-kamerasysteme\/\">Alle batterien f\u00fcr Kamerasysteme anzeigen<\/a><\/div>\n<\/div>\n\n\n\n<h2 class=\"wp-block-heading has-x-large-font-size\">Wie funktioniert ein mobiles Kamerasystem?  <\/h2>\n\n\n\n<p>Tempor\u00e4re Kamerastangen werden verwendet, um Dinge wie Baustellen und Veranstaltungen zu sichern.\nDiese mobilen Kamerasysteme werden auch UFOs (Unit For Obeservation) genannt.\nDie Einheiten bestehen typischerweise aus einer fortschrittlichen Kamera und einem Bewegungsmelder, die mit einem Alarmzentrum verbunden sind.<br\/>Tempor\u00e4re Kamerasysteme werden unter anderem zur Sicherung eingesetzt:  <\/p>\n\n\n\n<ul class=\"wp-block-list\">\n<li>Baustellen<\/li>\n\n\n\n<li>Infrastruktur<\/li>\n\n\n\n<li>Ereignisse<\/li>\n\n\n\n<li>Leerstehende Immobilie<\/li>\n\n\n\n<li>Parkpl\u00e4tze<\/li>\n\n\n\n<li>repositorien<\/li>\n\n\n\n<li>Wind- und Solarparks<\/li>\n<\/ul>\n\n\n\n<h2 class=\"wp-block-heading has-x-large-font-size\">Warum ist die batterie f\u00fcr ein Kamerasystem so wichtig?<\/h2>\n\n\n\n<p>Batterien liefern die Energie, die f\u00fcr den Betrieb des Kamerasystems ben\u00f6tigt wird.\nDamit kann die batterie als das schlagende Herz eines mobilen Kamerasystems betrachtet werden.\nDaher ist es \u00e4u\u00dferst wichtig, dass die batterien zuverl\u00e4ssig sind und \u00fcber einen langen Zeitraum Energie liefern k\u00f6nnen. <\/p>\n\n\n\n<h2 class=\"wp-block-heading has-x-large-font-size\">Verlassen Sie sich auf die batterien von Intercel<\/h2>\n\n\n\n<p>Intercel liefert seit Jahren hochwertige Batterie-Packs f\u00fcr Kamerasysteme.\nUnsere Batterie-Packs f\u00fcr Kamerasysteme halten m\u00fchelos mehrere Tage und k\u00f6nnen aus der Ferne \u00fcberwacht werden.\nWenn sie wieder aufgeladen werden m\u00fcssen, k\u00f6nnen Sie dies blitzschnell \u00fcber Netzstrom oder Solarenergie erledigen. <\/p>\n\n\n\n<h2 class=\"wp-block-heading has-x-large-font-size\">Pers\u00f6nlicher Rat<\/h2>\n\n\n\n<p>Gerne beraten wir Sie zu den passenden batterien f\u00fcr Ihr System und entwickeln bei Bedarf ma\u00dfgeschneiderte L\u00f6sungen. Nehmen Sie gerne Kontakt mit uns auf, um die M\u00f6glichkeiten zu besprechen. Stellen Sie Ihre Frage \u00fcber das untenstehende Formular, und wir beantworten sie innerhalb von 1 Werktag. M\u00f6chten Sie direkt mit jemandem sprechen? Rufen Sie uns an \u2013 unsere Nummer finden Sie auf unserer <a href=\"https:\/\/intercel.eu\/de\/motive-kontakt\/\" data-type=\"page\" data-id=\"37272\">Kontaktseite<\/a>.    <\/p>\n\n\n\n<div class=\"wp-block-group has-global-padding is-layout-constrained wp-block-group-is-layout-constrained\">\n<div class=\"wp-block-columns has-wit-color has-horizontal-grey-to-dark-grey-gradient-background has-text-color has-background has-link-color wp-elements-31fd4d24eeb3cb2fe4a4dd02eba8c7c8 is-layout-flex wp-container-core-columns-is-layout-a5331a9e wp-block-columns-is-layout-flex\" style=\"border-top-left-radius:35px;border-top-right-radius:32px;border-bottom-left-radius:35px;border-bottom-right-radius:32px;padding-top:0;padding-right:0;padding-bottom:0;padding-left:0;box-shadow:var(--wp--preset--shadow--natural)\">\n<div class=\"wp-block-column is-vertically-aligned-stretch is-layout-flow wp-block-column-is-layout-flow\" style=\"flex-basis:33.33%\">\n<div class=\"wp-block-group is-style-default has-global-padding is-layout-constrained wp-container-core-group-is-layout-72d38984 wp-block-group-is-layout-constrained has-background\" style=\"border-top-left-radius:25px;border-bottom-left-radius:25px;min-height:100%;margin-top:0;margin-bottom:0;padding-top:0;padding-right:0;padding-bottom:0;padding-left:0;background-image:url(&apos;https:\/\/intercel.eu\/\/app\/uploads\/2025\/11\/Intercel-Groep_04-1-scaled.jpg&apos;);background-position:38% 99%;background-size:cover;\">\n<div style=\"height:191px\" aria-hidden=\"true\" class=\"wp-block-spacer\"><\/div>\n<\/div>\n<\/div>\n\n\n\n<div class=\"wp-block-column is-vertically-aligned-center is-style-indrukwekkend-afgerond is-layout-flow wp-container-core-column-is-layout-f2c55d9d wp-block-column-is-layout-flow\" style=\"border-style:none;border-width:0px;padding-top:var(--wp--preset--spacing--20);padding-right:var(--wp--preset--spacing--30);padding-bottom:var(--wp--preset--spacing--20);padding-left:var(--wp--preset--spacing--10)\">\n<div class=\"wp-block-group has-wit-color has-text-color has-link-color wp-elements-b4b3ec6c190c876507fb0085c061afc0 is-layout-flow wp-container-core-group-is-layout-4d399660 wp-block-group-is-layout-flow\" style=\"margin-top:0;margin-bottom:0;padding-top:var(--wp--preset--spacing--50);padding-right:0;padding-bottom:var(--wp--preset--spacing--50);padding-left:0\">\n<h3 class=\"wp-block-heading alignfull has-text-align-left has-wit-color has-text-color has-link-color wp-elements-5ca311382c52767d4d84bd99fae103d1\">Vermeiden Sie Ausfallzeiten. W\u00e4hlen Sie die richtige Batterie. <\/h3>\n\n\n\n<p>Wir liefern zuverl\u00e4ssige Traktionsbatterien f\u00fcr Ihre Maschine oder Ihr Fahrzeug.<\/p>\n\n\n\n<p>\u2713 Schnelle Lieferung ab Lager<br\/>\u2713 Europ\u00e4ische Qualit\u00e4t und Sicherheit<br\/>\u2713 Technischer Support, der den Unterschied macht<\/p>\n\n\n\n<div class=\"wp-block-buttons alignfull is-horizontal is-content-justification-left is-layout-flex wp-container-core-buttons-is-layout-036cb0ab wp-block-buttons-is-layout-flex\">\n<div class=\"wp-block-button is-style-arrow\"><a class=\"wp-block-button__link has-text-align-center wp-element-button\" href=\"https:\/\/intercel.eu\/de\/motive-kontakt\/\">Pers\u00f6nliche Beratung oder Angebot erhalten<\/a><\/div>\n<\/div>\n\n\n\n<p style=\"margin-top:0;margin-bottom:0;padding-top:0;padding-right:var(--wp--preset--spacing--30);padding-bottom:0;padding-left:var(--wp--preset--spacing--30)\"><em>Wir helfen Ihnen gerne<\/em><\/p>\n<\/div>\n<\/div>\n<\/div>\n<\/div>\n<\/div>\n","protected":false},"excerpt":{"rendered":"<p>Intercel liefert passende batterien f\u00fcr Kamerasysteme. Unsere batterien sind \u00e4u\u00dferst zuverl\u00e4ssig und langlebig, sodass Sie das von Ihnen gesicherte Objekt beruhigt unbeaufsichtigt lassen k\u00f6nnen. Wir liefern unsere Energiel\u00f6sungen aus eigenem Lagerbestand, sodass wir Ihre Batterie-Packs direkt an Sie liefern k\u00f6nnen. Neben Standard-batterien f\u00fcr Kamerasysteme denken wir auch gerne gemeinsam mit Ihnen \u00fcber eine ma\u00dfgeschneiderte L\u00f6sung &hellip; <a href=\"https:\/\/intercel.eu\/de\/motiv\/mobile-kamerasysteme\/\">Fortgesetzt<\/a><\/p>\n","protected":false},"author":1,"featured_media":0,"parent":7211,"menu_order":0,"comment_status":"open","ping_status":"open","template":"","meta":{"footnotes":""},"class_list":["post-10274","page","type-page","status-publish","hentry"],"acf":[],"_links":{"self":[{"href":"https:\/\/intercel.eu\/de\/wp-json\/wp\/v2\/pages\/10274","targetHints":{"allow":["GET"]}}],"collection":[{"href":"https:\/\/intercel.eu\/de\/wp-json\/wp\/v2\/pages"}],"about":[{"href":"https:\/\/intercel.eu\/de\/wp-json\/wp\/v2\/types\/page"}],"author":[{"embeddable":true,"href":"https:\/\/intercel.eu\/de\/wp-json\/wp\/v2\/users\/1"}],"replies":[{"embeddable":true,"href":"https:\/\/intercel.eu\/de\/wp-json\/wp\/v2\/comments?post=10274"}],"version-history":[{"count":4,"href":"https:\/\/intercel.eu\/de\/wp-json\/wp\/v2\/pages\/10274\/revisions"}],"predecessor-version":[{"id":37490,"href":"https:\/\/intercel.eu\/de\/wp-json\/wp\/v2\/pages\/10274\/revisions\/37490"}],"up":[{"embeddable":true,"href":"https:\/\/intercel.eu\/de\/wp-json\/wp\/v2\/pages\/7211"}],"wp:attachment":[{"href":"https:\/\/intercel.eu\/de\/wp-json\/wp\/v2\/media?parent=10274"}],"curies":[{"name":"wp","href":"https:\/\/api.w.org\/{rel}","templated":true}]}}