{"id":10276,"date":"2025-11-13T12:05:33","date_gmt":"2025-11-13T11:05:33","guid":{"rendered":"https:\/\/intercel.eu\/?page_id=10276"},"modified":"2026-04-01T17:15:11","modified_gmt":"2026-04-01T15:15:11","slug":"notbeleuchtungsbatterie","status":"publish","type":"page","link":"https:\/\/intercel.eu\/de\/motiv\/notbeleuchtungsbatterie\/","title":{"rendered":"Batterie f\u00fcr Notbeleuchtung"},"content":{"rendered":"\n<div class=\"wp-block-group has-global-padding is-layout-constrained wp-block-group-is-layout-constrained\">\n<p><strong>Suchen Sie einen Batteriepack f\u00fcr die Notbeleuchtung?\nBei Intercel finden Sie f\u00fcr jede Leuchte einen passenden Batteriepack.\nUnsere Batteriepacks f\u00fcr die Notbeleuchtung sind von hoher Qualit\u00e4t, sodass Sie sich im Notfall auf eine ordnungsgem\u00e4\u00df funktionierende Beleuchtung verlassen k\u00f6nnen und die Fluchtwege in Ihrem B\u00fcro oder Gesch\u00e4ftsgeb\u00e4ude deutlich sichtbar sind. <\/strong><\/p>\n\n\n\n<p>Intercel liefert alle g\u00e4ngigen Batteriepacks f\u00fcr alte und neue Leuchten direkt aus dem eigenen Lager, kann aber auch individuelle Zusammenstellungen anfertigen.\nDar\u00fcber hinaus liefert Intercel verschiedene Batteriepacks mit Hochtemperaturzellen.\nDiese halten hohen Umgebungstemperaturen stand. <\/p>\n\n\n\n<div class=\"wp-block-buttons is-layout-flex wp-block-buttons-is-layout-flex\">\n<div class=\"wp-block-button\"><a class=\"wp-block-button__link wp-element-button\" href=\"https:\/\/intercel.eu\/de\/industries\/sicherheit\/notbeleuchtung\/\">Batterien f\u00fcr Notbeleuchtung ansehen<\/a><\/div>\n<\/div>\n\n\n\n<h2 class=\"wp-block-heading has-x-large-font-size\">Cellpower Batterien f\u00fcr Notbeleuchtung<\/h2>\n\n\n\n<p>Intercel verf\u00fcgt \u00fcber ein breites Sortiment an Batteriepacks der Marke Cellpower.\nDiese wurden speziell f\u00fcr die Notbeleuchtung entwickelt und geh\u00f6ren zu den am weitesten verbreiteten Batterien auf dem Markt.\nAlle Cellpower Batteriepacks k\u00f6nnen mit Anschl\u00fcssen von Van Lien\/Blessing, Famostar oder Faston geliefert werden.\nIntercel vertreibt auch spezielle Adapter zum Anschluss der Batteriepacks an Ihre Notbeleuchtung. <\/p>\n\n\n\n<h2 class=\"wp-block-heading has-x-large-font-size\">Austausch von Batteriepacks f\u00fcr Notbeleuchtung<\/h2>\n\n\n\n<p id=\"contact-form-popup\">Wenn Ihre Notbeleuchtung batteriebetrieben ist, sollte die Batterie der Notbeleuchtung alle 4 Jahre ausgetauscht werden. Dies gilt sowohl f\u00fcr NiCD- als auch f\u00fcr NiMH-Batterien. W\u00fcnschen Sie eine Beratung zum Austausch Ihrer Notbeleuchtungsbatterie? Dann z\u00f6gern Sie nicht, unsere Experten zu <a href=\"https:\/\/intercel.eu\/de\/motive-kontakt\/\" data-type=\"page\" data-id=\"37272\">kontaktieren<\/a>. Diese erkl\u00e4ren Ihnen gerne, wie Sie die Batteriepacks austauschen.    <\/p>\n\n\n\n<h2 class=\"wp-block-heading has-x-large-font-size\">NiCD-Batteriepacks f\u00fcr LED-Notbeleuchtung<\/h2>\n\n\n\n<p>NiCD-Batteriepacks sind die am h\u00e4ufigsten verwendeten Batterien in Notbeleuchtungsarmaturen.\nIntercel liefert Cellpower Batteriepacks aus Hochtemperaturzellen.\nDiese Zellen, die den hohen Temperaturen von Lampen standhalten, sind in den folgenden Gr\u00f6\u00dfen erh\u00e4ltlich:<br\/>SC-Zelle: 1,5 Ah | C-Zelle: 2,5 Ah | D-Zelle: 4,5 Ah | \u00bdD-Zelle: 2,2 Ah <\/p>\n\n\n\n<h2 class=\"wp-block-heading has-x-large-font-size\">Notbeleuchtungspakete, die direkt auf Lager erh\u00e4ltlich oder individuell angepasst sind<\/h2>\n\n\n\n<p>Alle g\u00e4ngigen Batteriepacks k\u00f6nnen von Intercel direkt ab Lager geliefert werden.\nSpezielle Batteriepacks k\u00f6nnen f\u00fcr Sie in jeder beliebigen Zusammenstellung ma\u00dfgefertigt werden.\nDiese k\u00f6nnen als Reihen- oder Stabmontage geliefert werden und sind mit jeder gew\u00fcnschten Kapazit\u00e4t oder Spannung m\u00f6glich.\nDiese Batteriepacks werden mit Universalsteckern geliefert, f\u00fcr die Adapter erh\u00e4ltlich sind.\nStandardm\u00e4\u00dfig f\u00fchren wir Batteriepacks mit Anschl\u00fcssen f\u00fcr die Marken Blessing\/Van Lien, Famostar, Lightronics und Faston.\nAndere Batteriepack-Anschl\u00fcsse sind auf Anfrage erh\u00e4ltlich. <\/p>\n\n\n\n<div class=\"wp-block-buttons is-layout-flex wp-block-buttons-is-layout-flex\">\n<div class=\"wp-block-button\" id=\"contact-form-popup\"><a class=\"wp-block-button__link wp-element-button\" href=\"https:\/\/intercel.eu\/de\/motive-kontakt\/\">Pers\u00f6nliche Beratung anfordern<\/a><\/div>\n<\/div>\n\n\n\n<h2 class=\"wp-block-heading has-x-large-font-size\">NiMH-Batteriepacks f\u00fcr Notbeleuchtung<\/h2>\n\n\n\n<p>Auf Anfrage liefert Intercel auch ma\u00dfgeschneiderte NiMH-Batteriepacks.\nIn Zukunft werden wir hier eine starke Verschiebung erleben und die Nachfrage nach NiMH-Batteriepacks wird weiter steigen.\nDies liegt daran, dass immer mehr LED-Notbeleuchtungsarmaturen auf den Markt kommen.\nDiese Leuchten ben\u00f6tigen keine NiCd-Hochtemperaturzellen-Batteriepacks.\nDa LED-Leuchten keine hohen Temperaturen abgeben, kann anstelle eines NiCd-Batteriepacks ein NiMH-Batteriepack verwendet werden.\nIntercel liefert daher ein Gesamtpaket an NiMH-Batteriepacks f\u00fcr die LED-Leuchten. <\/p>\n\n\n\n<h3 class=\"wp-block-heading has-x-large-font-size\">1500 mAh SC-Zelle<\/h3>\n\n\n\n<p>1500 mAh SC-Zelle ist in NiCd-Batteriepack-Zusammensetzung erh\u00e4ltlich.<\/p>\n\n\n\n<h3 class=\"wp-block-heading has-x-large-font-size\">2500 mAh C-Zelle<\/h3>\n\n\n\n<p>2500 mAh C-Zelle ist in NiCd-Batteriepack-Zusammensetzung erh\u00e4ltlich.<\/p>\n\n\n\n<h3 class=\"wp-block-heading has-x-large-font-size\">4500 mAh D-Zelle<\/h3>\n\n\n\n<p>4500 mAh D-Zelle ist in NiCd-Batteriepack-Zusammensetzung erh\u00e4ltlich.<\/p>\n\n\n\n<h3 class=\"wp-block-heading has-x-large-font-size\">2200 mAh 1\/2D-Zelle<\/h3>\n\n\n\n<p>2200 mAh 1\/2D-Zelle ist in NiCd-Batteriepack-Zusammensetzung erh\u00e4ltlich.<\/p>\n\n\n\n<h3 class=\"wp-block-heading has-x-large-font-size\">1250-mAh AA-Zelle<\/h3>\n\n\n\n<p>1250 mAh AA-Zelle ist in NiMH-Batteriepack-Zusammensetzung erh\u00e4ltlich.<\/p>\n\n\n\n<div style=\"margin-top:0;margin-bottom:0;height:18px\" aria-hidden=\"true\" class=\"wp-block-spacer\"><\/div>\n\n\n\n<h2 class=\"wp-block-heading has-x-large-font-size\">Pers\u00f6nliche Beratung anfordern<\/h2>\n\n\n\n<p>Sie sind sich nicht sicher, welche Batterie f\u00fcr Ihre Notbeleuchtung am besten geeignet ist? Wir beraten Sie gerne. Stellen Sie Ihre Frage \u00fcber das untenstehende Formular und wir werden uns innerhalb von 1 Werktag mit Ihnen in Verbindung setzen. Ben\u00f6tigen Sie sofort Hilfe? Rufen Sie uns an, unsere Nummer finden Sie auf unserer <a href=\"https:\/\/intercel.eu\/de\/motive-kontakt\/\" data-type=\"page\" data-id=\"37272\">Kontaktseite<\/a>.    <\/p>\n\n\n\n<div class=\"wp-block-group has-global-padding is-layout-constrained wp-block-group-is-layout-constrained\">\n<div class=\"wp-block-columns has-wit-color has-horizontal-grey-to-dark-grey-gradient-background has-text-color has-background has-link-color wp-elements-31fd4d24eeb3cb2fe4a4dd02eba8c7c8 is-layout-flex wp-container-core-columns-is-layout-a5331a9e wp-block-columns-is-layout-flex\" style=\"border-top-left-radius:35px;border-top-right-radius:32px;border-bottom-left-radius:35px;border-bottom-right-radius:32px;padding-top:0;padding-right:0;padding-bottom:0;padding-left:0;box-shadow:var(--wp--preset--shadow--natural)\">\n<div class=\"wp-block-column is-vertically-aligned-stretch is-layout-flow wp-block-column-is-layout-flow\" style=\"flex-basis:33.33%\">\n<div class=\"wp-block-group is-style-default has-global-padding is-layout-constrained wp-container-core-group-is-layout-72d38984 wp-block-group-is-layout-constrained has-background\" style=\"border-top-left-radius:25px;border-bottom-left-radius:25px;min-height:100%;margin-top:0;margin-bottom:0;padding-top:0;padding-right:0;padding-bottom:0;padding-left:0;background-image:url(&apos;https:\/\/intercel.eu\/\/app\/uploads\/2025\/11\/Intercel-Groep_04-1-scaled.jpg&apos;);background-position:38% 99%;background-size:cover;\">\n<div style=\"height:191px\" aria-hidden=\"true\" class=\"wp-block-spacer\"><\/div>\n<\/div>\n<\/div>\n\n\n\n<div class=\"wp-block-column is-vertically-aligned-center is-style-indrukwekkend-afgerond is-layout-flow wp-container-core-column-is-layout-f2c55d9d wp-block-column-is-layout-flow\" style=\"border-style:none;border-width:0px;padding-top:var(--wp--preset--spacing--20);padding-right:var(--wp--preset--spacing--30);padding-bottom:var(--wp--preset--spacing--20);padding-left:var(--wp--preset--spacing--10)\">\n<div class=\"wp-block-group has-wit-color has-text-color has-link-color wp-elements-b4b3ec6c190c876507fb0085c061afc0 is-layout-flow wp-container-core-group-is-layout-4d399660 wp-block-group-is-layout-flow\" style=\"margin-top:0;margin-bottom:0;padding-top:var(--wp--preset--spacing--50);padding-right:0;padding-bottom:var(--wp--preset--spacing--50);padding-left:0\">\n<h3 class=\"wp-block-heading alignfull has-text-align-left has-wit-color has-text-color has-link-color wp-elements-5ca311382c52767d4d84bd99fae103d1\">Vermeiden Sie Ausfallzeiten. W\u00e4hlen Sie die richtige Batterie. <\/h3>\n\n\n\n<p>Wir liefern zuverl\u00e4ssige Traktionsbatterien f\u00fcr Ihre Maschine oder Ihr Fahrzeug.<\/p>\n\n\n\n<p>\u2713 Schnelle Lieferung ab Lager<br\/>\u2713 Europ\u00e4ische Qualit\u00e4t und Sicherheit<br\/>\u2713 Technischer Support, der den Unterschied macht<\/p>\n\n\n\n<div class=\"wp-block-buttons alignfull is-horizontal is-content-justification-left is-layout-flex wp-container-core-buttons-is-layout-036cb0ab wp-block-buttons-is-layout-flex\">\n<div class=\"wp-block-button is-style-arrow\"><a class=\"wp-block-button__link has-text-align-center wp-element-button\" href=\"https:\/\/intercel.eu\/de\/motive-kontakt\/\">Pers\u00f6nliche Beratung oder Angebot erhalten<\/a><\/div>\n<\/div>\n\n\n\n<p style=\"margin-top:0;margin-bottom:0;padding-top:0;padding-right:var(--wp--preset--spacing--30);padding-bottom:0;padding-left:var(--wp--preset--spacing--30)\"><em>Wir helfen Ihnen gerne<\/em><\/p>\n<\/div>\n<\/div>\n<\/div>\n<\/div>\n<\/div>\n","protected":false},"excerpt":{"rendered":"<p>Suchen Sie einen Batteriepack f\u00fcr die Notbeleuchtung? Bei Intercel finden Sie f\u00fcr jede Leuchte einen passenden Batteriepack. Unsere Batteriepacks f\u00fcr die Notbeleuchtung sind von hoher Qualit\u00e4t, sodass Sie sich im Notfall auf eine ordnungsgem\u00e4\u00df funktionierende Beleuchtung verlassen k\u00f6nnen und die Fluchtwege in Ihrem B\u00fcro oder Gesch\u00e4ftsgeb\u00e4ude deutlich sichtbar sind. Intercel liefert alle g\u00e4ngigen Batteriepacks f\u00fcr &hellip; <a href=\"https:\/\/intercel.eu\/de\/motiv\/notbeleuchtungsbatterie\/\">Fortgesetzt<\/a><\/p>\n","protected":false},"author":1,"featured_media":10171,"parent":7211,"menu_order":0,"comment_status":"open","ping_status":"open","template":"","meta":{"footnotes":""},"class_list":["post-10276","page","type-page","status-publish","has-post-thumbnail","hentry"],"acf":[],"_links":{"self":[{"href":"https:\/\/intercel.eu\/de\/wp-json\/wp\/v2\/pages\/10276","targetHints":{"allow":["GET"]}}],"collection":[{"href":"https:\/\/intercel.eu\/de\/wp-json\/wp\/v2\/pages"}],"about":[{"href":"https:\/\/intercel.eu\/de\/wp-json\/wp\/v2\/types\/page"}],"author":[{"embeddable":true,"href":"https:\/\/intercel.eu\/de\/wp-json\/wp\/v2\/users\/1"}],"replies":[{"embeddable":true,"href":"https:\/\/intercel.eu\/de\/wp-json\/wp\/v2\/comments?post=10276"}],"version-history":[{"count":7,"href":"https:\/\/intercel.eu\/de\/wp-json\/wp\/v2\/pages\/10276\/revisions"}],"predecessor-version":[{"id":37494,"href":"https:\/\/intercel.eu\/de\/wp-json\/wp\/v2\/pages\/10276\/revisions\/37494"}],"up":[{"embeddable":true,"href":"https:\/\/intercel.eu\/de\/wp-json\/wp\/v2\/pages\/7211"}],"wp:featuredmedia":[{"embeddable":true,"href":"https:\/\/intercel.eu\/de\/wp-json\/wp\/v2\/media\/10171"}],"wp:attachment":[{"href":"https:\/\/intercel.eu\/de\/wp-json\/wp\/v2\/media?parent=10276"}],"curies":[{"name":"wp","href":"https:\/\/api.w.org\/{rel}","templated":true}]}}