{"id":10280,"date":"2025-11-06T10:43:49","date_gmt":"2025-11-06T09:43:49","guid":{"rendered":"https:\/\/intercel.eu\/?page_id=10280"},"modified":"2026-04-01T17:03:42","modified_gmt":"2026-04-01T15:03:42","slug":"interne-logistik","status":"publish","type":"page","link":"https:\/\/intercel.eu\/de\/motiv\/interne-logistik\/","title":{"rendered":"Interne Logistik"},"content":{"rendered":"\n<div class=\"wp-block-group alignfull has-vertical-white-to-grey-gradient-background has-background has-global-padding is-layout-constrained wp-block-group-is-layout-constrained\" style=\"padding-bottom:var(--wp--preset--spacing--70)\">\n<div class=\"wp-block-group alignfull has-global-padding is-layout-constrained wp-block-group-is-layout-constrained\" style=\"margin-bottom:var(--wp--preset--spacing--40)\">\n<div class=\"wp-block-group alignfull has-global-padding is-layout-constrained wp-container-core-group-is-layout-3ef1af14 wp-block-group-is-layout-constrained\" style=\"margin-top:0;margin-bottom:0;padding-right:var(--wp--preset--spacing--30);padding-bottom:0;padding-left:var(--wp--preset--spacing--30)\">\n<div class=\"wp-block-columns alignwide is-layout-flex wp-container-core-columns-is-layout-28f84493 wp-block-columns-is-layout-flex\">\n<div class=\"wp-block-column is-vertically-aligned-center is-layout-flow wp-block-column-is-layout-flow\" style=\"flex-basis:50%\">\n<h2 class=\"wp-block-heading\">Batterien f\u00fcr effiziente Intralogistik<\/h2>\n<\/div>\n\n\n\n<div class=\"wp-block-column is-vertically-aligned-center is-layout-flow wp-block-column-is-layout-flow\" style=\"flex-basis:50%\">\n<p>Fahrerlose Transportsysteme (FTS) in automatisierten Lagern von Onlineshops, Produktions- und Distributionsumgebungen, schienengef\u00fchrte Fahrzeuge (RGV) in der Landwirtschaft oder Fracht- und Personenaufz\u00fcge im Versorgungsbau \u2013 alles bleibt mit dem richtigen Batteriepaket in Bewegung.\nDie Folgen von Ausfallzeiten sind f\u00fcr Gesch\u00e4ftsprozesse weitreichend. Wir gehen dabei kein Risiko ein und setzen auf kompromisslose Qualit\u00e4t.\nImmer. <\/p>\n<\/div>\n<\/div>\n<\/div>\n<\/div>\n\n\n\n<div class=\"wp-block-group alignfull is-layout-flow wp-block-group-is-layout-flow\" style=\"margin-top:0;padding-top:0;padding-right:var(--wp--preset--spacing--30);padding-left:var(--wp--preset--spacing--30)\">\n<div class=\"wp-block-group alignwide has-global-padding is-layout-constrained wp-block-group-is-layout-constrained\" style=\"padding-top:0\">\n<div class=\"wp-block-columns alignwide is-style-indrukwekkend-kolommen is-layout-flex wp-container-core-columns-is-layout-28f84493 wp-block-columns-is-layout-flex\">\n<div class=\"wp-block-column is-vertically-aligned-stretch is-style-indrukwekkend-afgerond has-vertical-bright-red-to-darker-gradient-background has-background is-layout-flow wp-block-column-is-layout-flow\">\n<figure class=\"wp-block-image aligncenter size-full is-resized is-style-default\"><img decoding=\"async\" src=\"https:\/\/intercel.eu\/app\/uploads\/sites\/3\/2024\/09\/vehicle-2.png\" alt=\"FTS-Systembatterie\" class=\"wp-image-22037\" style=\"width:118px;height:auto\"\/><\/figure>\n\n\n\n<h3 class=\"wp-block-heading has-contrast-color has-wit-background-color has-text-color has-background has-link-color has-medium-font-size wp-elements-124ea5b94cfabae0d507c087f1d4aa0c\" style=\"margin-top:0;margin-right:0;margin-bottom:0;margin-left:0;padding-top:var(--wp--preset--spacing--20);padding-right:var(--wp--preset--spacing--20);padding-bottom:var(--wp--preset--spacing--20);padding-left:var(--wp--preset--spacing--20)\"><a href=\"https:\/\/intercel.eu\/de\/motiv\/batterien-fur-agv-systeme\/\" data-type=\"page\" data-id=\"10281\">AGV-Systeme<\/a><\/h3>\n<\/div>\n\n\n\n<div class=\"wp-block-column is-vertically-aligned-stretch is-style-indrukwekkend-afgerond has-vertical-bright-red-to-darker-gradient-background has-background is-layout-flow wp-block-column-is-layout-flow\">\n<figure class=\"wp-block-image aligncenter size-full is-resized is-style-default\"><img decoding=\"async\" src=\"https:\/\/intercel.eu\/app\/uploads\/sites\/3\/2024\/09\/elevator-1.png\" alt=\"Batterie f&#xFC;r Aufz&#xFC;ge\" class=\"wp-image-22019\" style=\"width:100px;height:auto\"\/><\/figure>\n\n\n\n<h3 class=\"wp-block-heading has-contrast-color has-wit-background-color has-text-color has-background has-link-color has-medium-font-size wp-elements-a7577abfd5702bd3048fc64832a976b5\" style=\"margin-top:0;margin-right:0;margin-bottom:0;margin-left:0;padding-top:var(--wp--preset--spacing--20);padding-right:var(--wp--preset--spacing--20);padding-bottom:var(--wp--preset--spacing--20);padding-left:var(--wp--preset--spacing--20)\"><a href=\"https:\/\/intercel.eu\/de\/motiv\/aufzuge\/\" data-type=\"page\" data-id=\"10283\">Aufz\u00fcge<\/a><\/h3>\n<\/div>\n\n\n\n<div class=\"wp-block-column is-vertically-aligned-stretch is-style-indrukwekkend-afgerond has-vertical-bright-red-to-darker-gradient-background has-background is-layout-flow wp-block-column-is-layout-flow\">\n<figure class=\"wp-block-image aligncenter size-full is-resized is-style-default\"><img decoding=\"async\" src=\"https:\/\/intercel.eu\/app\/uploads\/sites\/3\/2024\/09\/robot-arm.png\" alt=\"Batterie f&#xFC;r autonome Roboter\" class=\"wp-image-22025\" style=\"width:auto;height:120px\"\/><\/figure>\n\n\n\n<h3 class=\"wp-block-heading has-contrast-color has-wit-background-color has-text-color has-background has-link-color has-medium-font-size wp-elements-c5572863f9092a92a202781db1f95289\" style=\"margin-top:0;margin-right:0;margin-bottom:0;margin-left:0;padding-top:var(--wp--preset--spacing--20);padding-right:var(--wp--preset--spacing--20);padding-bottom:var(--wp--preset--spacing--20);padding-left:var(--wp--preset--spacing--20)\"><a href=\"https:\/\/intercel.eu\/de\/motiv\/eigenstaendige-roboterbatterie\/\" data-type=\"page\" data-id=\"10287\">Eigenst\u00e4ndige Roboter<\/a><\/h3>\n<\/div>\n\n\n\n<div class=\"wp-block-column is-vertically-aligned-stretch is-style-indrukwekkend-afgerond has-vertical-bright-red-to-darker-gradient-background has-background is-layout-flow wp-block-column-is-layout-flow\">\n<figure class=\"wp-block-image aligncenter size-full is-resized is-style-default\"><img decoding=\"async\" src=\"https:\/\/intercel.eu\/app\/uploads\/sites\/3\/2024\/09\/agv-robot.png\" alt=\"Schienengef&#xFC;hrte Fahrzeuge\" class=\"wp-image-22028\" style=\"width:auto;height:120px\"\/><\/figure>\n\n\n\n<h3 class=\"wp-block-heading has-contrast-color has-wit-background-color has-text-color has-background has-link-color has-medium-font-size wp-elements-1983e5995b563e126a26298273abc34c\" style=\"margin-top:0;margin-right:0;margin-bottom:0;margin-left:0;padding-top:var(--wp--preset--spacing--20);padding-right:var(--wp--preset--spacing--20);padding-bottom:var(--wp--preset--spacing--20);padding-left:var(--wp--preset--spacing--20)\"><a href=\"https:\/\/intercel.eu\/de\/motiv\/rgv-system\/\" data-type=\"page\" data-id=\"10285\">RGV-Systeme<\/a><\/h3>\n<\/div>\n<\/div>\n<\/div>\n<\/div>\n<\/div>\n\n<div class=\"wp-block-group is-layout-flow wp-block-group-is-layout-flow\" style=\"padding-top:var(--wp--preset--spacing--30);padding-bottom:var(--wp--preset--spacing--30)\">\n<h2 class=\"wp-block-heading has-x-large-font-size\">Interne Logistik in Bewegung mit Systemen, die immer funktionieren<\/h2>\n\n\n\n<p>Automatisierte Systeme \u00fcbernehmen die Arbeit von Menschen in immer mehr Branchen.\nOb es darum geht, Bestellungen f\u00fcr Webshops zu sammeln, Rohstoffe zu transportieren oder Produkte zusammenzubauen \u2013 Roboter arbeiten oft schneller und effizienter, als es ein Mensch je k\u00f6nnte.\nMehr noch, automatisierte Systeme arbeiten bei Bedarf rund um die Uhr.\nMit der zunehmenden Bedeutung von Robotersystemen wird es immer wichtiger, sich auf deren Besch\u00e4ftigungsf\u00e4higkeit verlassen zu k\u00f6nnen.  <\/p>\n\n\n\n<h2 class=\"wp-block-heading has-x-large-font-size\">Die richtige Batterie f\u00fcr zuverl\u00e4ssige Robotik<\/h2>\n\n\n\n<p>Die Robotikbatterien von Intercel tragen zur Zuverl\u00e4ssigkeit und Betriebsf\u00e4higkeit Ihrer automatisierten Systeme bei. Unsere hochwertigen Batterien sind \u00e4u\u00dferst leistungsstark und haben eine lange Lebensdauer. Das breite Sortiment an <a href=\"https:\/\/intercel.eu\/de\/wissen-erkenntnisse\/batterietechnologie\/agm-batterien\/\" data-type=\"page\" data-id=\"10224\">AGM<\/a>-, <a href=\"https:\/\/intercel.eu\/de\/wissen-erkenntnisse\/batterietechnologie\/gel-batterien\/\" data-type=\"page\" data-id=\"10226\">Gel<\/a>&#8211; und <a href=\"https:\/\/intercel.eu\/de\/wissen-erkenntnisse\/batterietechnologie\/lithium-batterien\/\" data-type=\"page\" data-id=\"10230\">Lithiumbatterien<\/a> kann direkt ab Lager geliefert werden. Wenn es spezifische Anforderungen hinsichtlich Nutzung oder Energiebelastung gibt, erstellen wir gerne eine ma\u00dfgeschneiderte L\u00f6sung. Dank unserer umfangreichen Erfahrung mit verschiedenen Branchen und Systemen gelingt es uns stets, eine passende L\u00f6sung f\u00fcr Ihre Robotikanwendung zu finden. Je nach Bedarf k\u00f6nnen wir beispielsweise ma\u00dfgefertigte Batteriepakete zusammenstellen und Ladeger\u00e4te programmieren.     <\/p>\n\n\n\n<h2 class=\"wp-block-heading has-x-large-font-size\">Komm dank p\u00fcnktlichem Service schnell wieder an die Arbeit<\/h2>\n\n\n\n<p>Muss die Batterie Ihrer automatisierten Anwendung ausgetauscht werden?\nDann kontaktieren Sie uns umgehend, um Verz\u00f6gerungen in Ihrem Produktionsprozess zu vermeiden.\nUnsere technischen Spezialisten denken gerne proaktiv mit und geben ehrliche und realistische Beratung.\nSo k\u00f6nnen Sie sicher sein, dass Sie schon bald \u00fcber eine Batteriel\u00f6sung verf\u00fcgen, auf die Sie sich langfristig verlassen k\u00f6nnen.\nUnd haben Sie es wirklich eilig?\nDann liefern wir Ihnen die Batterien als Eilauftrag. <\/p>\n\n\n\n<div class=\"wp-block-group has-global-padding is-layout-constrained wp-block-group-is-layout-constrained\">\n<div class=\"wp-block-columns has-wit-color has-horizontal-grey-to-dark-grey-gradient-background has-text-color has-background has-link-color wp-elements-31fd4d24eeb3cb2fe4a4dd02eba8c7c8 is-layout-flex wp-container-core-columns-is-layout-a5331a9e wp-block-columns-is-layout-flex\" style=\"border-top-left-radius:35px;border-top-right-radius:32px;border-bottom-left-radius:35px;border-bottom-right-radius:32px;padding-top:0;padding-right:0;padding-bottom:0;padding-left:0;box-shadow:var(--wp--preset--shadow--natural)\">\n<div class=\"wp-block-column is-vertically-aligned-stretch is-layout-flow wp-block-column-is-layout-flow\" style=\"flex-basis:33.33%\">\n<div class=\"wp-block-group is-style-default has-global-padding is-layout-constrained wp-container-core-group-is-layout-72d38984 wp-block-group-is-layout-constrained has-background\" style=\"border-top-left-radius:25px;border-bottom-left-radius:25px;min-height:100%;margin-top:0;margin-bottom:0;padding-top:0;padding-right:0;padding-bottom:0;padding-left:0;background-image:url(&apos;https:\/\/intercel.eu\/\/app\/uploads\/2025\/11\/Intercel-Groep_04-1-scaled.jpg&apos;);background-position:38% 99%;background-size:cover;\">\n<div style=\"height:191px\" aria-hidden=\"true\" class=\"wp-block-spacer\"><\/div>\n<\/div>\n<\/div>\n\n\n\n<div class=\"wp-block-column is-vertically-aligned-center is-style-indrukwekkend-afgerond is-layout-flow wp-container-core-column-is-layout-f2c55d9d wp-block-column-is-layout-flow\" style=\"border-style:none;border-width:0px;padding-top:var(--wp--preset--spacing--20);padding-right:var(--wp--preset--spacing--30);padding-bottom:var(--wp--preset--spacing--20);padding-left:var(--wp--preset--spacing--10)\">\n<div class=\"wp-block-group has-wit-color has-text-color has-link-color wp-elements-b4b3ec6c190c876507fb0085c061afc0 is-layout-flow wp-container-core-group-is-layout-4d399660 wp-block-group-is-layout-flow\" style=\"margin-top:0;margin-bottom:0;padding-top:var(--wp--preset--spacing--50);padding-right:0;padding-bottom:var(--wp--preset--spacing--50);padding-left:0\">\n<h3 class=\"wp-block-heading alignfull has-text-align-left has-wit-color has-text-color has-link-color wp-elements-5ca311382c52767d4d84bd99fae103d1\">Vermeiden Sie Ausfallzeiten. W\u00e4hlen Sie die richtige Batterie. <\/h3>\n\n\n\n<p>Wir liefern zuverl\u00e4ssige Traktionsbatterien f\u00fcr Ihre Maschine oder Ihr Fahrzeug.<\/p>\n\n\n\n<p>\u2713 Schnelle Lieferung ab Lager<br\/>\u2713 Europ\u00e4ische Qualit\u00e4t und Sicherheit<br\/>\u2713 Technischer Support, der den Unterschied macht<\/p>\n\n\n\n<div class=\"wp-block-buttons alignfull is-horizontal is-content-justification-left is-layout-flex wp-container-core-buttons-is-layout-036cb0ab wp-block-buttons-is-layout-flex\">\n<div class=\"wp-block-button is-style-arrow\"><a class=\"wp-block-button__link has-text-align-center wp-element-button\" href=\"https:\/\/intercel.eu\/de\/motive-kontakt\/\">Pers\u00f6nliche Beratung oder Angebot erhalten<\/a><\/div>\n<\/div>\n\n\n\n<p style=\"margin-top:0;margin-bottom:0;padding-top:0;padding-right:var(--wp--preset--spacing--30);padding-bottom:0;padding-left:var(--wp--preset--spacing--30)\"><em>Wir helfen Ihnen gerne<\/em><\/p>\n<\/div>\n<\/div>\n<\/div>\n<\/div>\n<\/div>\n","protected":false},"excerpt":{"rendered":"<p>Batterien f\u00fcr effiziente Intralogistik Fahrerlose Transportsysteme (FTS) in automatisierten Lagern von Onlineshops, Produktions- und Distributionsumgebungen, schienengef\u00fchrte Fahrzeuge (RGV) in der Landwirtschaft oder Fracht- und Personenaufz\u00fcge im Versorgungsbau \u2013 alles bleibt mit dem richtigen Batteriepaket in Bewegung. Die Folgen von Ausfallzeiten sind f\u00fcr Gesch\u00e4ftsprozesse weitreichend. Wir gehen dabei kein Risiko ein und setzen auf kompromisslose Qualit\u00e4t. &hellip; <a href=\"https:\/\/intercel.eu\/de\/motiv\/interne-logistik\/\">Fortgesetzt<\/a><\/p>\n","protected":false},"author":1,"featured_media":0,"parent":7211,"menu_order":0,"comment_status":"open","ping_status":"open","template":"","meta":{"footnotes":""},"class_list":["post-10280","page","type-page","status-publish","hentry"],"acf":[],"_links":{"self":[{"href":"https:\/\/intercel.eu\/de\/wp-json\/wp\/v2\/pages\/10280","targetHints":{"allow":["GET"]}}],"collection":[{"href":"https:\/\/intercel.eu\/de\/wp-json\/wp\/v2\/pages"}],"about":[{"href":"https:\/\/intercel.eu\/de\/wp-json\/wp\/v2\/types\/page"}],"author":[{"embeddable":true,"href":"https:\/\/intercel.eu\/de\/wp-json\/wp\/v2\/users\/1"}],"replies":[{"embeddable":true,"href":"https:\/\/intercel.eu\/de\/wp-json\/wp\/v2\/comments?post=10280"}],"version-history":[{"count":5,"href":"https:\/\/intercel.eu\/de\/wp-json\/wp\/v2\/pages\/10280\/revisions"}],"predecessor-version":[{"id":37463,"href":"https:\/\/intercel.eu\/de\/wp-json\/wp\/v2\/pages\/10280\/revisions\/37463"}],"up":[{"embeddable":true,"href":"https:\/\/intercel.eu\/de\/wp-json\/wp\/v2\/pages\/7211"}],"wp:attachment":[{"href":"https:\/\/intercel.eu\/de\/wp-json\/wp\/v2\/media?parent=10280"}],"curies":[{"name":"wp","href":"https:\/\/api.w.org\/{rel}","templated":true}]}}