{"id":10282,"date":"2025-11-13T12:05:11","date_gmt":"2025-11-13T11:05:11","guid":{"rendered":"https:\/\/intercel.eu\/?page_id=10282"},"modified":"2026-04-01T17:04:44","modified_gmt":"2026-04-01T15:04:44","slug":"batterien-fur-agv-systeme","status":"publish","type":"page","link":"https:\/\/intercel.eu\/de\/motiv\/batterien-fur-agv-systeme\/","title":{"rendered":"Batterien f\u00fcr AGV-Systeme"},"content":{"rendered":"\n<div class=\"wp-block-group has-global-padding is-layout-constrained wp-block-group-is-layout-constrained\">\n<p><strong>Automated Guided Vehicles oder AGV-Systeme sind vollst\u00e4ndig unbemannt und werden haupts\u00e4chlich in logistikbezogenen Arbeitsumgebungen eingesetzt.\nZum Beispiel in vollautomatisierten Lagern gro\u00dfer Webshops, Produktions- und Vertriebsumgebungen.\nAGVs transportieren Waren automatisch auf sichere Weise.\nDer Einsatz von AGVs gew\u00e4hrleistet effiziente Abl\u00e4ufe und reduziert Personalkosten.\nFolglich werden AGV-Systeme zunehmend eingesetzt.\nEin Ausfall Ihres AGV-Systems ist sehr \u00e4rgerlich und wirkt sich direkt auf Ihren Produktionsprozess aus.\nWir haben eine breite Palette verschiedener Batterien und zugeh\u00f6riger Zubeh\u00f6rteile ab Lager verf\u00fcgbar, die sofort f\u00fcr die meisten AGVs eingesetzt werden k\u00f6nnen.\nBei Bedarf sorgen wir daf\u00fcr, dass Sie schnell die richtige AGV-Batterie vor Ort haben.\nSo wird Ihr Produktionsprozess so wenig wie m\u00f6glich verz\u00f6gert. <\/strong><\/p>\n\n\n\n<div class=\"wp-block-buttons is-layout-flex wp-block-buttons-is-layout-flex\">\n<div class=\"wp-block-button\"><a class=\"wp-block-button__link wp-element-button\" href=\"https:\/\/intercel.eu\/de\/industries\/interne-logistik\/agv-systeme\/\">Batterien f\u00fcr AGV-Systeme ansehen<\/a><\/div>\n<\/div>\n\n\n\n<h2 class=\"wp-block-heading has-x-large-font-size\">Neue Lithiumtechnologie macht Platz f\u00fcr AGV-Systeme<\/h2>\n\n\n\n<p>Dank Lithium-Technologie erreichen <a href=\"https:\/\/intercel.eu\/de\/marken\/cellpower\/cln-serie\/\" data-type=\"product_brand\" data-id=\"2128\">CLN-Batterien<\/a> bis zu dreimal mehr Zyklen als vergleichbar leistungsstarke AGM-Batteriemodelle und sind besser in der Lage, kurze Zwischenladungen zu verkraften. All dies bei mehr als der H\u00e4lfte der Kompaktheit und des Gewichts. Die Cellpower CLN-Serie ist in der Lage, \u00fcber l\u00e4ngere Zeitr\u00e4ume leistungsstarke zyklische Leistung ohne nennenswerten Kapazit\u00e4tsverlust zu liefern. Dank der gr\u00f6\u00dferen Reichweite, die AGVs mit einer <a href=\"https:\/\/intercel.eu\/de\/marken\/cellpower\/\" data-type=\"product_brand\" data-id=\"1596\">Cellpower<\/a> CLN-Batterie erzielen, m\u00fcssen die automatischen Fahrzeuge seltener aufgeladen werden, was weniger Ausfallzeiten als bei einer AGM-Bleibatterie bedeutet. Weniger Ausfallzeiten bedeuten einen noch effizienteren Logistikprozess.    <\/p>\n\n\n\n<p>Die Cellpower CLN-Serie wurde unter den anspruchsvollsten Bedingungen umfassend getestet, um maximale Leistung zu gew\u00e4hrleisten.\nDank der hohen Temperaturbest\u00e4ndigkeit und des robusten Geh\u00e4uses k\u00f6nnen Sie sicher sein, dass eine CLN-Batterie weiterhin leistet, wo andere Batterien l\u00e4ngst aufgegeben h\u00e4tten.\nSomit ist eine Cellpower CLN Lithium-NMC-Batterie eine langfristig zuverl\u00e4ssige Energiequelle f\u00fcr AGV-Systeme. <\/p>\n\n\n\n<h2 class=\"wp-block-heading has-x-large-font-size\">Intercel: zuverl\u00e4ssiger Batteriepartner<\/h2>\n\n\n\n<p>Intercel ist seit 1988 Importeur und Gro\u00dfh\u00e4ndler von Batterien und zugeh\u00f6rigem Zubeh\u00f6r.\nIntercel ist nicht nur ein Gro\u00dfh\u00e4ndler von Batterien.\nOEMs, H\u00e4ndler und gewerbliche Endverbraucher k\u00f6nnen gleicherma\u00dfen auf uns z\u00e4hlen, wenn es um hochwertige Produkte und fundierte Beratung geht.\nKeine Herausforderung ist f\u00fcr unsere Spezialisten zu gro\u00df.\nAlle unsere Lieferanten sind mindestens nach ISO 9001 und ISO 14001 zertifiziert.\nDar\u00fcber hinaus sorgt Intercel selbst f\u00fcr eine ordnungsgem\u00e4\u00dfe Entsorgung und Wiederverwertung von Abfall- und Restmaterialien auf verantwortungsvolle Weise. <\/p>\n\n\n\n<h2 class=\"wp-block-heading has-x-large-font-size\">AGV-Batterien von Intercel: die Vorteile<\/h2>\n\n\n\n<ul class=\"wp-block-list\">\n<li>Zuverl\u00e4ssige Batterien mit langer Lebensdauer.<\/li>\n\n\n\n<li>Batterien mit hoher Leistung und gro\u00dfer Reichweite.<\/li>\n\n\n\n<li>Ehrlicher und fundierter Rat.<\/li>\n\n\n\n<li>Anpassung bei Bedarf.<\/li>\n<\/ul>\n\n\n\n<h2 class=\"wp-block-heading has-x-large-font-size\">Pers\u00f6nliche Beratung anfordern<\/h2>\n\n\n\n<p>Sie sind sich nicht sicher, welche Batterie f\u00fcr Ihre AGV-Systeme am besten geeignet ist? Wir beraten Sie gerne. Stellen Sie Ihre Frage \u00fcber das untenstehende Formular und wir melden uns innerhalb eines Werktages bei Ihnen. Ben\u00f6tigen Sie sofort Hilfe? Rufen Sie uns an, unsere Nummer finden Sie auf unserer <a href=\"https:\/\/intercel.eu\/de\/motive-kontakt\/\" data-type=\"page\" data-id=\"37272\">Kontaktseite<\/a>.    <\/p>\n<\/div>\n\n<div class=\"wp-block-group has-global-padding is-layout-constrained wp-block-group-is-layout-constrained\">\n<div class=\"wp-block-columns has-wit-color has-horizontal-grey-to-dark-grey-gradient-background has-text-color has-background has-link-color wp-elements-31fd4d24eeb3cb2fe4a4dd02eba8c7c8 is-layout-flex wp-container-core-columns-is-layout-a5331a9e wp-block-columns-is-layout-flex\" style=\"border-top-left-radius:35px;border-top-right-radius:32px;border-bottom-left-radius:35px;border-bottom-right-radius:32px;padding-top:0;padding-right:0;padding-bottom:0;padding-left:0;box-shadow:var(--wp--preset--shadow--natural)\">\n<div class=\"wp-block-column is-vertically-aligned-stretch is-layout-flow wp-block-column-is-layout-flow\" style=\"flex-basis:33.33%\">\n<div class=\"wp-block-group is-style-default has-global-padding is-layout-constrained wp-container-core-group-is-layout-72d38984 wp-block-group-is-layout-constrained has-background\" style=\"border-top-left-radius:25px;border-bottom-left-radius:25px;min-height:100%;margin-top:0;margin-bottom:0;padding-top:0;padding-right:0;padding-bottom:0;padding-left:0;background-image:url(&apos;https:\/\/intercel.eu\/\/app\/uploads\/2025\/11\/Intercel-Groep_04-1-scaled.jpg&apos;);background-position:38% 99%;background-size:cover;\">\n<div style=\"height:191px\" aria-hidden=\"true\" class=\"wp-block-spacer\"><\/div>\n<\/div>\n<\/div>\n\n\n\n<div class=\"wp-block-column is-vertically-aligned-center is-style-indrukwekkend-afgerond is-layout-flow wp-container-core-column-is-layout-f2c55d9d wp-block-column-is-layout-flow\" style=\"border-style:none;border-width:0px;padding-top:var(--wp--preset--spacing--20);padding-right:var(--wp--preset--spacing--30);padding-bottom:var(--wp--preset--spacing--20);padding-left:var(--wp--preset--spacing--10)\">\n<div class=\"wp-block-group has-wit-color has-text-color has-link-color wp-elements-b4b3ec6c190c876507fb0085c061afc0 is-layout-flow wp-container-core-group-is-layout-4d399660 wp-block-group-is-layout-flow\" style=\"margin-top:0;margin-bottom:0;padding-top:var(--wp--preset--spacing--50);padding-right:0;padding-bottom:var(--wp--preset--spacing--50);padding-left:0\">\n<h3 class=\"wp-block-heading alignfull has-text-align-left has-wit-color has-text-color has-link-color wp-elements-5ca311382c52767d4d84bd99fae103d1\">Vermeiden Sie Ausfallzeiten. W\u00e4hlen Sie die richtige Batterie. <\/h3>\n\n\n\n<p>Wir liefern zuverl\u00e4ssige Traktionsbatterien f\u00fcr Ihre Maschine oder Ihr Fahrzeug.<\/p>\n\n\n\n<p>\u2713 Schnelle Lieferung ab Lager<br\/>\u2713 Europ\u00e4ische Qualit\u00e4t und Sicherheit<br\/>\u2713 Technischer Support, der den Unterschied macht<\/p>\n\n\n\n<div class=\"wp-block-buttons alignfull is-horizontal is-content-justification-left is-layout-flex wp-container-core-buttons-is-layout-036cb0ab wp-block-buttons-is-layout-flex\">\n<div class=\"wp-block-button is-style-arrow\"><a class=\"wp-block-button__link has-text-align-center wp-element-button\" href=\"https:\/\/intercel.eu\/de\/motive-kontakt\/\">Pers\u00f6nliche Beratung oder Angebot erhalten<\/a><\/div>\n<\/div>\n\n\n\n<p style=\"margin-top:0;margin-bottom:0;padding-top:0;padding-right:var(--wp--preset--spacing--30);padding-bottom:0;padding-left:var(--wp--preset--spacing--30)\"><em>Wir helfen Ihnen gerne<\/em><\/p>\n<\/div>\n<\/div>\n<\/div>\n<\/div>\n","protected":false},"excerpt":{"rendered":"<p>Automated Guided Vehicles oder AGV-Systeme sind vollst\u00e4ndig unbemannt und werden haupts\u00e4chlich in logistikbezogenen Arbeitsumgebungen eingesetzt. Zum Beispiel in vollautomatisierten Lagern gro\u00dfer Webshops, Produktions- und Vertriebsumgebungen. AGVs transportieren Waren automatisch auf sichere Weise. Der Einsatz von AGVs gew\u00e4hrleistet effiziente Abl\u00e4ufe und reduziert Personalkosten. Folglich werden AGV-Systeme zunehmend eingesetzt. Ein Ausfall Ihres AGV-Systems ist sehr \u00e4rgerlich und &hellip; <a href=\"https:\/\/intercel.eu\/de\/motiv\/batterien-fur-agv-systeme\/\">Fortgesetzt<\/a><\/p>\n","protected":false},"author":1,"featured_media":0,"parent":7211,"menu_order":0,"comment_status":"open","ping_status":"open","template":"","meta":{"footnotes":""},"class_list":["post-10282","page","type-page","status-publish","hentry"],"acf":[],"_links":{"self":[{"href":"https:\/\/intercel.eu\/de\/wp-json\/wp\/v2\/pages\/10282","targetHints":{"allow":["GET"]}}],"collection":[{"href":"https:\/\/intercel.eu\/de\/wp-json\/wp\/v2\/pages"}],"about":[{"href":"https:\/\/intercel.eu\/de\/wp-json\/wp\/v2\/types\/page"}],"author":[{"embeddable":true,"href":"https:\/\/intercel.eu\/de\/wp-json\/wp\/v2\/users\/1"}],"replies":[{"embeddable":true,"href":"https:\/\/intercel.eu\/de\/wp-json\/wp\/v2\/comments?post=10282"}],"version-history":[{"count":6,"href":"https:\/\/intercel.eu\/de\/wp-json\/wp\/v2\/pages\/10282\/revisions"}],"predecessor-version":[{"id":37465,"href":"https:\/\/intercel.eu\/de\/wp-json\/wp\/v2\/pages\/10282\/revisions\/37465"}],"up":[{"embeddable":true,"href":"https:\/\/intercel.eu\/de\/wp-json\/wp\/v2\/pages\/7211"}],"wp:attachment":[{"href":"https:\/\/intercel.eu\/de\/wp-json\/wp\/v2\/media?parent=10282"}],"curies":[{"name":"wp","href":"https:\/\/api.w.org\/{rel}","templated":true}]}}