{"id":10284,"date":"2025-11-13T12:05:29","date_gmt":"2025-11-13T11:05:29","guid":{"rendered":"https:\/\/intercel.eu\/?page_id=10284"},"modified":"2026-04-01T17:06:40","modified_gmt":"2026-04-01T15:06:40","slug":"aufzuge","status":"publish","type":"page","link":"https:\/\/intercel.eu\/de\/motiv\/aufzuge\/","title":{"rendered":"Aufzugsbatterien"},"content":{"rendered":"\n<div class=\"wp-block-group has-global-padding is-layout-constrained wp-block-group-is-layout-constrained\">\n<p>Intercel liefert geeignete Batterien und Akkumulatoren f\u00fcr batteriebetriebene Aufz\u00fcge.\nDie Zuverl\u00e4ssigkeit von Aufz\u00fcgen ist sehr wichtig, und Ausf\u00e4lle k\u00f6nnen zu erheblichen Unannehmlichkeiten f\u00fchren.\nDank unserer langj\u00e4hrigen Erfahrung k\u00f6nnen wir Sie kompetent beraten, welche Batteriesysteme f\u00fcr Ihre Aufz\u00fcge geeignet sind.\nIntercel liefert Produkte direkt ab Lager und bietet ma\u00dfgeschneiderte L\u00f6sungen! <\/p>\n\n\n\n<div class=\"wp-block-buttons is-layout-flex wp-block-buttons-is-layout-flex\">\n<div class=\"wp-block-button\"><a class=\"wp-block-button__link wp-element-button\" href=\"https:\/\/intercel.eu\/de\/industries\/interne-logistik\/aufzuge\/\">Batterien f\u00fcr Aufz\u00fcge ansehen<\/a><\/div>\n<\/div>\n\n\n\n<h2 class=\"wp-block-heading has-x-large-font-size\">Energiespeicherung f\u00fcr Personenaufz\u00fcge<\/h2>\n\n\n\n<p>Ob Wohnhochhaus, B\u00fcrogeb\u00e4ude oder Gesundheitseinrichtung \u2013 der Personenaufzug ist eine unverzichtbare Komponente, um Menschen sicher und schnell in die richtige Etage zu bringen.\nDa es viele verschiedene Aufzugstypen gibt, werden auch viele unterschiedliche Batterietypen ben\u00f6tigt.\nEin Aufzug ben\u00f6tigt eine hohe Batteriekapazit\u00e4t, w\u00e4hrend bei einem anderen kleinere Batteriepakete ausreichen.\nDar\u00fcber hinaus sorgt die Batterie daf\u00fcr, dass der Aufzug im St\u00f6rungsfall eine Notabsenkung sicher einleiten kann. <\/p>\n\n\n\n<h2 class=\"wp-block-heading has-x-large-font-size\">Batterien f\u00fcr Lastenaufz\u00fcge<\/h2>\n\n\n\n<p>Auch beim Lastenaufzug sind wir der Spezialist, um Sie bei der Wahl der richtigen Batteriesysteme zu beraten.\nAuch hier ist es wichtig, dass Sie ein Batteriepaket w\u00e4hlen, das zur Aufzugskapazit\u00e4t passt.\nUnsere leistungsstarken Batteriepakete sorgen daf\u00fcr, dass Ihre schweren Lasten problemlos in h\u00f6here oder niedrigere Etagen transportiert werden. <\/p>\n\n\n\n<h2 class=\"wp-block-heading has-x-large-font-size\">Intercel konzentriert sich auf Qualit\u00e4t<\/h2>\n\n\n\n<p id=\"contact-form-popup\">Intercel liefert seit vielen Jahren Batterien f\u00fcr verschiedene Aufzugssysteme. Von Personenaufz\u00fcgen bis zu Lastenaufz\u00fcgen \u2013 wir denken gerne mit Ihnen mit und stellen sicher, dass Sie ein Batteriesystem erhalten, das zu Ihrer Anwendung passt. Intercel steht f\u00fcr Qualit\u00e4t, Zuverl\u00e4ssigkeit und Service. <a href=\"https:\/\/intercel.eu\/de\/motive-kontakt\/\" data-type=\"page\" data-id=\"37272\">Kontaktieren Sie uns<\/a> jetzt unverbindlich, um die M\u00f6glichkeiten zu besprechen!  <\/p>\n\n\n\n<div class=\"wp-block-group has-global-padding is-layout-constrained wp-block-group-is-layout-constrained\">\n<div class=\"wp-block-columns has-wit-color has-horizontal-grey-to-dark-grey-gradient-background has-text-color has-background has-link-color wp-elements-31fd4d24eeb3cb2fe4a4dd02eba8c7c8 is-layout-flex wp-container-core-columns-is-layout-a5331a9e wp-block-columns-is-layout-flex\" style=\"border-top-left-radius:35px;border-top-right-radius:32px;border-bottom-left-radius:35px;border-bottom-right-radius:32px;padding-top:0;padding-right:0;padding-bottom:0;padding-left:0;box-shadow:var(--wp--preset--shadow--natural)\">\n<div class=\"wp-block-column is-vertically-aligned-stretch is-layout-flow wp-block-column-is-layout-flow\" style=\"flex-basis:33.33%\">\n<div class=\"wp-block-group is-style-default has-global-padding is-layout-constrained wp-container-core-group-is-layout-72d38984 wp-block-group-is-layout-constrained has-background\" style=\"border-top-left-radius:25px;border-bottom-left-radius:25px;min-height:100%;margin-top:0;margin-bottom:0;padding-top:0;padding-right:0;padding-bottom:0;padding-left:0;background-image:url(&apos;https:\/\/intercel.eu\/\/app\/uploads\/2025\/11\/Intercel-Groep_04-1-scaled.jpg&apos;);background-position:38% 99%;background-size:cover;\">\n<div style=\"height:191px\" aria-hidden=\"true\" class=\"wp-block-spacer\"><\/div>\n<\/div>\n<\/div>\n\n\n\n<div class=\"wp-block-column is-vertically-aligned-center is-style-indrukwekkend-afgerond is-layout-flow wp-container-core-column-is-layout-f2c55d9d wp-block-column-is-layout-flow\" style=\"border-style:none;border-width:0px;padding-top:var(--wp--preset--spacing--20);padding-right:var(--wp--preset--spacing--30);padding-bottom:var(--wp--preset--spacing--20);padding-left:var(--wp--preset--spacing--10)\">\n<div class=\"wp-block-group has-wit-color has-text-color has-link-color wp-elements-b4b3ec6c190c876507fb0085c061afc0 is-layout-flow wp-container-core-group-is-layout-4d399660 wp-block-group-is-layout-flow\" style=\"margin-top:0;margin-bottom:0;padding-top:var(--wp--preset--spacing--50);padding-right:0;padding-bottom:var(--wp--preset--spacing--50);padding-left:0\">\n<h3 class=\"wp-block-heading alignfull has-text-align-left has-wit-color has-text-color has-link-color wp-elements-5ca311382c52767d4d84bd99fae103d1\">Vermeiden Sie Ausfallzeiten. W\u00e4hlen Sie die richtige Batterie. <\/h3>\n\n\n\n<p>Wir liefern zuverl\u00e4ssige Traktionsbatterien f\u00fcr Ihre Maschine oder Ihr Fahrzeug.<\/p>\n\n\n\n<p>\u2713 Schnelle Lieferung ab Lager<br\/>\u2713 Europ\u00e4ische Qualit\u00e4t und Sicherheit<br\/>\u2713 Technischer Support, der den Unterschied macht<\/p>\n\n\n\n<div class=\"wp-block-buttons alignfull is-horizontal is-content-justification-left is-layout-flex wp-container-core-buttons-is-layout-036cb0ab wp-block-buttons-is-layout-flex\">\n<div class=\"wp-block-button is-style-arrow\"><a class=\"wp-block-button__link has-text-align-center wp-element-button\" href=\"https:\/\/intercel.eu\/de\/motive-kontakt\/\">Pers\u00f6nliche Beratung oder Angebot erhalten<\/a><\/div>\n<\/div>\n\n\n\n<p style=\"margin-top:0;margin-bottom:0;padding-top:0;padding-right:var(--wp--preset--spacing--30);padding-bottom:0;padding-left:var(--wp--preset--spacing--30)\"><em>Wir helfen Ihnen gerne<\/em><\/p>\n<\/div>\n<\/div>\n<\/div>\n<\/div>\n\n\n\n<h2 class=\"wp-block-heading has-x-large-font-size\">Pers\u00f6nliche Beratung anfordern<\/h2>\n\n\n\n<p>Sie sind sich nicht sicher, welche Batterie f\u00fcr Ihren Aufzug am besten geeignet ist? Wir beraten Sie gerne. Stellen Sie Ihre Frage \u00fcber das untenstehende Formular, und wir melden uns innerhalb eines Werktages bei Ihnen. Ben\u00f6tigen Sie sofort Hilfe? Rufen Sie uns an \u2013 unsere Nummer finden Sie auf unserer <a href=\"https:\/\/intercel.eu\/de\/motive-kontakt\/\" data-type=\"page\" data-id=\"37272\">Kontaktseite<\/a>.    <\/p>\n<\/div>\n","protected":false},"excerpt":{"rendered":"<p>Intercel liefert geeignete Batterien und Akkumulatoren f\u00fcr batteriebetriebene Aufz\u00fcge. Die Zuverl\u00e4ssigkeit von Aufz\u00fcgen ist sehr wichtig, und Ausf\u00e4lle k\u00f6nnen zu erheblichen Unannehmlichkeiten f\u00fchren. Dank unserer langj\u00e4hrigen Erfahrung k\u00f6nnen wir Sie kompetent beraten, welche Batteriesysteme f\u00fcr Ihre Aufz\u00fcge geeignet sind. Intercel liefert Produkte direkt ab Lager und bietet ma\u00dfgeschneiderte L\u00f6sungen! Energiespeicherung f\u00fcr Personenaufz\u00fcge Ob Wohnhochhaus, B\u00fcrogeb\u00e4ude &hellip; <a href=\"https:\/\/intercel.eu\/de\/motiv\/aufzuge\/\">Fortgesetzt<\/a><\/p>\n","protected":false},"author":1,"featured_media":0,"parent":7211,"menu_order":0,"comment_status":"open","ping_status":"open","template":"","meta":{"footnotes":""},"class_list":["post-10284","page","type-page","status-publish","hentry"],"acf":[],"_links":{"self":[{"href":"https:\/\/intercel.eu\/de\/wp-json\/wp\/v2\/pages\/10284","targetHints":{"allow":["GET"]}}],"collection":[{"href":"https:\/\/intercel.eu\/de\/wp-json\/wp\/v2\/pages"}],"about":[{"href":"https:\/\/intercel.eu\/de\/wp-json\/wp\/v2\/types\/page"}],"author":[{"embeddable":true,"href":"https:\/\/intercel.eu\/de\/wp-json\/wp\/v2\/users\/1"}],"replies":[{"embeddable":true,"href":"https:\/\/intercel.eu\/de\/wp-json\/wp\/v2\/comments?post=10284"}],"version-history":[{"count":11,"href":"https:\/\/intercel.eu\/de\/wp-json\/wp\/v2\/pages\/10284\/revisions"}],"predecessor-version":[{"id":37472,"href":"https:\/\/intercel.eu\/de\/wp-json\/wp\/v2\/pages\/10284\/revisions\/37472"}],"up":[{"embeddable":true,"href":"https:\/\/intercel.eu\/de\/wp-json\/wp\/v2\/pages\/7211"}],"wp:attachment":[{"href":"https:\/\/intercel.eu\/de\/wp-json\/wp\/v2\/media?parent=10284"}],"curies":[{"name":"wp","href":"https:\/\/api.w.org\/{rel}","templated":true}]}}