{"id":10286,"date":"2025-11-13T12:06:06","date_gmt":"2025-11-13T11:06:06","guid":{"rendered":"https:\/\/intercel.eu\/?page_id=10286"},"modified":"2026-04-01T17:10:04","modified_gmt":"2026-04-01T15:10:04","slug":"rgv-system","status":"publish","type":"page","link":"https:\/\/intercel.eu\/de\/motiv\/rgv-system\/","title":{"rendered":"RGV-System"},"content":{"rendered":"\n<div class=\"wp-block-group has-global-padding is-layout-constrained wp-block-group-is-layout-constrained\">\n<p>Intercel hilft Ihren schienengef\u00fchrten Fahrzeugen (RGV), optimal zu funktionieren.\nWir liefern leistungsstarke und zuverl\u00e4ssige Batterien f\u00fcr jedes RGV-System, ob Standard oder kundenspezifisch.\nMit unserer Service-Exzellenz stellen wir sicher, dass Ihre Gesch\u00e4ftsprozesse nicht l\u00e4nger als n\u00f6tig unterbrochen werden. <\/p>\n\n\n\n<div class=\"wp-block-buttons is-layout-flex wp-block-buttons-is-layout-flex\">\n<div class=\"wp-block-button\"><a class=\"wp-block-button__link wp-element-button\" href=\"https:\/\/intercel.eu\/de\/product-category\/motiv-akku\/?_industries=rgv-system\">Batterien f\u00fcr RGV-Systeme anzeigen<\/a><\/div>\n<\/div>\n\n\n\n<h2 class=\"wp-block-heading has-x-large-font-size\">K\u00f6nnen Sie sich auf Ihre RGVs verlassen?<\/h2>\n\n\n\n<p>Schienengef\u00fchrte Fahrzeuge sind unbemannte Elektrofahrzeuge, \u00e4hnlich den <a href=\"https:\/\/intercel.eu\/de\/motiv\/batterien-fur-agv-systeme\/\" data-type=\"page\" data-id=\"10281\">automatisch gef\u00fchrten Fahrzeugen<\/a> (AGVs). Der Unterschied besteht darin, dass RGVs kein internes Navigationssystem haben, sondern Schienen nutzen. RGV-Systeme sind sicher und zuverl\u00e4ssig und eignen sich f\u00fcr den schnellen Transport von Produkten und Materialien \u00fcber l\u00e4ngere Strecken. RGVs tragen somit zur Rationalisierung der internen Logistik und zur Optimierung von Gesch\u00e4ftsprozessen bei. RGVs erm\u00f6glichen es Unternehmen auch, erheblich Personalkosten zu sparen. Da RGVs in vielen Gesch\u00e4ftsprozessen eine immer wichtigere Rolle spielen, m\u00fcssen Sie sich auf die Einsatzf\u00e4higkeit Ihres Systems verlassen k\u00f6nnen. Schlie\u00dflich kann ein Ausfall die Kontinuit\u00e4t Ihres Produktionsprozesses direkt beeintr\u00e4chtigen.      <\/p>\n\n\n\n<h2 class=\"wp-block-heading has-x-large-font-size\">Zuverl\u00e4ssige Batterien f\u00fcr ein zuverl\u00e4ssiges RGV-System<\/h2>\n\n\n\n<p>Die <a href=\"https:\/\/intercel.eu\/de\/motiv\/batterien\/\" data-type=\"page\" data-id=\"14315\">Batterien<\/a> von Intercel tragen mit ihrer langen Lebensdauer und hohen Reichweite zur Zuverl\u00e4ssigkeit und maximalen Betriebszeit Ihrer RGVs bei. Wir verf\u00fcgen \u00fcber ein breites Sortiment an Gel- und Lithium-Batterien sowie Zubeh\u00f6r f\u00fcr jeden Standard-RGV-Typ und liefern direkt ab Lager. Dank unserer umfassenden Erfahrung in verschiedenen Branchen k\u00f6nnen wir auch kundenspezifische L\u00f6sungen f\u00fcr RGVs mit unterschiedlichen Spezifikationen anbieten.  <\/p>\n\n\n\n<h2 class=\"wp-block-heading has-x-large-font-size\">Entdecken Sie unseren engagierten Service<\/h2>\n\n\n\n<p>Wenn Sie Fragen zu einer geeigneten Batterie f\u00fcr Ihr System haben, kontaktieren Sie uns gerne f\u00fcr eine ehrliche Beratung. Stellen Sie Ihre Frage \u00fcber das untenstehende Kontaktformular und wir melden uns innerhalb eines Werktages bei Ihnen. Ben\u00f6tigen Sie sofort Hilfe? Dann rufen Sie uns an, unsere Nummer finden Sie auf unserer <a href=\"https:\/\/intercel.eu\/de\/motive-kontakt\/\" data-type=\"page\" data-id=\"37272\">Kontaktseite<\/a>. Bei Bedarf liefern wir Ihnen Ihre Batterie dringend, damit Ihre Gesch\u00e4ftsprozesse nicht unn\u00f6tig verz\u00f6gert werden.    <\/p>\n<\/div>\n\n<div class=\"wp-block-group has-global-padding is-layout-constrained wp-block-group-is-layout-constrained\">\n<div class=\"wp-block-columns has-wit-color has-horizontal-grey-to-dark-grey-gradient-background has-text-color has-background has-link-color wp-elements-31fd4d24eeb3cb2fe4a4dd02eba8c7c8 is-layout-flex wp-container-core-columns-is-layout-a5331a9e wp-block-columns-is-layout-flex\" style=\"border-top-left-radius:35px;border-top-right-radius:32px;border-bottom-left-radius:35px;border-bottom-right-radius:32px;padding-top:0;padding-right:0;padding-bottom:0;padding-left:0;box-shadow:var(--wp--preset--shadow--natural)\">\n<div class=\"wp-block-column is-vertically-aligned-stretch is-layout-flow wp-block-column-is-layout-flow\" style=\"flex-basis:33.33%\">\n<div class=\"wp-block-group is-style-default has-global-padding is-layout-constrained wp-container-core-group-is-layout-72d38984 wp-block-group-is-layout-constrained has-background\" style=\"border-top-left-radius:25px;border-bottom-left-radius:25px;min-height:100%;margin-top:0;margin-bottom:0;padding-top:0;padding-right:0;padding-bottom:0;padding-left:0;background-image:url(&apos;https:\/\/intercel.eu\/\/app\/uploads\/2025\/11\/Intercel-Groep_04-1-scaled.jpg&apos;);background-position:38% 99%;background-size:cover;\">\n<div style=\"height:191px\" aria-hidden=\"true\" class=\"wp-block-spacer\"><\/div>\n<\/div>\n<\/div>\n\n\n\n<div class=\"wp-block-column is-vertically-aligned-center is-style-indrukwekkend-afgerond is-layout-flow wp-container-core-column-is-layout-f2c55d9d wp-block-column-is-layout-flow\" style=\"border-style:none;border-width:0px;padding-top:var(--wp--preset--spacing--20);padding-right:var(--wp--preset--spacing--30);padding-bottom:var(--wp--preset--spacing--20);padding-left:var(--wp--preset--spacing--10)\">\n<div class=\"wp-block-group has-wit-color has-text-color has-link-color wp-elements-b4b3ec6c190c876507fb0085c061afc0 is-layout-flow wp-container-core-group-is-layout-4d399660 wp-block-group-is-layout-flow\" style=\"margin-top:0;margin-bottom:0;padding-top:var(--wp--preset--spacing--50);padding-right:0;padding-bottom:var(--wp--preset--spacing--50);padding-left:0\">\n<h3 class=\"wp-block-heading alignfull has-text-align-left has-wit-color has-text-color has-link-color wp-elements-5ca311382c52767d4d84bd99fae103d1\">Vermeiden Sie Ausfallzeiten. W\u00e4hlen Sie die richtige Batterie. <\/h3>\n\n\n\n<p>Wir liefern zuverl\u00e4ssige Traktionsbatterien f\u00fcr Ihre Maschine oder Ihr Fahrzeug.<\/p>\n\n\n\n<p>\u2713 Schnelle Lieferung ab Lager<br\/>\u2713 Europ\u00e4ische Qualit\u00e4t und Sicherheit<br\/>\u2713 Technischer Support, der den Unterschied macht<\/p>\n\n\n\n<div class=\"wp-block-buttons alignfull is-horizontal is-content-justification-left is-layout-flex wp-container-core-buttons-is-layout-036cb0ab wp-block-buttons-is-layout-flex\">\n<div class=\"wp-block-button is-style-arrow\"><a class=\"wp-block-button__link has-text-align-center wp-element-button\" href=\"https:\/\/intercel.eu\/de\/motive-kontakt\/\">Pers\u00f6nliche Beratung oder Angebot erhalten<\/a><\/div>\n<\/div>\n\n\n\n<p style=\"margin-top:0;margin-bottom:0;padding-top:0;padding-right:var(--wp--preset--spacing--30);padding-bottom:0;padding-left:var(--wp--preset--spacing--30)\"><em>Wir helfen Ihnen gerne<\/em><\/p>\n<\/div>\n<\/div>\n<\/div>\n<\/div>\n","protected":false},"excerpt":{"rendered":"<p>Intercel hilft Ihren schienengef\u00fchrten Fahrzeugen (RGV), optimal zu funktionieren. Wir liefern leistungsstarke und zuverl\u00e4ssige Batterien f\u00fcr jedes RGV-System, ob Standard oder kundenspezifisch. Mit unserer Service-Exzellenz stellen wir sicher, dass Ihre Gesch\u00e4ftsprozesse nicht l\u00e4nger als n\u00f6tig unterbrochen werden. K\u00f6nnen Sie sich auf Ihre RGVs verlassen? Schienengef\u00fchrte Fahrzeuge sind unbemannte Elektrofahrzeuge, \u00e4hnlich den automatisch gef\u00fchrten Fahrzeugen (AGVs). &hellip; <a href=\"https:\/\/intercel.eu\/de\/motiv\/rgv-system\/\">Fortgesetzt<\/a><\/p>\n","protected":false},"author":1,"featured_media":0,"parent":7211,"menu_order":0,"comment_status":"open","ping_status":"open","template":"","meta":{"footnotes":""},"class_list":["post-10286","page","type-page","status-publish","hentry"],"acf":[],"_links":{"self":[{"href":"https:\/\/intercel.eu\/de\/wp-json\/wp\/v2\/pages\/10286","targetHints":{"allow":["GET"]}}],"collection":[{"href":"https:\/\/intercel.eu\/de\/wp-json\/wp\/v2\/pages"}],"about":[{"href":"https:\/\/intercel.eu\/de\/wp-json\/wp\/v2\/types\/page"}],"author":[{"embeddable":true,"href":"https:\/\/intercel.eu\/de\/wp-json\/wp\/v2\/users\/1"}],"replies":[{"embeddable":true,"href":"https:\/\/intercel.eu\/de\/wp-json\/wp\/v2\/comments?post=10286"}],"version-history":[{"count":7,"href":"https:\/\/intercel.eu\/de\/wp-json\/wp\/v2\/pages\/10286\/revisions"}],"predecessor-version":[{"id":37480,"href":"https:\/\/intercel.eu\/de\/wp-json\/wp\/v2\/pages\/10286\/revisions\/37480"}],"up":[{"embeddable":true,"href":"https:\/\/intercel.eu\/de\/wp-json\/wp\/v2\/pages\/7211"}],"wp:attachment":[{"href":"https:\/\/intercel.eu\/de\/wp-json\/wp\/v2\/media?parent=10286"}],"curies":[{"name":"wp","href":"https:\/\/api.w.org\/{rel}","templated":true}]}}