{"id":10288,"date":"2025-11-13T12:06:18","date_gmt":"2025-11-13T11:06:18","guid":{"rendered":"https:\/\/intercel.eu\/?page_id=10288"},"modified":"2026-04-01T17:09:12","modified_gmt":"2026-04-01T15:09:12","slug":"eigenstaendige-roboterbatterie","status":"publish","type":"page","link":"https:\/\/intercel.eu\/de\/motiv\/eigenstaendige-roboterbatterie\/","title":{"rendered":"Batterie f\u00fcr autonome Roboter"},"content":{"rendered":"\n<div class=\"wp-block-group has-global-padding is-layout-constrained wp-block-group-is-layout-constrained\">\n<p>Die Batterien von Intercel erm\u00f6glichen es Ihren autonomen Robotern, optimal zu funktionieren.\nUnsere Batterien sind zuverl\u00e4ssig und sehr leistungsstark.\nMit unserem exzellenten Service sind Sie stets mit der richtigen Batterie versorgt und Unterbrechungen Ihrer Gesch\u00e4ftsprozesse werden minimiert. <\/p>\n\n\n\n<div class=\"wp-block-buttons is-layout-flex wp-block-buttons-is-layout-flex\">\n<div class=\"wp-block-button\"><a class=\"wp-block-button__link wp-element-button\" href=\"https:\/\/intercel.eu\/de\/industries\/interne-logistik\/eigenstandige-roboter\/\">Alle Batterien f\u00fcr Roboter anzeigen<\/a><\/div>\n<\/div>\n\n\n\n<h2 class=\"wp-block-heading has-x-large-font-size\">Der Einsatz eigenst\u00e4ndiger Roboter ist entscheidend<\/h2>\n\n\n\n<p>Autonome Roboter sind kompakte Roboter, die f\u00fcr eine Vielzahl von Anwendungen eingesetzt werden.\nDie Industrieroboter sind f\u00fcr die Ausf\u00fchrung pr\u00e4ziser, sich wiederholender Vorg\u00e4nge konzipiert und werden unter anderem in Fabriken, Testzentren und Laboren eingesetzt.\nAutonome Roboter arbeiten 24 Stunden am Tag mit einer Geschwindigkeit und Genauigkeit, die von Menschen nicht erreicht werden kann.\nIn immer mehr Unternehmen ersetzen Roboter daher menschliche Handarbeit.\nDies bedeutet jedoch, dass Sie darauf vertrauen m\u00fcssen, dass Ihre autonomen Roboter kontinuierlich und pr\u00e4zise arbeiten.\nSchlie\u00dflich hat eine St\u00f6rung in vielen F\u00e4llen direkte Auswirkungen auf die Kontinuit\u00e4t der Gesch\u00e4ftsprozesse. <\/p>\n\n\n\n<h2 class=\"wp-block-heading has-x-large-font-size\">Erh\u00f6hen Sie die Zuverl\u00e4ssigkeit Ihrer Industrieroboter<\/h2>\n\n\n\n<p>Die Batterien von Intercel haben eine lange Lebensdauer und sind sehr leistungsstark. Dadurch tragen sie dazu bei, die Betriebszeit und Zuverl\u00e4ssigkeit Ihrer Industrieroboter zu erh\u00f6hen. In unserem umfangreichen Sortiment f\u00fchren wir <a href=\"https:\/\/intercel.eu\/de\/kind\/gel-de\/\" data-type=\"product_kind\" data-id=\"1776\">Gel<\/a>&#8211; und <a href=\"https:\/\/intercel.eu\/de\/kind\/lithium-de\/\" data-type=\"product_kind\" data-id=\"1782\">Lithium<\/a>-Batterien f\u00fcr verschiedene Arten von autonomen Robotern, die direkt ab Lager geliefert werden k\u00f6nnen. Haben Sie einen ma\u00dfgeschneiderten industriellen autonomen Roboter? Dann k\u00f6nnen wir dank unserer umfassenden Erfahrung in verschiedenen Branchen fast immer eine <a href=\"https:\/\/intercel.eu\/de\/elektrifizierung\/co-creation-custom-akkupacks\/\" data-type=\"page\" data-id=\"7230\">individuelle L\u00f6sung<\/a> entwickeln.    <\/p>\n\n\n\n<h2 class=\"wp-block-heading has-x-large-font-size\">Entdecken Sie unseren engagierten Service<\/h2>\n\n\n\n<p>Wir stehen Ihnen jederzeit zur Verf\u00fcgung, um Sie unverbindlich und ehrlich \u00fcber die richtige Batterie f\u00fcr Ihren autonomen Roboter zu beraten. Bei Eile liefern wir die Batterie besonders schnell, damit Ihre Gesch\u00e4ftsprozesse z\u00fcgig wieder aufgenommen werden k\u00f6nnen. Haben Sie eine Frage? F\u00fcllen Sie das untenstehende Formular aus und wir beantworten Ihre Frage innerhalb eines Werktages. Ben\u00f6tigen Sie sofort eine Antwort? Rufen Sie uns an \u2013 unsere Nummer finden Sie auf unserer <a href=\"https:\/\/intercel.eu\/de\/motive-kontakt\/\" data-type=\"page\" data-id=\"37272\">Kontaktseite<\/a>.     <\/p>\n<\/div>\n\n<div class=\"wp-block-group has-global-padding is-layout-constrained wp-block-group-is-layout-constrained\">\n<div class=\"wp-block-columns has-wit-color has-horizontal-grey-to-dark-grey-gradient-background has-text-color has-background has-link-color wp-elements-31fd4d24eeb3cb2fe4a4dd02eba8c7c8 is-layout-flex wp-container-core-columns-is-layout-a5331a9e wp-block-columns-is-layout-flex\" style=\"border-top-left-radius:35px;border-top-right-radius:32px;border-bottom-left-radius:35px;border-bottom-right-radius:32px;padding-top:0;padding-right:0;padding-bottom:0;padding-left:0;box-shadow:var(--wp--preset--shadow--natural)\">\n<div class=\"wp-block-column is-vertically-aligned-stretch is-layout-flow wp-block-column-is-layout-flow\" style=\"flex-basis:33.33%\">\n<div class=\"wp-block-group is-style-default has-global-padding is-layout-constrained wp-container-core-group-is-layout-72d38984 wp-block-group-is-layout-constrained has-background\" style=\"border-top-left-radius:25px;border-bottom-left-radius:25px;min-height:100%;margin-top:0;margin-bottom:0;padding-top:0;padding-right:0;padding-bottom:0;padding-left:0;background-image:url(&apos;https:\/\/intercel.eu\/\/app\/uploads\/2025\/11\/Intercel-Groep_04-1-scaled.jpg&apos;);background-position:38% 99%;background-size:cover;\">\n<div style=\"height:191px\" aria-hidden=\"true\" class=\"wp-block-spacer\"><\/div>\n<\/div>\n<\/div>\n\n\n\n<div class=\"wp-block-column is-vertically-aligned-center is-style-indrukwekkend-afgerond is-layout-flow wp-container-core-column-is-layout-f2c55d9d wp-block-column-is-layout-flow\" style=\"border-style:none;border-width:0px;padding-top:var(--wp--preset--spacing--20);padding-right:var(--wp--preset--spacing--30);padding-bottom:var(--wp--preset--spacing--20);padding-left:var(--wp--preset--spacing--10)\">\n<div class=\"wp-block-group has-wit-color has-text-color has-link-color wp-elements-b4b3ec6c190c876507fb0085c061afc0 is-layout-flow wp-container-core-group-is-layout-4d399660 wp-block-group-is-layout-flow\" style=\"margin-top:0;margin-bottom:0;padding-top:var(--wp--preset--spacing--50);padding-right:0;padding-bottom:var(--wp--preset--spacing--50);padding-left:0\">\n<h3 class=\"wp-block-heading alignfull has-text-align-left has-wit-color has-text-color has-link-color wp-elements-5ca311382c52767d4d84bd99fae103d1\">Vermeiden Sie Ausfallzeiten. W\u00e4hlen Sie die richtige Batterie. <\/h3>\n\n\n\n<p>Wir liefern zuverl\u00e4ssige Traktionsbatterien f\u00fcr Ihre Maschine oder Ihr Fahrzeug.<\/p>\n\n\n\n<p>\u2713 Schnelle Lieferung ab Lager<br\/>\u2713 Europ\u00e4ische Qualit\u00e4t und Sicherheit<br\/>\u2713 Technischer Support, der den Unterschied macht<\/p>\n\n\n\n<div class=\"wp-block-buttons alignfull is-horizontal is-content-justification-left is-layout-flex wp-container-core-buttons-is-layout-036cb0ab wp-block-buttons-is-layout-flex\">\n<div class=\"wp-block-button is-style-arrow\"><a class=\"wp-block-button__link has-text-align-center wp-element-button\" href=\"https:\/\/intercel.eu\/de\/motive-kontakt\/\">Pers\u00f6nliche Beratung oder Angebot erhalten<\/a><\/div>\n<\/div>\n\n\n\n<p style=\"margin-top:0;margin-bottom:0;padding-top:0;padding-right:var(--wp--preset--spacing--30);padding-bottom:0;padding-left:var(--wp--preset--spacing--30)\"><em>Wir helfen Ihnen gerne<\/em><\/p>\n<\/div>\n<\/div>\n<\/div>\n<\/div>\n","protected":false},"excerpt":{"rendered":"<p>Die Batterien von Intercel erm\u00f6glichen es Ihren autonomen Robotern, optimal zu funktionieren. Unsere Batterien sind zuverl\u00e4ssig und sehr leistungsstark. Mit unserem exzellenten Service sind Sie stets mit der richtigen Batterie versorgt und Unterbrechungen Ihrer Gesch\u00e4ftsprozesse werden minimiert. Der Einsatz eigenst\u00e4ndiger Roboter ist entscheidend Autonome Roboter sind kompakte Roboter, die f\u00fcr eine Vielzahl von Anwendungen eingesetzt &hellip; <a href=\"https:\/\/intercel.eu\/de\/motiv\/eigenstaendige-roboterbatterie\/\">Fortgesetzt<\/a><\/p>\n","protected":false},"author":1,"featured_media":0,"parent":7211,"menu_order":0,"comment_status":"open","ping_status":"open","template":"","meta":{"footnotes":""},"class_list":["post-10288","page","type-page","status-publish","hentry"],"acf":[],"_links":{"self":[{"href":"https:\/\/intercel.eu\/de\/wp-json\/wp\/v2\/pages\/10288","targetHints":{"allow":["GET"]}}],"collection":[{"href":"https:\/\/intercel.eu\/de\/wp-json\/wp\/v2\/pages"}],"about":[{"href":"https:\/\/intercel.eu\/de\/wp-json\/wp\/v2\/types\/page"}],"author":[{"embeddable":true,"href":"https:\/\/intercel.eu\/de\/wp-json\/wp\/v2\/users\/1"}],"replies":[{"embeddable":true,"href":"https:\/\/intercel.eu\/de\/wp-json\/wp\/v2\/comments?post=10288"}],"version-history":[{"count":7,"href":"https:\/\/intercel.eu\/de\/wp-json\/wp\/v2\/pages\/10288\/revisions"}],"predecessor-version":[{"id":37476,"href":"https:\/\/intercel.eu\/de\/wp-json\/wp\/v2\/pages\/10288\/revisions\/37476"}],"up":[{"embeddable":true,"href":"https:\/\/intercel.eu\/de\/wp-json\/wp\/v2\/pages\/7211"}],"wp:attachment":[{"href":"https:\/\/intercel.eu\/de\/wp-json\/wp\/v2\/media?parent=10288"}],"curies":[{"name":"wp","href":"https:\/\/api.w.org\/{rel}","templated":true}]}}