{"id":10290,"date":"2025-11-06T10:44:01","date_gmt":"2025-11-06T09:44:01","guid":{"rendered":"https:\/\/intercel.eu\/?page_id=10290"},"modified":"2026-04-02T10:53:11","modified_gmt":"2026-04-02T08:53:11","slug":"maritim","status":"publish","type":"page","link":"https:\/\/intercel.eu\/de\/motiv\/maritim\/","title":{"rendered":"Maritim"},"content":{"rendered":"\n<div class=\"wp-block-group alignfull has-vertical-white-to-grey-gradient-background has-background has-global-padding is-layout-constrained wp-block-group-is-layout-constrained\" style=\"padding-bottom:var(--wp--preset--spacing--70)\">\n<div class=\"wp-block-group alignfull has-global-padding is-layout-constrained wp-block-group-is-layout-constrained\" style=\"margin-bottom:var(--wp--preset--spacing--40)\">\n<div class=\"wp-block-group alignfull has-global-padding is-layout-constrained wp-container-core-group-is-layout-3ef1af14 wp-block-group-is-layout-constrained\" style=\"margin-top:0;margin-bottom:0;padding-right:var(--wp--preset--spacing--30);padding-bottom:0;padding-left:var(--wp--preset--spacing--30)\">\n<div class=\"wp-block-columns alignwide is-layout-flex wp-container-core-columns-is-layout-28f84493 wp-block-columns-is-layout-flex\">\n<div class=\"wp-block-column is-vertically-aligned-center is-layout-flow wp-block-column-is-layout-flow\" style=\"flex-basis:50%\">\n<h2 class=\"wp-block-heading\">Immer im Strom: auch auf dem Wasser<\/h2>\n<\/div>\n\n\n\n<div class=\"wp-block-column is-vertically-aligned-center is-layout-flow wp-block-column-is-layout-flow\" style=\"flex-basis:50%\">\n<p>F\u00fcr jede einzelne maritime Anwendung hat Intercel die richtige Batterie.\nOb Sie zus\u00e4tzliche Leistung f\u00fcr Bordverbraucher ben\u00f6tigen oder auch \u00fcber die Batterie starten m\u00fcssen.\nAlle unsere AGM-Bootsbatterien \/ Marinebatterien sind f\u00fcr vielfaches Laden und Entladen (zyklische Nutzung) geeignet.\nSie sind au\u00dferdem alle versiegelt und wartungsfrei. <\/p>\n<\/div>\n<\/div>\n<\/div>\n<\/div>\n\n\n\n<div class=\"wp-block-group alignfull is-layout-flow wp-block-group-is-layout-flow\" style=\"margin-top:0;padding-top:0;padding-right:var(--wp--preset--spacing--30);padding-left:var(--wp--preset--spacing--30)\">\n<div class=\"wp-block-group alignwide has-global-padding is-layout-constrained wp-block-group-is-layout-constrained\" style=\"padding-top:0\">\n<div class=\"wp-block-columns alignwide is-style-indrukwekkend-kolommen is-layout-flex wp-container-core-columns-is-layout-28f84493 wp-block-columns-is-layout-flex\">\n<div class=\"wp-block-column is-vertically-aligned-stretch is-style-indrukwekkend-afgerond has-vertical-bright-red-to-darker-gradient-background has-background is-layout-flow wp-block-column-is-layout-flow\">\n<figure class=\"wp-block-image aligncenter size-full is-resized is-style-default\"><img decoding=\"async\" src=\"https:\/\/intercel.eu\/app\/uploads\/sites\/3\/2024\/09\/cargo-ship.png\" alt=\"Marinebatterien | Intercel\" class=\"wp-image-22230\" style=\"width:132px;height:auto\"\/><\/figure>\n\n\n\n<h3 class=\"wp-block-heading has-contrast-color has-wit-background-color has-text-color has-background has-link-color has-medium-font-size wp-elements-434c49e5c8eba95eb731379eedd53d35\" style=\"margin-top:0;margin-right:0;margin-bottom:0;margin-left:0;padding-top:var(--wp--preset--spacing--20);padding-right:var(--wp--preset--spacing--20);padding-bottom:var(--wp--preset--spacing--20);padding-left:var(--wp--preset--spacing--20)\"><a href=\"https:\/\/intercel.eu\/de\/motiv\/versand\/\" data-type=\"page\" data-id=\"10293\">Versand<\/a><\/h3>\n<\/div>\n\n\n\n<div class=\"wp-block-column is-vertically-aligned-stretch is-style-indrukwekkend-afgerond has-vertical-bright-red-to-darker-gradient-background has-background is-layout-flow wp-block-column-is-layout-flow\">\n<figure class=\"wp-block-image aligncenter size-full is-resized is-style-default\"><img decoding=\"async\" src=\"https:\/\/intercel.eu\/app\/uploads\/sites\/3\/2024\/09\/ferry-boat-1.png\" alt=\"Batterie f&#xFC;r elektrisches Bootfahren | Intercel\" class=\"wp-image-22234\" style=\"width:128px;height:auto\"\/><\/figure>\n\n\n\n<h3 class=\"wp-block-heading has-contrast-color has-wit-background-color has-text-color has-background has-link-color has-medium-font-size wp-elements-693bd93609674c0e1ab5319983aa542f\" style=\"margin-top:0;margin-right:0;margin-bottom:0;margin-left:0;padding-top:var(--wp--preset--spacing--20);padding-right:var(--wp--preset--spacing--20);padding-bottom:var(--wp--preset--spacing--20);padding-left:var(--wp--preset--spacing--20)\"><a href=\"https:\/\/intercel.eu\/de\/motiv\/elektrisches-bootfahren\/\" data-type=\"page\" data-id=\"10291\">Elektrisches Bootfahren<\/a><\/h3>\n<\/div>\n<\/div>\n<\/div>\n<\/div>\n<\/div>\n\n<div class=\"wp-block-group is-layout-flow wp-block-group-is-layout-flow\" style=\"padding-top:var(--wp--preset--spacing--30);padding-bottom:var(--wp--preset--spacing--30)\">\n<h2 class=\"wp-block-heading has-x-large-font-size\">Spezielle Batterie f\u00fcr den Einsatz auf Ihrem Boot<\/h2>\n\n\n\n<p>Es gibt viele Aktivit\u00e4ten, die das Bootfahren angenehm und komfortabel machen: eine Tasse Kaffee zubereiten, eine Mahlzeit in der Mikrowelle erw\u00e4rmen, am Laptop arbeiten, Radio h\u00f6ren usw.\nOhne eine zuverl\u00e4ssige Batterie k\u00f6nnen Sie das nat\u00fcrlich vergessen!\nDeshalb bietet Intercel eine zuverl\u00e4ssige und sehr sichere Serie von Batterien f\u00fcr die Schifffahrt.\nEine AGM-Batterie ist wartungsfrei und speziell f\u00fcr vielfaches intensives Entladen und Wiederaufladen (zyklische Nutzung) konzipiert, wodurch sie optimal f\u00fcr den maritimen Einsatz geeignet ist.\nDies gew\u00e4hrleistet eine unbeschwerte Bootssaison. <\/p>\n\n\n\n<div class=\"wp-block-buttons is-layout-flex wp-block-buttons-is-layout-flex\">\n<div class=\"wp-block-button\"><a class=\"wp-block-button__link wp-element-button\" href=\"https:\/\/intercel.eu\/de\/industries\/maritim\/\">Marinebatterien ansehen<\/a><\/div>\n<\/div>\n\n\n\n<h2 class=\"wp-block-heading has-x-large-font-size\">Bootsbatterie \u2013 Warum die Intercel-Bootsbatterie?<\/h2>\n\n\n\n<p>Bei Bootsbatterien gibt es die unterschiedlichsten Gr\u00f6\u00dfen.\nDeshalb bietet Intercel als Batterie-Gro\u00dfh\u00e4ndler eine vollst\u00e4ndige Palette zyklischer Batterien f\u00fcr maritime Anwendungen.\nUnsere AGM- und Gel-Batterien sind speziell f\u00fcr zyklische Nutzung konzipiert, was bei der Wahl einer guten Bootsbatterie wichtig ist.\nEs ist wichtig, f\u00fcr maritime Anwendungen eine wartungsfreie Batterie zu verwenden.\nDurch die Wahl wartungsfreier Batterien sparen Sie au\u00dferdem Wartungskosten im Vergleich zu nassen Blei-S\u00e4ure-Batterien. <\/p>\n\n\n\n<h2 class=\"wp-block-heading has-x-large-font-size\">Deep-Cycle-Batterien<\/h2>\n\n\n\n<p>Unsere zyklischen Batterien f\u00fcr Boote und Schiffe werden auch Deep-Cycle-Batterien genannt.\nDeep-Cycle-Batterien sind f\u00fcr intensives Entladen und Laden konzipiert.\nDer wesentliche Unterschied zwischen einer echten Deep-Cycle-Batterie und anderen Batterien besteht darin, dass Deep-Cycle-Batterien dickere massive Bleiplatten aufweisen.\nDies macht sie robuster, vibrationsfest und ideal f\u00fcr den maritimen Einsatz geeignet. <\/p>\n\n\n\n<div class=\"wp-block-group has-global-padding is-layout-constrained wp-block-group-is-layout-constrained\">\n<div class=\"wp-block-columns has-wit-color has-horizontal-grey-to-dark-grey-gradient-background has-text-color has-background has-link-color wp-elements-31fd4d24eeb3cb2fe4a4dd02eba8c7c8 is-layout-flex wp-container-core-columns-is-layout-a5331a9e wp-block-columns-is-layout-flex\" style=\"border-top-left-radius:35px;border-top-right-radius:32px;border-bottom-left-radius:35px;border-bottom-right-radius:32px;padding-top:0;padding-right:0;padding-bottom:0;padding-left:0;box-shadow:var(--wp--preset--shadow--natural)\">\n<div class=\"wp-block-column is-vertically-aligned-stretch is-layout-flow wp-block-column-is-layout-flow\" style=\"flex-basis:33.33%\">\n<div class=\"wp-block-group is-style-default has-global-padding is-layout-constrained wp-container-core-group-is-layout-72d38984 wp-block-group-is-layout-constrained has-background\" style=\"border-top-left-radius:25px;border-bottom-left-radius:25px;min-height:100%;margin-top:0;margin-bottom:0;padding-top:0;padding-right:0;padding-bottom:0;padding-left:0;background-image:url(&apos;https:\/\/intercel.eu\/\/app\/uploads\/2025\/11\/Intercel-Groep_04-1-scaled.jpg&apos;);background-position:38% 99%;background-size:cover;\">\n<div style=\"height:191px\" aria-hidden=\"true\" class=\"wp-block-spacer\"><\/div>\n<\/div>\n<\/div>\n\n\n\n<div class=\"wp-block-column is-vertically-aligned-center is-style-indrukwekkend-afgerond is-layout-flow wp-container-core-column-is-layout-f2c55d9d wp-block-column-is-layout-flow\" style=\"border-style:none;border-width:0px;padding-top:var(--wp--preset--spacing--20);padding-right:var(--wp--preset--spacing--30);padding-bottom:var(--wp--preset--spacing--20);padding-left:var(--wp--preset--spacing--10)\">\n<div class=\"wp-block-group has-wit-color has-text-color has-link-color wp-elements-b4b3ec6c190c876507fb0085c061afc0 is-layout-flow wp-container-core-group-is-layout-4d399660 wp-block-group-is-layout-flow\" style=\"margin-top:0;margin-bottom:0;padding-top:var(--wp--preset--spacing--50);padding-right:0;padding-bottom:var(--wp--preset--spacing--50);padding-left:0\">\n<h3 class=\"wp-block-heading alignfull has-text-align-left has-wit-color has-text-color has-link-color wp-elements-5ca311382c52767d4d84bd99fae103d1\">Vermeiden Sie Ausfallzeiten. W\u00e4hlen Sie die richtige Batterie. <\/h3>\n\n\n\n<p>Wir liefern zuverl\u00e4ssige Traktionsbatterien f\u00fcr Ihre Maschine oder Ihr Fahrzeug.<\/p>\n\n\n\n<p>\u2713 Schnelle Lieferung ab Lager<br\/>\u2713 Europ\u00e4ische Qualit\u00e4t und Sicherheit<br\/>\u2713 Technischer Support, der den Unterschied macht<\/p>\n\n\n\n<div class=\"wp-block-buttons alignfull is-horizontal is-content-justification-left is-layout-flex wp-container-core-buttons-is-layout-036cb0ab wp-block-buttons-is-layout-flex\">\n<div class=\"wp-block-button is-style-arrow\"><a class=\"wp-block-button__link has-text-align-center wp-element-button\" href=\"https:\/\/intercel.eu\/de\/motive-kontakt\/\">Pers\u00f6nliche Beratung oder Angebot erhalten<\/a><\/div>\n<\/div>\n\n\n\n<p style=\"margin-top:0;margin-bottom:0;padding-top:0;padding-right:var(--wp--preset--spacing--30);padding-bottom:0;padding-left:var(--wp--preset--spacing--30)\"><em>Wir helfen Ihnen gerne<\/em><\/p>\n<\/div>\n<\/div>\n<\/div>\n<\/div>\n<\/div>\n","protected":false},"excerpt":{"rendered":"<p>Immer im Strom: auch auf dem Wasser F\u00fcr jede einzelne maritime Anwendung hat Intercel die richtige Batterie. Ob Sie zus\u00e4tzliche Leistung f\u00fcr Bordverbraucher ben\u00f6tigen oder auch \u00fcber die Batterie starten m\u00fcssen. Alle unsere AGM-Bootsbatterien \/ Marinebatterien sind f\u00fcr vielfaches Laden und Entladen (zyklische Nutzung) geeignet. Sie sind au\u00dferdem alle versiegelt und wartungsfrei. Versand Elektrisches Bootfahren &hellip; <a href=\"https:\/\/intercel.eu\/de\/motiv\/maritim\/\">Fortgesetzt<\/a><\/p>\n","protected":false},"author":1,"featured_media":0,"parent":7211,"menu_order":0,"comment_status":"open","ping_status":"open","template":"","meta":{"footnotes":""},"class_list":["post-10290","page","type-page","status-publish","hentry"],"acf":[],"_links":{"self":[{"href":"https:\/\/intercel.eu\/de\/wp-json\/wp\/v2\/pages\/10290","targetHints":{"allow":["GET"]}}],"collection":[{"href":"https:\/\/intercel.eu\/de\/wp-json\/wp\/v2\/pages"}],"about":[{"href":"https:\/\/intercel.eu\/de\/wp-json\/wp\/v2\/types\/page"}],"author":[{"embeddable":true,"href":"https:\/\/intercel.eu\/de\/wp-json\/wp\/v2\/users\/1"}],"replies":[{"embeddable":true,"href":"https:\/\/intercel.eu\/de\/wp-json\/wp\/v2\/comments?post=10290"}],"version-history":[{"count":6,"href":"https:\/\/intercel.eu\/de\/wp-json\/wp\/v2\/pages\/10290\/revisions"}],"predecessor-version":[{"id":37566,"href":"https:\/\/intercel.eu\/de\/wp-json\/wp\/v2\/pages\/10290\/revisions\/37566"}],"up":[{"embeddable":true,"href":"https:\/\/intercel.eu\/de\/wp-json\/wp\/v2\/pages\/7211"}],"wp:attachment":[{"href":"https:\/\/intercel.eu\/de\/wp-json\/wp\/v2\/media?parent=10290"}],"curies":[{"name":"wp","href":"https:\/\/api.w.org\/{rel}","templated":true}]}}