{"id":10292,"date":"2025-11-06T10:43:49","date_gmt":"2025-11-06T09:43:49","guid":{"rendered":"https:\/\/intercel.eu\/?page_id=10292"},"modified":"2026-04-02T10:59:12","modified_gmt":"2026-04-02T08:59:12","slug":"elektrisches-bootfahren","status":"publish","type":"page","link":"https:\/\/intercel.eu\/de\/motiv\/elektrisches-bootfahren\/","title":{"rendered":"Batterien f\u00fcr Elektroboote"},"content":{"rendered":"\n<div class=\"wp-block-group has-global-padding is-layout-constrained wp-block-group-is-layout-constrained\">\n<p>Die Bootsindustrie hinkt in puncto Nachhaltigkeit derzeit hinterher, verglichen etwa mit Automobilen.\nNeben der geringeren Nachhaltigkeit ist sie auch teurer.\nDerzeit verwendet ein Gro\u00dfteil der Boote einen Motor, der mit Dieselkraftstoff betrieben wird.\nDoch der Umstieg auf einen Elektromotor bietet viele Vorteile.\nIntercel verf\u00fcgt \u00fcber betr\u00e4chtliche Erfahrung in der Lieferung der richtigen Batterie f\u00fcr Ihr Boot.  <\/p>\n\n\n\n<div class=\"wp-block-buttons is-layout-flex wp-block-buttons-is-layout-flex\">\n<div class=\"wp-block-button\"><a class=\"wp-block-button__link wp-element-button\" href=\"https:\/\/intercel.eu\/de\/industries\/maritim\/elektrisches-bootfahren\/\">Alle Elektroboot-Batterien anzeigen<\/a><\/div>\n<\/div>\n\n\n\n<h2 class=\"wp-block-heading\">Vorteile des elektrischen Bootfahrens<\/h2>\n\n\n\n<p>Die Vorteile einer Batterie f\u00fcr Boote gehen \u00fcber die reine Haltbarkeit hinaus; sie ist auf lange Sicht auch kosteng\u00fcnstiger.\nDies liegt zum einen daran, dass die Kraftstoffpreise immer weiter steigen.\nDas bedeutet, dass die Kosten f\u00fcr die Nutzung von Kraftstoff st\u00e4ndig zunehmen.\nZweitens h\u00e4lt eine Batterie l\u00e4nger als eine Blei-S\u00e4ure-Batterie, da sie wiederaufladbar ist und eine l\u00e4ngere Zyklenlebensdauer hat.\nDar\u00fcber hinaus sind Blei-S\u00e4ure-Batterien laut, schwer und erfordern viel Wartung.  <\/p>\n\n\n\n<h2 class=\"wp-block-heading\">Lithium-Batterien f\u00fcr Schiffe<\/h2>\n\n\n\n<p>Intercel bietet eine <a href=\"https:\/\/intercel.eu\/de\/wissen-erkenntnisse\/batterietechnologie\/lithium-batterien\/\" data-type=\"page\" data-id=\"10230\">Lithium-Batterie<\/a> f\u00fcr Schiffe an. Der Vorteil der Verwendung dieser Batterie ist, dass sie leichter und kompakter sind als normale Blei-S\u00e4ure-Batterien. Dies erleichtert die Installation. \u00dcbrigens erfordert die <a href=\"https:\/\/intercel.eu\/de\/kind\/lithium-de\/\" data-type=\"product_kind\" data-id=\"1782\">Lithium-Batterie<\/a> keine Wartung, da das \u201eBatterie-Management-System\u201c steuert, dass alle Zellen gleichm\u00e4\u00dfig und ausgeglichen geladen werden. Das Einzige, was getan werden muss, ist das Laden der Batterie. Gl\u00fccklicherweise ist das Laden dieser Batterie sehr effizient und einfach, wodurch Zeit und Energie gespart werden. Dar\u00fcber hinaus sind Lithium-Batterien witterungsbest\u00e4ndiger als normale Blei-S\u00e4ure-Batterien, wodurch die Batterien deutlich weniger Kapazit\u00e4t verlieren.      <\/p>\n\n\n\n<h2 class=\"wp-block-heading\">Ma\u00dfgeschneiderte Batterien<\/h2>\n\n\n\n<p>Haben Sie spezielle Anforderungen? Eine besondere Gr\u00f6\u00dfe, eine extreme Anwendung unter extremen Bedingungen, bestimmte Kommunikationsanforderungen. Intercel ist in der Lage, eine <a href=\"https:\/\/intercel.eu\/de\/elektrifizierung\/co-creation-custom-akkupacks\/\" data-type=\"page\" data-id=\"7230\">ma\u00dfgeschneiderte Batterie<\/a> f\u00fcr all Ihre Anforderungen zu produzieren.  <\/p>\n\n\n\n<div class=\"wp-block-group has-global-padding is-layout-constrained wp-block-group-is-layout-constrained\">\n<div class=\"wp-block-columns has-wit-color has-horizontal-grey-to-dark-grey-gradient-background has-text-color has-background has-link-color wp-elements-31fd4d24eeb3cb2fe4a4dd02eba8c7c8 is-layout-flex wp-container-core-columns-is-layout-a5331a9e wp-block-columns-is-layout-flex\" style=\"border-top-left-radius:35px;border-top-right-radius:32px;border-bottom-left-radius:35px;border-bottom-right-radius:32px;padding-top:0;padding-right:0;padding-bottom:0;padding-left:0;box-shadow:var(--wp--preset--shadow--natural)\">\n<div class=\"wp-block-column is-vertically-aligned-stretch is-layout-flow wp-block-column-is-layout-flow\" style=\"flex-basis:33.33%\">\n<div class=\"wp-block-group is-style-default has-global-padding is-layout-constrained wp-container-core-group-is-layout-72d38984 wp-block-group-is-layout-constrained has-background\" style=\"border-top-left-radius:25px;border-bottom-left-radius:25px;min-height:100%;margin-top:0;margin-bottom:0;padding-top:0;padding-right:0;padding-bottom:0;padding-left:0;background-image:url(&apos;https:\/\/intercel.eu\/\/app\/uploads\/2025\/11\/Intercel-Groep_04-1-scaled.jpg&apos;);background-position:38% 99%;background-size:cover;\">\n<div style=\"height:191px\" aria-hidden=\"true\" class=\"wp-block-spacer\"><\/div>\n<\/div>\n<\/div>\n\n\n\n<div class=\"wp-block-column is-vertically-aligned-center is-style-indrukwekkend-afgerond is-layout-flow wp-container-core-column-is-layout-f2c55d9d wp-block-column-is-layout-flow\" style=\"border-style:none;border-width:0px;padding-top:var(--wp--preset--spacing--20);padding-right:var(--wp--preset--spacing--30);padding-bottom:var(--wp--preset--spacing--20);padding-left:var(--wp--preset--spacing--10)\">\n<div class=\"wp-block-group has-wit-color has-text-color has-link-color wp-elements-b4b3ec6c190c876507fb0085c061afc0 is-layout-flow wp-container-core-group-is-layout-4d399660 wp-block-group-is-layout-flow\" style=\"margin-top:0;margin-bottom:0;padding-top:var(--wp--preset--spacing--50);padding-right:0;padding-bottom:var(--wp--preset--spacing--50);padding-left:0\">\n<h3 class=\"wp-block-heading alignfull has-text-align-left has-wit-color has-text-color has-link-color wp-elements-5ca311382c52767d4d84bd99fae103d1\">Vermeiden Sie Ausfallzeiten. W\u00e4hlen Sie die richtige Batterie. <\/h3>\n\n\n\n<p>Wir liefern zuverl\u00e4ssige Traktionsbatterien f\u00fcr Ihre Maschine oder Ihr Fahrzeug.<\/p>\n\n\n\n<p>\u2713 Schnelle Lieferung ab Lager<br\/>\u2713 Europ\u00e4ische Qualit\u00e4t und Sicherheit<br\/>\u2713 Technischer Support, der den Unterschied macht<\/p>\n\n\n\n<div class=\"wp-block-buttons alignfull is-horizontal is-content-justification-left is-layout-flex wp-container-core-buttons-is-layout-036cb0ab wp-block-buttons-is-layout-flex\">\n<div class=\"wp-block-button is-style-arrow\"><a class=\"wp-block-button__link has-text-align-center wp-element-button\" href=\"https:\/\/intercel.eu\/de\/motive-kontakt\/\">Pers\u00f6nliche Beratung oder Angebot erhalten<\/a><\/div>\n<\/div>\n\n\n\n<p style=\"margin-top:0;margin-bottom:0;padding-top:0;padding-right:var(--wp--preset--spacing--30);padding-bottom:0;padding-left:var(--wp--preset--spacing--30)\"><em>Wir helfen Ihnen gerne<\/em><\/p>\n<\/div>\n<\/div>\n<\/div>\n<\/div>\n<\/div>\n","protected":false},"excerpt":{"rendered":"<p>Die Bootsindustrie hinkt in puncto Nachhaltigkeit derzeit hinterher, verglichen etwa mit Automobilen. Neben der geringeren Nachhaltigkeit ist sie auch teurer. Derzeit verwendet ein Gro\u00dfteil der Boote einen Motor, der mit Dieselkraftstoff betrieben wird. Doch der Umstieg auf einen Elektromotor bietet viele Vorteile. Intercel verf\u00fcgt \u00fcber betr\u00e4chtliche Erfahrung in der Lieferung der richtigen Batterie f\u00fcr Ihr &hellip; <a href=\"https:\/\/intercel.eu\/de\/motiv\/elektrisches-bootfahren\/\">Fortgesetzt<\/a><\/p>\n","protected":false},"author":1,"featured_media":0,"parent":7211,"menu_order":0,"comment_status":"open","ping_status":"open","template":"","meta":{"footnotes":""},"class_list":["post-10292","page","type-page","status-publish","hentry"],"acf":[],"_links":{"self":[{"href":"https:\/\/intercel.eu\/de\/wp-json\/wp\/v2\/pages\/10292","targetHints":{"allow":["GET"]}}],"collection":[{"href":"https:\/\/intercel.eu\/de\/wp-json\/wp\/v2\/pages"}],"about":[{"href":"https:\/\/intercel.eu\/de\/wp-json\/wp\/v2\/types\/page"}],"author":[{"embeddable":true,"href":"https:\/\/intercel.eu\/de\/wp-json\/wp\/v2\/users\/1"}],"replies":[{"embeddable":true,"href":"https:\/\/intercel.eu\/de\/wp-json\/wp\/v2\/comments?post=10292"}],"version-history":[{"count":5,"href":"https:\/\/intercel.eu\/de\/wp-json\/wp\/v2\/pages\/10292\/revisions"}],"predecessor-version":[{"id":37576,"href":"https:\/\/intercel.eu\/de\/wp-json\/wp\/v2\/pages\/10292\/revisions\/37576"}],"up":[{"embeddable":true,"href":"https:\/\/intercel.eu\/de\/wp-json\/wp\/v2\/pages\/7211"}],"wp:attachment":[{"href":"https:\/\/intercel.eu\/de\/wp-json\/wp\/v2\/media?parent=10292"}],"curies":[{"name":"wp","href":"https:\/\/api.w.org\/{rel}","templated":true}]}}