{"id":10294,"date":"2025-11-13T12:06:15","date_gmt":"2025-11-13T11:06:15","guid":{"rendered":"https:\/\/intercel.eu\/?page_id=10294"},"modified":"2026-04-02T10:55:20","modified_gmt":"2026-04-02T08:55:20","slug":"versand","status":"publish","type":"page","link":"https:\/\/intercel.eu\/de\/motiv\/versand\/","title":{"rendered":"Batterien f\u00fcr Schiffe und Motorboote"},"content":{"rendered":"\n<div class=\"wp-block-group has-global-padding is-layout-constrained wp-block-group-is-layout-constrained\">\n<p>Intercel ist auf die Lieferung von AGM-Batterien f\u00fcr die maritime Industrie spezialisiert.\nTats\u00e4chlich liefern wir f\u00fcr jedes Segment eine spezielle Serie von Batterien.\nF\u00fcr Privatboote, Segelboote, Elektroboote und kleine Motorboote bieten wir 12-Volt-AGM-Batterien an.\nZus\u00e4tzlich liefern wir 2-Volt-AGM-Batterien f\u00fcr gro\u00dfe Schiffe.\nDiese werden dort h\u00e4ufig eingesetzt, da sie eine extrem hohe Kapazit\u00e4t bei kompaktem Geh\u00e4use bieten. <\/p>\n\n\n\n<div class=\"wp-block-buttons is-layout-flex wp-block-buttons-is-layout-flex\">\n<div class=\"wp-block-button\"><a class=\"wp-block-button__link wp-element-button\" href=\"https:\/\/intercel.eu\/de\/industries\/maritim\/versand\/\">Boots- und Schiffsbatterien ansehen<\/a><\/div>\n<\/div>\n\n\n\n<h2 class=\"wp-block-heading has-x-large-font-size\">Batterien f\u00fcr Boote, Segelboote und kleine Motorboote<\/h2>\n\n\n\n<p>F\u00fcr Privatboote, Segelboote, Elektroboote und kleine Motorboote f\u00fchren wir ein breites Sortiment an AGM-Batterien. F\u00fcr diese Arten von Anwendungen werden Batterien f\u00fcr den zyklischen Einsatz verwendet. Diese Batterien werden auch als Lichtbatterie, Zubeh\u00f6rbatterie oder Freizeitbatterie bezeichnet. Wir bieten die <a href=\"https:\/\/intercel.eu\/de\/marken\/cellpower\/cpc-serie\/\" data-type=\"product_brand\" data-id=\"2100\">Cellpower CPC-Serie<\/a> an. Diese Serie reicht von 12 Volt 9 Ah bis 12 Volt 250 Ah bei 10-st\u00fcndiger Entladung. F\u00fcr eine h\u00f6here Kapazit\u00e4t bei gleichen Abmessungen bieten wir die Cellpower <a href=\"https:\/\/intercel.eu\/de\/marken\/cellpower\/cpx-serie\/\" data-type=\"product_brand\" data-id=\"2039\">CPX-Serie<\/a> an.     <\/p>\n\n\n\n<h2 class=\"wp-block-heading has-x-large-font-size\">Batterie f\u00fcr gro\u00dfe Schiffe<\/h2>\n\n\n\n<p>F\u00fcr gro\u00dfe maritime Anwendungen bieten wir Cellpower 2-Volt-AGM-Batterien an.\nWir bieten 2-Volt-Batteriel\u00f6sungen f\u00fcr maritime Anwendungen an, bei denen eine hohe Kapazit\u00e4t erforderlich ist.\nHier kann durch eine Reihenschaltung ein 6-V-, 12-V-, 24-V- usw. Batteriesystem mit einer Kapazit\u00e4t von bis zu 3.500 Ah erstellt werden.\nF\u00fcr jede ma\u00dfgeschneiderte Industriel\u00f6sung k\u00f6nnen wir das am besten geeignete Batteriesystem anbieten. <\/p>\n\n\n\n<h2 class=\"wp-block-heading has-x-large-font-size\">Intercel: Lieferant Ihrer Schiffsbatterien<\/h2>\n\n\n\n<p id=\"contact-form-popup\">M\u00f6chten Sie eine Schiffsbatterie kaufen? Intercel ist seit vielen Jahren ein vertrauensw\u00fcrdiger Lieferant von Schiffsbatterien. Von Freizeitbooten bis hin zu ma\u00dfgeschneiderten Batteriesystemen f\u00fcr die Gro\u00dfschifffahrt. Intercel ber\u00e4t Sie, damit Sie die Schiffsbatterie finden, die zu Ihrem Schiff passt. Bitte z\u00f6gern Sie nicht, <a href=\"https:\/\/intercel.eu\/de\/motive-kontakt\/\" data-type=\"page\" data-id=\"37272\">uns zu kontaktieren<\/a>, um die M\u00f6glichkeiten zu besprechen.    <\/p>\n\n\n\n<div class=\"wp-block-group has-global-padding is-layout-constrained wp-block-group-is-layout-constrained\">\n<div class=\"wp-block-columns has-wit-color has-horizontal-grey-to-dark-grey-gradient-background has-text-color has-background has-link-color wp-elements-31fd4d24eeb3cb2fe4a4dd02eba8c7c8 is-layout-flex wp-container-core-columns-is-layout-a5331a9e wp-block-columns-is-layout-flex\" style=\"border-top-left-radius:35px;border-top-right-radius:32px;border-bottom-left-radius:35px;border-bottom-right-radius:32px;padding-top:0;padding-right:0;padding-bottom:0;padding-left:0;box-shadow:var(--wp--preset--shadow--natural)\">\n<div class=\"wp-block-column is-vertically-aligned-stretch is-layout-flow wp-block-column-is-layout-flow\" style=\"flex-basis:33.33%\">\n<div class=\"wp-block-group is-style-default has-global-padding is-layout-constrained wp-container-core-group-is-layout-72d38984 wp-block-group-is-layout-constrained has-background\" style=\"border-top-left-radius:25px;border-bottom-left-radius:25px;min-height:100%;margin-top:0;margin-bottom:0;padding-top:0;padding-right:0;padding-bottom:0;padding-left:0;background-image:url(&apos;https:\/\/intercel.eu\/\/app\/uploads\/2025\/11\/Intercel-Groep_04-1-scaled.jpg&apos;);background-position:38% 99%;background-size:cover;\">\n<div style=\"height:191px\" aria-hidden=\"true\" class=\"wp-block-spacer\"><\/div>\n<\/div>\n<\/div>\n\n\n\n<div class=\"wp-block-column is-vertically-aligned-center is-style-indrukwekkend-afgerond is-layout-flow wp-container-core-column-is-layout-f2c55d9d wp-block-column-is-layout-flow\" style=\"border-style:none;border-width:0px;padding-top:var(--wp--preset--spacing--20);padding-right:var(--wp--preset--spacing--30);padding-bottom:var(--wp--preset--spacing--20);padding-left:var(--wp--preset--spacing--10)\">\n<div class=\"wp-block-group has-wit-color has-text-color has-link-color wp-elements-b4b3ec6c190c876507fb0085c061afc0 is-layout-flow wp-container-core-group-is-layout-4d399660 wp-block-group-is-layout-flow\" style=\"margin-top:0;margin-bottom:0;padding-top:var(--wp--preset--spacing--50);padding-right:0;padding-bottom:var(--wp--preset--spacing--50);padding-left:0\">\n<h3 class=\"wp-block-heading alignfull has-text-align-left has-wit-color has-text-color has-link-color wp-elements-5ca311382c52767d4d84bd99fae103d1\">Vermeiden Sie Ausfallzeiten. W\u00e4hlen Sie die richtige Batterie. <\/h3>\n\n\n\n<p>Wir liefern zuverl\u00e4ssige Traktionsbatterien f\u00fcr Ihre Maschine oder Ihr Fahrzeug.<\/p>\n\n\n\n<p>\u2713 Schnelle Lieferung ab Lager<br\/>\u2713 Europ\u00e4ische Qualit\u00e4t und Sicherheit<br\/>\u2713 Technischer Support, der den Unterschied macht<\/p>\n\n\n\n<div class=\"wp-block-buttons alignfull is-horizontal is-content-justification-left is-layout-flex wp-container-core-buttons-is-layout-036cb0ab wp-block-buttons-is-layout-flex\">\n<div class=\"wp-block-button is-style-arrow\"><a class=\"wp-block-button__link has-text-align-center wp-element-button\" href=\"https:\/\/intercel.eu\/de\/motive-kontakt\/\">Pers\u00f6nliche Beratung oder Angebot erhalten<\/a><\/div>\n<\/div>\n\n\n\n<p style=\"margin-top:0;margin-bottom:0;padding-top:0;padding-right:var(--wp--preset--spacing--30);padding-bottom:0;padding-left:var(--wp--preset--spacing--30)\"><em>Wir helfen Ihnen gerne<\/em><\/p>\n<\/div>\n<\/div>\n<\/div>\n<\/div>\n<\/div>\n","protected":false},"excerpt":{"rendered":"<p>Intercel ist auf die Lieferung von AGM-Batterien f\u00fcr die maritime Industrie spezialisiert. Tats\u00e4chlich liefern wir f\u00fcr jedes Segment eine spezielle Serie von Batterien. F\u00fcr Privatboote, Segelboote, Elektroboote und kleine Motorboote bieten wir 12-Volt-AGM-Batterien an. Zus\u00e4tzlich liefern wir 2-Volt-AGM-Batterien f\u00fcr gro\u00dfe Schiffe. Diese werden dort h\u00e4ufig eingesetzt, da sie eine extrem hohe Kapazit\u00e4t bei kompaktem Geh\u00e4use &hellip; <a href=\"https:\/\/intercel.eu\/de\/motiv\/versand\/\">Fortgesetzt<\/a><\/p>\n","protected":false},"author":1,"featured_media":10171,"parent":7211,"menu_order":0,"comment_status":"open","ping_status":"open","template":"","meta":{"footnotes":""},"class_list":["post-10294","page","type-page","status-publish","has-post-thumbnail","hentry"],"acf":[],"_links":{"self":[{"href":"https:\/\/intercel.eu\/de\/wp-json\/wp\/v2\/pages\/10294","targetHints":{"allow":["GET"]}}],"collection":[{"href":"https:\/\/intercel.eu\/de\/wp-json\/wp\/v2\/pages"}],"about":[{"href":"https:\/\/intercel.eu\/de\/wp-json\/wp\/v2\/types\/page"}],"author":[{"embeddable":true,"href":"https:\/\/intercel.eu\/de\/wp-json\/wp\/v2\/users\/1"}],"replies":[{"embeddable":true,"href":"https:\/\/intercel.eu\/de\/wp-json\/wp\/v2\/comments?post=10294"}],"version-history":[{"count":6,"href":"https:\/\/intercel.eu\/de\/wp-json\/wp\/v2\/pages\/10294\/revisions"}],"predecessor-version":[{"id":37570,"href":"https:\/\/intercel.eu\/de\/wp-json\/wp\/v2\/pages\/10294\/revisions\/37570"}],"up":[{"embeddable":true,"href":"https:\/\/intercel.eu\/de\/wp-json\/wp\/v2\/pages\/7211"}],"wp:featuredmedia":[{"embeddable":true,"href":"https:\/\/intercel.eu\/de\/wp-json\/wp\/v2\/media\/10171"}],"wp:attachment":[{"href":"https:\/\/intercel.eu\/de\/wp-json\/wp\/v2\/media?parent=10294"}],"curies":[{"name":"wp","href":"https:\/\/api.w.org\/{rel}","templated":true}]}}