{"id":10296,"date":"2025-11-06T10:43:49","date_gmt":"2025-11-06T09:43:49","guid":{"rendered":"https:\/\/intercel.eu\/?page_id=10296"},"modified":"2026-04-01T16:50:04","modified_gmt":"2026-04-01T14:50:04","slug":"rehabilitation","status":"publish","type":"page","link":"https:\/\/intercel.eu\/de\/motiv\/rehabilitation\/","title":{"rendered":"Rehabilitation"},"content":{"rendered":"\n<div class=\"wp-block-group alignfull has-vertical-white-to-grey-gradient-background has-background has-global-padding is-layout-constrained wp-block-group-is-layout-constrained\" style=\"padding-top:0;padding-bottom:var(--wp--preset--spacing--70)\">\n<div class=\"wp-block-group alignfull has-global-padding is-layout-constrained wp-block-group-is-layout-constrained\" style=\"margin-bottom:var(--wp--preset--spacing--40)\">\n<div class=\"wp-block-group alignfull has-global-padding is-layout-constrained wp-container-core-group-is-layout-3ef1af14 wp-block-group-is-layout-constrained\" style=\"margin-top:0;margin-bottom:0;padding-right:var(--wp--preset--spacing--30);padding-bottom:0;padding-left:var(--wp--preset--spacing--30)\">\n<div class=\"wp-block-columns alignwide is-layout-flex wp-container-core-columns-is-layout-28f84493 wp-block-columns-is-layout-flex\">\n<div class=\"wp-block-column is-vertically-aligned-center is-layout-flow wp-block-column-is-layout-flow\" style=\"flex-basis:50%\">\n<h2 class=\"wp-block-heading\">Batterien, auf die Sie sich verlassen k\u00f6nnen<\/h2>\n<\/div>\n\n\n\n<div class=\"wp-block-column is-vertically-aligned-center is-layout-flow wp-block-column-is-layout-flow\" style=\"flex-basis:50%\">\n<p>F\u00fcr elektrisch betriebene Hilfsmittel in der Rehabilitation liefert Intercel ein passendes Sortiment an Batterien.\nZum Beispiel f\u00fcr Hebelifte, Badewannenlifte und Treppenlifte, die ausreichend Leistung erbringen m\u00fcssen.\nWir liefern auch passende Batterien f\u00fcr elektrische Rollst\u00fchle oder Elektromobile, die h\u00e4ufiges Laden und Entladen erfordern.\nWas auch immer das Ger\u00e4t ist, es muss funktionieren.\nSchlie\u00dflich sind Menschen darauf angewiesen. <\/p>\n<\/div>\n<\/div>\n<\/div>\n<\/div>\n\n\n\n<div class=\"wp-block-group alignfull is-layout-flow wp-block-group-is-layout-flow\" style=\"margin-top:0;padding-top:0;padding-right:var(--wp--preset--spacing--30);padding-left:var(--wp--preset--spacing--30)\">\n<div class=\"wp-block-group alignwide has-global-padding is-layout-constrained wp-block-group-is-layout-constrained\" style=\"padding-top:0\">\n<div class=\"wp-block-columns alignwide is-style-indrukwekkend-kolommen is-layout-flex wp-container-core-columns-is-layout-28f84493 wp-block-columns-is-layout-flex\">\n<div class=\"wp-block-column is-vertically-aligned-stretch is-style-indrukwekkend-afgerond has-vertical-bright-red-to-darker-gradient-background has-background is-layout-flow wp-block-column-is-layout-flow\">\n<figure class=\"wp-block-image aligncenter size-full is-resized is-style-default\"><img decoding=\"async\" src=\"https:\/\/intercel.eu\/app\/uploads\/sites\/3\/2024\/09\/electric-wheelchair.png\" alt=\"Batterie f&#xFC;r Elektrorollst&#xFC;hle\" class=\"wp-image-21997\" style=\"width:114px;height:auto\" \/><\/figure>\n\n\n\n<h3 class=\"wp-block-heading has-contrast-color has-wit-background-color has-text-color has-background has-link-color has-medium-font-size wp-elements-9843ef44c27f1b1ce390116151e38eb9\" style=\"margin-top:0;margin-right:0;margin-bottom:0;margin-left:0;padding-top:var(--wp--preset--spacing--20);padding-right:var(--wp--preset--spacing--20);padding-bottom:var(--wp--preset--spacing--20);padding-left:var(--wp--preset--spacing--20)\"><a href=\"https:\/\/intercel.eu\/de\/motiv\/elektrische-rollstuhlbatterien\/\" data-type=\"page\" data-id=\"10297\">Elektrischer Rollstuhl<\/a><\/h3>\n<\/div>\n\n\n\n<div class=\"wp-block-column is-vertically-aligned-stretch is-style-indrukwekkend-afgerond has-vertical-bright-red-to-darker-gradient-background has-background is-layout-flow wp-block-column-is-layout-flow\">\n<figure class=\"wp-block-image aligncenter size-full is-resized is-style-default\"><img decoding=\"async\" src=\"https:\/\/intercel.eu\/app\/uploads\/sites\/3\/2024\/09\/Revalidatie.png\" alt=\"\" class=\"wp-image-21336\" style=\"width:137px;height:auto\" \/><\/figure>\n\n\n\n<h3 class=\"wp-block-heading has-contrast-color has-wit-background-color has-text-color has-background has-link-color has-medium-font-size wp-elements-4cef12c3ca3ed7c5c70f762e203cacae\" style=\"margin-top:0;margin-right:0;margin-bottom:0;margin-left:0;padding-top:var(--wp--preset--spacing--20);padding-right:var(--wp--preset--spacing--20);padding-bottom:var(--wp--preset--spacing--20);padding-left:var(--wp--preset--spacing--20)\"><a href=\"https:\/\/intercel.eu\/de\/motiv\/elektroscooter-batterie\/\" data-type=\"page\" data-id=\"10299\">Elektromobil<\/a><\/h3>\n<\/div>\n\n\n\n<div class=\"wp-block-column is-vertically-aligned-stretch is-style-indrukwekkend-afgerond has-vertical-bright-red-to-darker-gradient-background has-background is-layout-flow wp-block-column-is-layout-flow\">\n<figure class=\"wp-block-image aligncenter size-full is-resized is-style-default\"><img decoding=\"async\" src=\"https:\/\/intercel.eu\/app\/uploads\/sites\/3\/2024\/10\/Tillift-Wit.png\" alt=\"\" class=\"wp-image-24775\" style=\"width:123px;height:auto\" \/><\/figure>\n\n\n\n<h3 class=\"wp-block-heading has-contrast-color has-wit-background-color has-text-color has-background has-link-color has-medium-font-size wp-elements-7a542b97a56bdce2655e8d8c98a57e33\" style=\"margin-top:0;margin-right:0;margin-bottom:0;margin-left:0;padding-top:var(--wp--preset--spacing--20);padding-right:var(--wp--preset--spacing--20);padding-bottom:var(--wp--preset--spacing--20);padding-left:var(--wp--preset--spacing--20)\"><a href=\"https:\/\/intercel.eu\/de\/motiv\/aufzuge\/\" data-type=\"page\" data-id=\"10283\">Patientenhebung<\/a><\/h3>\n<\/div>\n\n\n\n<div class=\"wp-block-column is-vertically-aligned-stretch is-style-indrukwekkend-afgerond has-vertical-bright-red-to-darker-gradient-background has-background is-layout-flow wp-block-column-is-layout-flow\">\n<figure class=\"wp-block-image aligncenter size-full is-resized is-style-default\"><img decoding=\"async\" src=\"https:\/\/intercel.eu\/app\/uploads\/sites\/3\/2024\/09\/stair-1.png\" alt=\"Treppenlift-Batterie\" class=\"wp-image-22002\" style=\"width:108px;height:auto\" \/><\/figure>\n\n\n\n<h3 class=\"wp-block-heading has-contrast-color has-wit-background-color has-text-color has-background has-link-color has-medium-font-size wp-elements-0f304c0b87df1a1f59806bc1cdffe100\" style=\"margin-top:0;margin-right:0;margin-bottom:0;margin-left:0;padding-top:var(--wp--preset--spacing--20);padding-right:var(--wp--preset--spacing--20);padding-bottom:var(--wp--preset--spacing--20);padding-left:var(--wp--preset--spacing--20)\"><a href=\"https:\/\/intercel.eu\/de\/motiv\/treppenlift\/\" data-type=\"page\" data-id=\"10303\">Treppenlift<\/a><\/h3>\n<\/div>\n<\/div>\n<\/div>\n<\/div>\n<\/div>\n\n<div class=\"wp-block-group is-layout-flow wp-block-group-is-layout-flow\" style=\"padding-top:var(--wp--preset--spacing--30);padding-bottom:var(--wp--preset--spacing--30)\">\n<p><strong>Im 21. Jahrhundert bringt die medizinische Versorgung immer mehr Innovationen hervor.\nIn einer Gesellschaft, in der die Menschen immer l\u00e4nger leben und die Bev\u00f6lkerung w\u00e4chst, wird die Qualit\u00e4t unseres Lebens zu einem zentralen Anliegen.\nMedizinische Ger\u00e4te und Rehabilitationsanwendungen werden uns ein ges\u00fcnderes und mobileres Leben erm\u00f6glichen.\nImmer h\u00e4ufiger wird die Funktionalit\u00e4t medizinischer Anwendungen von einer Batterie abh\u00e4ngen. <\/strong><\/p>\n\n\n\n<h2 class=\"wp-block-heading has-x-large-font-size\">Qualit\u00e4tsbatterien f\u00fcr den Rehabilitationssektor<\/h2>\n\n\n\n<p>Sicherheit und Zuverl\u00e4ssigkeit sind wichtige Anforderungen an medizinische Anwendungen.\nDeshalb stellen wir die Qualit\u00e4t unserer Batterien f\u00fcr die medizinische Versorgung nach bestem Wissen und Gewissen sicher.\nIntercel bietet eine Reihe von VRLA- und Lithium-Batterien f\u00fcr medizinische Anwendungen an, die so konzipiert sind, dass sie allen Arten von Umgebungsbedingungen ohne Ausfall oder Kapazit\u00e4tsverlust standhalten.\nWir stehen hinter der Qualit\u00e4t unserer Produkte und testen sie ausgiebig, um sicherzustellen, dass Sie sich jederzeit auf unsere Batteriel\u00f6sungen verlassen k\u00f6nnen. <\/p>\n\n\n\n<h2 class=\"wp-block-heading has-x-large-font-size\">Batterieladeger\u00e4te f\u00fcr Rehabilitationshilfen<\/h2>\n\n\n\n<p>F\u00fcr das Laden von Batterien f\u00fcr Rehabilitationshilfen hat Intercel speziell ausgew\u00e4hlte 24V-<a href=\"https:\/\/intercel.eu\/de\/motiv\/ladegeraete\/\" data-type=\"page\" data-id=\"17647\">Batterieladeger\u00e4te<\/a> im Sortiment. Erg\u00e4nzend zu unserem Angebot an zyklischen AGM-Batterien f\u00fcr Medizin- und Rehabilitationsanwendungen liefern wir Cellpower L CP Batterieladeger\u00e4te. Diese Batterieladeger\u00e4te sind medizinisch zertifiziert und f\u00fcr Anwendungen in der Rehabilitation und medizinischen Versorgung zugelassen. Cellpower Batterieladeger\u00e4te sind sehr benutzerfreundlich und einfach zu bedienen.   <\/p>\n\n\n\n<div class=\"wp-block-buttons is-layout-flex wp-block-buttons-is-layout-flex\">\n<div class=\"wp-block-button is-style-fill\"><a class=\"wp-block-button__link wp-element-button\" href=\"https:\/\/intercel.eu\/de\/industries\/rehabilitation\/\">Alle Batterien f\u00fcr die Rehabilitation anzeigen<\/a><\/div>\n<\/div>\n\n\n\n<div class=\"wp-block-group has-global-padding is-layout-constrained wp-block-group-is-layout-constrained\">\n<div class=\"wp-block-columns has-wit-color has-horizontal-grey-to-dark-grey-gradient-background has-text-color has-background has-link-color wp-elements-31fd4d24eeb3cb2fe4a4dd02eba8c7c8 is-layout-flex wp-container-core-columns-is-layout-a5331a9e wp-block-columns-is-layout-flex\" style=\"border-top-left-radius:35px;border-top-right-radius:32px;border-bottom-left-radius:35px;border-bottom-right-radius:32px;padding-top:0;padding-right:0;padding-bottom:0;padding-left:0;box-shadow:var(--wp--preset--shadow--natural)\">\n<div class=\"wp-block-column is-vertically-aligned-stretch is-layout-flow wp-block-column-is-layout-flow\" style=\"flex-basis:33.33%\">\n<div class=\"wp-block-group is-style-default has-global-padding is-layout-constrained wp-container-core-group-is-layout-72d38984 wp-block-group-is-layout-constrained has-background\" style=\"border-top-left-radius:25px;border-bottom-left-radius:25px;min-height:100%;margin-top:0;margin-bottom:0;padding-top:0;padding-right:0;padding-bottom:0;padding-left:0;background-image:url(&apos;https:\/\/intercel.eu\/\/app\/uploads\/2025\/11\/Intercel-Groep_04-1-scaled.jpg&apos;);background-position:38% 99%;background-size:cover;\">\n<div style=\"height:191px\" aria-hidden=\"true\" class=\"wp-block-spacer\"><\/div>\n<\/div>\n<\/div>\n\n\n\n<div class=\"wp-block-column is-vertically-aligned-center is-style-indrukwekkend-afgerond is-layout-flow wp-container-core-column-is-layout-f2c55d9d wp-block-column-is-layout-flow\" style=\"border-style:none;border-width:0px;padding-top:var(--wp--preset--spacing--20);padding-right:var(--wp--preset--spacing--30);padding-bottom:var(--wp--preset--spacing--20);padding-left:var(--wp--preset--spacing--10)\">\n<div class=\"wp-block-group has-wit-color has-text-color has-link-color wp-elements-b4b3ec6c190c876507fb0085c061afc0 is-layout-flow wp-container-core-group-is-layout-4d399660 wp-block-group-is-layout-flow\" style=\"margin-top:0;margin-bottom:0;padding-top:var(--wp--preset--spacing--50);padding-right:0;padding-bottom:var(--wp--preset--spacing--50);padding-left:0\">\n<h3 class=\"wp-block-heading alignfull has-text-align-left has-wit-color has-text-color has-link-color wp-elements-5ca311382c52767d4d84bd99fae103d1\">Vermeiden Sie Ausfallzeiten. W\u00e4hlen Sie die richtige Batterie. <\/h3>\n\n\n\n<p>Wir liefern zuverl\u00e4ssige Traktionsbatterien f\u00fcr Ihre Maschine oder Ihr Fahrzeug.<\/p>\n\n\n\n<p>\u2713 Schnelle Lieferung ab Lager<br\/>\u2713 Europ\u00e4ische Qualit\u00e4t und Sicherheit<br\/>\u2713 Technischer Support, der den Unterschied macht<\/p>\n\n\n\n<div class=\"wp-block-buttons alignfull is-horizontal is-content-justification-left is-layout-flex wp-container-core-buttons-is-layout-036cb0ab wp-block-buttons-is-layout-flex\">\n<div class=\"wp-block-button is-style-arrow\"><a class=\"wp-block-button__link has-text-align-center wp-element-button\" href=\"https:\/\/intercel.eu\/de\/motive-kontakt\/\">Pers\u00f6nliche Beratung oder Angebot erhalten<\/a><\/div>\n<\/div>\n\n\n\n<p style=\"margin-top:0;margin-bottom:0;padding-top:0;padding-right:var(--wp--preset--spacing--30);padding-bottom:0;padding-left:var(--wp--preset--spacing--30)\"><em>Wir helfen Ihnen gerne<\/em><\/p>\n<\/div>\n<\/div>\n<\/div>\n<\/div>\n<\/div>\n","protected":false},"excerpt":{"rendered":"<p>Batterien, auf die Sie sich verlassen k\u00f6nnen F\u00fcr elektrisch betriebene Hilfsmittel in der Rehabilitation liefert Intercel ein passendes Sortiment an Batterien. Zum Beispiel f\u00fcr Hebelifte, Badewannenlifte und Treppenlifte, die ausreichend Leistung erbringen m\u00fcssen. Wir liefern auch passende Batterien f\u00fcr elektrische Rollst\u00fchle oder Elektromobile, die h\u00e4ufiges Laden und Entladen erfordern. Was auch immer das Ger\u00e4t ist, &hellip; <a href=\"https:\/\/intercel.eu\/de\/motiv\/rehabilitation\/\">Fortgesetzt<\/a><\/p>\n","protected":false},"author":1,"featured_media":0,"parent":7211,"menu_order":0,"comment_status":"open","ping_status":"open","template":"","meta":{"footnotes":""},"class_list":["post-10296","page","type-page","status-publish","hentry"],"acf":[],"_links":{"self":[{"href":"https:\/\/intercel.eu\/de\/wp-json\/wp\/v2\/pages\/10296","targetHints":{"allow":["GET"]}}],"collection":[{"href":"https:\/\/intercel.eu\/de\/wp-json\/wp\/v2\/pages"}],"about":[{"href":"https:\/\/intercel.eu\/de\/wp-json\/wp\/v2\/types\/page"}],"author":[{"embeddable":true,"href":"https:\/\/intercel.eu\/de\/wp-json\/wp\/v2\/users\/1"}],"replies":[{"embeddable":true,"href":"https:\/\/intercel.eu\/de\/wp-json\/wp\/v2\/comments?post=10296"}],"version-history":[{"count":8,"href":"https:\/\/intercel.eu\/de\/wp-json\/wp\/v2\/pages\/10296\/revisions"}],"predecessor-version":[{"id":37421,"href":"https:\/\/intercel.eu\/de\/wp-json\/wp\/v2\/pages\/10296\/revisions\/37421"}],"up":[{"embeddable":true,"href":"https:\/\/intercel.eu\/de\/wp-json\/wp\/v2\/pages\/7211"}],"wp:attachment":[{"href":"https:\/\/intercel.eu\/de\/wp-json\/wp\/v2\/media?parent=10296"}],"curies":[{"name":"wp","href":"https:\/\/api.w.org\/{rel}","templated":true}]}}