{"id":10300,"date":"2025-11-06T10:43:49","date_gmt":"2025-11-06T09:43:49","guid":{"rendered":"https:\/\/intercel.eu\/?page_id=10300"},"modified":"2026-04-01T16:56:49","modified_gmt":"2026-04-01T14:56:49","slug":"elektroscooter-batterie","status":"publish","type":"page","link":"https:\/\/intercel.eu\/de\/motiv\/elektroscooter-batterie\/","title":{"rendered":"Batterie f\u00fcr Elektromobile"},"content":{"rendered":"\n<div class=\"wp-block-group has-global-padding is-layout-constrained wp-block-group-is-layout-constrained\">\n<p><strong>Leider gibt es nicht die eine perfekte Batterie. Welche Batterie am besten geeignet ist, h\u00e4ngt von der Anwendung und der Handhabung durch den Nutzer ab. Unsere Berater helfen Ihnen gerne dabei, die beste Batterie f\u00fcr ein bestimmtes Elektromobil zu finden. Schlie\u00dflich verf\u00fcgen sie \u00fcber jahrelange Erfahrung in diesem Sektor und wissen, welche Fragen zu stellen sind, um gemeinsam die optimale Batterie zu finden. M\u00f6chten Sie mehr \u00fcber die wichtigsten Batterieeigenschaften f\u00fcr ein Elektromobil erfahren?     Lesen Sie weiter. <\/strong><\/p>\n\n\n\n<div class=\"wp-block-group has-global-padding is-layout-constrained wp-block-group-is-layout-constrained\">\n<div class=\"wp-block-columns has-wit-color has-horizontal-grey-to-dark-grey-gradient-background has-text-color has-background has-link-color wp-elements-31fd4d24eeb3cb2fe4a4dd02eba8c7c8 is-layout-flex wp-container-core-columns-is-layout-a5331a9e wp-block-columns-is-layout-flex\" style=\"border-top-left-radius:35px;border-top-right-radius:32px;border-bottom-left-radius:35px;border-bottom-right-radius:32px;padding-top:0;padding-right:0;padding-bottom:0;padding-left:0;box-shadow:var(--wp--preset--shadow--natural)\">\n<div class=\"wp-block-column is-vertically-aligned-stretch is-layout-flow wp-block-column-is-layout-flow\" style=\"flex-basis:33.33%\">\n<div class=\"wp-block-group is-style-default has-global-padding is-layout-constrained wp-container-core-group-is-layout-72d38984 wp-block-group-is-layout-constrained has-background\" style=\"border-top-left-radius:25px;border-bottom-left-radius:25px;min-height:100%;margin-top:0;margin-bottom:0;padding-top:0;padding-right:0;padding-bottom:0;padding-left:0;background-image:url(&apos;https:\/\/intercel.eu\/\/app\/uploads\/2025\/11\/Intercel-Groep_04-1-scaled.jpg&apos;);background-position:38% 99%;background-size:cover;\">\n<div style=\"height:191px\" aria-hidden=\"true\" class=\"wp-block-spacer\"><\/div>\n<\/div>\n<\/div>\n\n\n\n<div class=\"wp-block-column is-vertically-aligned-center is-style-indrukwekkend-afgerond is-layout-flow wp-container-core-column-is-layout-f2c55d9d wp-block-column-is-layout-flow\" style=\"border-style:none;border-width:0px;padding-top:var(--wp--preset--spacing--20);padding-right:var(--wp--preset--spacing--30);padding-bottom:var(--wp--preset--spacing--20);padding-left:var(--wp--preset--spacing--10)\">\n<div class=\"wp-block-group has-wit-color has-text-color has-link-color wp-elements-b4b3ec6c190c876507fb0085c061afc0 is-layout-flow wp-container-core-group-is-layout-4d399660 wp-block-group-is-layout-flow\" style=\"margin-top:0;margin-bottom:0;padding-top:var(--wp--preset--spacing--50);padding-right:0;padding-bottom:var(--wp--preset--spacing--50);padding-left:0\">\n<h3 class=\"wp-block-heading alignfull has-text-align-left has-wit-color has-text-color has-link-color wp-elements-5ca311382c52767d4d84bd99fae103d1\">Vermeiden Sie Ausfallzeiten. W\u00e4hlen Sie die richtige Batterie. <\/h3>\n\n\n\n<p>Wir liefern zuverl\u00e4ssige Traktionsbatterien f\u00fcr Ihre Maschine oder Ihr Fahrzeug.<\/p>\n\n\n\n<p>\u2713 Schnelle Lieferung ab Lager<br\/>\u2713 Europ\u00e4ische Qualit\u00e4t und Sicherheit<br\/>\u2713 Technischer Support, der den Unterschied macht<\/p>\n\n\n\n<div class=\"wp-block-buttons alignfull is-horizontal is-content-justification-left is-layout-flex wp-container-core-buttons-is-layout-036cb0ab wp-block-buttons-is-layout-flex\">\n<div class=\"wp-block-button is-style-arrow\"><a class=\"wp-block-button__link has-text-align-center wp-element-button\" href=\"https:\/\/intercel.eu\/de\/motive-kontakt\/\">Pers\u00f6nliche Beratung oder Angebot erhalten<\/a><\/div>\n<\/div>\n\n\n\n<p style=\"margin-top:0;margin-bottom:0;padding-top:0;padding-right:var(--wp--preset--spacing--30);padding-bottom:0;padding-left:var(--wp--preset--spacing--30)\"><em>Wir helfen Ihnen gerne<\/em><\/p>\n<\/div>\n<\/div>\n<\/div>\n<\/div>\n\n\n\n<div style=\"margin-top:0;margin-bottom:0;height:16px\" aria-hidden=\"true\" class=\"wp-block-spacer\"><\/div>\n\n\n\n<h2 class=\"wp-block-heading has-x-large-font-size\">Zuverl\u00e4ssigkeit und Qualit\u00e4t<\/h2>\n\n\n\n<p>Wichtig sind die Zuverl\u00e4ssigkeit und die langfristige Energieversorgung Ihres Rollstuhls. Die AGM-Batterie der <a href=\"https:\/\/intercel.eu\/de\/marken\/cellpower\/cpc-serie\/\" data-type=\"product_brand\" data-id=\"2100\">Cellpower CPC-Serie<\/a> ist von einer Qualit\u00e4t, die Ihnen \u00fcber einen langen Zeitraum hinweg hohen Bedienkomfort, Sicherheit und Freude bietet.  Diese batterien verf\u00fcgen \u00fcber eine hervorragende Best\u00e4ndigkeit gegen Tiefentladung und k\u00f6nnen vielfach wiederaufgeladen werden.<\/p>\n\n\n\n<div style=\"margin-top:0;margin-bottom:0;height:16px\" aria-hidden=\"true\" class=\"wp-block-spacer\"><\/div>\n\n\n\n<p class=\"has-text-align-left is-style-plain has-donker-grijs-color has-text-color has-link-color has-x-large-font-size wp-elements-39951f6ffd0385c503ab9e89f69dae5b\"><em>\u201c<strong>Intercels Wissen und Service haben uns schnell \u00fcberzeugt.\nF\u00fcr mich war die Offenheit in der Forschungsphase und Intercels substanzielles Wissen besonders beeindruckend.\nDie Zusammenarbeit mit Intercel ist offen und ohne Geheimnisse. \u201c<\/strong><\/em><\/p>\n\n\n\n<p><strong>Mark van Ginneken<\/strong><br\/><em>Produktspezialist, Vermeiren<\/em><\/p>\n\n\n\n<h2 class=\"wp-block-heading has-x-large-font-size\">Medizinische 24V-Batterieladeger\u00e4te f\u00fcr Elektromobile<\/h2>\n\n\n\n<p>Intercel bietet eine breite Palette an passenden <a href=\"https:\/\/intercel.eu\/de\/motiv\/ladegeraete\/\" data-type=\"page\" data-id=\"17647\">24V-Batterieladeger\u00e4ten<\/a> f\u00fcr Elektromobile an. Einige Typen von 24V-Batterieladeger\u00e4ten erf\u00fcllen medizinische Standards und eignen sich daher hervorragend zum Laden des Batteriesatzes Ihres Elektromobils. <\/p>\n\n\n\n<div style=\"margin-top:0;margin-bottom:0;height:16px\" aria-hidden=\"true\" class=\"wp-block-spacer\"><\/div>\n\n\n\n<h2 class=\"wp-block-heading has-x-large-font-size\">Zuverl\u00e4ssiges Elektromobil mit einer Intercel-Batterie<\/h2>\n\n\n\n<p>Batterien f\u00fcr Elektromobile m\u00fcssen zuverl\u00e4ssig sein.\nDie Nutzer sind in besonderem Ma\u00dfe auf das einwandfreie Funktionieren dieser Ger\u00e4te angewiesen.\nOhne eine gute Batterie kann ein Elektromobil w\u00e4hrend der Fahrt zum Stillstand kommen.\nWir legen gro\u00dfen Wert auf die Qualit\u00e4t unserer Batterien.\nDaher k\u00f6nnen Sie darauf vertrauen, dass diese Sie nicht im Stich lassen. <\/p>\n\n\n\n<div class=\"wp-block-buttons is-layout-flex wp-block-buttons-is-layout-flex\">\n<div class=\"wp-block-button\"><a class=\"wp-block-button__link wp-element-button\" href=\"https:\/\/intercel.eu\/de\/industries\/rehabilitation\/elektromobil\/\">Unsere Batterien f\u00fcr Elektromobile ansehen<\/a><\/div>\n<\/div>\n\n\n\n<div style=\"margin-top:0;margin-bottom:0;height:16px\" aria-hidden=\"true\" class=\"wp-block-spacer\"><\/div>\n\n\n\n<h2 class=\"wp-block-heading has-x-large-font-size\">Pers\u00f6nliche Beratung anfordern<\/h2>\n\n\n\n<p>Sie sind sich nicht sicher, welche Batterie am besten zu den Elektromobilen in Ihrem Sortiment passt? Wir beraten Sie gerne. Stellen Sie Ihre Frage \u00fcber das untenstehende Formular und wir werden uns innerhalb von einem Werktag mit Ihnen in Verbindung setzen. Ben\u00f6tigen Sie sofort Hilfe? Rufen Sie uns an; unsere Nummer finden Sie auf unserer <a href=\"https:\/\/intercel.eu\/de\/motive-kontakt\/\" data-type=\"page\" data-id=\"37272\">Kontaktseite<\/a>.    <\/p>\n<\/div>\n","protected":false},"excerpt":{"rendered":"<p>Leider gibt es nicht die eine perfekte Batterie. Welche Batterie am besten geeignet ist, h\u00e4ngt von der Anwendung und der Handhabung durch den Nutzer ab. Unsere Berater helfen Ihnen gerne dabei, die beste Batterie f\u00fcr ein bestimmtes Elektromobil zu finden. Schlie\u00dflich verf\u00fcgen sie \u00fcber jahrelange Erfahrung in diesem Sektor und wissen, welche Fragen zu stellen &hellip; <a href=\"https:\/\/intercel.eu\/de\/motiv\/elektroscooter-batterie\/\">Fortgesetzt<\/a><\/p>\n","protected":false},"author":1,"featured_media":0,"parent":7211,"menu_order":0,"comment_status":"open","ping_status":"open","template":"","meta":{"footnotes":""},"class_list":["post-10300","page","type-page","status-publish","hentry"],"acf":[],"_links":{"self":[{"href":"https:\/\/intercel.eu\/de\/wp-json\/wp\/v2\/pages\/10300","targetHints":{"allow":["GET"]}}],"collection":[{"href":"https:\/\/intercel.eu\/de\/wp-json\/wp\/v2\/pages"}],"about":[{"href":"https:\/\/intercel.eu\/de\/wp-json\/wp\/v2\/types\/page"}],"author":[{"embeddable":true,"href":"https:\/\/intercel.eu\/de\/wp-json\/wp\/v2\/users\/1"}],"replies":[{"embeddable":true,"href":"https:\/\/intercel.eu\/de\/wp-json\/wp\/v2\/comments?post=10300"}],"version-history":[{"count":5,"href":"https:\/\/intercel.eu\/de\/wp-json\/wp\/v2\/pages\/10300\/revisions"}],"predecessor-version":[{"id":37442,"href":"https:\/\/intercel.eu\/de\/wp-json\/wp\/v2\/pages\/10300\/revisions\/37442"}],"up":[{"embeddable":true,"href":"https:\/\/intercel.eu\/de\/wp-json\/wp\/v2\/pages\/7211"}],"wp:attachment":[{"href":"https:\/\/intercel.eu\/de\/wp-json\/wp\/v2\/media?parent=10300"}],"curies":[{"name":"wp","href":"https:\/\/api.w.org\/{rel}","templated":true}]}}