{"id":10302,"date":"2025-11-06T10:43:49","date_gmt":"2025-11-06T09:43:49","guid":{"rendered":"https:\/\/intercel.eu\/?page_id=10302"},"modified":"2025-12-16T14:51:40","modified_gmt":"2025-12-16T13:51:40","slug":"patienten-hebebatterie","status":"publish","type":"page","link":"https:\/\/intercel.eu\/de\/motiv\/patienten-hebebatterie\/","title":{"rendered":"Patienten-Hebebatterie"},"content":{"rendered":"\n<div class=\"wp-block-group has-global-padding is-layout-constrained wp-block-group-is-layout-constrained\">\n<p><strong>Leider gibt es keinen einzigen perfekten Akku.\nWelche Batterie am besten geeignet ist, h\u00e4ngt von der Anwendung und dem Umgang des Nutzers ab.\nWir helfen Ihnen gerne, eine passende Batterie f\u00fcr einen bestimmten Hebezug zu finden.\nUnsere Berater verf\u00fcgen \u00fcber jahrelange Erfahrung in diesem Bereich und stellen die richtigen Fragen, um Ihnen zu helfen, die beste Batterie zu finden.\nM\u00f6chten Sie mehr \u00fcber die wichtigsten Eigenschaften einer Hebebatterie erfahren?\nDann lies weiter.  <\/strong><\/p>\n\n\n\n<div class=\"wp-block-buttons is-layout-flex wp-block-buttons-is-layout-flex\">\n<div class=\"wp-block-button\"><a class=\"wp-block-button__link wp-element-button\" href=\"https:\/\/intercel.eu\/products\/batteries\/?_industries=patient-lift\">Sehen Sie sich unsere Batterien f\u00fcr Patientenhebungen an<\/a><\/div>\n<\/div>\n\n\n\n<div style=\"margin-top:0;margin-bottom:0;height:24px\" aria-hidden=\"true\" class=\"wp-block-spacer\"><\/div>\n\n\n\n<h2 class=\"wp-block-heading has-x-large-font-size\">Zuverl\u00e4ssige Patientenhebungen mit hochwertiger Batterie<\/h2>\n\n\n\n<p>Batterien f\u00fcr medizinische Ger\u00e4te, Aufz\u00fcge, Badeaufz\u00fcge oder Treppenaufz\u00fcge m\u00fcssen zuverl\u00e4ssig sein.\nDie Nutzer sind besonders abh\u00e4ngig von der ordnungsgem\u00e4\u00dfen Funktionsweise dieser Ger\u00e4te.\nZum Beispiel kann ein Heber ohne gute Batterie auf halber Strecke stoppen.\nWir legen gro\u00dfen Wert auf die Qualit\u00e4t unserer Batterien.\nDaher k\u00f6nnen Sie sicher sein, dass sie Sie nicht entt\u00e4uschen.  <\/p>\n\n\n\n<p>Wir haben eine sehr gro\u00dfe Auswahl an versiegelten <a href=\"https:\/\/www.intercel.eu\/nl\/accu\/\">Blei-S\u00e4ure-Batterien<\/a> f\u00fcr Heber und legen gro\u00dfen Wert auf die Qualit\u00e4t unserer Batterien.<\/p>\n\n\n\n<div style=\"margin-top:0;margin-bottom:0;height:22px\" aria-hidden=\"true\" class=\"wp-block-spacer\"><\/div>\n\n\n\n<p class=\"has-donker-grijs-color has-text-color has-link-color has-x-large-font-size wp-elements-d50bc811ba9d5212a734d386db6516f6\"><em>\u201c<strong>Intercels Wissen und Service haben uns schnell \u00fcberzeugt.\nF\u00fcr mich war die Offenheit in der Forschungsphase und Intercels substanzielles Wissen besonders beeindruckend.\nDie Zusammenarbeit mit Intercel ist offen und ohne Geheimnisse. \u201c<\/strong><\/em><\/p>\n\n\n\n<p><strong>Mark van Ginneken<\/strong><br \/><em>Produktspezialist, Vermeiren<\/em><\/p>\n\n\n\n<div style=\"margin-top:0;margin-bottom:0;height:27px\" aria-hidden=\"true\" class=\"wp-block-spacer\"><\/div>\n\n\n\n<h2 class=\"wp-block-heading has-x-large-font-size\">Pers\u00f6nliche Beratung anfordern<\/h2>\n\n\n\n<p>Bist du dir nicht sicher, welche Batterie am besten zu den Aufz\u00fcgen in deinem Bereich passt?\nWir geben Ihnen gerne Ratschl\u00e4ge.\nStellen Sie Ihre Frage \u00fcber das untenstehende Formular und wir werden Sie innerhalb eines Werktages kontaktieren.\nBrauchen Sie sofort Hilfe?\nRufen Sie uns unter <a href=\"tel:+310885149900\" target=\"_blank\" rel=\"noreferrer noopener\">+31(0)88 &#8211; 514 99 00<\/a> an.  <\/p>\n<\/div>\n","protected":false},"excerpt":{"rendered":"<p>Leider gibt es keinen einzigen perfekten Akku. Welche Batterie am besten geeignet ist, h\u00e4ngt von der Anwendung und dem Umgang des Nutzers ab. Wir helfen Ihnen gerne, eine passende Batterie f\u00fcr einen bestimmten Hebezug zu finden. Unsere Berater verf\u00fcgen \u00fcber jahrelange Erfahrung in diesem Bereich und stellen die richtigen Fragen, um Ihnen zu helfen, die &hellip; <a href=\"https:\/\/intercel.eu\/de\/motiv\/patienten-hebebatterie\/\">Fortgesetzt<\/a><\/p>\n","protected":false},"author":1,"featured_media":0,"parent":7211,"menu_order":0,"comment_status":"open","ping_status":"open","template":"","meta":{"footnotes":""},"class_list":["post-10302","page","type-page","status-publish","hentry"],"acf":[],"_links":{"self":[{"href":"https:\/\/intercel.eu\/de\/wp-json\/wp\/v2\/pages\/10302","targetHints":{"allow":["GET"]}}],"collection":[{"href":"https:\/\/intercel.eu\/de\/wp-json\/wp\/v2\/pages"}],"about":[{"href":"https:\/\/intercel.eu\/de\/wp-json\/wp\/v2\/types\/page"}],"author":[{"embeddable":true,"href":"https:\/\/intercel.eu\/de\/wp-json\/wp\/v2\/users\/1"}],"replies":[{"embeddable":true,"href":"https:\/\/intercel.eu\/de\/wp-json\/wp\/v2\/comments?post=10302"}],"version-history":[{"count":3,"href":"https:\/\/intercel.eu\/de\/wp-json\/wp\/v2\/pages\/10302\/revisions"}],"predecessor-version":[{"id":22910,"href":"https:\/\/intercel.eu\/de\/wp-json\/wp\/v2\/pages\/10302\/revisions\/22910"}],"up":[{"embeddable":true,"href":"https:\/\/intercel.eu\/de\/wp-json\/wp\/v2\/pages\/7211"}],"wp:attachment":[{"href":"https:\/\/intercel.eu\/de\/wp-json\/wp\/v2\/media?parent=10302"}],"curies":[{"name":"wp","href":"https:\/\/api.w.org\/{rel}","templated":true}]}}