{"id":10304,"date":"2025-11-06T10:44:01","date_gmt":"2025-11-06T09:44:01","guid":{"rendered":"https:\/\/intercel.eu\/?page_id=10304"},"modified":"2026-04-01T17:01:31","modified_gmt":"2026-04-01T15:01:31","slug":"treppenlift","status":"publish","type":"page","link":"https:\/\/intercel.eu\/de\/motiv\/treppenlift\/","title":{"rendered":"Treppenliftbatterien"},"content":{"rendered":"\n<div class=\"wp-block-group has-global-padding is-layout-constrained wp-block-group-is-layout-constrained\">\n<p><strong>Leider gibt es nicht die eine perfekte Batterie.\nWelche Batterie am besten geeignet ist, h\u00e4ngt von der Anwendung und der Handhabung durch den Benutzer ab.\nGerne helfen wir Ihnen, die beste Batterie f\u00fcr einen bestimmten Treppenlift zu finden.\nUnsere Berater verf\u00fcgen \u00fcber jahrelange Erfahrung in dieser Branche und stellen die richtigen Fragen, um gemeinsam die beste Batterie zu finden.\nM\u00f6chten Sie mehr \u00fcber die wichtigsten Batterie-Eigenschaften f\u00fcr einen Treppenlift erfahren?\nDann lesen Sie weiter. <\/strong><\/p>\n\n\n\n<div style=\"margin-top:0;margin-bottom:0;height:14px\" aria-hidden=\"true\" class=\"wp-block-spacer\"><\/div>\n\n\n\n<h2 class=\"wp-block-heading has-x-large-font-size\">Treppenliftbatterien mit zuverl\u00e4ssiger Qualit\u00e4t<\/h2>\n\n\n\n<p>Batterien f\u00fcr medizinische Ger\u00e4te m\u00fcssen zuverl\u00e4ssig sein.\nBenutzer sind besonders auf die einwandfreie Funktion dieser Ger\u00e4te angewiesen.\nOhne eine gute Batterie kann ein Treppenlift beispielsweise auf halbem Weg stehen bleiben.\nWir legen gro\u00dfen Wert auf die Qualit\u00e4t unserer Batterien.\nDaher k\u00f6nnen Sie sich darauf verlassen, dass sie Sie nicht im Stich lassen werden. <\/p>\n\n\n\n<div class=\"wp-block-buttons is-layout-flex wp-block-buttons-is-layout-flex\">\n<div class=\"wp-block-button\"><a class=\"wp-block-button__link wp-element-button\" href=\"https:\/\/intercel.eu\/de\/industries\/rehabilitation\/treppenlift\/\">Entdecken Sie unsere Batterien f\u00fcr Treppenlifte<\/a><\/div>\n<\/div>\n\n\n\n<div style=\"margin-top:0;margin-bottom:0;height:14px\" aria-hidden=\"true\" class=\"wp-block-spacer\"><\/div>\n\n\n\n<p class=\"has-text-align-left is-style-plain has-donker-grijs-color has-text-color has-link-color has-x-large-font-size wp-elements-39951f6ffd0385c503ab9e89f69dae5b\"><em>\u201c<strong>Intercels Wissen und Service haben uns schnell \u00fcberzeugt.\nF\u00fcr mich war die Offenheit in der Forschungsphase und Intercels substanzielles Wissen besonders beeindruckend.\nDie Zusammenarbeit mit Intercel ist offen und ohne Geheimnisse. \u201c<\/strong><\/em><\/p>\n\n\n\n<p><strong>Mark van Ginneken<\/strong><br\/><em>Produktspezialist, Vermeiren<\/em><\/p>\n\n\n\n<div style=\"margin-top:0;margin-bottom:0;height:14px\" aria-hidden=\"true\" class=\"wp-block-spacer\"><\/div>\n\n\n\n<h2 class=\"wp-block-heading has-x-large-font-size\">Pers\u00f6nliche Beratung: die besten Batterien f\u00fcr Treppenlifte<\/h2>\n\n\n\n<p>Intercel bietet spezielle, hochwertige <a href=\"https:\/\/intercel.eu\/de\/wissen-erkenntnisse\/batterietechnologie\/agm-batterien\/\" data-type=\"page\" data-id=\"10224\">AGM-Batterien<\/a> f\u00fcr Treppenlifte an. Sie sind sich nicht sicher, welche Batterie f\u00fcr die Treppenlifte in Ihrem Sortiment am besten geeignet ist? Wir beraten Sie gerne. Stellen Sie Ihre Frage \u00fcber das untenstehende Formular und wir werden uns innerhalb eines Werktages bei Ihnen melden. Ben\u00f6tigen Sie sofort Hilfe? Rufen Sie uns an, unsere Nummer finden Sie auf unserer <a href=\"https:\/\/intercel.eu\/de\/motive-kontakt\/\" data-type=\"page\" data-id=\"37272\">Kontaktseite<\/a>.     <\/p>\n<\/div>\n\n<div class=\"wp-block-group has-global-padding is-layout-constrained wp-block-group-is-layout-constrained\">\n<div class=\"wp-block-columns has-wit-color has-horizontal-grey-to-dark-grey-gradient-background has-text-color has-background has-link-color wp-elements-31fd4d24eeb3cb2fe4a4dd02eba8c7c8 is-layout-flex wp-container-core-columns-is-layout-a5331a9e wp-block-columns-is-layout-flex\" style=\"border-top-left-radius:35px;border-top-right-radius:32px;border-bottom-left-radius:35px;border-bottom-right-radius:32px;padding-top:0;padding-right:0;padding-bottom:0;padding-left:0;box-shadow:var(--wp--preset--shadow--natural)\">\n<div class=\"wp-block-column is-vertically-aligned-stretch is-layout-flow wp-block-column-is-layout-flow\" style=\"flex-basis:33.33%\">\n<div class=\"wp-block-group is-style-default has-global-padding is-layout-constrained wp-container-core-group-is-layout-72d38984 wp-block-group-is-layout-constrained has-background\" style=\"border-top-left-radius:25px;border-bottom-left-radius:25px;min-height:100%;margin-top:0;margin-bottom:0;padding-top:0;padding-right:0;padding-bottom:0;padding-left:0;background-image:url(&apos;https:\/\/intercel.eu\/\/app\/uploads\/2025\/11\/Intercel-Groep_04-1-scaled.jpg&apos;);background-position:38% 99%;background-size:cover;\">\n<div style=\"height:191px\" aria-hidden=\"true\" class=\"wp-block-spacer\"><\/div>\n<\/div>\n<\/div>\n\n\n\n<div class=\"wp-block-column is-vertically-aligned-center is-style-indrukwekkend-afgerond is-layout-flow wp-container-core-column-is-layout-f2c55d9d wp-block-column-is-layout-flow\" style=\"border-style:none;border-width:0px;padding-top:var(--wp--preset--spacing--20);padding-right:var(--wp--preset--spacing--30);padding-bottom:var(--wp--preset--spacing--20);padding-left:var(--wp--preset--spacing--10)\">\n<div class=\"wp-block-group has-wit-color has-text-color has-link-color wp-elements-b4b3ec6c190c876507fb0085c061afc0 is-layout-flow wp-container-core-group-is-layout-4d399660 wp-block-group-is-layout-flow\" style=\"margin-top:0;margin-bottom:0;padding-top:var(--wp--preset--spacing--50);padding-right:0;padding-bottom:var(--wp--preset--spacing--50);padding-left:0\">\n<h3 class=\"wp-block-heading alignfull has-text-align-left has-wit-color has-text-color has-link-color wp-elements-5ca311382c52767d4d84bd99fae103d1\">Vermeiden Sie Ausfallzeiten. W\u00e4hlen Sie die richtige Batterie. <\/h3>\n\n\n\n<p>Wir liefern zuverl\u00e4ssige Traktionsbatterien f\u00fcr Ihre Maschine oder Ihr Fahrzeug.<\/p>\n\n\n\n<p>\u2713 Schnelle Lieferung ab Lager<br\/>\u2713 Europ\u00e4ische Qualit\u00e4t und Sicherheit<br\/>\u2713 Technischer Support, der den Unterschied macht<\/p>\n\n\n\n<div class=\"wp-block-buttons alignfull is-horizontal is-content-justification-left is-layout-flex wp-container-core-buttons-is-layout-036cb0ab wp-block-buttons-is-layout-flex\">\n<div class=\"wp-block-button is-style-arrow\"><a class=\"wp-block-button__link has-text-align-center wp-element-button\" href=\"https:\/\/intercel.eu\/de\/motive-kontakt\/\">Pers\u00f6nliche Beratung oder Angebot erhalten<\/a><\/div>\n<\/div>\n\n\n\n<p style=\"margin-top:0;margin-bottom:0;padding-top:0;padding-right:var(--wp--preset--spacing--30);padding-bottom:0;padding-left:var(--wp--preset--spacing--30)\"><em>Wir helfen Ihnen gerne<\/em><\/p>\n<\/div>\n<\/div>\n<\/div>\n<\/div>\n","protected":false},"excerpt":{"rendered":"<p>Leider gibt es nicht die eine perfekte Batterie. Welche Batterie am besten geeignet ist, h\u00e4ngt von der Anwendung und der Handhabung durch den Benutzer ab. Gerne helfen wir Ihnen, die beste Batterie f\u00fcr einen bestimmten Treppenlift zu finden. Unsere Berater verf\u00fcgen \u00fcber jahrelange Erfahrung in dieser Branche und stellen die richtigen Fragen, um gemeinsam die &hellip; <a href=\"https:\/\/intercel.eu\/de\/motiv\/treppenlift\/\">Fortgesetzt<\/a><\/p>\n","protected":false},"author":1,"featured_media":0,"parent":7211,"menu_order":0,"comment_status":"open","ping_status":"open","template":"","meta":{"footnotes":""},"class_list":["post-10304","page","type-page","status-publish","hentry"],"acf":[],"_links":{"self":[{"href":"https:\/\/intercel.eu\/de\/wp-json\/wp\/v2\/pages\/10304","targetHints":{"allow":["GET"]}}],"collection":[{"href":"https:\/\/intercel.eu\/de\/wp-json\/wp\/v2\/pages"}],"about":[{"href":"https:\/\/intercel.eu\/de\/wp-json\/wp\/v2\/types\/page"}],"author":[{"embeddable":true,"href":"https:\/\/intercel.eu\/de\/wp-json\/wp\/v2\/users\/1"}],"replies":[{"embeddable":true,"href":"https:\/\/intercel.eu\/de\/wp-json\/wp\/v2\/comments?post=10304"}],"version-history":[{"count":5,"href":"https:\/\/intercel.eu\/de\/wp-json\/wp\/v2\/pages\/10304\/revisions"}],"predecessor-version":[{"id":37458,"href":"https:\/\/intercel.eu\/de\/wp-json\/wp\/v2\/pages\/10304\/revisions\/37458"}],"up":[{"embeddable":true,"href":"https:\/\/intercel.eu\/de\/wp-json\/wp\/v2\/pages\/7211"}],"wp:attachment":[{"href":"https:\/\/intercel.eu\/de\/wp-json\/wp\/v2\/media?parent=10304"}],"curies":[{"name":"wp","href":"https:\/\/api.w.org\/{rel}","templated":true}]}}