{"id":10306,"date":"2025-11-06T10:43:49","date_gmt":"2025-11-06T09:43:49","guid":{"rendered":"https:\/\/intercel.eu\/?page_id=10306"},"modified":"2025-12-16T14:51:37","modified_gmt":"2025-12-16T13:51:37","slug":"reinigung","status":"publish","type":"page","link":"https:\/\/intercel.eu\/de\/motiv\/reinigung\/","title":{"rendered":"Reinigung"},"content":{"rendered":"\n<div class=\"wp-block-group alignfull has-vertical-white-to-grey-gradient-background has-background has-global-padding is-layout-constrained wp-block-group-is-layout-constrained\" style=\"padding-bottom:var(--wp--preset--spacing--70)\">\n<div class=\"wp-block-group alignfull has-global-padding is-layout-constrained wp-block-group-is-layout-constrained\" style=\"margin-bottom:var(--wp--preset--spacing--40)\">\n<div class=\"wp-block-group alignfull has-global-padding is-layout-constrained wp-container-core-group-is-layout-3ef1af14 wp-block-group-is-layout-constrained\" style=\"margin-top:0;margin-bottom:0;padding-right:var(--wp--preset--spacing--30);padding-bottom:0;padding-left:var(--wp--preset--spacing--30)\">\n<div class=\"wp-block-columns alignwide is-layout-flex wp-container-core-columns-is-layout-28f84493 wp-block-columns-is-layout-flex\">\n<div class=\"wp-block-column is-vertically-aligned-center is-layout-flow wp-block-column-is-layout-flow\" style=\"flex-basis:50%\">\n<h2 class=\"wp-block-heading\">Batterien f\u00fcr den intensiven Einsatz<\/h2>\n<\/div>\n\n\n\n<div class=\"wp-block-column is-vertically-aligned-center is-layout-flow wp-block-column-is-layout-flow\" style=\"flex-basis:50%\">\n<p>Intercel kann Ihnen helfen, das Angebot industrieller Reinigungsmaschinen zu verbessern.\nVon unserem Lager in Haarlem aus liefern wir die richtigen versiegelten, wartungsfreien Batterien f\u00fcr alle gro\u00dfen Staubsauger, Schrubbermaschinen und Kehrer.\nDiese AGM-Batterien sind speziell f\u00fcr regelm\u00e4\u00dfiges Laden und Entladen oder f\u00fcr den zyklischen Einsatz konzipiert.  <\/p>\n<\/div>\n<\/div>\n<\/div>\n<\/div>\n\n\n\n<div class=\"wp-block-group alignfull is-layout-flow wp-block-group-is-layout-flow\" style=\"margin-top:0;padding-top:0;padding-right:var(--wp--preset--spacing--30);padding-left:var(--wp--preset--spacing--30)\">\n<div class=\"wp-block-group alignwide has-global-padding is-layout-constrained wp-block-group-is-layout-constrained\" style=\"padding-top:0\">\n<div class=\"wp-block-columns alignwide is-style-indrukwekkend-kolommen is-layout-flex wp-container-core-columns-is-layout-28f84493 wp-block-columns-is-layout-flex\">\n<div class=\"wp-block-column is-vertically-aligned-stretch is-style-indrukwekkend-afgerond has-vertical-bright-red-to-darker-gradient-background has-background is-layout-flow wp-block-column-is-layout-flow\" style=\"flex-basis:25%\">\n<figure class=\"wp-block-image aligncenter size-full is-resized is-style-default\"><img decoding=\"async\" src=\"https:\/\/intercel.eu\/app\/uploads\/sites\/3\/2024\/09\/Cleaning.png\" alt=\"\" class=\"wp-image-21346\" style=\"width:auto;height:120px\" \/><\/figure>\n\n\n\n<h3 class=\"wp-block-heading has-contrast-color has-wit-background-color has-text-color has-background has-link-color has-medium-font-size wp-elements-5393f4b81f42f3a8aa8296d44efb6b48\" style=\"margin-top:0;margin-right:0;margin-bottom:0;margin-left:0;padding-top:var(--wp--preset--spacing--20);padding-right:var(--wp--preset--spacing--20);padding-bottom:var(--wp--preset--spacing--20);padding-left:var(--wp--preset--spacing--20)\"><a href=\"\/de\/?page_id=10308\" data-type=\"page\" data-id=\"10307\">Schrubber<\/a><\/h3>\n<\/div>\n<\/div>\n<\/div>\n<\/div>\n<\/div>\n\n<div class=\"wp-block-group has-global-padding is-layout-constrained wp-container-core-group-is-layout-ff778368 wp-block-group-is-layout-constrained\" style=\"padding-right:var(--wp--preset--spacing--30);padding-left:var(--wp--preset--spacing--30)\">\n<h2 class=\"wp-block-heading has-x-large-font-size\">Vorteile von AGM-Batterien f\u00fcr Reinigungsmaschinen<\/h2>\n\n\n\n<ul class=\"wp-block-list\">\n<li>Hohe Energiedichte im kompakten Wohnraum<\/li>\n\n\n\n<li>Ausgezeichnete Deep Cycle-Leistung, 30 % mehr Zyklen als vergleichbare Batterien<\/li>\n\n\n\n<li>Robuste Bauweise, vibrationsresistentes Geh\u00e4use<\/li>\n\n\n\n<li>Sichere, undichte und zuverl\u00e4ssige Bauweise<\/li>\n\n\n\n<li>Gro\u00dfer Bereich der Umgebungstemperaturbereiche<\/li>\n\n\n\n<li>Niedrige Selbstentladung<\/li>\n<\/ul>\n<\/div>\n","protected":false},"excerpt":{"rendered":"<p>Batterien f\u00fcr den intensiven Einsatz Intercel kann Ihnen helfen, das Angebot industrieller Reinigungsmaschinen zu verbessern. Von unserem Lager in Haarlem aus liefern wir die richtigen versiegelten, wartungsfreien Batterien f\u00fcr alle gro\u00dfen Staubsauger, Schrubbermaschinen und Kehrer. Diese AGM-Batterien sind speziell f\u00fcr regelm\u00e4\u00dfiges Laden und Entladen oder f\u00fcr den zyklischen Einsatz konzipiert. Schrubber Vorteile von AGM-Batterien f\u00fcr &hellip; <a href=\"https:\/\/intercel.eu\/de\/motiv\/reinigung\/\">Fortgesetzt<\/a><\/p>\n","protected":false},"author":1,"featured_media":0,"parent":7211,"menu_order":0,"comment_status":"open","ping_status":"open","template":"","meta":{"footnotes":""},"class_list":["post-10306","page","type-page","status-publish","hentry"],"acf":[],"_links":{"self":[{"href":"https:\/\/intercel.eu\/de\/wp-json\/wp\/v2\/pages\/10306","targetHints":{"allow":["GET"]}}],"collection":[{"href":"https:\/\/intercel.eu\/de\/wp-json\/wp\/v2\/pages"}],"about":[{"href":"https:\/\/intercel.eu\/de\/wp-json\/wp\/v2\/types\/page"}],"author":[{"embeddable":true,"href":"https:\/\/intercel.eu\/de\/wp-json\/wp\/v2\/users\/1"}],"replies":[{"embeddable":true,"href":"https:\/\/intercel.eu\/de\/wp-json\/wp\/v2\/comments?post=10306"}],"version-history":[{"count":3,"href":"https:\/\/intercel.eu\/de\/wp-json\/wp\/v2\/pages\/10306\/revisions"}],"predecessor-version":[{"id":22906,"href":"https:\/\/intercel.eu\/de\/wp-json\/wp\/v2\/pages\/10306\/revisions\/22906"}],"up":[{"embeddable":true,"href":"https:\/\/intercel.eu\/de\/wp-json\/wp\/v2\/pages\/7211"}],"wp:attachment":[{"href":"https:\/\/intercel.eu\/de\/wp-json\/wp\/v2\/media?parent=10306"}],"curies":[{"name":"wp","href":"https:\/\/api.w.org\/{rel}","templated":true}]}}