{"id":10308,"date":"2025-11-06T10:43:49","date_gmt":"2025-11-06T09:43:49","guid":{"rendered":"https:\/\/intercel.eu\/?page_id=10308"},"modified":"2026-04-01T17:18:28","modified_gmt":"2026-04-01T15:18:28","slug":"schrubber","status":"publish","type":"page","link":"https:\/\/intercel.eu\/de\/motiv\/schrubber\/","title":{"rendered":"Batterien f\u00fcr Scheuersaugmaschinen &amp; Staubsauger"},"content":{"rendered":"\n<div class=\"wp-block-group has-global-padding is-layout-constrained wp-block-group-is-layout-constrained\">\n<p>Intercel kann Ihnen helfen, die Einsatzreichweite von industriellen Reinigungsmaschinen zu verbessern.\nVon unserem Lager in Haarlem aus liefern wir die passenden, versiegelten, wartungsfreien batterien f\u00fcr alle gro\u00dfen Staubsauger, Scheuersaugmaschinen und Kehrmaschinen.\nDiese zyklischen AGM-batterien sind speziell f\u00fcr regelm\u00e4\u00dfiges Laden und Entladen (zyklischer Einsatz) ausgelegt. <\/p>\n\n\n\n<div class=\"wp-block-buttons is-layout-flex wp-block-buttons-is-layout-flex\">\n<div class=\"wp-block-button\"><a class=\"wp-block-button__link wp-element-button\" href=\"https:\/\/intercel.eu\/de\/industries\/reinigung\/schrubber\/\">batterien f\u00fcr Scheuersaugmaschinen ansehen<\/a><\/div>\n<\/div>\n\n\n\n<p>Wir haben ein breites Sortiment an <a href=\"https:\/\/intercel.eu\/de\/product-category\/motiv-akku\/?_kind=agm\">AGM-batterie<\/a>-Serien von 6 und 12 Volt bis zu 360 Ah f\u00fcr Reinigungsmaschinen. Der Batterie-Gro\u00dfh\u00e4ndler Intercel ist ein weltweiter Distributor der gr\u00f6\u00dften Auswahl an batterien f\u00fcr Reinigungsmaschinen. <\/p>\n\n\n\n<h2 class=\"wp-block-heading\">Zuverl\u00e4ssige batterien f\u00fcr Scheuersaugmaschinen und Kehrmaschinen<\/h2>\n\n\n\n<p>Die meisten Scheuersaugmaschinen oder Kehrmaschinen m\u00fcssen 6\u20138 Stunden pro Tag einsatzf\u00e4hig sein. Eine zuverl\u00e4ssige batterie f\u00fcr Ihre Scheuersaugmaschine liefert Ihnen langanhaltende Leistung, damit G\u00e4nge in Werkst\u00e4tten, Lagern, B\u00fcros, Schuppen und Industriehallen sauber und staubfrei bleiben. Intercel bietet Ihnen eine gro\u00dfe Auswahl an <a href=\"https:\/\/intercel.eu\/de\/kind\/agm-de\/\" data-type=\"product_kind\" data-id=\"1773\">AGM-batterien<\/a> f\u00fcr verschiedene Arten von Scheuersaugmaschinen. Diese batterien sind speziell daf\u00fcr ausgelegt, Ausdauerleistung in Kehr- und Scheuermaschinen zu liefern. Mit unseren <a href=\"https:\/\/intercel.eu\/de\/kind\/agm-de\/\" data-type=\"product_kind\" data-id=\"1773\">AGM-batterien<\/a> f\u00fcr Scheuersaugmaschinen ist Ihnen ein sauberer und staubfreier Bereich garantiert!    <\/p>\n\n\n\n<h2 class=\"wp-block-heading\">Vorteile von AGM-batterien f\u00fcr Reinigungsmaschinen<\/h2>\n\n\n\n<p>Hohe Energiedichte in kompakter Bauform | Hervorragende Deep-Cycle-Leistung, 30 % mehr Zyklen als vergleichbare Blei-S\u00e4ure-batterien | Robuste Konstruktion, vibrationsresistentes Geh\u00e4use | Sichere, auslaufsichere und zuverl\u00e4ssige Konstruktion | Gro\u00dfer Umgebungstemperaturbereich | Geringe Selbstentladung<\/p>\n\n\n\n<h2 class=\"wp-block-heading\">W\u00e4hlen Sie die richtige batterie<\/h2>\n\n\n\n<div class=\"wp-block-group has-global-padding is-layout-constrained wp-block-group-is-layout-constrained\">\n<div class=\"wp-block-columns has-wit-color has-horizontal-grey-to-dark-grey-gradient-background has-text-color has-background has-link-color wp-elements-31fd4d24eeb3cb2fe4a4dd02eba8c7c8 is-layout-flex wp-container-core-columns-is-layout-a5331a9e wp-block-columns-is-layout-flex\" style=\"border-top-left-radius:35px;border-top-right-radius:32px;border-bottom-left-radius:35px;border-bottom-right-radius:32px;padding-top:0;padding-right:0;padding-bottom:0;padding-left:0;box-shadow:var(--wp--preset--shadow--natural)\">\n<div class=\"wp-block-column is-vertically-aligned-stretch is-layout-flow wp-block-column-is-layout-flow\" style=\"flex-basis:33.33%\">\n<div class=\"wp-block-group is-style-default has-global-padding is-layout-constrained wp-container-core-group-is-layout-72d38984 wp-block-group-is-layout-constrained has-background\" style=\"border-top-left-radius:25px;border-bottom-left-radius:25px;min-height:100%;margin-top:0;margin-bottom:0;padding-top:0;padding-right:0;padding-bottom:0;padding-left:0;background-image:url(&apos;https:\/\/intercel.eu\/\/app\/uploads\/2025\/11\/Intercel-Groep_04-1-scaled.jpg&apos;);background-position:38% 99%;background-size:cover;\">\n<div style=\"height:191px\" aria-hidden=\"true\" class=\"wp-block-spacer\"><\/div>\n<\/div>\n<\/div>\n\n\n\n<div class=\"wp-block-column is-vertically-aligned-center is-style-indrukwekkend-afgerond is-layout-flow wp-container-core-column-is-layout-f2c55d9d wp-block-column-is-layout-flow\" style=\"border-style:none;border-width:0px;padding-top:var(--wp--preset--spacing--20);padding-right:var(--wp--preset--spacing--30);padding-bottom:var(--wp--preset--spacing--20);padding-left:var(--wp--preset--spacing--10)\">\n<div class=\"wp-block-group has-wit-color has-text-color has-link-color wp-elements-b4b3ec6c190c876507fb0085c061afc0 is-layout-flow wp-container-core-group-is-layout-4d399660 wp-block-group-is-layout-flow\" style=\"margin-top:0;margin-bottom:0;padding-top:var(--wp--preset--spacing--50);padding-right:0;padding-bottom:var(--wp--preset--spacing--50);padding-left:0\">\n<h3 class=\"wp-block-heading alignfull has-text-align-left has-wit-color has-text-color has-link-color wp-elements-5ca311382c52767d4d84bd99fae103d1\">Vermeiden Sie Ausfallzeiten. W\u00e4hlen Sie die richtige Batterie. <\/h3>\n\n\n\n<p>Wir liefern zuverl\u00e4ssige Traktionsbatterien f\u00fcr Ihre Maschine oder Ihr Fahrzeug.<\/p>\n\n\n\n<p>\u2713 Schnelle Lieferung ab Lager<br\/>\u2713 Europ\u00e4ische Qualit\u00e4t und Sicherheit<br\/>\u2713 Technischer Support, der den Unterschied macht<\/p>\n\n\n\n<div class=\"wp-block-buttons alignfull is-horizontal is-content-justification-left is-layout-flex wp-container-core-buttons-is-layout-036cb0ab wp-block-buttons-is-layout-flex\">\n<div class=\"wp-block-button is-style-arrow\"><a class=\"wp-block-button__link has-text-align-center wp-element-button\" href=\"https:\/\/intercel.eu\/de\/motive-kontakt\/\">Pers\u00f6nliche Beratung oder Angebot erhalten<\/a><\/div>\n<\/div>\n\n\n\n<p style=\"margin-top:0;margin-bottom:0;padding-top:0;padding-right:var(--wp--preset--spacing--30);padding-bottom:0;padding-left:var(--wp--preset--spacing--30)\"><em>Wir helfen Ihnen gerne<\/em><\/p>\n<\/div>\n<\/div>\n<\/div>\n<\/div>\n<\/div>\n","protected":false},"excerpt":{"rendered":"<p>Intercel kann Ihnen helfen, die Einsatzreichweite von industriellen Reinigungsmaschinen zu verbessern. Von unserem Lager in Haarlem aus liefern wir die passenden, versiegelten, wartungsfreien batterien f\u00fcr alle gro\u00dfen Staubsauger, Scheuersaugmaschinen und Kehrmaschinen. Diese zyklischen AGM-batterien sind speziell f\u00fcr regelm\u00e4\u00dfiges Laden und Entladen (zyklischer Einsatz) ausgelegt. Wir haben ein breites Sortiment an AGM-batterie-Serien von 6 und 12 &hellip; <a href=\"https:\/\/intercel.eu\/de\/motiv\/schrubber\/\">Fortgesetzt<\/a><\/p>\n","protected":false},"author":1,"featured_media":0,"parent":7211,"menu_order":0,"comment_status":"open","ping_status":"open","template":"","meta":{"footnotes":""},"class_list":["post-10308","page","type-page","status-publish","hentry"],"acf":[],"_links":{"self":[{"href":"https:\/\/intercel.eu\/de\/wp-json\/wp\/v2\/pages\/10308","targetHints":{"allow":["GET"]}}],"collection":[{"href":"https:\/\/intercel.eu\/de\/wp-json\/wp\/v2\/pages"}],"about":[{"href":"https:\/\/intercel.eu\/de\/wp-json\/wp\/v2\/types\/page"}],"author":[{"embeddable":true,"href":"https:\/\/intercel.eu\/de\/wp-json\/wp\/v2\/users\/1"}],"replies":[{"embeddable":true,"href":"https:\/\/intercel.eu\/de\/wp-json\/wp\/v2\/comments?post=10308"}],"version-history":[{"count":5,"href":"https:\/\/intercel.eu\/de\/wp-json\/wp\/v2\/pages\/10308\/revisions"}],"predecessor-version":[{"id":37503,"href":"https:\/\/intercel.eu\/de\/wp-json\/wp\/v2\/pages\/10308\/revisions\/37503"}],"up":[{"embeddable":true,"href":"https:\/\/intercel.eu\/de\/wp-json\/wp\/v2\/pages\/7211"}],"wp:attachment":[{"href":"https:\/\/intercel.eu\/de\/wp-json\/wp\/v2\/media?parent=10308"}],"curies":[{"name":"wp","href":"https:\/\/api.w.org\/{rel}","templated":true}]}}