{"id":10310,"date":"2025-11-06T10:43:04","date_gmt":"2025-11-06T09:43:04","guid":{"rendered":"https:\/\/intercel.eu\/?page_id=10310"},"modified":"2026-04-01T17:19:20","modified_gmt":"2026-04-01T15:19:20","slug":"verkehr-infrastruktur","status":"publish","type":"page","link":"https:\/\/intercel.eu\/de\/motiv\/verkehr-infrastruktur\/","title":{"rendered":"Verkehr &amp; Infrastruktur"},"content":{"rendered":"\n<div class=\"wp-block-group alignfull has-vertical-white-to-grey-gradient-background has-background has-global-padding is-layout-constrained wp-block-group-is-layout-constrained\" style=\"padding-bottom:var(--wp--preset--spacing--70)\">\n<div class=\"wp-block-group alignfull has-global-padding is-layout-constrained wp-block-group-is-layout-constrained\" style=\"margin-bottom:var(--wp--preset--spacing--40)\">\n<div class=\"wp-block-group alignfull has-global-padding is-layout-constrained wp-container-core-group-is-layout-3ef1af14 wp-block-group-is-layout-constrained\" style=\"margin-top:0;margin-bottom:0;padding-right:var(--wp--preset--spacing--30);padding-bottom:0;padding-left:var(--wp--preset--spacing--30)\">\n<div class=\"wp-block-columns alignwide is-layout-flex wp-container-core-columns-is-layout-28f84493 wp-block-columns-is-layout-flex\">\n<div class=\"wp-block-column is-vertically-aligned-center is-layout-flow wp-block-column-is-layout-flow\" style=\"flex-basis:50%\">\n<h2 class=\"wp-block-heading\">Sicher und voll ausgestattet auf der Stra\u00dfe<\/h2>\n<\/div>\n\n\n\n<div class=\"wp-block-column is-vertically-aligned-center is-layout-flow wp-block-column-is-layout-flow\" style=\"flex-basis:50%\">\n<p>Mit leistungsstarken Batterien f\u00fcr Verkehrssysteme, Beschilderungen, Service-Lkw, Anh\u00e4nger und Servicefahrzeuge sowie f\u00fcr elektrische Touren- oder Lastenr\u00e4der und Schiffe tr\u00e4gt Intercel zu optimaler Sicherheit und einer vollst\u00e4ndigen Ausstattung auf der Stra\u00dfe bei.\nArbeit und Freizeit im reibungslosen Fluss dank ausreichender Energie in einer kompakten, auf die Anwendung zugeschnittenen L\u00f6sung.\nWir k\u00fcmmern uns darum. <\/p>\n<\/div>\n<\/div>\n<\/div>\n<\/div>\n\n\n\n<div class=\"wp-block-group alignfull is-layout-flow wp-block-group-is-layout-flow\" style=\"margin-top:0;padding-top:0;padding-right:var(--wp--preset--spacing--30);padding-left:var(--wp--preset--spacing--30)\">\n<div class=\"wp-block-group alignwide has-global-padding is-layout-constrained wp-block-group-is-layout-constrained\" style=\"padding-top:0\">\n<div class=\"wp-block-columns alignwide is-style-indrukwekkend-kolommen is-layout-flex wp-container-core-columns-is-layout-28f84493 wp-block-columns-is-layout-flex\">\n<div class=\"wp-block-column is-vertically-aligned-stretch is-style-indrukwekkend-afgerond has-vertical-bright-red-to-darker-gradient-background has-background is-layout-flow wp-block-column-is-layout-flow\">\n<figure class=\"wp-block-image aligncenter size-full is-resized is-style-default\"><img decoding=\"async\" src=\"https:\/\/intercel.eu\/app\/uploads\/sites\/3\/2024\/09\/traffic-lights.png\" alt=\"\" class=\"wp-image-23871\" style=\"width:auto;height:120px\"\/><\/figure>\n\n\n\n<h3 class=\"wp-block-heading has-contrast-color has-wit-background-color has-text-color has-background has-link-color has-medium-font-size wp-elements-cfb1ae5b100ca7da47657aa3d0f7bb41\" style=\"margin-top:0;margin-right:0;margin-bottom:0;margin-left:0;padding-top:var(--wp--preset--spacing--20);padding-right:var(--wp--preset--spacing--20);padding-bottom:var(--wp--preset--spacing--20);padding-left:var(--wp--preset--spacing--20)\"><a href=\"https:\/\/intercel.eu\/de\/motiv\/autonome-beschilderung\/\" data-type=\"page\" data-id=\"10311\">Autonome Beschilderung<\/a><\/h3>\n<\/div>\n\n\n\n<div class=\"wp-block-column is-vertically-aligned-stretch is-style-indrukwekkend-afgerond has-vertical-bright-red-to-darker-gradient-background has-background is-layout-flow wp-block-column-is-layout-flow\">\n<figure class=\"wp-block-image aligncenter size-full is-resized is-style-default\"><img decoding=\"async\" src=\"https:\/\/intercel.eu\/app\/uploads\/sites\/3\/2024\/09\/van-1.png\" alt=\"\" class=\"wp-image-23973\" style=\"width:auto;height:120px\"\/><\/figure>\n\n\n\n<h3 class=\"wp-block-heading has-contrast-color has-wit-background-color has-text-color has-background has-link-color has-medium-font-size wp-elements-954951205d596381c2b4028ee5d61428\" style=\"margin-top:0;margin-right:0;margin-bottom:0;margin-left:0;padding-top:var(--wp--preset--spacing--20);padding-right:var(--wp--preset--spacing--20);padding-bottom:var(--wp--preset--spacing--20);padding-left:var(--wp--preset--spacing--20)\"><a href=\"https:\/\/intercel.eu\/de\/motiv\/nutzfahrzeuge\/\" data-type=\"page\" data-id=\"10313\">Nutzfahrzeuge<\/a><\/h3>\n<\/div>\n\n\n\n<div class=\"wp-block-column is-vertically-aligned-stretch is-style-indrukwekkend-afgerond has-vertical-bright-red-to-darker-gradient-background has-background is-layout-flow wp-block-column-is-layout-flow\">\n<figure class=\"wp-block-image aligncenter size-full is-resized is-style-default\"><img decoding=\"async\" src=\"https:\/\/intercel.eu\/app\/uploads\/sites\/3\/2024\/09\/camper-van-1.png\" alt=\"\" class=\"wp-image-23881\" style=\"width:auto;height:120px\"\/><\/figure>\n\n\n\n<h3 class=\"wp-block-heading has-contrast-color has-wit-background-color has-text-color has-background has-link-color has-medium-font-size wp-elements-490e15d883e4e0f3a26c5720fa9e8283\" style=\"margin-top:0;margin-right:0;margin-bottom:0;margin-left:0;padding-top:var(--wp--preset--spacing--20);padding-right:var(--wp--preset--spacing--20);padding-bottom:var(--wp--preset--spacing--20);padding-left:var(--wp--preset--spacing--20)\"><a href=\"https:\/\/intercel.eu\/de\/motiv\/wohnwagen-wohnmobil\/\" data-type=\"page\" data-id=\"10315\">Wohnwagen \u2013 Wohnmobil<\/a><\/h3>\n<\/div>\n\n\n\n<div class=\"wp-block-column is-vertically-aligned-stretch is-style-indrukwekkend-afgerond has-vertical-bright-red-to-darker-gradient-background has-background is-layout-flow wp-block-column-is-layout-flow\">\n<figure class=\"wp-block-image aligncenter size-full is-resized is-style-default\"><img decoding=\"async\" src=\"https:\/\/intercel.eu\/app\/uploads\/sites\/3\/2024\/09\/van.png\" alt=\"\" class=\"wp-image-23967\" style=\"width:auto;height:120px\"\/><\/figure>\n\n\n\n<h3 class=\"wp-block-heading has-contrast-color has-wit-background-color has-text-color has-background has-link-color has-medium-font-size wp-elements-2346c2b46c328cd377c63ce91181de9a\" style=\"margin-top:0;margin-right:0;margin-bottom:0;margin-left:0;padding-top:var(--wp--preset--spacing--20);padding-right:var(--wp--preset--spacing--20);padding-bottom:var(--wp--preset--spacing--20);padding-left:var(--wp--preset--spacing--20)\"><a href=\"https:\/\/intercel.eu\/de\/motiv\/karosserie\/\" data-type=\"page\" data-id=\"10317\">Karosserie<\/a><\/h3>\n<\/div>\n\n\n\n<div class=\"wp-block-column is-vertically-aligned-stretch is-style-indrukwekkend-afgerond has-vertical-bright-red-to-darker-gradient-background has-background is-layout-flow wp-block-column-is-layout-flow\">\n<figure class=\"wp-block-image aligncenter size-full is-resized is-style-default\"><img decoding=\"async\" src=\"https:\/\/intercel.eu\/app\/uploads\/sites\/3\/2024\/09\/electric-car.png\" alt=\"\" class=\"wp-image-23970\" style=\"width:auto;height:120px\"\/><\/figure>\n\n\n\n<h3 class=\"wp-block-heading has-contrast-color has-wit-background-color has-text-color has-background has-link-color has-medium-font-size wp-elements-fa94bf5069b27398dd09ebb983971434\" style=\"margin-top:0;margin-right:0;margin-bottom:0;margin-left:0;padding-top:var(--wp--preset--spacing--20);padding-right:var(--wp--preset--spacing--20);padding-bottom:var(--wp--preset--spacing--20);padding-left:var(--wp--preset--spacing--20)\"><a href=\"https:\/\/intercel.eu\/de\/motiv\/elektrofahrzeuge\/\" data-type=\"page\" data-id=\"10319\">Elektrofahrzeuge<\/a><\/h3>\n<\/div>\n<\/div>\n<\/div>\n<\/div>\n\n\n\n<div class=\"wp-block-group alignfull is-layout-flow wp-block-group-is-layout-flow\" style=\"margin-top:0;padding-top:0;padding-right:var(--wp--preset--spacing--30);padding-left:var(--wp--preset--spacing--30)\">\n<div class=\"wp-block-group alignwide has-global-padding is-layout-constrained wp-block-group-is-layout-constrained\" style=\"padding-top:0\">\n<div class=\"wp-block-columns alignwide is-style-indrukwekkend-kolommen is-layout-flex wp-container-core-columns-is-layout-28f84493 wp-block-columns-is-layout-flex\">\n<div class=\"wp-block-column is-vertically-aligned-stretch is-style-indrukwekkend-afgerond has-vertical-bright-red-to-darker-gradient-background has-background is-layout-flow wp-block-column-is-layout-flow\">\n<figure class=\"wp-block-image aligncenter size-full is-resized is-style-default\"><img decoding=\"async\" src=\"https:\/\/intercel.eu\/app\/uploads\/sites\/3\/2024\/09\/eco-bus-1.png\" alt=\"\" class=\"wp-image-23976\" style=\"width:auto;height:120px\"\/><\/figure>\n\n\n\n<h3 class=\"wp-block-heading has-contrast-color has-wit-background-color has-text-color has-background has-link-color has-medium-font-size wp-elements-10ff11aa93b2b4eef8cf5fa5b15a64b9\" style=\"margin-top:0;margin-right:0;margin-bottom:0;margin-left:0;padding-top:var(--wp--preset--spacing--20);padding-right:var(--wp--preset--spacing--20);padding-bottom:var(--wp--preset--spacing--20);padding-left:var(--wp--preset--spacing--20)\"><a href=\"https:\/\/intercel.eu\/de\/motiv\/elektrischer-transport\/\" data-type=\"page\" data-id=\"10321\">Elektrischer Transport<\/a><\/h3>\n<\/div>\n\n\n\n<div class=\"wp-block-column is-vertically-aligned-stretch is-style-indrukwekkend-afgerond has-vertical-bright-red-to-darker-gradient-background has-background is-layout-flow wp-block-column-is-layout-flow\">\n<figure class=\"wp-block-image aligncenter size-full is-resized is-style-default\"><img decoding=\"async\" src=\"https:\/\/intercel.eu\/app\/uploads\/sites\/3\/2024\/09\/transport-1.png\" alt=\"\" class=\"wp-image-23981\" style=\"width:auto;height:120px\"\/><\/figure>\n\n\n\n<h3 class=\"wp-block-heading has-contrast-color has-wit-background-color has-text-color has-background has-link-color has-medium-font-size wp-elements-406dd467dfa0f845d984b30247f343dc\" style=\"margin-top:0;margin-right:0;margin-bottom:0;margin-left:0;padding-top:var(--wp--preset--spacing--20);padding-right:var(--wp--preset--spacing--20);padding-bottom:var(--wp--preset--spacing--20);padding-left:var(--wp--preset--spacing--20)\"><a href=\"https:\/\/intercel.eu\/de\/motiv\/leichtes-elektrofahrzeug\/\" data-type=\"page\" data-id=\"10323\">Leichtes Elektrofahrzeug<\/a><\/h3>\n<\/div>\n\n\n\n<div class=\"wp-block-column is-vertically-aligned-stretch is-style-indrukwekkend-afgerond has-vertical-bright-red-to-darker-gradient-background has-background is-layout-flow wp-block-column-is-layout-flow\">\n<figure class=\"wp-block-image aligncenter size-full is-resized is-style-default\"><img decoding=\"async\" src=\"https:\/\/intercel.eu\/app\/uploads\/sites\/3\/2024\/09\/transport-2.png\" alt=\"\" class=\"wp-image-23985\" style=\"width:auto;height:120px\"\/><\/figure>\n\n\n\n<h3 class=\"wp-block-heading has-contrast-color has-wit-background-color has-text-color has-background has-link-color has-medium-font-size wp-elements-1915aa94d5e0f0cce580484ff28d3370\" style=\"margin-top:0;margin-right:0;margin-bottom:0;margin-left:0;padding-top:var(--wp--preset--spacing--20);padding-right:var(--wp--preset--spacing--20);padding-bottom:var(--wp--preset--spacing--20);padding-left:var(--wp--preset--spacing--20)\"><a href=\"https:\/\/intercel.eu\/de\/motiv\/anhaengerbau\/\" data-type=\"page\" data-id=\"10325\">Anh\u00e4ngerbau<\/a><\/h3>\n<\/div>\n\n\n\n<div class=\"wp-block-column is-vertically-aligned-stretch is-style-indrukwekkend-afgerond has-vertical-bright-red-to-darker-gradient-background has-background is-layout-flow wp-block-column-is-layout-flow\">\n<figure class=\"wp-block-image aligncenter size-full is-resized is-style-default\"><img decoding=\"async\" src=\"https:\/\/intercel.eu\/app\/uploads\/sites\/3\/2024\/09\/barrier.png\" alt=\"\" class=\"wp-image-23988\" style=\"width:auto;height:120px\"\/><\/figure>\n\n\n\n<h3 class=\"wp-block-heading has-contrast-color has-wit-background-color has-text-color has-background has-link-color has-medium-font-size wp-elements-9cb7018392944d4a895e63ab7eadf62a\" style=\"margin-top:0;margin-right:0;margin-bottom:0;margin-left:0;padding-top:var(--wp--preset--spacing--20);padding-right:var(--wp--preset--spacing--20);padding-bottom:var(--wp--preset--spacing--20);padding-left:var(--wp--preset--spacing--20)\"><a href=\"https:\/\/intercel.eu\/de\/motiv\/verkehrssysteme\/\" data-type=\"page\" data-id=\"10327\">Verkehrssysteme<\/a><\/h3>\n<\/div>\n\n\n\n<div class=\"wp-block-column is-vertically-aligned-stretch is-style-indrukwekkend-afgerond has-vertical-bright-red-to-darker-gradient-background has-background is-layout-flow wp-block-column-is-layout-flow\">\n<figure class=\"wp-block-image aligncenter size-full is-resized is-style-default\"><img decoding=\"async\" src=\"https:\/\/intercel.eu\/app\/uploads\/sites\/3\/2024\/09\/ferry-boat-1.png\" alt=\"accu voor elektrisch varen | Intercel\" class=\"wp-image-22235\" style=\"width:130px;height:auto\"\/><\/figure>\n\n\n\n<h3 class=\"wp-block-heading has-contrast-color has-wit-background-color has-text-color has-background has-link-color has-medium-font-size wp-elements-181373068522a0240364ba7bd30a3243\" style=\"margin-top:0;margin-right:0;margin-bottom:0;margin-left:0;padding-top:var(--wp--preset--spacing--20);padding-right:var(--wp--preset--spacing--20);padding-bottom:var(--wp--preset--spacing--20);padding-left:var(--wp--preset--spacing--20)\"><a href=\"https:\/\/intercel.eu\/de\/motiv\/maritim\/\" data-type=\"page\" data-id=\"10289\">Maritim<\/a><\/h3>\n<\/div>\n<\/div>\n<\/div>\n<\/div>\n<\/div>\n\n<div class=\"wp-block-group is-layout-flow wp-block-group-is-layout-flow\" style=\"padding-top:var(--wp--preset--spacing--30);padding-bottom:var(--wp--preset--spacing--30)\">\n<h2 class=\"wp-block-heading has-x-large-font-size\">Verkehrssicherheit<\/h2>\n\n\n\n<p>Als Batterielieferant mit jahrelanger Erfahrung im Bereich der Infrastruktur verstehen wir besser als jeder andere, dass die Sicherheit auf und an der Stra\u00dfe h\u00f6chste Priorit\u00e4t hat.\nMit unseren Batterien m\u00f6chten wir zur Sicherheit der Verkehrsteilnehmer und der Personen, die an der Stra\u00dfe arbeiten, beitragen.\nWir liefern ausschlie\u00dflich Batterien, die f\u00fcr den schweren zyklischen Einsatz konzipiert sind, und bieten einen exzellenten Service, um Sie so schnell und gut wie m\u00f6glich zu bedienen. <\/p>\n\n\n\n<h2 class=\"wp-block-heading has-x-large-font-size\">Batterien f\u00fcr Infrastrukturanwendungen<\/h2>\n\n\n\n<p>Immer mehr Systeme zur Verkehrsregelung und zur Sicherung von Stra\u00dfenarbeiten werden mit Solarenergie betrieben.\nDenken Sie an Messsysteme, Beleuchtung, Beschilderung und viele weitere Verkehrssysteme.\nDie von Solarzellen erzeugte Energie wird in Batterien gespeichert.\nDiese Batterien sind rauen Wetterbedingungen ausgesetzt und m\u00fcssen immer wieder aufgeladen werden.\nDies stellt eine hohe Belastung dar.\nDeshalb liefern wir robuste Batterien, die f\u00fcr den schweren zyklischen Einsatz ausgelegt sind.\nAuf diese Weise k\u00f6nnen Sie auf einen zuverl\u00e4ssigen Betrieb Ihres Systems bauen. <\/p>\n\n\n\n<h2 class=\"wp-block-heading has-x-large-font-size\">Leistungsstarke Batterien f\u00fcr unterwegs<\/h2>\n\n\n\n<p>Intercel bietet Hochleistungsbatterien f\u00fcr verschiedene Formen des elektrischen Transports, einschlie\u00dflich Elektrofahrzeugen (EVs) und leichten Elektrofahrzeugen. Elektrofahrzeuge sind die Zukunft, da sie sauberer, leiser und kosteng\u00fcnstiger sind als kraftstoffbetriebene Fahrzeuge. Wir k\u00f6nnen <a href=\"https:\/\/intercel.eu\/de\/elektrifizierung\/co-creation-custom-akkupacks\/\" target=\"_blank\" data-type=\"page\" data-id=\"7230\" rel=\"noreferrer noopener\">ma\u00dfgeschneiderte Batteriel\u00f6sungen<\/a> erstellen, liefern aber auch Standardbatterien f\u00fcr den elektrischen Transport. Hochwertige Batterien mit gro\u00dfer Reichweite und langer Lebensdauer sind das, worauf es ankommt, damit Sie alles aus Elektrofahrzeugen und elektrischen Anwendungen herausholen k\u00f6nnen!   <\/p>\n\n\n\n<div class=\"wp-block-group has-global-padding is-layout-constrained wp-block-group-is-layout-constrained\">\n<div class=\"wp-block-columns has-wit-color has-horizontal-grey-to-dark-grey-gradient-background has-text-color has-background has-link-color wp-elements-31fd4d24eeb3cb2fe4a4dd02eba8c7c8 is-layout-flex wp-container-core-columns-is-layout-a5331a9e wp-block-columns-is-layout-flex\" style=\"border-top-left-radius:35px;border-top-right-radius:32px;border-bottom-left-radius:35px;border-bottom-right-radius:32px;padding-top:0;padding-right:0;padding-bottom:0;padding-left:0;box-shadow:var(--wp--preset--shadow--natural)\">\n<div class=\"wp-block-column is-vertically-aligned-stretch is-layout-flow wp-block-column-is-layout-flow\" style=\"flex-basis:33.33%\">\n<div class=\"wp-block-group is-style-default has-global-padding is-layout-constrained wp-container-core-group-is-layout-72d38984 wp-block-group-is-layout-constrained has-background\" style=\"border-top-left-radius:25px;border-bottom-left-radius:25px;min-height:100%;margin-top:0;margin-bottom:0;padding-top:0;padding-right:0;padding-bottom:0;padding-left:0;background-image:url(&apos;https:\/\/intercel.eu\/\/app\/uploads\/2025\/11\/Intercel-Groep_04-1-scaled.jpg&apos;);background-position:38% 99%;background-size:cover;\">\n<div style=\"height:191px\" aria-hidden=\"true\" class=\"wp-block-spacer\"><\/div>\n<\/div>\n<\/div>\n\n\n\n<div class=\"wp-block-column is-vertically-aligned-center is-style-indrukwekkend-afgerond is-layout-flow wp-container-core-column-is-layout-f2c55d9d wp-block-column-is-layout-flow\" style=\"border-style:none;border-width:0px;padding-top:var(--wp--preset--spacing--20);padding-right:var(--wp--preset--spacing--30);padding-bottom:var(--wp--preset--spacing--20);padding-left:var(--wp--preset--spacing--10)\">\n<div class=\"wp-block-group has-wit-color has-text-color has-link-color wp-elements-b4b3ec6c190c876507fb0085c061afc0 is-layout-flow wp-container-core-group-is-layout-4d399660 wp-block-group-is-layout-flow\" style=\"margin-top:0;margin-bottom:0;padding-top:var(--wp--preset--spacing--50);padding-right:0;padding-bottom:var(--wp--preset--spacing--50);padding-left:0\">\n<h3 class=\"wp-block-heading alignfull has-text-align-left has-wit-color has-text-color has-link-color wp-elements-5ca311382c52767d4d84bd99fae103d1\">Vermeiden Sie Ausfallzeiten. W\u00e4hlen Sie die richtige Batterie. <\/h3>\n\n\n\n<p>Wir liefern zuverl\u00e4ssige Traktionsbatterien f\u00fcr Ihre Maschine oder Ihr Fahrzeug.<\/p>\n\n\n\n<p>\u2713 Schnelle Lieferung ab Lager<br\/>\u2713 Europ\u00e4ische Qualit\u00e4t und Sicherheit<br\/>\u2713 Technischer Support, der den Unterschied macht<\/p>\n\n\n\n<div class=\"wp-block-buttons alignfull is-horizontal is-content-justification-left is-layout-flex wp-container-core-buttons-is-layout-036cb0ab wp-block-buttons-is-layout-flex\">\n<div class=\"wp-block-button is-style-arrow\"><a class=\"wp-block-button__link has-text-align-center wp-element-button\" href=\"https:\/\/intercel.eu\/de\/motive-kontakt\/\">Pers\u00f6nliche Beratung oder Angebot erhalten<\/a><\/div>\n<\/div>\n\n\n\n<p style=\"margin-top:0;margin-bottom:0;padding-top:0;padding-right:var(--wp--preset--spacing--30);padding-bottom:0;padding-left:var(--wp--preset--spacing--30)\"><em>Wir helfen Ihnen gerne<\/em><\/p>\n<\/div>\n<\/div>\n<\/div>\n<\/div>\n<\/div>\n","protected":false},"excerpt":{"rendered":"<p>Sicher und voll ausgestattet auf der Stra\u00dfe Mit leistungsstarken Batterien f\u00fcr Verkehrssysteme, Beschilderungen, Service-Lkw, Anh\u00e4nger und Servicefahrzeuge sowie f\u00fcr elektrische Touren- oder Lastenr\u00e4der und Schiffe tr\u00e4gt Intercel zu optimaler Sicherheit und einer vollst\u00e4ndigen Ausstattung auf der Stra\u00dfe bei. Arbeit und Freizeit im reibungslosen Fluss dank ausreichender Energie in einer kompakten, auf die Anwendung zugeschnittenen L\u00f6sung. &hellip; <a href=\"https:\/\/intercel.eu\/de\/motiv\/verkehr-infrastruktur\/\">Fortgesetzt<\/a><\/p>\n","protected":false},"author":1,"featured_media":0,"parent":7211,"menu_order":0,"comment_status":"open","ping_status":"open","template":"","meta":{"footnotes":""},"class_list":["post-10310","page","type-page","status-publish","hentry"],"acf":[],"_links":{"self":[{"href":"https:\/\/intercel.eu\/de\/wp-json\/wp\/v2\/pages\/10310","targetHints":{"allow":["GET"]}}],"collection":[{"href":"https:\/\/intercel.eu\/de\/wp-json\/wp\/v2\/pages"}],"about":[{"href":"https:\/\/intercel.eu\/de\/wp-json\/wp\/v2\/types\/page"}],"author":[{"embeddable":true,"href":"https:\/\/intercel.eu\/de\/wp-json\/wp\/v2\/users\/1"}],"replies":[{"embeddable":true,"href":"https:\/\/intercel.eu\/de\/wp-json\/wp\/v2\/comments?post=10310"}],"version-history":[{"count":5,"href":"https:\/\/intercel.eu\/de\/wp-json\/wp\/v2\/pages\/10310\/revisions"}],"predecessor-version":[{"id":37508,"href":"https:\/\/intercel.eu\/de\/wp-json\/wp\/v2\/pages\/10310\/revisions\/37508"}],"up":[{"embeddable":true,"href":"https:\/\/intercel.eu\/de\/wp-json\/wp\/v2\/pages\/7211"}],"wp:attachment":[{"href":"https:\/\/intercel.eu\/de\/wp-json\/wp\/v2\/media?parent=10310"}],"curies":[{"name":"wp","href":"https:\/\/api.w.org\/{rel}","templated":true}]}}