{"id":10312,"date":"2025-11-13T12:05:09","date_gmt":"2025-11-13T11:05:09","guid":{"rendered":"https:\/\/intercel.eu\/?page_id=10312"},"modified":"2026-04-02T11:02:24","modified_gmt":"2026-04-02T09:02:24","slug":"autonome-beschilderung","status":"publish","type":"page","link":"https:\/\/intercel.eu\/de\/motiv\/autonome-beschilderung\/","title":{"rendered":"Batterien f\u00fcr autarke Beschilderung"},"content":{"rendered":"\n<div class=\"wp-block-group has-global-padding is-layout-constrained wp-block-group-is-layout-constrained\">\n<p>Die batterien von Intercel tragen zum zuverl\u00e4ssigen und sicheren Betrieb Ihrer autarken Beschilderungssysteme bei.\nIntercel liefert hochwertige batterien sowohl f\u00fcr mobile als auch f\u00fcr fest installierte Beschilderung.\nWir haben eine gro\u00dfe Anzahl an Standard-batterien auf Lager, sodass Sie schnell umstellen k\u00f6nnen, wenn eine batterie ersetzt werden muss.\nDar\u00fcber hinaus k\u00f6nnen wir ma\u00dfgeschneiderte und spezifische L\u00f6sungen entwickeln und fertigen, wenn Ihr Beschilderungssystem dies erfordert. <\/p>\n\n\n\n<div class=\"wp-block-buttons is-layout-flex wp-block-buttons-is-layout-flex\">\n<div class=\"wp-block-button\"><a class=\"wp-block-button__link wp-element-button\" href=\"https:\/\/intercel.eu\/de\/industries\/verkehr-infrastruktur\/autonome-beschilderung\/\">batterien f\u00fcr autarke Beschilderung ansehen<\/a><\/div>\n<\/div>\n\n\n\n<h2 class=\"wp-block-heading has-x-large-font-size\">Beschilderung wird f\u00fcr den sicheren Verkehr immer wichtiger<\/h2>\n\n\n\n<p>Die Stra\u00dfen werden zunehmend \u00fcberf\u00fcllt, weshalb Beschilderung immer wichtiger wird, um den Verkehr am Laufen zu halten.\nFeste Systeme wie Matrizenschilder \u00fcber der Stra\u00dfe werden f\u00fcr die Beschilderung verwendet, aber zunehmend werden auch mobile Verkehrssysteme eingesetzt.\nDenken Sie an Einsatzfahrzeuge, mobile Spursignale und Textfahrzeuge.\nWenn ein Unfall passiert ist, k\u00f6nnen Stra\u00dfenschilder Fahrer warnen und auseinanderjagen, Fahrspuren k\u00f6nnen gesperrt und Geschwindigkeitsbegrenzungen reduziert werden.\nBeschilderung kann auch w\u00e4hrend Arbeiten und Veranstaltungen verwendet werden, um das Verhalten der Fahrer und die gew\u00e4hlte Route zu beeinflussen.  <\/p>\n\n\n\n<h2 class=\"wp-block-heading has-x-large-font-size\">batterien f\u00fcr zuverl\u00e4ssigen Betrieb<\/h2>\n\n\n\n<p>Autarke Beschilderungssysteme verf\u00fcgen \u00fcber eine autonome Stromversorgung.\nZunehmend sind dies Solarzellen, die Energie in einer batterie speichern.\nDies ist eine sehr effiziente und umweltfreundliche L\u00f6sung, die kein CO2 ausst\u00f6\u00dft.\nEine zuverl\u00e4ssige batterie ist ein unverzichtbares Glied in diesem System.\nDenn der Ausfall der Beschilderung kann erhebliche Folgen haben.\nUnsere batterien f\u00fcr Beschilderung sind speziell f\u00fcr stark zyklische Anwendungen ausgelegt, sehr robust, witterungsbest\u00e4ndig und haben eine lange Lebensdauer. <\/p>\n\n\n\n<h2 class=\"wp-block-heading has-x-large-font-size\">Finden Sie die passende batterie f\u00fcr Ihre Beschilderung<\/h2>\n\n\n\n<p>Ob Sie eine Ersatzbatterie suchen oder eine batterie f\u00fcr ein neues Beschilderungssystem ben\u00f6tigen \u2013 Intercel hat die passende Hochleistungsbatterie f\u00fcr Ihre Anwendung. Von <a href=\"https:\/\/intercel.eu\/de\/wissen-erkenntnisse\/batterietechnologie\/agm-batterien\/\" data-type=\"page\" data-id=\"10224\">AGM-Batterien<\/a> bis hin zu <a href=\"https:\/\/intercel.eu\/de\/wissen-erkenntnisse\/batterietechnologie\/lithium-batterien\/\" data-type=\"page\" data-id=\"10230\">Lithium-Batteriel\u00f6sungen<\/a>. Wenn Sie eine <a href=\"https:\/\/intercel.eu\/de\/elektrifizierung\/co-creation-custom-akkupacks\/\" data-type=\"page\" data-id=\"7230\">ma\u00dfgeschneiderte Energiel\u00f6sung<\/a> ben\u00f6tigen, entwickeln und realisieren wir diese gerne f\u00fcr Sie!  <\/p>\n\n\n\n<div class=\"wp-block-group has-global-padding is-layout-constrained wp-block-group-is-layout-constrained\">\n<div class=\"wp-block-columns has-wit-color has-horizontal-grey-to-dark-grey-gradient-background has-text-color has-background has-link-color wp-elements-31fd4d24eeb3cb2fe4a4dd02eba8c7c8 is-layout-flex wp-container-core-columns-is-layout-a5331a9e wp-block-columns-is-layout-flex\" style=\"border-top-left-radius:35px;border-top-right-radius:32px;border-bottom-left-radius:35px;border-bottom-right-radius:32px;padding-top:0;padding-right:0;padding-bottom:0;padding-left:0;box-shadow:var(--wp--preset--shadow--natural)\">\n<div class=\"wp-block-column is-vertically-aligned-stretch is-layout-flow wp-block-column-is-layout-flow\" style=\"flex-basis:33.33%\">\n<div class=\"wp-block-group is-style-default has-global-padding is-layout-constrained wp-container-core-group-is-layout-72d38984 wp-block-group-is-layout-constrained has-background\" style=\"border-top-left-radius:25px;border-bottom-left-radius:25px;min-height:100%;margin-top:0;margin-bottom:0;padding-top:0;padding-right:0;padding-bottom:0;padding-left:0;background-image:url(&apos;https:\/\/intercel.eu\/\/app\/uploads\/2025\/11\/Intercel-Groep_04-1-scaled.jpg&apos;);background-position:38% 99%;background-size:cover;\">\n<div style=\"height:191px\" aria-hidden=\"true\" class=\"wp-block-spacer\"><\/div>\n<\/div>\n<\/div>\n\n\n\n<div class=\"wp-block-column is-vertically-aligned-center is-style-indrukwekkend-afgerond is-layout-flow wp-container-core-column-is-layout-f2c55d9d wp-block-column-is-layout-flow\" style=\"border-style:none;border-width:0px;padding-top:var(--wp--preset--spacing--20);padding-right:var(--wp--preset--spacing--30);padding-bottom:var(--wp--preset--spacing--20);padding-left:var(--wp--preset--spacing--10)\">\n<div class=\"wp-block-group has-wit-color has-text-color has-link-color wp-elements-b4b3ec6c190c876507fb0085c061afc0 is-layout-flow wp-container-core-group-is-layout-4d399660 wp-block-group-is-layout-flow\" style=\"margin-top:0;margin-bottom:0;padding-top:var(--wp--preset--spacing--50);padding-right:0;padding-bottom:var(--wp--preset--spacing--50);padding-left:0\">\n<h3 class=\"wp-block-heading alignfull has-text-align-left has-wit-color has-text-color has-link-color wp-elements-5ca311382c52767d4d84bd99fae103d1\">Vermeiden Sie Ausfallzeiten. W\u00e4hlen Sie die richtige Batterie. <\/h3>\n\n\n\n<p>Wir liefern zuverl\u00e4ssige Traktionsbatterien f\u00fcr Ihre Maschine oder Ihr Fahrzeug.<\/p>\n\n\n\n<p>\u2713 Schnelle Lieferung ab Lager<br\/>\u2713 Europ\u00e4ische Qualit\u00e4t und Sicherheit<br\/>\u2713 Technischer Support, der den Unterschied macht<\/p>\n\n\n\n<div class=\"wp-block-buttons alignfull is-horizontal is-content-justification-left is-layout-flex wp-container-core-buttons-is-layout-036cb0ab wp-block-buttons-is-layout-flex\">\n<div class=\"wp-block-button is-style-arrow\"><a class=\"wp-block-button__link has-text-align-center wp-element-button\" href=\"https:\/\/intercel.eu\/de\/motive-kontakt\/\">Pers\u00f6nliche Beratung oder Angebot erhalten<\/a><\/div>\n<\/div>\n\n\n\n<p style=\"margin-top:0;margin-bottom:0;padding-top:0;padding-right:var(--wp--preset--spacing--30);padding-bottom:0;padding-left:var(--wp--preset--spacing--30)\"><em>Wir helfen Ihnen gerne<\/em><\/p>\n<\/div>\n<\/div>\n<\/div>\n<\/div>\n<\/div>\n","protected":false},"excerpt":{"rendered":"<p>Die batterien von Intercel tragen zum zuverl\u00e4ssigen und sicheren Betrieb Ihrer autarken Beschilderungssysteme bei. Intercel liefert hochwertige batterien sowohl f\u00fcr mobile als auch f\u00fcr fest installierte Beschilderung. Wir haben eine gro\u00dfe Anzahl an Standard-batterien auf Lager, sodass Sie schnell umstellen k\u00f6nnen, wenn eine batterie ersetzt werden muss. Dar\u00fcber hinaus k\u00f6nnen wir ma\u00dfgeschneiderte und spezifische L\u00f6sungen &hellip; <a href=\"https:\/\/intercel.eu\/de\/motiv\/autonome-beschilderung\/\">Fortgesetzt<\/a><\/p>\n","protected":false},"author":1,"featured_media":0,"parent":7211,"menu_order":0,"comment_status":"open","ping_status":"open","template":"","meta":{"footnotes":""},"class_list":["post-10312","page","type-page","status-publish","hentry"],"acf":[],"_links":{"self":[{"href":"https:\/\/intercel.eu\/de\/wp-json\/wp\/v2\/pages\/10312","targetHints":{"allow":["GET"]}}],"collection":[{"href":"https:\/\/intercel.eu\/de\/wp-json\/wp\/v2\/pages"}],"about":[{"href":"https:\/\/intercel.eu\/de\/wp-json\/wp\/v2\/types\/page"}],"author":[{"embeddable":true,"href":"https:\/\/intercel.eu\/de\/wp-json\/wp\/v2\/users\/1"}],"replies":[{"embeddable":true,"href":"https:\/\/intercel.eu\/de\/wp-json\/wp\/v2\/comments?post=10312"}],"version-history":[{"count":6,"href":"https:\/\/intercel.eu\/de\/wp-json\/wp\/v2\/pages\/10312\/revisions"}],"predecessor-version":[{"id":37584,"href":"https:\/\/intercel.eu\/de\/wp-json\/wp\/v2\/pages\/10312\/revisions\/37584"}],"up":[{"embeddable":true,"href":"https:\/\/intercel.eu\/de\/wp-json\/wp\/v2\/pages\/7211"}],"wp:attachment":[{"href":"https:\/\/intercel.eu\/de\/wp-json\/wp\/v2\/media?parent=10312"}],"curies":[{"name":"wp","href":"https:\/\/api.w.org\/{rel}","templated":true}]}}