{"id":10314,"date":"2025-11-06T10:43:04","date_gmt":"2025-11-06T09:43:04","guid":{"rendered":"https:\/\/intercel.eu\/?page_id=10314"},"modified":"2026-04-02T10:31:28","modified_gmt":"2026-04-02T08:31:28","slug":"nutzfahrzeuge","status":"publish","type":"page","link":"https:\/\/intercel.eu\/de\/motiv\/nutzfahrzeuge\/","title":{"rendered":"Nutzfahrzeuge"},"content":{"rendered":"\n<div class=\"wp-block-group has-global-padding is-layout-constrained wp-block-group-is-layout-constrained\">\n<p>Ihre Nutzfahrzeuge sollten immer voll einsatzbereit sein.\nJedoch ist vor Ort nicht immer ein Stromanschluss verf\u00fcgbar.\nEin Nutzfahrzeug, das seinen Energiebedarf autark decken kann, bietet daher eine L\u00f6sung.\nIntercel ist in der Lage, technische Beratung anzubieten, um den perfekten Energiebedarf f\u00fcr Ihr Nutzfahrzeug zu planen. <\/p>\n\n\n\n<div class=\"wp-block-buttons is-layout-flex wp-block-buttons-is-layout-flex\">\n<div class=\"wp-block-button\"><a class=\"wp-block-button__link wp-element-button\" href=\"https:\/\/intercel.eu\/de\/industries\/verkehr-infrastruktur\/nutzfahrzeuge\/\">Nutzfahrzeug-batterien ansehen<\/a><\/div>\n<\/div>\n\n\n\n<h2 class=\"wp-block-heading has-x-large-font-size\">Alles f\u00fcr Ihr Nutzfahrzeug<\/h2>\n\n\n\n<p>Wir regeln den Energiebedarf eines Nutzfahrzeugs, indem wir ein Gesamtpaket aus <a href=\"https:\/\/intercel.eu\/de\/motiv\/batterien\/\" data-type=\"page\" data-id=\"14315\">batterien<\/a>, Ladeger\u00e4ten, Wechselrichtern und Euro 5\/6-L\u00f6sungen bereitstellen. Unsere Erfahrung in der Branche f\u00fcr Nutzfahrzeugausr\u00fcstung erm\u00f6glicht es uns, die beste L\u00f6sung f\u00fcr Sie zusammenzustellen. <\/p>\n\n\n\n<p>Wir l\u00f6sen jede Herausforderung durch ma\u00dfgeschneiderte innovative Produkte.\nDaher ist keine Herausforderung f\u00fcr Intercel zu gro\u00df.\nDie St\u00e4rke von Intercel liegt darin, dass wir exzellenten Service bieten, einen gro\u00dfen Bestand haben und daher schnell liefern k\u00f6nnen.  <\/p>\n\n\n\n<p>Au\u00dferdem k\u00f6nnen wir praktisch alles f\u00fcr Nutzfahrzeuge liefern; Von Isolationsschutzmechanismen \u00fcber Wechselrichter bis hin zu Ladeger\u00e4ten und allem dazwischen.\nDaher ist ein sicheres Stromsystem f\u00fcr jedes Nutzfahrzeug m\u00f6glich, das den Strombedarf vor Ort deckt.  <\/p>\n\n\n\n<h2 class=\"wp-block-heading has-x-large-font-size\">Deine Vorteile<\/h2>\n\n\n\n<p>Mit den Energiel\u00f6sungen von Intercel f\u00fcr Nutzfahrzeuge k\u00f6nnen Sie z\u00e4hlen auf:<\/p>\n\n\n\n<ul class=\"wp-block-list\">\n<li>Zuverl\u00e4ssige Batterien mit langer Lebensdauer.<\/li>\n\n\n\n<li>Systeme geeignet f\u00fcr Euro 5 \/ 6 Fahrzeuge.<\/li>\n\n\n\n<li>D\u00e4mmschutzvorrichtungen f\u00fcr sicheres Arbeiten gem\u00e4\u00df NEN 1010.<\/li>\n\n\n\n<li>Ehrlicher und fundierter Rat.<\/li>\n\n\n\n<li>Anpassung bei Bedarf.<\/li>\n<\/ul>\n<\/div>\n\n<div class=\"wp-block-group has-global-padding is-layout-constrained wp-block-group-is-layout-constrained\">\n<div class=\"wp-block-columns has-wit-color has-horizontal-grey-to-dark-grey-gradient-background has-text-color has-background has-link-color wp-elements-31fd4d24eeb3cb2fe4a4dd02eba8c7c8 is-layout-flex wp-container-core-columns-is-layout-a5331a9e wp-block-columns-is-layout-flex\" style=\"border-top-left-radius:35px;border-top-right-radius:32px;border-bottom-left-radius:35px;border-bottom-right-radius:32px;padding-top:0;padding-right:0;padding-bottom:0;padding-left:0;box-shadow:var(--wp--preset--shadow--natural)\">\n<div class=\"wp-block-column is-vertically-aligned-stretch is-layout-flow wp-block-column-is-layout-flow\" style=\"flex-basis:33.33%\">\n<div class=\"wp-block-group is-style-default has-global-padding is-layout-constrained wp-container-core-group-is-layout-72d38984 wp-block-group-is-layout-constrained has-background\" style=\"border-top-left-radius:25px;border-bottom-left-radius:25px;min-height:100%;margin-top:0;margin-bottom:0;padding-top:0;padding-right:0;padding-bottom:0;padding-left:0;background-image:url(&apos;https:\/\/intercel.eu\/\/app\/uploads\/2025\/11\/Intercel-Groep_04-1-scaled.jpg&apos;);background-position:38% 99%;background-size:cover;\">\n<div style=\"height:191px\" aria-hidden=\"true\" class=\"wp-block-spacer\"><\/div>\n<\/div>\n<\/div>\n\n\n\n<div class=\"wp-block-column is-vertically-aligned-center is-style-indrukwekkend-afgerond is-layout-flow wp-container-core-column-is-layout-f2c55d9d wp-block-column-is-layout-flow\" style=\"border-style:none;border-width:0px;padding-top:var(--wp--preset--spacing--20);padding-right:var(--wp--preset--spacing--30);padding-bottom:var(--wp--preset--spacing--20);padding-left:var(--wp--preset--spacing--10)\">\n<div class=\"wp-block-group has-wit-color has-text-color has-link-color wp-elements-b4b3ec6c190c876507fb0085c061afc0 is-layout-flow wp-container-core-group-is-layout-4d399660 wp-block-group-is-layout-flow\" style=\"margin-top:0;margin-bottom:0;padding-top:var(--wp--preset--spacing--50);padding-right:0;padding-bottom:var(--wp--preset--spacing--50);padding-left:0\">\n<h3 class=\"wp-block-heading alignfull has-text-align-left has-wit-color has-text-color has-link-color wp-elements-5ca311382c52767d4d84bd99fae103d1\">Vermeiden Sie Ausfallzeiten. W\u00e4hlen Sie die richtige Batterie. <\/h3>\n\n\n\n<p>Wir liefern zuverl\u00e4ssige Traktionsbatterien f\u00fcr Ihre Maschine oder Ihr Fahrzeug.<\/p>\n\n\n\n<p>\u2713 Schnelle Lieferung ab Lager<br\/>\u2713 Europ\u00e4ische Qualit\u00e4t und Sicherheit<br\/>\u2713 Technischer Support, der den Unterschied macht<\/p>\n\n\n\n<div class=\"wp-block-buttons alignfull is-horizontal is-content-justification-left is-layout-flex wp-container-core-buttons-is-layout-036cb0ab wp-block-buttons-is-layout-flex\">\n<div class=\"wp-block-button is-style-arrow\"><a class=\"wp-block-button__link has-text-align-center wp-element-button\" href=\"https:\/\/intercel.eu\/de\/motive-kontakt\/\">Pers\u00f6nliche Beratung oder Angebot erhalten<\/a><\/div>\n<\/div>\n\n\n\n<p style=\"margin-top:0;margin-bottom:0;padding-top:0;padding-right:var(--wp--preset--spacing--30);padding-bottom:0;padding-left:var(--wp--preset--spacing--30)\"><em>Wir helfen Ihnen gerne<\/em><\/p>\n<\/div>\n<\/div>\n<\/div>\n<\/div>\n","protected":false},"excerpt":{"rendered":"<p>Ihre Nutzfahrzeuge sollten immer voll einsatzbereit sein. Jedoch ist vor Ort nicht immer ein Stromanschluss verf\u00fcgbar. Ein Nutzfahrzeug, das seinen Energiebedarf autark decken kann, bietet daher eine L\u00f6sung. Intercel ist in der Lage, technische Beratung anzubieten, um den perfekten Energiebedarf f\u00fcr Ihr Nutzfahrzeug zu planen. Alles f\u00fcr Ihr Nutzfahrzeug Wir regeln den Energiebedarf eines Nutzfahrzeugs, &hellip; <a href=\"https:\/\/intercel.eu\/de\/motiv\/nutzfahrzeuge\/\">Fortgesetzt<\/a><\/p>\n","protected":false},"author":1,"featured_media":0,"parent":7211,"menu_order":0,"comment_status":"open","ping_status":"open","template":"","meta":{"footnotes":""},"class_list":["post-10314","page","type-page","status-publish","hentry"],"acf":[],"_links":{"self":[{"href":"https:\/\/intercel.eu\/de\/wp-json\/wp\/v2\/pages\/10314","targetHints":{"allow":["GET"]}}],"collection":[{"href":"https:\/\/intercel.eu\/de\/wp-json\/wp\/v2\/pages"}],"about":[{"href":"https:\/\/intercel.eu\/de\/wp-json\/wp\/v2\/types\/page"}],"author":[{"embeddable":true,"href":"https:\/\/intercel.eu\/de\/wp-json\/wp\/v2\/users\/1"}],"replies":[{"embeddable":true,"href":"https:\/\/intercel.eu\/de\/wp-json\/wp\/v2\/comments?post=10314"}],"version-history":[{"count":4,"href":"https:\/\/intercel.eu\/de\/wp-json\/wp\/v2\/pages\/10314\/revisions"}],"predecessor-version":[{"id":37525,"href":"https:\/\/intercel.eu\/de\/wp-json\/wp\/v2\/pages\/10314\/revisions\/37525"}],"up":[{"embeddable":true,"href":"https:\/\/intercel.eu\/de\/wp-json\/wp\/v2\/pages\/7211"}],"wp:attachment":[{"href":"https:\/\/intercel.eu\/de\/wp-json\/wp\/v2\/media?parent=10314"}],"curies":[{"name":"wp","href":"https:\/\/api.w.org\/{rel}","templated":true}]}}