{"id":10316,"date":"2025-11-06T10:43:49","date_gmt":"2025-11-06T09:43:49","guid":{"rendered":"https:\/\/intercel.eu\/?page_id=10316"},"modified":"2026-04-02T10:34:03","modified_gmt":"2026-04-02T08:34:03","slug":"wohnwagen-wohnmobil","status":"publish","type":"page","link":"https:\/\/intercel.eu\/de\/motiv\/wohnwagen-wohnmobil\/","title":{"rendered":"Wohnwagen \u2013 Wohnmobil"},"content":{"rendered":"\n<div class=\"wp-block-group has-global-padding is-layout-constrained wp-block-group-is-layout-constrained\">\n<p>In unserem modernen Lebensstil gibt es einen wachsenden Bedarf an elektronischen Produkten, die uns auf unseren Reisen begleiten.\nBeim Urlaub mit einem Wohnmobil oder Wohnwagen k\u00f6nnen Sie auf eine zuverl\u00e4ssige batterie als Notstromversorgung nicht mehr verzichten, wenn das Stromnetz ausf\u00e4llt. <\/p>\n\n\n\n<div class=\"wp-block-buttons is-layout-flex wp-block-buttons-is-layout-flex\">\n<div class=\"wp-block-button\"><a class=\"wp-block-button__link wp-element-button\" href=\"https:\/\/intercel.eu\/de\/industries\/verkehr-infrastruktur\/wohnwagen-wohnmobil\/\">Unsere Wohnwagen- und Wohnmobilbatterien ansehen<\/a><\/div>\n<\/div>\n\n\n\n<h2 class=\"wp-block-heading has-x-large-font-size\">Passende batterie f\u00fcr Ihren Wohnwagen und Ihr Wohnmobil<\/h2>\n\n\n\n<p>Eine Wohnmobilbatterie ist entscheidend f\u00fcr den Betrieb der Beleuchtung, der Wasserpumpe und anderer vorhandener Ger\u00e4te.\nMit einer batterie von Intercel k\u00f6nnen Sie sich auf eine komfortable Reise verlassen.\nEine hochwertige batterie f\u00fcr Ihr Wohnmobil oder Ihren Wohnwagen tr\u00e4gt zu einem erfolgreichen Urlaub bei. <\/p>\n\n\n\n<p>Intercel liefert Versorgungsbatterien f\u00fcr Wohnmobile, Wohnwagen und Caravan-Mover. Eine batterie f\u00fcr diese Anwendungen wird auch als Freizeitbatterie bezeichnet. Eine <a href=\"https:\/\/intercel.eu\/de\/wissen-erkenntnisse\/batterietechnologie\/agm-batterien\/\" data-type=\"page\" data-id=\"10224\">AGM-batterie<\/a> ist speziell f\u00fcr viele intensive Entlade- und Ladezyklen (zyklischer Einsatz) konzipiert.  <\/p>\n\n\n\n<h2 class=\"wp-block-heading has-x-large-font-size\">AGM-batterie f\u00fcr Wohnmobil und Wohnwagen<\/h2>\n\n\n\n<p>Intercel empfiehlt die Wahl von <a href=\"https:\/\/intercel.eu\/de\/wissen-erkenntnisse\/batterietechnologie\/agm-batterien\/\" data-type=\"page\" data-id=\"10224\">AGM-batterien<\/a> (Absorbed Glass Mat), die beste Wahl f\u00fcr Wohnwagen und Wohnmobile. Eine AGM-batterie kann bis zu 50 % oder sogar 20 % entladen werden, aber wir empfehlen, sie f\u00fcr eine lange Lebensdauer nicht tiefer als 50 % zu entladen. Wenn Sie eine Bleibatterie regelm\u00e4\u00dfig bis auf 20 % tiefentladen, kann dies zu Sch\u00e4den f\u00fchren. Wir bieten spezielle zyklenfeste AGM-batterien f\u00fcr Wohnmobile und Wohnwagen an.   <\/p>\n\n\n\n<h2 class=\"wp-block-heading has-x-large-font-size\">Welche batterie soll ich f\u00fcr mein Wohnmobil und meinen Wohnwagen w\u00e4hlen?<\/h2>\n\n\n\n<p>Welche batteriegr\u00f6\u00dfe ist f\u00fcr mein Wohnmobil oder meinen Wohnwagen geeignet? Es werden batterien mit mindestens 80 Ah bis 100 Ah empfohlen, aber stellen Sie immer sicher, dass Sie gen\u00fcgend Kapazit\u00e4t haben, um alle Ger\u00e4te in Ihrem Wohnmobil \u00fcber l\u00e4ngere Zeitr\u00e4ume zu betreiben. Intercel bietet die <a href=\"https:\/\/intercel.eu\/de\/cellpower-cpx-80-12-2\/\" data-type=\"product\" data-id=\"9304\">CPX 80-12<\/a> als beste batterie f\u00fcr Wohnmobile und Wohnwagen an. Wenn Sie mehr Kapazit\u00e4t ben\u00f6tigen, w\u00e4hlen Sie eine batterie aus der <a href=\"https:\/\/intercel.eu\/de\/marken\/cellpower\/cpc-serie\/\" data-type=\"product_brand\" data-id=\"2100\">Cellpower CPC-Serie<\/a>, einer batterie-Reihe bis 250 Ah.   <\/p>\n\n\n\n<h2 class=\"wp-block-heading has-x-large-font-size\">AGM-Starterbatterie f\u00fcr Camper und Wohnwagen<\/h2>\n\n\n\n<p>Wir liefern keine Standard-Starterbatterien f\u00fcr Wohnmobile und Wohnwagen. Wir haben jedoch Optima Red Top Starterbatterien in unserem Sortiment. Diese batterien sind nur zum Starten geeignet. Eine batterie-Serie, die sowohl zum Starten als auch f\u00fcr den zyklischen Einsatz (Versorgungsbatterie) geeignet ist, ist die Optima Yellow Top-Serie. Dar\u00fcber hinaus k\u00f6nnen die <a href=\"https:\/\/intercel.eu\/de\/marken\/cellpower\/cpx-serie\/\" data-type=\"product_brand\" data-id=\"2039\">Cellpower CPX<\/a>&#8211; und CPC-Serien auch als Starter- und Versorgungsbatterien verwendet werden.    <\/p>\n\n\n\n<h2 class=\"wp-block-heading has-x-large-font-size\">batterie-Zubeh\u00f6r f\u00fcr Wohnmobil, Wohnwagen und Caravan-Mover<\/h2>\n\n\n\n<p>Zus\u00e4tzlich zu diesen batterien f\u00fchren wir ein breites Sortiment an batterie-Zubeh\u00f6r f\u00fcr Ihr Wohnmobil, wie z. B.: batterieladeger\u00e4te, Wechselrichter usw.<\/p>\n\n\n\n<div class=\"wp-block-group has-global-padding is-layout-constrained wp-block-group-is-layout-constrained\">\n<div class=\"wp-block-columns has-wit-color has-horizontal-grey-to-dark-grey-gradient-background has-text-color has-background has-link-color wp-elements-31fd4d24eeb3cb2fe4a4dd02eba8c7c8 is-layout-flex wp-container-core-columns-is-layout-a5331a9e wp-block-columns-is-layout-flex\" style=\"border-top-left-radius:35px;border-top-right-radius:32px;border-bottom-left-radius:35px;border-bottom-right-radius:32px;padding-top:0;padding-right:0;padding-bottom:0;padding-left:0;box-shadow:var(--wp--preset--shadow--natural)\">\n<div class=\"wp-block-column is-vertically-aligned-stretch is-layout-flow wp-block-column-is-layout-flow\" style=\"flex-basis:33.33%\">\n<div class=\"wp-block-group is-style-default has-global-padding is-layout-constrained wp-container-core-group-is-layout-72d38984 wp-block-group-is-layout-constrained has-background\" style=\"border-top-left-radius:25px;border-bottom-left-radius:25px;min-height:100%;margin-top:0;margin-bottom:0;padding-top:0;padding-right:0;padding-bottom:0;padding-left:0;background-image:url(&apos;https:\/\/intercel.eu\/\/app\/uploads\/2025\/11\/Intercel-Groep_04-1-scaled.jpg&apos;);background-position:38% 99%;background-size:cover;\">\n<div style=\"height:191px\" aria-hidden=\"true\" class=\"wp-block-spacer\"><\/div>\n<\/div>\n<\/div>\n\n\n\n<div class=\"wp-block-column is-vertically-aligned-center is-style-indrukwekkend-afgerond is-layout-flow wp-container-core-column-is-layout-f2c55d9d wp-block-column-is-layout-flow\" style=\"border-style:none;border-width:0px;padding-top:var(--wp--preset--spacing--20);padding-right:var(--wp--preset--spacing--30);padding-bottom:var(--wp--preset--spacing--20);padding-left:var(--wp--preset--spacing--10)\">\n<div class=\"wp-block-group has-wit-color has-text-color has-link-color wp-elements-b4b3ec6c190c876507fb0085c061afc0 is-layout-flow wp-container-core-group-is-layout-4d399660 wp-block-group-is-layout-flow\" style=\"margin-top:0;margin-bottom:0;padding-top:var(--wp--preset--spacing--50);padding-right:0;padding-bottom:var(--wp--preset--spacing--50);padding-left:0\">\n<h3 class=\"wp-block-heading alignfull has-text-align-left has-wit-color has-text-color has-link-color wp-elements-5ca311382c52767d4d84bd99fae103d1\">Vermeiden Sie Ausfallzeiten. W\u00e4hlen Sie die richtige Batterie. <\/h3>\n\n\n\n<p>Wir liefern zuverl\u00e4ssige Traktionsbatterien f\u00fcr Ihre Maschine oder Ihr Fahrzeug.<\/p>\n\n\n\n<p>\u2713 Schnelle Lieferung ab Lager<br\/>\u2713 Europ\u00e4ische Qualit\u00e4t und Sicherheit<br\/>\u2713 Technischer Support, der den Unterschied macht<\/p>\n\n\n\n<div class=\"wp-block-buttons alignfull is-horizontal is-content-justification-left is-layout-flex wp-container-core-buttons-is-layout-036cb0ab wp-block-buttons-is-layout-flex\">\n<div class=\"wp-block-button is-style-arrow\"><a class=\"wp-block-button__link has-text-align-center wp-element-button\" href=\"https:\/\/intercel.eu\/de\/motive-kontakt\/\">Pers\u00f6nliche Beratung oder Angebot erhalten<\/a><\/div>\n<\/div>\n\n\n\n<p style=\"margin-top:0;margin-bottom:0;padding-top:0;padding-right:var(--wp--preset--spacing--30);padding-bottom:0;padding-left:var(--wp--preset--spacing--30)\"><em>Wir helfen Ihnen gerne<\/em><\/p>\n<\/div>\n<\/div>\n<\/div>\n<\/div>\n<\/div>\n","protected":false},"excerpt":{"rendered":"<p>In unserem modernen Lebensstil gibt es einen wachsenden Bedarf an elektronischen Produkten, die uns auf unseren Reisen begleiten. Beim Urlaub mit einem Wohnmobil oder Wohnwagen k\u00f6nnen Sie auf eine zuverl\u00e4ssige batterie als Notstromversorgung nicht mehr verzichten, wenn das Stromnetz ausf\u00e4llt. Passende batterie f\u00fcr Ihren Wohnwagen und Ihr Wohnmobil Eine Wohnmobilbatterie ist entscheidend f\u00fcr den Betrieb &hellip; <a href=\"https:\/\/intercel.eu\/de\/motiv\/wohnwagen-wohnmobil\/\">Fortgesetzt<\/a><\/p>\n","protected":false},"author":1,"featured_media":0,"parent":7211,"menu_order":0,"comment_status":"open","ping_status":"open","template":"","meta":{"footnotes":""},"class_list":["post-10316","page","type-page","status-publish","hentry"],"acf":[],"_links":{"self":[{"href":"https:\/\/intercel.eu\/de\/wp-json\/wp\/v2\/pages\/10316","targetHints":{"allow":["GET"]}}],"collection":[{"href":"https:\/\/intercel.eu\/de\/wp-json\/wp\/v2\/pages"}],"about":[{"href":"https:\/\/intercel.eu\/de\/wp-json\/wp\/v2\/types\/page"}],"author":[{"embeddable":true,"href":"https:\/\/intercel.eu\/de\/wp-json\/wp\/v2\/users\/1"}],"replies":[{"embeddable":true,"href":"https:\/\/intercel.eu\/de\/wp-json\/wp\/v2\/comments?post=10316"}],"version-history":[{"count":6,"href":"https:\/\/intercel.eu\/de\/wp-json\/wp\/v2\/pages\/10316\/revisions"}],"predecessor-version":[{"id":37533,"href":"https:\/\/intercel.eu\/de\/wp-json\/wp\/v2\/pages\/10316\/revisions\/37533"}],"up":[{"embeddable":true,"href":"https:\/\/intercel.eu\/de\/wp-json\/wp\/v2\/pages\/7211"}],"wp:attachment":[{"href":"https:\/\/intercel.eu\/de\/wp-json\/wp\/v2\/media?parent=10316"}],"curies":[{"name":"wp","href":"https:\/\/api.w.org\/{rel}","templated":true}]}}