{"id":10320,"date":"2025-11-06T10:43:49","date_gmt":"2025-11-06T09:43:49","guid":{"rendered":"https:\/\/intercel.eu\/?page_id=10320"},"modified":"2026-04-02T10:44:39","modified_gmt":"2026-04-02T08:44:39","slug":"elektrofahrzeuge","status":"publish","type":"page","link":"https:\/\/intercel.eu\/de\/motiv\/elektrofahrzeuge\/","title":{"rendered":"Batterien f\u00fcr Elektrofahrzeuge"},"content":{"rendered":"\n<div class=\"wp-block-group has-global-padding is-layout-constrained wp-block-group-is-layout-constrained\">\n<p>Intercel bietet zuverl\u00e4ssige Batterien f\u00fcr verschiedene Arten von Elektrofahrzeugen (EVs).\nUnsere Batterien sind hocheffizient und verf\u00fcgen \u00fcber eine gro\u00dfe Reichweite, sodass Sie das Beste aus Ihren Elektrofahrzeugen herausholen k\u00f6nnen.\nWir liefern Standardbatterien, bieten aber auch kundenspezifische Anpassungen an, zum Beispiel durch die Entwicklung ma\u00dfgeschneiderter Akkupacks. <\/p>\n\n\n\n<div class=\"wp-block-buttons is-layout-flex wp-block-buttons-is-layout-flex\">\n<div class=\"wp-block-button\"><a class=\"wp-block-button__link wp-element-button\" href=\"https:\/\/intercel.eu\/de\/industries\/verkehr-infrastruktur\/elektrofahrzeuge\/\">Batterien f\u00fcr Elektrofahrzeuge ansehen<\/a><\/div>\n<\/div>\n\n\n\n<h2 class=\"wp-block-heading has-x-large-font-size\">Was sind Elektrofahrzeuge?<\/h2>\n\n\n\n<p>Elektrofahrzeuge sind w\u00f6rtlich \u00fcbersetzte Elektrofahrzeuge.\nInnerhalb von Elektrofahrzeugen wird zwischen Elektrofahrzeugen \u2013 was sich meist auf Autos bezieht \u2013 und leichten Elektrofahrzeugen unterschieden.\nLeichte Elektrofahrzeuge umfassen Elektrofahrr\u00e4der, Frachtmotorr\u00e4der, Roller und Motorr\u00e4der.  <\/p>\n\n\n\n<h2 class=\"wp-block-heading has-x-large-font-size\">Was muss ich \u00fcber EV-Batterien wissen?<\/h2>\n\n\n\n<p>Die EV-Batterie ist die Batterie, die zum Antrieb eines Elektroautos verwendet wird.\nEs gibt also einen gro\u00dfen Unterschied zwischen der EV-Batterie und der Batterie, die in jedem Auto zu finden ist.\nBatterien f\u00fcr Elektrofahrzeuge sind wiederaufladbar und speziell f\u00fcr sehr hohe Kapazit\u00e4ten ausgelegt.\nEV-Batterien sind im Verh\u00e4ltnis zu ihrem Gewicht sehr leistungsstark und weisen eine hohe Energiedichte auf.\nSie sind so klein und leicht wie m\u00f6glich, um die Fahrzeugleistung zu optimieren.\nDie am h\u00e4ufigsten verwendeten Batterien f\u00fcr EVs sind Lithium-Ionen- und Lithium-Polymer-Batterien, da sie eine sehr hohe Energiedichte haben.\nEs gibt jedoch auch Batterien mit anderen Zusammensetzungen. <\/p>\n\n\n\n<h2 class=\"wp-block-heading has-x-large-font-size\">Holen Sie mit der richtigen Batterie das Beste aus Ihrem Elektroauto heraus<\/h2>\n\n\n\n<p>Die Batterie ist eines der wichtigsten Teile eines Elektrofahrzeugs.\nSchlie\u00dflich liefert die Batterie die Energie f\u00fcr den Antrieb des Autos.\nDie Kapazit\u00e4t der Batterie bestimmt auch die Entfernung, die Sie zur\u00fccklegen k\u00f6nnen, also die Reichweite.\nAlle unsere Batterien sind leistungsstark und zuverl\u00e4ssig, sodass Sie genau wissen, wann Sie die Batterie aufladen m\u00fcssen.\nBatterien sind in verschiedenen Kapazit\u00e4ten erh\u00e4ltlich. <\/p>\n\n\n\n<h2 class=\"wp-block-heading has-x-large-font-size\">Preiswerte Batterien nach Ihren Spezifikationen<\/h2>\n\n\n\n<p>Das Akkupack ist eines der teuersten Teile eines Elektroautos.\nIn den letzten zehn Jahren ist der Preis f\u00fcr diese Akkupacks rapide gesunken.\nAuf Kilowattstundenbasis um bis zu 87 %.\nDar\u00fcber hinaus sind die Batterien von Intercel immer preisg\u00fcnstig.\nSie k\u00f6nnen oft direkt aus unserem eigenen Lager geliefert werden, aber wir k\u00f6nnen auch ma\u00dfgeschneiderte L\u00f6sungen anbieten.\nZum Beispiel k\u00f6nnen wir ein Akkupack nach Ihren Spezifikationen zusammenstellen.\nKontaktieren Sie uns, um die M\u00f6glichkeiten zu entdecken! <\/p>\n\n\n\n<div class=\"wp-block-group has-global-padding is-layout-constrained wp-block-group-is-layout-constrained\">\n<div class=\"wp-block-columns has-wit-color has-horizontal-grey-to-dark-grey-gradient-background has-text-color has-background has-link-color wp-elements-31fd4d24eeb3cb2fe4a4dd02eba8c7c8 is-layout-flex wp-container-core-columns-is-layout-a5331a9e wp-block-columns-is-layout-flex\" style=\"border-top-left-radius:35px;border-top-right-radius:32px;border-bottom-left-radius:35px;border-bottom-right-radius:32px;padding-top:0;padding-right:0;padding-bottom:0;padding-left:0;box-shadow:var(--wp--preset--shadow--natural)\">\n<div class=\"wp-block-column is-vertically-aligned-stretch is-layout-flow wp-block-column-is-layout-flow\" style=\"flex-basis:33.33%\">\n<div class=\"wp-block-group is-style-default has-global-padding is-layout-constrained wp-container-core-group-is-layout-72d38984 wp-block-group-is-layout-constrained has-background\" style=\"border-top-left-radius:25px;border-bottom-left-radius:25px;min-height:100%;margin-top:0;margin-bottom:0;padding-top:0;padding-right:0;padding-bottom:0;padding-left:0;background-image:url(&apos;https:\/\/intercel.eu\/\/app\/uploads\/2025\/11\/Intercel-Groep_04-1-scaled.jpg&apos;);background-position:38% 99%;background-size:cover;\">\n<div style=\"height:191px\" aria-hidden=\"true\" class=\"wp-block-spacer\"><\/div>\n<\/div>\n<\/div>\n\n\n\n<div class=\"wp-block-column is-vertically-aligned-center is-style-indrukwekkend-afgerond is-layout-flow wp-container-core-column-is-layout-f2c55d9d wp-block-column-is-layout-flow\" style=\"border-style:none;border-width:0px;padding-top:var(--wp--preset--spacing--20);padding-right:var(--wp--preset--spacing--30);padding-bottom:var(--wp--preset--spacing--20);padding-left:var(--wp--preset--spacing--10)\">\n<div class=\"wp-block-group has-wit-color has-text-color has-link-color wp-elements-b4b3ec6c190c876507fb0085c061afc0 is-layout-flow wp-container-core-group-is-layout-4d399660 wp-block-group-is-layout-flow\" style=\"margin-top:0;margin-bottom:0;padding-top:var(--wp--preset--spacing--50);padding-right:0;padding-bottom:var(--wp--preset--spacing--50);padding-left:0\">\n<h3 class=\"wp-block-heading alignfull has-text-align-left has-wit-color has-text-color has-link-color wp-elements-5ca311382c52767d4d84bd99fae103d1\">Vermeiden Sie Ausfallzeiten. W\u00e4hlen Sie die richtige Batterie. <\/h3>\n\n\n\n<p>Wir liefern zuverl\u00e4ssige Traktionsbatterien f\u00fcr Ihre Maschine oder Ihr Fahrzeug.<\/p>\n\n\n\n<p>\u2713 Schnelle Lieferung ab Lager<br\/>\u2713 Europ\u00e4ische Qualit\u00e4t und Sicherheit<br\/>\u2713 Technischer Support, der den Unterschied macht<\/p>\n\n\n\n<div class=\"wp-block-buttons alignfull is-horizontal is-content-justification-left is-layout-flex wp-container-core-buttons-is-layout-036cb0ab wp-block-buttons-is-layout-flex\">\n<div class=\"wp-block-button is-style-arrow\"><a class=\"wp-block-button__link has-text-align-center wp-element-button\" href=\"https:\/\/intercel.eu\/de\/motive-kontakt\/\">Pers\u00f6nliche Beratung oder Angebot erhalten<\/a><\/div>\n<\/div>\n\n\n\n<p style=\"margin-top:0;margin-bottom:0;padding-top:0;padding-right:var(--wp--preset--spacing--30);padding-bottom:0;padding-left:var(--wp--preset--spacing--30)\"><em>Wir helfen Ihnen gerne<\/em><\/p>\n<\/div>\n<\/div>\n<\/div>\n<\/div>\n<\/div>\n","protected":false},"excerpt":{"rendered":"<p>Intercel bietet zuverl\u00e4ssige Batterien f\u00fcr verschiedene Arten von Elektrofahrzeugen (EVs). Unsere Batterien sind hocheffizient und verf\u00fcgen \u00fcber eine gro\u00dfe Reichweite, sodass Sie das Beste aus Ihren Elektrofahrzeugen herausholen k\u00f6nnen. Wir liefern Standardbatterien, bieten aber auch kundenspezifische Anpassungen an, zum Beispiel durch die Entwicklung ma\u00dfgeschneiderter Akkupacks. Was sind Elektrofahrzeuge? Elektrofahrzeuge sind w\u00f6rtlich \u00fcbersetzte Elektrofahrzeuge. Innerhalb von &hellip; <a href=\"https:\/\/intercel.eu\/de\/motiv\/elektrofahrzeuge\/\">Fortgesetzt<\/a><\/p>\n","protected":false},"author":1,"featured_media":0,"parent":7211,"menu_order":0,"comment_status":"open","ping_status":"open","template":"","meta":{"footnotes":""},"class_list":["post-10320","page","type-page","status-publish","hentry"],"acf":[],"_links":{"self":[{"href":"https:\/\/intercel.eu\/de\/wp-json\/wp\/v2\/pages\/10320","targetHints":{"allow":["GET"]}}],"collection":[{"href":"https:\/\/intercel.eu\/de\/wp-json\/wp\/v2\/pages"}],"about":[{"href":"https:\/\/intercel.eu\/de\/wp-json\/wp\/v2\/types\/page"}],"author":[{"embeddable":true,"href":"https:\/\/intercel.eu\/de\/wp-json\/wp\/v2\/users\/1"}],"replies":[{"embeddable":true,"href":"https:\/\/intercel.eu\/de\/wp-json\/wp\/v2\/comments?post=10320"}],"version-history":[{"count":5,"href":"https:\/\/intercel.eu\/de\/wp-json\/wp\/v2\/pages\/10320\/revisions"}],"predecessor-version":[{"id":37545,"href":"https:\/\/intercel.eu\/de\/wp-json\/wp\/v2\/pages\/10320\/revisions\/37545"}],"up":[{"embeddable":true,"href":"https:\/\/intercel.eu\/de\/wp-json\/wp\/v2\/pages\/7211"}],"wp:attachment":[{"href":"https:\/\/intercel.eu\/de\/wp-json\/wp\/v2\/media?parent=10320"}],"curies":[{"name":"wp","href":"https:\/\/api.w.org\/{rel}","templated":true}]}}