{"id":10322,"date":"2025-11-06T10:43:49","date_gmt":"2025-11-06T09:43:49","guid":{"rendered":"https:\/\/intercel.eu\/?page_id=10322"},"modified":"2026-04-02T10:45:55","modified_gmt":"2026-04-02T08:45:55","slug":"elektrischer-transport","status":"publish","type":"page","link":"https:\/\/intercel.eu\/de\/motiv\/elektrischer-transport\/","title":{"rendered":"Batterien f\u00fcr Elektrotransport"},"content":{"rendered":"\n<div class=\"wp-block-group has-global-padding is-layout-constrained wp-block-group-is-layout-constrained\">\n<p>Intercel bietet Hochleistungsbatterien f\u00fcr verschiedene Formen des Elektrotransports, einschlie\u00dflich Elektrofahrzeugen (EVs) und leichten Elektrofahrzeugen.\nElektrofahrzeuge sind die Zukunft, da sie sauberer, leiser und kosteng\u00fcnstiger sind als Fahrzeuge mit Verbrennungsmotor. <\/p>\n\n\n\n<div class=\"wp-block-buttons is-layout-flex wp-block-buttons-is-layout-flex\">\n<div class=\"wp-block-button\"><a class=\"wp-block-button__link wp-element-button\" href=\"https:\/\/intercel.eu\/de\/industries\/verkehr-infrastruktur\/elektrischer-transport\/\">Batterien f\u00fcr Elektrotransport ansehen<\/a><\/div>\n<\/div>\n\n\n\n<h2 class=\"wp-block-heading has-x-large-font-size\">Leistungsstarke Batterien f\u00fcr Elektrotransport<\/h2>\n\n\n\n<p>Wir k\u00f6nnen ma\u00dfgeschneiderte Batteriel\u00f6sungen entwickeln, liefern aber auch Standardbatterien f\u00fcr Elektrofahrzeuge.\nWir bieten hochwertige Batterien mit gro\u00dfer Reichweite und langer Lebensdauer, damit Sie das Beste aus Ihren Elektrofahrzeugen herausholen k\u00f6nnen! <\/p>\n\n\n\n<h2 class=\"wp-block-heading has-x-large-font-size\">Weniger CO2-Emissionen<\/h2>\n\n\n\n<p>Batteriebetriebene Fahrzeuge helfen im Kampf gegen den Klimawandel. Fahrzeuge mit fossilen Brennstoffen sind gro\u00dfe Umweltverschmutzer und verursachen ein F\u00fcnftel der CO2-Emissionen unseres Landes. Elektrofahrzeuge sto\u00dfen vergleichsweise viel weniger CO2 aus. Milieu Centraal hat beispielsweise berechnet, dass ein Elektroauto der Mittelklasse \u00fcber seine Lebensdauer 32.300 Kilogramm CO2 ausst\u00f6\u00dft, w\u00e4hrend ein vergleichbares Auto mit Diesel oder Benzin 53.100 Kilogramm CO2 produziert. Das ist ein Unterschied von bis zu 40 %. Die Berechnung geht von grau-gr\u00fcnem Strom aus. Strom wird immer gr\u00fcner, sodass der Unterschied zwischen dem Fahren mit Strom und fossilen Brennstoffen in Zukunft noch gr\u00f6\u00dfer wird. Ein Elektrofahrzeug st\u00f6\u00dft zudem weder Feinstaub noch Stickoxide aus und tr\u00e4gt somit zu einer besseren Umwelt und Luftqualit\u00e4t bei.       <\/p>\n\n\n\n<h2 class=\"wp-block-heading has-x-large-font-size\">Sauberer und gr\u00fcner, Batterie inklusive<\/h2>\n\n\n\n<p>Ein bekanntes Vorurteil ist, dass die Umweltvorteile des elektrischen Fahrens durch die Produktion der Batterien zunichtegemacht werden.\nDies ist jedoch falsch.\nDie obige Berechnung von Milieu Centraal ber\u00fccksichtigt bereits die Produktion der Batterie.\nDie Herstellung einer Batterie setzt tats\u00e4chlich CO2 frei.\nF\u00fcr eine Batterie eines Elektroautos sind dies etwa 5100 Kilogramm.\nDies wird jedoch dadurch kompensiert, dass Elektrofahrzeuge wesentlich kraftstoffeffizienter sind.\nBei einem EV werden die zus\u00e4tzlichen CO2-Emissionen durch die Batterie innerhalb von 3,5 Jahren (oder 40.500 Kilometern) Fahrzeit ausgeglichen.\nDar\u00fcber hinaus ist der Elektrotransport mit unseren Batterien sogar g\u00fcnstiger.\nDies liegt daran, dass unsere Batterien sehr wettbewerbsf\u00e4hig bepreist sind und eine lange Lebensdauer haben. <\/p>\n\n\n\n<h2 class=\"wp-block-heading has-x-large-font-size\">EV-Batterien werden immer nachhaltiger<\/h2>\n\n\n\n<p>Unsere Batterien f\u00fcr EVs werden sauberer, leistungsf\u00e4higer und langlebiger.\nZudem werden viele Metalle aus alten Batterien zur\u00fcckgewonnen und wiederverwendet.\nKomplette Batterien, die f\u00fcr den Elektrotransport nicht mehr leistungsstark genug sind, k\u00f6nnen oft noch f\u00fcr die Speicherung von Solar- und Windenergie genutzt werden.\nFragen?\nKontaktieren Sie die Spezialisten von Intercel! <\/p>\n\n\n\n<div class=\"wp-block-group has-global-padding is-layout-constrained wp-block-group-is-layout-constrained\">\n<div class=\"wp-block-columns has-wit-color has-horizontal-grey-to-dark-grey-gradient-background has-text-color has-background has-link-color wp-elements-31fd4d24eeb3cb2fe4a4dd02eba8c7c8 is-layout-flex wp-container-core-columns-is-layout-a5331a9e wp-block-columns-is-layout-flex\" style=\"border-top-left-radius:35px;border-top-right-radius:32px;border-bottom-left-radius:35px;border-bottom-right-radius:32px;padding-top:0;padding-right:0;padding-bottom:0;padding-left:0;box-shadow:var(--wp--preset--shadow--natural)\">\n<div class=\"wp-block-column is-vertically-aligned-stretch is-layout-flow wp-block-column-is-layout-flow\" style=\"flex-basis:33.33%\">\n<div class=\"wp-block-group is-style-default has-global-padding is-layout-constrained wp-container-core-group-is-layout-72d38984 wp-block-group-is-layout-constrained has-background\" style=\"border-top-left-radius:25px;border-bottom-left-radius:25px;min-height:100%;margin-top:0;margin-bottom:0;padding-top:0;padding-right:0;padding-bottom:0;padding-left:0;background-image:url(&apos;https:\/\/intercel.eu\/\/app\/uploads\/2025\/11\/Intercel-Groep_04-1-scaled.jpg&apos;);background-position:38% 99%;background-size:cover;\">\n<div style=\"height:191px\" aria-hidden=\"true\" class=\"wp-block-spacer\"><\/div>\n<\/div>\n<\/div>\n\n\n\n<div class=\"wp-block-column is-vertically-aligned-center is-style-indrukwekkend-afgerond is-layout-flow wp-container-core-column-is-layout-f2c55d9d wp-block-column-is-layout-flow\" style=\"border-style:none;border-width:0px;padding-top:var(--wp--preset--spacing--20);padding-right:var(--wp--preset--spacing--30);padding-bottom:var(--wp--preset--spacing--20);padding-left:var(--wp--preset--spacing--10)\">\n<div class=\"wp-block-group has-wit-color has-text-color has-link-color wp-elements-b4b3ec6c190c876507fb0085c061afc0 is-layout-flow wp-container-core-group-is-layout-4d399660 wp-block-group-is-layout-flow\" style=\"margin-top:0;margin-bottom:0;padding-top:var(--wp--preset--spacing--50);padding-right:0;padding-bottom:var(--wp--preset--spacing--50);padding-left:0\">\n<h3 class=\"wp-block-heading alignfull has-text-align-left has-wit-color has-text-color has-link-color wp-elements-5ca311382c52767d4d84bd99fae103d1\">Vermeiden Sie Ausfallzeiten. W\u00e4hlen Sie die richtige Batterie. <\/h3>\n\n\n\n<p>Wir liefern zuverl\u00e4ssige Traktionsbatterien f\u00fcr Ihre Maschine oder Ihr Fahrzeug.<\/p>\n\n\n\n<p>\u2713 Schnelle Lieferung ab Lager<br\/>\u2713 Europ\u00e4ische Qualit\u00e4t und Sicherheit<br\/>\u2713 Technischer Support, der den Unterschied macht<\/p>\n\n\n\n<div class=\"wp-block-buttons alignfull is-horizontal is-content-justification-left is-layout-flex wp-container-core-buttons-is-layout-036cb0ab wp-block-buttons-is-layout-flex\">\n<div class=\"wp-block-button is-style-arrow\"><a class=\"wp-block-button__link has-text-align-center wp-element-button\" href=\"https:\/\/intercel.eu\/de\/motive-kontakt\/\">Pers\u00f6nliche Beratung oder Angebot erhalten<\/a><\/div>\n<\/div>\n\n\n\n<p style=\"margin-top:0;margin-bottom:0;padding-top:0;padding-right:var(--wp--preset--spacing--30);padding-bottom:0;padding-left:var(--wp--preset--spacing--30)\"><em>Wir helfen Ihnen gerne<\/em><\/p>\n<\/div>\n<\/div>\n<\/div>\n<\/div>\n<\/div>\n","protected":false},"excerpt":{"rendered":"<p>Intercel bietet Hochleistungsbatterien f\u00fcr verschiedene Formen des Elektrotransports, einschlie\u00dflich Elektrofahrzeugen (EVs) und leichten Elektrofahrzeugen. Elektrofahrzeuge sind die Zukunft, da sie sauberer, leiser und kosteng\u00fcnstiger sind als Fahrzeuge mit Verbrennungsmotor. Leistungsstarke Batterien f\u00fcr Elektrotransport Wir k\u00f6nnen ma\u00dfgeschneiderte Batteriel\u00f6sungen entwickeln, liefern aber auch Standardbatterien f\u00fcr Elektrofahrzeuge. Wir bieten hochwertige Batterien mit gro\u00dfer Reichweite und langer Lebensdauer, damit &hellip; <a href=\"https:\/\/intercel.eu\/de\/motiv\/elektrischer-transport\/\">Fortgesetzt<\/a><\/p>\n","protected":false},"author":1,"featured_media":0,"parent":7211,"menu_order":0,"comment_status":"open","ping_status":"open","template":"","meta":{"footnotes":""},"class_list":["post-10322","page","type-page","status-publish","hentry"],"acf":[],"_links":{"self":[{"href":"https:\/\/intercel.eu\/de\/wp-json\/wp\/v2\/pages\/10322","targetHints":{"allow":["GET"]}}],"collection":[{"href":"https:\/\/intercel.eu\/de\/wp-json\/wp\/v2\/pages"}],"about":[{"href":"https:\/\/intercel.eu\/de\/wp-json\/wp\/v2\/types\/page"}],"author":[{"embeddable":true,"href":"https:\/\/intercel.eu\/de\/wp-json\/wp\/v2\/users\/1"}],"replies":[{"embeddable":true,"href":"https:\/\/intercel.eu\/de\/wp-json\/wp\/v2\/comments?post=10322"}],"version-history":[{"count":5,"href":"https:\/\/intercel.eu\/de\/wp-json\/wp\/v2\/pages\/10322\/revisions"}],"predecessor-version":[{"id":37550,"href":"https:\/\/intercel.eu\/de\/wp-json\/wp\/v2\/pages\/10322\/revisions\/37550"}],"up":[{"embeddable":true,"href":"https:\/\/intercel.eu\/de\/wp-json\/wp\/v2\/pages\/7211"}],"wp:attachment":[{"href":"https:\/\/intercel.eu\/de\/wp-json\/wp\/v2\/media?parent=10322"}],"curies":[{"name":"wp","href":"https:\/\/api.w.org\/{rel}","templated":true}]}}