{"id":10324,"date":"2025-11-06T10:43:49","date_gmt":"2025-11-06T09:43:49","guid":{"rendered":"https:\/\/intercel.eu\/?page_id=10324"},"modified":"2026-04-02T10:46:29","modified_gmt":"2026-04-02T08:46:29","slug":"leichtes-elektrofahrzeug","status":"publish","type":"page","link":"https:\/\/intercel.eu\/de\/motiv\/leichtes-elektrofahrzeug\/","title":{"rendered":"Batterien f\u00fcr leichte Elektrofahrzeuge"},"content":{"rendered":"\n<div class=\"wp-block-group has-global-padding is-layout-constrained wp-block-group-is-layout-constrained\">\n<p>Intercel liefert Hochleistungsbatterien f\u00fcr leichte Elektrofahrzeuge, auch Light EVs genannt.\nUnsere Batterien sind \u00e4u\u00dferst zuverl\u00e4ssig und verf\u00fcgen \u00fcber eine lange Lebensdauer.\nWir k\u00f6nnen eine ma\u00dfgeschneiderte Batteriel\u00f6sung entwerfen, liefern aber auch Standardbatterien f\u00fcr Ihr leichtes Elektrofahrzeug. <\/p>\n\n\n\n<div class=\"wp-block-buttons is-layout-flex wp-block-buttons-is-layout-flex\">\n<div class=\"wp-block-button\"><a class=\"wp-block-button__link wp-element-button\" href=\"https:\/\/intercel.eu\/de\/industries\/verkehr-infrastruktur\/leichtes-elektrofahrzeug\/\">Batterien f\u00fcr leichte Elektrofahrzeuge anzeigen<\/a><\/div>\n<\/div>\n\n\n\n<h2 class=\"wp-block-heading has-x-large-font-size\">Was sind leichte Elektrofahrzeuge?<\/h2>\n\n\n\n<p>Leichte Elektrofahrzeuge sind im wahrsten Sinne des Wortes leichte elektrische Transportmittel.\nBekannte Beispiele sind Elektrofahrr\u00e4der und Motorroller, aber man kann auch an elektrische Lastenfahrr\u00e4der, Speed-Pedelecs oder Scooter denken.\nLeichte Elektrofahrzeuge boomen, genau wie gr\u00f6\u00dfere Elektrofahrzeuge.\nKein Wunder, denn Elektrofahrzeuge sind leiser, sauberer und im Betrieb g\u00fcnstiger als kraftstoffbetriebene Fahrzeuge.\nIn gr\u00f6\u00dferen St\u00e4dten sind leichte Elektrofahrzeuge zudem ideal, um schnell durch den Stadtverkehr zu man\u00f6vrieren und die Menschenmassen zu umgehen.\nWir liefern Batterien f\u00fcr alle Arten von leichten Elektrofahrzeugen. <\/p>\n\n\n\n<h2 class=\"wp-block-heading has-x-large-font-size\">Holen Sie mit unseren Batterien das Beste aus Ihren leichten Elektrofahrzeugen heraus<\/h2>\n\n\n\n<p>Ein leichtes Elektrofahrzeug ist ideal, um kurze Strecken schnell zur\u00fcckzulegen.\nSo kann beispielsweise ein Elektrofahrrad oder ein Motorroller f\u00fcr den Arbeitsweg oder f\u00fcr Freizeitfahrten genutzt werden.\nImmer h\u00e4ufiger werden leichte Elektrofahrzeuge auch f\u00fcr Lieferungen eingesetzt.\nDoch wie auch immer Sie Ihre leichten Elektrofahrzeuge nutzen m\u00f6chten, eine zuverl\u00e4ssige Batterie ist entscheidend, um das Beste aus einem leichten Elektrofahrzeug herauszuholen.\nSchlie\u00dflich bestimmt die Batterie, wie weit ein Fahrzeug gefahren werden kann.\nDiese Distanz wird auch als Reichweite bezeichnet.\nAlle unsere Batterien verf\u00fcgen \u00fcber eine gro\u00dfe Reichweite, aber im Allgemeinen gilt: Je gr\u00f6\u00dfer die Batterie, desto gr\u00f6\u00dfer die Kapazit\u00e4t.\nUnsere Batterien sind nicht nur leistungsstark, sondern auch sehr zuverl\u00e4ssig und berechenbar im Einsatz, sodass Sie nicht unerwartet mit einer leeren Batterie liegen bleiben. <\/p>\n\n\n\n<h2 class=\"wp-block-heading has-x-large-font-size\">Die richtige Batterie f\u00fcr Ihr Transportmittel<\/h2>\n\n\n\n<p>Leichte Elektrofahrzeuge gibt es in vielen Formen und Gr\u00f6\u00dfen.\nDeshalb liefern wir nicht nur Standardl\u00f6sungen, sondern bieten auch ma\u00dfgeschneiderte Energiel\u00f6sungen an.\nZum Beispiel Batterien mit einer extra gro\u00dfen Kapazit\u00e4t oder nach Ihren Vorgaben zusammengestellte Akkupacks.\nWir liefern auch s\u00e4mtliches Zubeh\u00f6r, wie Ladeger\u00e4te und Accessoires.\nWas auch immer Sie ben\u00f6tigen, wir denken gerne mit Ihnen zusammen nach, um eine passende L\u00f6sung zu finden.\nZ\u00f6gern Sie also nicht, uns zu kontaktieren! <\/p>\n\n\n\n<div class=\"wp-block-group has-global-padding is-layout-constrained wp-block-group-is-layout-constrained\">\n<div class=\"wp-block-columns has-wit-color has-horizontal-grey-to-dark-grey-gradient-background has-text-color has-background has-link-color wp-elements-31fd4d24eeb3cb2fe4a4dd02eba8c7c8 is-layout-flex wp-container-core-columns-is-layout-a5331a9e wp-block-columns-is-layout-flex\" style=\"border-top-left-radius:35px;border-top-right-radius:32px;border-bottom-left-radius:35px;border-bottom-right-radius:32px;padding-top:0;padding-right:0;padding-bottom:0;padding-left:0;box-shadow:var(--wp--preset--shadow--natural)\">\n<div class=\"wp-block-column is-vertically-aligned-stretch is-layout-flow wp-block-column-is-layout-flow\" style=\"flex-basis:33.33%\">\n<div class=\"wp-block-group is-style-default has-global-padding is-layout-constrained wp-container-core-group-is-layout-72d38984 wp-block-group-is-layout-constrained has-background\" style=\"border-top-left-radius:25px;border-bottom-left-radius:25px;min-height:100%;margin-top:0;margin-bottom:0;padding-top:0;padding-right:0;padding-bottom:0;padding-left:0;background-image:url(&apos;https:\/\/intercel.eu\/\/app\/uploads\/2025\/11\/Intercel-Groep_04-1-scaled.jpg&apos;);background-position:38% 99%;background-size:cover;\">\n<div style=\"height:191px\" aria-hidden=\"true\" class=\"wp-block-spacer\"><\/div>\n<\/div>\n<\/div>\n\n\n\n<div class=\"wp-block-column is-vertically-aligned-center is-style-indrukwekkend-afgerond is-layout-flow wp-container-core-column-is-layout-f2c55d9d wp-block-column-is-layout-flow\" style=\"border-style:none;border-width:0px;padding-top:var(--wp--preset--spacing--20);padding-right:var(--wp--preset--spacing--30);padding-bottom:var(--wp--preset--spacing--20);padding-left:var(--wp--preset--spacing--10)\">\n<div class=\"wp-block-group has-wit-color has-text-color has-link-color wp-elements-b4b3ec6c190c876507fb0085c061afc0 is-layout-flow wp-container-core-group-is-layout-4d399660 wp-block-group-is-layout-flow\" style=\"margin-top:0;margin-bottom:0;padding-top:var(--wp--preset--spacing--50);padding-right:0;padding-bottom:var(--wp--preset--spacing--50);padding-left:0\">\n<h3 class=\"wp-block-heading alignfull has-text-align-left has-wit-color has-text-color has-link-color wp-elements-5ca311382c52767d4d84bd99fae103d1\">Vermeiden Sie Ausfallzeiten. W\u00e4hlen Sie die richtige Batterie. <\/h3>\n\n\n\n<p>Wir liefern zuverl\u00e4ssige Traktionsbatterien f\u00fcr Ihre Maschine oder Ihr Fahrzeug.<\/p>\n\n\n\n<p>\u2713 Schnelle Lieferung ab Lager<br\/>\u2713 Europ\u00e4ische Qualit\u00e4t und Sicherheit<br\/>\u2713 Technischer Support, der den Unterschied macht<\/p>\n\n\n\n<div class=\"wp-block-buttons alignfull is-horizontal is-content-justification-left is-layout-flex wp-container-core-buttons-is-layout-036cb0ab wp-block-buttons-is-layout-flex\">\n<div class=\"wp-block-button is-style-arrow\"><a class=\"wp-block-button__link has-text-align-center wp-element-button\" href=\"https:\/\/intercel.eu\/de\/motive-kontakt\/\">Pers\u00f6nliche Beratung oder Angebot erhalten<\/a><\/div>\n<\/div>\n\n\n\n<p style=\"margin-top:0;margin-bottom:0;padding-top:0;padding-right:var(--wp--preset--spacing--30);padding-bottom:0;padding-left:var(--wp--preset--spacing--30)\"><em>Wir helfen Ihnen gerne<\/em><\/p>\n<\/div>\n<\/div>\n<\/div>\n<\/div>\n<\/div>\n","protected":false},"excerpt":{"rendered":"<p>Intercel liefert Hochleistungsbatterien f\u00fcr leichte Elektrofahrzeuge, auch Light EVs genannt. Unsere Batterien sind \u00e4u\u00dferst zuverl\u00e4ssig und verf\u00fcgen \u00fcber eine lange Lebensdauer. Wir k\u00f6nnen eine ma\u00dfgeschneiderte Batteriel\u00f6sung entwerfen, liefern aber auch Standardbatterien f\u00fcr Ihr leichtes Elektrofahrzeug. Was sind leichte Elektrofahrzeuge? Leichte Elektrofahrzeuge sind im wahrsten Sinne des Wortes leichte elektrische Transportmittel. Bekannte Beispiele sind Elektrofahrr\u00e4der und &hellip; <a href=\"https:\/\/intercel.eu\/de\/motiv\/leichtes-elektrofahrzeug\/\">Fortgesetzt<\/a><\/p>\n","protected":false},"author":1,"featured_media":10171,"parent":7211,"menu_order":0,"comment_status":"open","ping_status":"open","template":"","meta":{"footnotes":""},"class_list":["post-10324","page","type-page","status-publish","has-post-thumbnail","hentry"],"acf":[],"_links":{"self":[{"href":"https:\/\/intercel.eu\/de\/wp-json\/wp\/v2\/pages\/10324","targetHints":{"allow":["GET"]}}],"collection":[{"href":"https:\/\/intercel.eu\/de\/wp-json\/wp\/v2\/pages"}],"about":[{"href":"https:\/\/intercel.eu\/de\/wp-json\/wp\/v2\/types\/page"}],"author":[{"embeddable":true,"href":"https:\/\/intercel.eu\/de\/wp-json\/wp\/v2\/users\/1"}],"replies":[{"embeddable":true,"href":"https:\/\/intercel.eu\/de\/wp-json\/wp\/v2\/comments?post=10324"}],"version-history":[{"count":4,"href":"https:\/\/intercel.eu\/de\/wp-json\/wp\/v2\/pages\/10324\/revisions"}],"predecessor-version":[{"id":37554,"href":"https:\/\/intercel.eu\/de\/wp-json\/wp\/v2\/pages\/10324\/revisions\/37554"}],"up":[{"embeddable":true,"href":"https:\/\/intercel.eu\/de\/wp-json\/wp\/v2\/pages\/7211"}],"wp:featuredmedia":[{"embeddable":true,"href":"https:\/\/intercel.eu\/de\/wp-json\/wp\/v2\/media\/10171"}],"wp:attachment":[{"href":"https:\/\/intercel.eu\/de\/wp-json\/wp\/v2\/media?parent=10324"}],"curies":[{"name":"wp","href":"https:\/\/api.w.org\/{rel}","templated":true}]}}