{"id":10326,"date":"2025-11-13T12:06:36","date_gmt":"2025-11-13T11:06:36","guid":{"rendered":"https:\/\/intercel.eu\/?page_id=10326"},"modified":"2026-04-02T10:50:41","modified_gmt":"2026-04-02T08:50:41","slug":"anhaengerbau","status":"publish","type":"page","link":"https:\/\/intercel.eu\/de\/motiv\/anhaengerbau\/","title":{"rendered":"Anh\u00e4ngerbau"},"content":{"rendered":"\n<div class=\"wp-block-group has-global-padding is-layout-constrained wp-block-group-is-layout-constrained\">\n<p>Intercel ist der Spezialist f\u00fcr batterien im Anh\u00e4ngerbau.\nDank unserer langj\u00e4hrigen Erfahrung als batterielieferant wissen wir genau, welche batterien f\u00fcr welche Anwendung geeignet sind.\nSo unterst\u00fctzen wir Sie als Anh\u00e4nger- oder Aufbauhersteller dabei, Ihren Kunden hochwertige Fahrzeuge zu liefern.\nWir liefern direkt ab eigenem Lager und denken gerne mit Ihnen \u00fcber eine ma\u00dfgeschneiderte L\u00f6sung nach. <\/p>\n\n\n\n<div class=\"wp-block-buttons is-layout-flex wp-block-buttons-is-layout-flex\">\n<div class=\"wp-block-button\"><a class=\"wp-block-button__link wp-element-button\" href=\"https:\/\/intercel.eu\/de\/industries\/verkehr-infrastruktur\/anhangerbau\/\">Batterien f\u00fcr den Anh\u00e4ngerbau ansehen<\/a><\/div>\n<\/div>\n\n\n\n<h2 class=\"wp-block-heading has-x-large-font-size\">Batterien f\u00fcr K\u00fchlfahrzeuge<\/h2>\n\n\n\n<p>K\u00fchlanh\u00e4nger und K\u00fchlfahrzeuge werden h\u00e4ufig \u00fcber Netzstrom oder ein \u201eDirect-Drive\u201c-K\u00fchlsystem gek\u00fchlt, das den Motor nutzt.\nBatteriebetriebene K\u00fchlsysteme boomen jedoch.\nDiese batteriebetriebenen Systeme arbeiten teilweise in Kombination mit Solarmodulen und k\u00f6nnen \u00fcber das Stromnetz geladen werden.\nDieses zuverl\u00e4ssige System sorgt f\u00fcr kontinuierliche K\u00fchlung, spart Kraftstoff und verursacht weniger sch\u00e4dliche Emissionen.\nF\u00fcr diese Anwendung liefern wir leistungsstarke batterien, die f\u00fcr den intensiven zyklischen Einsatz geeignet sind. <\/p>\n\n\n\n<h2 class=\"wp-block-heading has-x-large-font-size\">Batterien f\u00fcr Pferdeanh\u00e4nger<\/h2>\n\n\n\n<p>Wenn Sie als Anh\u00e4ngerhersteller auf Pferdeanh\u00e4nger spezialisiert sind, haben wir auch die passende batterie f\u00fcr Sie.\nPferdeanh\u00e4nger sind so konzipiert, dass der Transport f\u00fcr Pferde so komfortabel wie m\u00f6glich ist.\nDaher sind sie h\u00e4ufig mit Beleuchtung und Klimaanlage ausgestattet.\nLuxus-Pferdeanh\u00e4nger verf\u00fcgen zudem oft \u00fcber einen Wohnbereich f\u00fcr Personen, der auch Dinge wie Heizung, Audiosystem, TV und Mikrowelle umfasst.\nSelbstverst\u00e4ndlich ben\u00f6tigen diese Anwendungen Energie.\nDiese kann durch unsere leistungsstarken Batteriepakete bereitgestellt werden. <\/p>\n\n\n\n<h2 class=\"wp-block-heading has-x-large-font-size\">Vervollst\u00e4ndigen Sie Ihr Qualit\u00e4tsprodukt mit batterien von Intercel<\/h2>\n\n\n\n<p>Ob Sie als Aufbauhersteller K\u00fchlfahrzeuge, Pferdeanh\u00e4nger oder andere Umbauten fertigen, die batterien ben\u00f6tigen: Mit den hochwertigen Stromversorgungssystemen von Intercel runden Sie Ihre Arbeit ab.\nUnsere batterien sind leistungsstark, zuverl\u00e4ssig und sicher.\nGerne beraten wir Sie zur passenden L\u00f6sung f\u00fcr Ihre Anwendung.\nKontaktieren Sie uns unverbindlich. <\/p>\n\n\n\n<div class=\"wp-block-group has-global-padding is-layout-constrained wp-block-group-is-layout-constrained\">\n<div class=\"wp-block-columns has-wit-color has-horizontal-grey-to-dark-grey-gradient-background has-text-color has-background has-link-color wp-elements-31fd4d24eeb3cb2fe4a4dd02eba8c7c8 is-layout-flex wp-container-core-columns-is-layout-a5331a9e wp-block-columns-is-layout-flex\" style=\"border-top-left-radius:35px;border-top-right-radius:32px;border-bottom-left-radius:35px;border-bottom-right-radius:32px;padding-top:0;padding-right:0;padding-bottom:0;padding-left:0;box-shadow:var(--wp--preset--shadow--natural)\">\n<div class=\"wp-block-column is-vertically-aligned-stretch is-layout-flow wp-block-column-is-layout-flow\" style=\"flex-basis:33.33%\">\n<div class=\"wp-block-group is-style-default has-global-padding is-layout-constrained wp-container-core-group-is-layout-72d38984 wp-block-group-is-layout-constrained has-background\" style=\"border-top-left-radius:25px;border-bottom-left-radius:25px;min-height:100%;margin-top:0;margin-bottom:0;padding-top:0;padding-right:0;padding-bottom:0;padding-left:0;background-image:url(&apos;https:\/\/intercel.eu\/\/app\/uploads\/2025\/11\/Intercel-Groep_04-1-scaled.jpg&apos;);background-position:38% 99%;background-size:cover;\">\n<div style=\"height:191px\" aria-hidden=\"true\" class=\"wp-block-spacer\"><\/div>\n<\/div>\n<\/div>\n\n\n\n<div class=\"wp-block-column is-vertically-aligned-center is-style-indrukwekkend-afgerond is-layout-flow wp-container-core-column-is-layout-f2c55d9d wp-block-column-is-layout-flow\" style=\"border-style:none;border-width:0px;padding-top:var(--wp--preset--spacing--20);padding-right:var(--wp--preset--spacing--30);padding-bottom:var(--wp--preset--spacing--20);padding-left:var(--wp--preset--spacing--10)\">\n<div class=\"wp-block-group has-wit-color has-text-color has-link-color wp-elements-b4b3ec6c190c876507fb0085c061afc0 is-layout-flow wp-container-core-group-is-layout-4d399660 wp-block-group-is-layout-flow\" style=\"margin-top:0;margin-bottom:0;padding-top:var(--wp--preset--spacing--50);padding-right:0;padding-bottom:var(--wp--preset--spacing--50);padding-left:0\">\n<h3 class=\"wp-block-heading alignfull has-text-align-left has-wit-color has-text-color has-link-color wp-elements-5ca311382c52767d4d84bd99fae103d1\">Vermeiden Sie Ausfallzeiten. W\u00e4hlen Sie die richtige Batterie. <\/h3>\n\n\n\n<p>Wir liefern zuverl\u00e4ssige Traktionsbatterien f\u00fcr Ihre Maschine oder Ihr Fahrzeug.<\/p>\n\n\n\n<p>\u2713 Schnelle Lieferung ab Lager<br\/>\u2713 Europ\u00e4ische Qualit\u00e4t und Sicherheit<br\/>\u2713 Technischer Support, der den Unterschied macht<\/p>\n\n\n\n<div class=\"wp-block-buttons alignfull is-horizontal is-content-justification-left is-layout-flex wp-container-core-buttons-is-layout-036cb0ab wp-block-buttons-is-layout-flex\">\n<div class=\"wp-block-button is-style-arrow\"><a class=\"wp-block-button__link has-text-align-center wp-element-button\" href=\"https:\/\/intercel.eu\/de\/motive-kontakt\/\">Pers\u00f6nliche Beratung oder Angebot erhalten<\/a><\/div>\n<\/div>\n\n\n\n<p style=\"margin-top:0;margin-bottom:0;padding-top:0;padding-right:var(--wp--preset--spacing--30);padding-bottom:0;padding-left:var(--wp--preset--spacing--30)\"><em>Wir helfen Ihnen gerne<\/em><\/p>\n<\/div>\n<\/div>\n<\/div>\n<\/div>\n<\/div>\n","protected":false},"excerpt":{"rendered":"<p>Intercel ist der Spezialist f\u00fcr batterien im Anh\u00e4ngerbau. Dank unserer langj\u00e4hrigen Erfahrung als batterielieferant wissen wir genau, welche batterien f\u00fcr welche Anwendung geeignet sind. So unterst\u00fctzen wir Sie als Anh\u00e4nger- oder Aufbauhersteller dabei, Ihren Kunden hochwertige Fahrzeuge zu liefern. Wir liefern direkt ab eigenem Lager und denken gerne mit Ihnen \u00fcber eine ma\u00dfgeschneiderte L\u00f6sung nach. &hellip; <a href=\"https:\/\/intercel.eu\/de\/motiv\/anhaengerbau\/\">Fortgesetzt<\/a><\/p>\n","protected":false},"author":1,"featured_media":10171,"parent":7211,"menu_order":0,"comment_status":"open","ping_status":"open","template":"","meta":{"footnotes":""},"class_list":["post-10326","page","type-page","status-publish","has-post-thumbnail","hentry"],"acf":[],"_links":{"self":[{"href":"https:\/\/intercel.eu\/de\/wp-json\/wp\/v2\/pages\/10326","targetHints":{"allow":["GET"]}}],"collection":[{"href":"https:\/\/intercel.eu\/de\/wp-json\/wp\/v2\/pages"}],"about":[{"href":"https:\/\/intercel.eu\/de\/wp-json\/wp\/v2\/types\/page"}],"author":[{"embeddable":true,"href":"https:\/\/intercel.eu\/de\/wp-json\/wp\/v2\/users\/1"}],"replies":[{"embeddable":true,"href":"https:\/\/intercel.eu\/de\/wp-json\/wp\/v2\/comments?post=10326"}],"version-history":[{"count":4,"href":"https:\/\/intercel.eu\/de\/wp-json\/wp\/v2\/pages\/10326\/revisions"}],"predecessor-version":[{"id":37559,"href":"https:\/\/intercel.eu\/de\/wp-json\/wp\/v2\/pages\/10326\/revisions\/37559"}],"up":[{"embeddable":true,"href":"https:\/\/intercel.eu\/de\/wp-json\/wp\/v2\/pages\/7211"}],"wp:featuredmedia":[{"embeddable":true,"href":"https:\/\/intercel.eu\/de\/wp-json\/wp\/v2\/media\/10171"}],"wp:attachment":[{"href":"https:\/\/intercel.eu\/de\/wp-json\/wp\/v2\/media?parent=10326"}],"curies":[{"name":"wp","href":"https:\/\/api.w.org\/{rel}","templated":true}]}}