{"id":10328,"date":"2025-11-13T12:06:34","date_gmt":"2025-11-13T11:06:34","guid":{"rendered":"https:\/\/intercel.eu\/?page_id=10328"},"modified":"2026-04-02T10:51:49","modified_gmt":"2026-04-02T08:51:49","slug":"verkehrssysteme","status":"publish","type":"page","link":"https:\/\/intercel.eu\/de\/motiv\/verkehrssysteme\/","title":{"rendered":"Batterien f\u00fcr Verkehrssysteme"},"content":{"rendered":"\n<div class=\"wp-block-group has-global-padding is-layout-constrained wp-block-group-is-layout-constrained\">\n<p>Intercel hilft Verkehrssystemen, noch sicherer und zuverl\u00e4ssiger zu funktionieren.\nWir liefern hochwertige Batterien f\u00fcr Ampeln, Messsysteme, Beleuchtung und andere Verkehrssysteme.\nAls Batterielieferant nehmen wir unsere Verantwortung f\u00fcr die Verkehrssicherheit sehr ernst.\nDaher sind Qualit\u00e4t, Service und Zuverl\u00e4ssigkeit unsere h\u00f6chste Priorit\u00e4t. <\/p>\n\n\n\n<div class=\"wp-block-buttons is-layout-flex wp-block-buttons-is-layout-flex\">\n<div class=\"wp-block-button\"><a class=\"wp-block-button__link wp-element-button\" href=\"https:\/\/intercel.eu\/de\/industries\/verkehr-infrastruktur\/verkehrssysteme\/\">Batterien f\u00fcr Verkehrssysteme ansehen<\/a><\/div>\n<\/div>\n\n\n\n<h2 class=\"wp-block-heading has-x-large-font-size\">Verkehr ist \u00fcberall; Batterien werden immer wichtiger<\/h2>\n\n\n\n<p>Der Verkehr spielt eine zentrale Rolle in unserem t\u00e4glichen Leben.\nWir sind auf Transport, Pendeln und sogar Freizeitreisen angewiesen.\nWir nutzen verschiedene Transportmittel, die unsere Reisen selbstverst\u00e4ndlich erm\u00f6glichen.\nModerne Hauptverkehrsstra\u00dfen und Autobahnen, ausgestattet mit autonomen elektronischen Systemen, leiten uns zu unseren Zielen und sorgen f\u00fcr Sicherheit auf der Stra\u00dfe.\nEine wachsende Zahl dieser Verkehrssysteme wird zur Energiespeicherung mit Batterien betrieben. <\/p>\n\n\n\n<h2 class=\"wp-block-heading has-x-large-font-size\">Batterien f\u00fcr autonome Verkehrssysteme<\/h2>\n\n\n\n<p>Geschwindigkeitskameras, Ampeln und Parkuhren werden zunehmend von einem Solarpanel mit Strom versorgt.\nUm 24 Stunden am Tag Strom zur Verf\u00fcgung zu haben, m\u00fcssen diese Systeme mit zuverl\u00e4ssigen Batterien gekoppelt werden.\nDasselbe gilt f\u00fcr mobile Messsysteme.\nEin Stromausfall von netzunabh\u00e4ngigen Verkehrssystemen kann weitreichende Folgen haben, die vom Verlust wichtiger Vermessungsdaten bis hin zu Risiken f\u00fcr die Sicherheit von Autofahrern reichen, die auf Signalsysteme angewiesen sind. <\/p>\n\n\n\n<h2 class=\"wp-block-heading has-x-large-font-size\">AGM-Batteriel\u00f6sungen f\u00fcr Verkehrssysteme<\/h2>\n\n\n\n<p>Ein autonomes Verkehrssystem muss bei allen Wetterbedingungen funktionieren.\nDies erfordert daher eine hochwertige Batterie, die jeder Art von Wetter standh\u00e4lt.\nIntercel bietet dies mit einer breiten Palette von Batterieprodukten, die f\u00fcr schwere zyklische Anwendungen wie Verkehrssysteme entwickelt wurden.\nUnsere AGM-Batterien f\u00fcr Verkehrsl\u00f6sungen sind robust, wartungsfrei und haben eine lange Lebensdauer. <\/p>\n\n\n\n<h2 class=\"wp-block-heading has-x-large-font-size\">Finden Sie die richtige Batterie f\u00fcr Ihr Verkehrssystem<\/h2>\n\n\n\n<p>Suchen Sie eine Ersatzbatterie f\u00fcr Ihre Verkehrsanwendung?\nBen\u00f6tigen Sie eine Batterie f\u00fcr ein neues Verkehrssystem und sind sich \u00fcber Ihren aktuellen Betriebsstatus unsicher?\nDer Batteriegro\u00dfh\u00e4ndler Intercel hat viele leistungsstarke Batterien auf Lager, aus denen Sie w\u00e4hlen k\u00f6nnen.\nSollte der Bedarf bestehen, k\u00f6nnen wir Ihnen auch bei der Berechnung, Entwicklung und Realisierung einer ma\u00dfgeschneiderten Energiel\u00f6sung f\u00fcr Ihre Verkehrsanwendung helfen. <\/p>\n\n\n\n<div class=\"wp-block-group has-global-padding is-layout-constrained wp-block-group-is-layout-constrained\">\n<div class=\"wp-block-columns has-wit-color has-horizontal-grey-to-dark-grey-gradient-background has-text-color has-background has-link-color wp-elements-31fd4d24eeb3cb2fe4a4dd02eba8c7c8 is-layout-flex wp-container-core-columns-is-layout-a5331a9e wp-block-columns-is-layout-flex\" style=\"border-top-left-radius:35px;border-top-right-radius:32px;border-bottom-left-radius:35px;border-bottom-right-radius:32px;padding-top:0;padding-right:0;padding-bottom:0;padding-left:0;box-shadow:var(--wp--preset--shadow--natural)\">\n<div class=\"wp-block-column is-vertically-aligned-stretch is-layout-flow wp-block-column-is-layout-flow\" style=\"flex-basis:33.33%\">\n<div class=\"wp-block-group is-style-default has-global-padding is-layout-constrained wp-container-core-group-is-layout-72d38984 wp-block-group-is-layout-constrained has-background\" style=\"border-top-left-radius:25px;border-bottom-left-radius:25px;min-height:100%;margin-top:0;margin-bottom:0;padding-top:0;padding-right:0;padding-bottom:0;padding-left:0;background-image:url(&apos;https:\/\/intercel.eu\/\/app\/uploads\/2025\/11\/Intercel-Groep_04-1-scaled.jpg&apos;);background-position:38% 99%;background-size:cover;\">\n<div style=\"height:191px\" aria-hidden=\"true\" class=\"wp-block-spacer\"><\/div>\n<\/div>\n<\/div>\n\n\n\n<div class=\"wp-block-column is-vertically-aligned-center is-style-indrukwekkend-afgerond is-layout-flow wp-container-core-column-is-layout-f2c55d9d wp-block-column-is-layout-flow\" style=\"border-style:none;border-width:0px;padding-top:var(--wp--preset--spacing--20);padding-right:var(--wp--preset--spacing--30);padding-bottom:var(--wp--preset--spacing--20);padding-left:var(--wp--preset--spacing--10)\">\n<div class=\"wp-block-group has-wit-color has-text-color has-link-color wp-elements-b4b3ec6c190c876507fb0085c061afc0 is-layout-flow wp-container-core-group-is-layout-4d399660 wp-block-group-is-layout-flow\" style=\"margin-top:0;margin-bottom:0;padding-top:var(--wp--preset--spacing--50);padding-right:0;padding-bottom:var(--wp--preset--spacing--50);padding-left:0\">\n<h3 class=\"wp-block-heading alignfull has-text-align-left has-wit-color has-text-color has-link-color wp-elements-5ca311382c52767d4d84bd99fae103d1\">Vermeiden Sie Ausfallzeiten. W\u00e4hlen Sie die richtige Batterie. <\/h3>\n\n\n\n<p>Wir liefern zuverl\u00e4ssige Traktionsbatterien f\u00fcr Ihre Maschine oder Ihr Fahrzeug.<\/p>\n\n\n\n<p>\u2713 Schnelle Lieferung ab Lager<br\/>\u2713 Europ\u00e4ische Qualit\u00e4t und Sicherheit<br\/>\u2713 Technischer Support, der den Unterschied macht<\/p>\n\n\n\n<div class=\"wp-block-buttons alignfull is-horizontal is-content-justification-left is-layout-flex wp-container-core-buttons-is-layout-036cb0ab wp-block-buttons-is-layout-flex\">\n<div class=\"wp-block-button is-style-arrow\"><a class=\"wp-block-button__link has-text-align-center wp-element-button\" href=\"https:\/\/intercel.eu\/de\/motive-kontakt\/\">Pers\u00f6nliche Beratung oder Angebot erhalten<\/a><\/div>\n<\/div>\n\n\n\n<p style=\"margin-top:0;margin-bottom:0;padding-top:0;padding-right:var(--wp--preset--spacing--30);padding-bottom:0;padding-left:var(--wp--preset--spacing--30)\"><em>Wir helfen Ihnen gerne<\/em><\/p>\n<\/div>\n<\/div>\n<\/div>\n<\/div>\n<\/div>\n","protected":false},"excerpt":{"rendered":"<p>Intercel hilft Verkehrssystemen, noch sicherer und zuverl\u00e4ssiger zu funktionieren. Wir liefern hochwertige Batterien f\u00fcr Ampeln, Messsysteme, Beleuchtung und andere Verkehrssysteme. Als Batterielieferant nehmen wir unsere Verantwortung f\u00fcr die Verkehrssicherheit sehr ernst. Daher sind Qualit\u00e4t, Service und Zuverl\u00e4ssigkeit unsere h\u00f6chste Priorit\u00e4t. Verkehr ist \u00fcberall; Batterien werden immer wichtiger Der Verkehr spielt eine zentrale Rolle in unserem &hellip; <a href=\"https:\/\/intercel.eu\/de\/motiv\/verkehrssysteme\/\">Fortgesetzt<\/a><\/p>\n","protected":false},"author":1,"featured_media":10171,"parent":7211,"menu_order":0,"comment_status":"open","ping_status":"open","template":"","meta":{"footnotes":""},"class_list":["post-10328","page","type-page","status-publish","has-post-thumbnail","hentry"],"acf":[],"_links":{"self":[{"href":"https:\/\/intercel.eu\/de\/wp-json\/wp\/v2\/pages\/10328","targetHints":{"allow":["GET"]}}],"collection":[{"href":"https:\/\/intercel.eu\/de\/wp-json\/wp\/v2\/pages"}],"about":[{"href":"https:\/\/intercel.eu\/de\/wp-json\/wp\/v2\/types\/page"}],"author":[{"embeddable":true,"href":"https:\/\/intercel.eu\/de\/wp-json\/wp\/v2\/users\/1"}],"replies":[{"embeddable":true,"href":"https:\/\/intercel.eu\/de\/wp-json\/wp\/v2\/comments?post=10328"}],"version-history":[{"count":4,"href":"https:\/\/intercel.eu\/de\/wp-json\/wp\/v2\/pages\/10328\/revisions"}],"predecessor-version":[{"id":37562,"href":"https:\/\/intercel.eu\/de\/wp-json\/wp\/v2\/pages\/10328\/revisions\/37562"}],"up":[{"embeddable":true,"href":"https:\/\/intercel.eu\/de\/wp-json\/wp\/v2\/pages\/7211"}],"wp:featuredmedia":[{"embeddable":true,"href":"https:\/\/intercel.eu\/de\/wp-json\/wp\/v2\/media\/10171"}],"wp:attachment":[{"href":"https:\/\/intercel.eu\/de\/wp-json\/wp\/v2\/media?parent=10328"}],"curies":[{"name":"wp","href":"https:\/\/api.w.org\/{rel}","templated":true}]}}