{"id":12023,"date":"2025-11-19T12:11:03","date_gmt":"2025-11-19T11:11:03","guid":{"rendered":"https:\/\/intercel.eu\/?page_id=12023"},"modified":"2025-12-14T12:47:15","modified_gmt":"2025-12-14T11:47:15","slug":"batteriezellen-und-module","status":"publish","type":"page","link":"https:\/\/intercel.eu\/de\/elektrifizierung\/batteriezellen-und-module\/","title":{"rendered":"Batteriezellen und Module"},"content":{"rendered":"\n<div class=\"wp-block-group has-global-padding is-layout-constrained wp-block-group-is-layout-constrained\">\n<div class=\"wp-block-group has-global-padding is-layout-constrained wp-block-group-is-layout-constrained\">\n<div class=\"wp-block-columns is-layout-flex wp-container-core-columns-is-layout-28f84493 wp-block-columns-is-layout-flex\">\n<div class=\"wp-block-column is-vertically-aligned-center is-layout-flow wp-block-column-is-layout-flow\">\n<h2 class=\"wp-block-heading\">Der Kern jedes Batteriesystems<\/h2>\n\n\n\n<p>Jedes Batteriepack beginnt mit einer grundlegenden Entscheidung:<br\/>Setzt ihr auf Module oder auf einzelne Zellen? <\/p>\n\n\n\n<p>Die Antwort hat einen ma\u00dfgeblichen Einfluss auf Energiedichte, Kosten, Flexibilit\u00e4t und Integration. Bei Intercel unterst\u00fctzen wir beide Ans\u00e4tze, da jede Off-Highway-Maschine ihre eigenen mechanischen Einschr\u00e4nkungen, spezifischen Duty-Cycles und Leistungsziele hat. <\/p>\n\n\n\n<div class=\"wp-block-buttons is-layout-flex wp-block-buttons-is-layout-flex\">\n<div class=\"wp-block-button is-style-arrow\" id=\"contact-form-popup\"><a class=\"wp-block-button__link wp-element-button\" href=\"https:\/\/intercel.eu\/de\/kontakt\/\">Kostenlose Beratung anfordern<\/a><\/div>\n<\/div>\n<\/div>\n\n\n\n<div class=\"wp-block-column is-layout-flow wp-block-column-is-layout-flow\">\n<figure class=\"wp-block-image size-large is-style-rounded\"><img loading=\"lazy\" decoding=\"async\" width=\"1024\" height=\"683\" src=\"https:\/\/intercel.eu\/\/app\/uploads\/2025\/11\/Intercel-Sfeer-71-1024x683.jpg\" alt=\"\" class=\"wp-image-13154\" srcset=\"https:\/\/intercel.eu\/\/app\/uploads\/2025\/11\/Intercel-Sfeer-71-1024x683.jpg 1024w, https:\/\/intercel.eu\/\/app\/uploads\/2025\/11\/Intercel-Sfeer-71-300x200.jpg 300w, https:\/\/intercel.eu\/\/app\/uploads\/2025\/11\/Intercel-Sfeer-71-768x512.jpg 768w, https:\/\/intercel.eu\/\/app\/uploads\/2025\/11\/Intercel-Sfeer-71-1536x1024.jpg 1536w, https:\/\/intercel.eu\/\/app\/uploads\/2025\/11\/Intercel-Sfeer-71-2048x1365.jpg 2048w, https:\/\/intercel.eu\/\/app\/uploads\/2025\/11\/Intercel-Sfeer-71-50x33.jpg 50w, https:\/\/intercel.eu\/\/app\/uploads\/2025\/11\/Intercel-Sfeer-71-1600x1067.jpg 1600w, https:\/\/intercel.eu\/\/app\/uploads\/2025\/11\/Intercel-Sfeer-71-600x400.jpg 600w, https:\/\/intercel.eu\/\/app\/uploads\/2025\/11\/Intercel-Sfeer-71-500x333.jpg 500w, https:\/\/intercel.eu\/\/app\/uploads\/2025\/11\/Intercel-Sfeer-71-263x175.jpg 263w\" sizes=\"auto, (max-width: 1024px) 100vw, 1024px\" \/><\/figure>\n<\/div>\n<\/div>\n<\/div>\n\n\n\n<div style=\"height:5px\" aria-hidden=\"true\" class=\"wp-block-spacer\"><\/div>\n\n\n\n<div class=\"wp-block-group has-global-padding is-layout-constrained wp-block-group-is-layout-constrained\">\n<div class=\"wp-block-media-text has-media-on-the-right is-stacked-on-mobile is-vertically-aligned-center\"><div class=\"wp-block-media-text__content\">\n<h2 class=\"wp-block-heading\">Modulbasierte Architektur<\/h2>\n\n\n\n<p><strong>\u2713 Schnell und kommerziell effizient<\/strong><\/p>\n\n\n\n<p>Modulbasierte Designs bieten praktische Vorteile: k\u00fcrzere technische Zeiten, geringere Kosten und einfachere Montage.<br\/>Wenn deine Maschine <strong>ausreichend Installationsplatz<\/strong> hat, sind Module eine gute Wahl. Sie funktionieren gut f\u00fcr Maschinen mit moderatem Energiebedarf oder f\u00fcr Flotten, bei denen Kosteneffizienz unerl\u00e4sslich ist. Der Kompromiss: Module bieten weniger Flexibilit\u00e4t in der Form.  <\/p>\n<\/div><figure class=\"wp-block-media-text__media\"><img decoding=\"async\" src=\"https:\/\/intercel.eu\/\/app\/uploads\/2025\/11\/Cellpack-52kWh-314Ah-166V-3-1024x768.png\" alt=\"Batteriemodul\" class=\"wp-image-13146 size-full\" \/><\/figure><\/div>\n<\/div>\n\n\n\n<div style=\"height:5px\" aria-hidden=\"true\" class=\"wp-block-spacer\"><\/div>\n\n\n\n<div class=\"wp-block-group has-global-padding is-layout-constrained wp-block-group-is-layout-constrained\">\n<div class=\"wp-block-media-text has-media-on-the-right is-stacked-on-mobile is-vertically-aligned-center\"><div class=\"wp-block-media-text__content\">\n<h2 class=\"wp-block-heading\">Zellbasierte Architektur<\/h2>\n\n\n\n<p><strong>\u2713 Maximale Energiedichte und Formflexibilit\u00e4t<\/strong><\/p>\n\n\n\n<p>Wenn der verf\u00fcgbare Bauraum begrenzt ist oder Ihre Maschine lange Betriebszeiten erfordert, liefern zellenbasierte L\u00f6sungen die beste Performance. Durch den Aufbau des Batteriepakets Zelle f\u00fcr Zelle l\u00e4sst sich jeder verf\u00fcgbare Millimeter optimal nutzen und die h\u00f6chstm\u00f6gliche Energiedichte erreichen. Dieser Ansatz ist technisch anspruchsvoller und daher h\u00e4ufig kostenintensiver, erm\u00f6glicht jedoch Designs, die mit Standardmodulen nicht realisierbar sind.  <\/p>\n<\/div><figure class=\"wp-block-media-text__media\"><img loading=\"lazy\" decoding=\"async\" width=\"1024\" height=\"576\" src=\"https:\/\/intercel.eu\/\/app\/uploads\/2025\/11\/Kopie-van-Ontwerp-zonder-titel-6-1024x576.png\" alt=\"Intercel accucellen\" class=\"wp-image-13188 size-full\" srcset=\"https:\/\/intercel.eu\/\/app\/uploads\/2025\/11\/Kopie-van-Ontwerp-zonder-titel-6-1024x576.png 1024w, https:\/\/intercel.eu\/\/app\/uploads\/2025\/11\/Kopie-van-Ontwerp-zonder-titel-6-300x169.png 300w, https:\/\/intercel.eu\/\/app\/uploads\/2025\/11\/Kopie-van-Ontwerp-zonder-titel-6-768x432.png 768w, https:\/\/intercel.eu\/\/app\/uploads\/2025\/11\/Kopie-van-Ontwerp-zonder-titel-6-1536x864.png 1536w, https:\/\/intercel.eu\/\/app\/uploads\/2025\/11\/Kopie-van-Ontwerp-zonder-titel-6-50x28.png 50w, https:\/\/intercel.eu\/\/app\/uploads\/2025\/11\/Kopie-van-Ontwerp-zonder-titel-6-1600x900.png 1600w, https:\/\/intercel.eu\/\/app\/uploads\/2025\/11\/Kopie-van-Ontwerp-zonder-titel-6-311x175.png 311w, https:\/\/intercel.eu\/\/app\/uploads\/2025\/11\/Kopie-van-Ontwerp-zonder-titel-6-600x338.png 600w, https:\/\/intercel.eu\/\/app\/uploads\/2025\/11\/Kopie-van-Ontwerp-zonder-titel-6.png 1920w\" sizes=\"auto, (max-width: 1024px) 100vw, 1024px\" \/><\/figure><\/div>\n<\/div>\n\n\n\n<div style=\"height:5px\" aria-hidden=\"true\" class=\"wp-block-spacer\"><\/div>\n\n\n\n<div class=\"wp-block-group has-global-padding is-layout-constrained wp-block-group-is-layout-constrained\">\n<h2 class=\"wp-block-heading\">Zellchemie-Optionen: LFP, LTO oder NMC<\/h2>\n\n\n\n<p>Abh\u00e4ngig von Ihrer Anwendung unterst\u00fctzen wir Sie bei der Auswahl der optimalen Zellchemie:<\/p>\n\n\n\n<ul class=\"wp-block-list\">\n<li><strong>LFP<\/strong> \u2013 unser empfohlener Standard f\u00fcr Sicherheit, lange Lebensdauer und Nachhaltigkeit<\/li>\n\n\n\n<li><strong>LTO<\/strong> \u2013 extrem schnelles Laden und ultralange Lebensdauer<\/li>\n\n\n\n<li><strong>NMC<\/strong> \u2013 h\u00f6chste Energiedichte, bei der das Gewicht kritisch ist<\/li>\n<\/ul>\n\n\n\n<p>Unabh\u00e4ngig von den Anforderungen \u2013 Laufzeit, Sicherheit, Kosten oder Nachhaltigkeit \u2013 stellen wir sicher, dass Zellchemie und Architektur optimal auf den Einsatzzweck Ihrer Maschine abgestimmt sind.<\/p>\n<\/div>\n\n\n\n<div style=\"height:5px\" aria-hidden=\"true\" class=\"wp-block-spacer\"><\/div>\n\n\n\n<div class=\"wp-block-columns has-horizontal-dark-grey-to-grey-gradient-background has-background is-layout-flex wp-container-core-columns-is-layout-a5331a9e wp-block-columns-is-layout-flex\" style=\"border-top-left-radius:35px;border-top-right-radius:32px;border-bottom-left-radius:35px;border-bottom-right-radius:32px;padding-top:0;padding-right:0;padding-bottom:0;padding-left:0;box-shadow:var(--wp--preset--shadow--natural)\">\n<div class=\"wp-block-column is-vertically-aligned-stretch is-layout-flow wp-block-column-is-layout-flow\" style=\"flex-basis:33.33%\">\n<div class=\"wp-block-group is-style-default has-global-padding is-layout-constrained wp-container-core-group-is-layout-72d38984 wp-block-group-is-layout-constrained has-background\" style=\"border-top-left-radius:25px;border-bottom-left-radius:25px;min-height:100%;margin-top:0;margin-bottom:0;padding-top:0;padding-right:0;padding-bottom:0;padding-left:0;background-image:url(&apos;https:\/\/intercel.eu\/\/app\/uploads\/2025\/11\/Battery-project-in-mind.png&apos;);background-position:59% 35%;background-size:cover;\">\n<div style=\"height:200px\" aria-hidden=\"true\" class=\"wp-block-spacer\"><\/div>\n<\/div>\n<\/div>\n\n\n\n<div class=\"wp-block-column is-vertically-aligned-center is-style-indrukwekkend-afgerond is-layout-flow wp-container-core-column-is-layout-f2c55d9d wp-block-column-is-layout-flow\" style=\"border-style:none;border-width:0px;padding-top:var(--wp--preset--spacing--20);padding-right:var(--wp--preset--spacing--30);padding-bottom:var(--wp--preset--spacing--20);padding-left:var(--wp--preset--spacing--10)\">\n<div class=\"wp-block-group is-layout-flow wp-container-core-group-is-layout-4d399660 wp-block-group-is-layout-flow\" style=\"margin-top:0;margin-bottom:0;padding-top:var(--wp--preset--spacing--50);padding-right:0;padding-bottom:var(--wp--preset--spacing--50);padding-left:0\">\n<h3 class=\"wp-block-heading alignfull has-text-align-left has-wit-color has-text-color has-link-color wp-elements-418088670faaf86341a897d3a60bbc84\">Hast du ein Projekt im Sinn?<\/h3>\n\n\n\n<p class=\"has-bijna-wit-color has-text-color has-link-color wp-elements-8e24c01220f847f4f3dee6769803e006\">Wir helfen Ihnen gerne, die richtige Batteriel\u00f6sung zu finden. Ob f\u00fcr Energiespeicherung, Elektrifizierungsprojekte, Antriebskraft oder Standby- und Backup-Anwendungen. <\/p>\n\n\n\n<div class=\"wp-block-buttons alignfull is-horizontal is-content-justification-left is-layout-flex wp-container-core-buttons-is-layout-036cb0ab wp-block-buttons-is-layout-flex\">\n<div class=\"wp-block-button is-style-arrow\" id=\"contact-form-popup\"><a class=\"wp-block-button__link has-text-align-center wp-element-button\" href=\"https:\/\/intercel.eu\/de\/kontakt\/\">Sprechen Sie mit unseren Experten<\/a><\/div>\n<\/div>\n<\/div>\n<\/div>\n<\/div>\n\n\n\n<div style=\"height:101px\" aria-hidden=\"true\" class=\"wp-block-spacer\"><\/div>\n\n\n\n<h2 class=\"wp-block-heading\">Komponenten des Batteriepacks<\/h2>\n\n\n\n<div style=\"height:5px\" aria-hidden=\"true\" class=\"wp-block-spacer\"><\/div>\n\n\n\n<div class=\"wp-block-group alignfull is-layout-flow wp-block-group-is-layout-flow\" style=\"margin-top:0;padding-top:0\">\n<div class=\"wp-block-group alignwide has-global-padding is-layout-constrained wp-container-core-group-is-layout-197e0196 wp-block-group-is-layout-constrained\" style=\"padding-top:0;padding-right:0;padding-left:0\">\n<div class=\"wp-block-columns alignwide is-style-indrukwekkend-kolommen is-layout-flex wp-container-core-columns-is-layout-e79a657b wp-block-columns-is-layout-flex\" style=\"padding-top:0\">\n<div class=\"wp-block-column is-vertically-aligned-stretch is-style-indrukwekkend-afgerond has-horizontal-grey-to-dark-grey-gradient-background has-background is-layout-flow wp-block-column-is-layout-flow\">\n<figure class=\"wp-block-image aligncenter size-full is-resized is-style-default\"><img loading=\"lazy\" decoding=\"async\" width=\"128\" height=\"128\" src=\"https:\/\/stg-intercel-staging.kinsta.cloud\/app\/uploads\/2025\/11\/battery.png\" alt=\"\" class=\"wp-image-11723\" style=\"width:106px;height:auto\" srcset=\"https:\/\/intercel.eu\/\/app\/uploads\/2025\/11\/battery.png 128w, https:\/\/intercel.eu\/\/app\/uploads\/2025\/11\/battery-50x50.png 50w, https:\/\/intercel.eu\/\/app\/uploads\/2025\/11\/battery-100x100.png 100w\" sizes=\"auto, (max-width: 128px) 100vw, 128px\" \/><\/figure>\n\n\n\n<h3 class=\"wp-block-heading has-contrast-color has-wit-background-color has-text-color has-background has-link-color has-medium-font-size wp-elements-7a54d5039923878e936c18345d8fb67b\" style=\"margin-top:0;margin-right:0;margin-bottom:0;margin-left:0;padding-top:var(--wp--preset--spacing--20);padding-right:var(--wp--preset--spacing--20);padding-bottom:var(--wp--preset--spacing--20);padding-left:var(--wp--preset--spacing--20)\"><a href=\"https:\/\/intercel.eu\/de\/elektrifizierung\/batteriezellen-und-module\/\" data-type=\"page\" data-id=\"12022\">Batteriezellen und Module<\/a><\/h3>\n<\/div>\n\n\n\n<div class=\"wp-block-column is-vertically-aligned-stretch is-style-indrukwekkend-afgerond has-horizontal-grey-to-dark-grey-gradient-background has-background is-layout-flow wp-block-column-is-layout-flow\">\n<figure class=\"wp-block-image aligncenter size-full is-resized is-style-default\"><img loading=\"lazy\" decoding=\"async\" width=\"128\" height=\"128\" src=\"https:\/\/stg-intercel-staging.kinsta.cloud\/app\/uploads\/2025\/11\/plug.png\" alt=\"Ikone eines industriellen Chargers\" class=\"wp-image-11688\" style=\"width:106px;height:auto\" srcset=\"https:\/\/intercel.eu\/\/app\/uploads\/2025\/11\/plug.png 128w, https:\/\/intercel.eu\/\/app\/uploads\/2025\/11\/plug-50x50.png 50w, https:\/\/intercel.eu\/\/app\/uploads\/2025\/11\/plug-100x100.png 100w\" sizes=\"auto, (max-width: 128px) 100vw, 128px\" \/><\/figure>\n\n\n\n<h3 class=\"wp-block-heading has-contrast-color has-wit-background-color has-text-color has-background has-link-color has-medium-font-size wp-elements-ff6ea085ef4edc02a4cad72f191685be\" style=\"margin-top:0;margin-right:0;margin-bottom:0;margin-left:0;padding-top:var(--wp--preset--spacing--20);padding-right:var(--wp--preset--spacing--20);padding-bottom:var(--wp--preset--spacing--20);padding-left:var(--wp--preset--spacing--20)\"><a href=\"https:\/\/intercel.eu\/de\/elektrifizierung\/industrieladegeraete\/\" data-type=\"page\" data-id=\"12028\">Industrieladeger\u00e4t<\/a><\/h3>\n<\/div>\n\n\n\n<div class=\"wp-block-column is-vertically-aligned-stretch is-style-indrukwekkend-afgerond has-horizontal-grey-to-dark-grey-gradient-background has-background is-layout-flow wp-block-column-is-layout-flow\">\n<figure class=\"wp-block-image aligncenter size-full is-resized is-style-default\"><img loading=\"lazy\" decoding=\"async\" width=\"128\" height=\"128\" src=\"https:\/\/stg-intercel-staging.kinsta.cloud\/app\/uploads\/2025\/11\/technology.png\" alt=\"ICON-Batterieverwaltungssystem\" class=\"wp-image-11691\" style=\"width:108px;height:auto\" srcset=\"https:\/\/intercel.eu\/\/app\/uploads\/2025\/11\/technology.png 128w, https:\/\/intercel.eu\/\/app\/uploads\/2025\/11\/technology-50x50.png 50w, https:\/\/intercel.eu\/\/app\/uploads\/2025\/11\/technology-100x100.png 100w\" sizes=\"auto, (max-width: 128px) 100vw, 128px\" \/><\/figure>\n\n\n\n<h3 class=\"wp-block-heading has-contrast-color has-wit-background-color has-text-color has-background has-link-color has-medium-font-size wp-elements-9875f07b441f48533bbeaaecf3dd3258\" style=\"margin-top:0;margin-right:0;margin-bottom:0;margin-left:0;padding-top:var(--wp--preset--spacing--20);padding-right:var(--wp--preset--spacing--20);padding-bottom:var(--wp--preset--spacing--20);padding-left:var(--wp--preset--spacing--20)\"><a href=\"https:\/\/intercel.eu\/de\/elektrifizierung\/batteriemanagementsystem-bms\/\" data-type=\"page\" data-id=\"12035\">Batteriemanagementsystem<\/a><\/h3>\n<\/div>\n<\/div>\n\n\n\n<div class=\"wp-block-columns alignwide is-style-indrukwekkend-kolommen is-layout-flex wp-container-core-columns-is-layout-e79a657b wp-block-columns-is-layout-flex\" style=\"padding-top:0\">\n<div class=\"wp-block-column is-vertically-aligned-stretch is-style-indrukwekkend-afgerond has-horizontal-grey-to-dark-grey-gradient-background has-background is-layout-flow wp-block-column-is-layout-flow\" style=\"flex-basis:31%\">\n<figure class=\"wp-block-image aligncenter size-full is-resized is-style-default\"><img loading=\"lazy\" decoding=\"async\" width=\"128\" height=\"128\" src=\"https:\/\/stg-intercel-staging.kinsta.cloud\/app\/uploads\/2025\/11\/thermal.png\" alt=\"Symbol des W&#xE4;rmemanagementsystems\" class=\"wp-image-11682\" style=\"width:100px;height:auto\" srcset=\"https:\/\/intercel.eu\/\/app\/uploads\/2025\/11\/thermal.png 128w, https:\/\/intercel.eu\/\/app\/uploads\/2025\/11\/thermal-50x50.png 50w, https:\/\/intercel.eu\/\/app\/uploads\/2025\/11\/thermal-100x100.png 100w\" sizes=\"auto, (max-width: 128px) 100vw, 128px\" \/><\/figure>\n\n\n\n<h3 class=\"wp-block-heading has-contrast-color has-wit-background-color has-text-color has-background has-link-color has-medium-font-size wp-elements-8e4d8d8a0c48bb7ba9b1ee11154d7b9b\" style=\"margin-top:0;margin-right:0;margin-bottom:0;margin-left:0;padding-top:var(--wp--preset--spacing--20);padding-right:var(--wp--preset--spacing--20);padding-bottom:var(--wp--preset--spacing--20);padding-left:var(--wp--preset--spacing--20)\"><a href=\"https:\/\/intercel.eu\/de\/elektrifizierung\/waermemanagementsystem\/\" data-type=\"page\" data-id=\"12041\">W\u00e4rmemanagementsystem<\/a><\/h3>\n<\/div>\n\n\n\n<div class=\"wp-block-column is-vertically-aligned-stretch is-style-indrukwekkend-afgerond has-horizontal-grey-to-dark-grey-gradient-background has-background is-layout-flow wp-block-column-is-layout-flow\" style=\"flex-basis:31%\">\n<figure class=\"wp-block-image aligncenter size-full is-resized is-style-default\"><img loading=\"lazy\" decoding=\"async\" width=\"128\" height=\"128\" src=\"https:\/\/stg-intercel-staging.kinsta.cloud\/app\/uploads\/2025\/11\/gateway.png\" alt=\"IoT Gateway Kommunikationsmodul-Symbol\" class=\"wp-image-11695\" style=\"width:110px;height:auto\" srcset=\"https:\/\/intercel.eu\/\/app\/uploads\/2025\/11\/gateway.png 128w, https:\/\/intercel.eu\/\/app\/uploads\/2025\/11\/gateway-50x50.png 50w, https:\/\/intercel.eu\/\/app\/uploads\/2025\/11\/gateway-100x100.png 100w\" sizes=\"auto, (max-width: 128px) 100vw, 128px\" \/><\/figure>\n\n\n\n<h3 class=\"wp-block-heading has-contrast-color has-wit-background-color has-text-color has-background has-link-color has-medium-font-size wp-elements-bf52356a78afb394da3bc2a9271bd64a\" style=\"margin-top:0;margin-right:0;margin-bottom:0;margin-left:0;padding-top:var(--wp--preset--spacing--20);padding-right:var(--wp--preset--spacing--20);padding-bottom:var(--wp--preset--spacing--20);padding-left:var(--wp--preset--spacing--20)\"><a href=\"https:\/\/intercel.eu\/de\/elektrifizierung\/iot-gateway-kommunikation\/\" data-type=\"page\" data-id=\"12047\">IoT-Gateway-Kommunikation<\/a><\/h3>\n<\/div>\n<\/div>\n<\/div>\n<\/div>\n\n\n\n<div style=\"height:76px\" aria-hidden=\"true\" class=\"wp-block-spacer\"><\/div>\n<\/div>\n","protected":false},"excerpt":{"rendered":"<p>Der Kern jedes Batteriesystems Jedes Batteriepack beginnt mit einer grundlegenden Entscheidung:Setzt ihr auf Module oder auf einzelne Zellen? Die Antwort hat einen ma\u00dfgeblichen Einfluss auf Energiedichte, Kosten, Flexibilit\u00e4t und Integration. Bei Intercel unterst\u00fctzen wir beide Ans\u00e4tze, da jede Off-Highway-Maschine ihre eigenen mechanischen Einschr\u00e4nkungen, spezifischen Duty-Cycles und Leistungsziele hat. Modulbasierte Architektur \u2713 Schnell und kommerziell effizient &hellip; <a href=\"https:\/\/intercel.eu\/de\/elektrifizierung\/batteriezellen-und-module\/\">Fortgesetzt<\/a><\/p>\n","protected":false},"author":6,"featured_media":0,"parent":7221,"menu_order":0,"comment_status":"open","ping_status":"closed","template":"page-3","meta":{"footnotes":""},"class_list":["post-12023","page","type-page","status-publish","hentry"],"acf":[],"_links":{"self":[{"href":"https:\/\/intercel.eu\/de\/wp-json\/wp\/v2\/pages\/12023","targetHints":{"allow":["GET"]}}],"collection":[{"href":"https:\/\/intercel.eu\/de\/wp-json\/wp\/v2\/pages"}],"about":[{"href":"https:\/\/intercel.eu\/de\/wp-json\/wp\/v2\/types\/page"}],"author":[{"embeddable":true,"href":"https:\/\/intercel.eu\/de\/wp-json\/wp\/v2\/users\/6"}],"replies":[{"embeddable":true,"href":"https:\/\/intercel.eu\/de\/wp-json\/wp\/v2\/comments?post=12023"}],"version-history":[{"count":12,"href":"https:\/\/intercel.eu\/de\/wp-json\/wp\/v2\/pages\/12023\/revisions"}],"predecessor-version":[{"id":21827,"href":"https:\/\/intercel.eu\/de\/wp-json\/wp\/v2\/pages\/12023\/revisions\/21827"}],"up":[{"embeddable":true,"href":"https:\/\/intercel.eu\/de\/wp-json\/wp\/v2\/pages\/7221"}],"wp:attachment":[{"href":"https:\/\/intercel.eu\/de\/wp-json\/wp\/v2\/media?parent=12023"}],"curies":[{"name":"wp","href":"https:\/\/api.w.org\/{rel}","templated":true}]}}