{"id":12036,"date":"2025-11-19T12:13:31","date_gmt":"2025-11-19T11:13:31","guid":{"rendered":"https:\/\/intercel.eu\/?page_id=12036"},"modified":"2025-12-14T15:20:24","modified_gmt":"2025-12-14T14:20:24","slug":"batteriemanagementsystem-bms","status":"publish","type":"page","link":"https:\/\/intercel.eu\/de\/elektrifizierung\/batteriemanagementsystem-bms\/","title":{"rendered":"Batteriemanagementsystem (BMS)"},"content":{"rendered":"\n<div class=\"wp-block-group has-global-padding is-layout-constrained wp-block-group-is-layout-constrained\">\n<div class=\"wp-block-group has-global-padding is-layout-constrained wp-block-group-is-layout-constrained\">\n<div class=\"wp-block-columns is-layout-flex wp-container-core-columns-is-layout-28f84493 wp-block-columns-is-layout-flex\">\n<div class=\"wp-block-column is-vertically-aligned-center is-layout-flow wp-block-column-is-layout-flow\" style=\"flex-basis:50%\">\n<h2 class=\"wp-block-heading\">Das Gehirn der Batterie<\/h2>\n\n\n\n<p>In jedem Off-Highway-Batteriepack ist das Batteriemanagementsystem (BMS) das Herzst\u00fcck von Sicherheit, Zuverl\u00e4ssigkeit und Performance. Es \u00fcberwacht die Zellen, steuert Lade- und Entladevorg\u00e4nge, balanciert Module, sch\u00fctzt vor Fehlerzust\u00e4nden und kommuniziert mit der Maschine. <\/p>\n\n\n\n<p>Ein hochwertiges BMS ist unverzichtbar \u2013 insbesondere in anspruchsvollen Heavy-Duty-Einsatzumgebungen. Daher ist unser BMS nach funktionaler Sicherheit bis SIL 2 (PL d) zertifiziert.  <\/p>\n\n\n\n<div class=\"wp-block-buttons is-content-justification-left is-layout-flex wp-container-core-buttons-is-layout-fc4fd283 wp-block-buttons-is-layout-flex\">\n<div class=\"wp-block-button is-style-arrow\" id=\"contact-form-popup\"><a class=\"wp-block-button__link wp-element-button\" href=\"https:\/\/intercel.eu\/de\/kontakt\/\">Kostenlose Beratung anfordern<\/a><\/div>\n<\/div>\n<\/div>\n\n\n\n<div class=\"wp-block-column is-vertically-aligned-center is-layout-flow wp-block-column-is-layout-flow\">\n<figure class=\"wp-block-image size-full is-style-rounded\"><img loading=\"lazy\" decoding=\"async\" width=\"1024\" height=\"768\" src=\"https:\/\/intercel.eu\/\/app\/uploads\/2024\/01\/intercel-advantages-bms-prolonged-lifespan.jpg\" alt=\"\" class=\"wp-image-1113\" srcset=\"https:\/\/intercel.eu\/\/app\/uploads\/2024\/01\/intercel-advantages-bms-prolonged-lifespan.jpg 1024w, https:\/\/intercel.eu\/\/app\/uploads\/2024\/01\/intercel-advantages-bms-prolonged-lifespan-300x225.jpg 300w, https:\/\/intercel.eu\/\/app\/uploads\/2024\/01\/intercel-advantages-bms-prolonged-lifespan-768x576.jpg 768w, https:\/\/intercel.eu\/\/app\/uploads\/2024\/01\/intercel-advantages-bms-prolonged-lifespan-50x38.jpg 50w, https:\/\/intercel.eu\/\/app\/uploads\/2024\/01\/intercel-advantages-bms-prolonged-lifespan-233x175.jpg 233w, https:\/\/intercel.eu\/\/app\/uploads\/2024\/01\/intercel-advantages-bms-prolonged-lifespan-600x450.jpg 600w\" sizes=\"auto, (max-width: 1024px) 100vw, 1024px\" \/><\/figure>\n<\/div>\n<\/div>\n<\/div>\n\n\n\n<div style=\"height:5px\" aria-hidden=\"true\" class=\"wp-block-spacer\"><\/div>\n\n\n\n<div class=\"wp-block-group has-global-padding is-layout-constrained wp-block-group-is-layout-constrained\">\n<div class=\"wp-block-columns is-layout-flex wp-container-core-columns-is-layout-28f84493 wp-block-columns-is-layout-flex\">\n<div class=\"wp-block-column is-layout-flow wp-block-column-is-layout-flow\" style=\"flex-basis:66.66%\">\n<h2 class=\"wp-block-heading\">Wahl der richtigen Kommunikationsarchitektur<\/h2>\n\n\n\n<p>Ihr BMS muss sich nahtlos in das Steuerger\u00e4t (ECU) Ihrer Maschine integrieren.<br\/>Wir unterst\u00fctzen g\u00e4ngige Kommunikationsprotokolle wie CAN, CANopen, J1939 sowie kundenspezifische Nachrichtenstrukturen.<br\/>Abh\u00e4ngig von der Architektur Ihrer Maschine helfen wir dabei, die Kommunikationsstrategie festzulegen, die eine sichere Steuerung, pr\u00e4zise Daten\u00fcbertragung und ein stabiles Maschinenverhalten gew\u00e4hrleistet.<\/p>\n<\/div>\n\n\n\n<div class=\"wp-block-column is-layout-flow wp-block-column-is-layout-flow\" style=\"flex-basis:33.33%\"><\/div>\n<\/div>\n<\/div>\n\n\n\n<div style=\"height:5px\" aria-hidden=\"true\" class=\"wp-block-spacer\"><\/div>\n\n\n\n<div class=\"wp-block-group has-global-padding is-layout-constrained wp-block-group-is-layout-constrained\">\n<div class=\"wp-block-media-text has-media-on-the-right is-stacked-on-mobile is-vertically-aligned-center\"><div class=\"wp-block-media-text__content\">\n<h2 class=\"wp-block-heading\" style=\"line-height:1.3\">Optimierung von Lebensdauer und Leistung  <\/h2>\n\n\n\n<p>Das BMS bestimmt ma\u00dfgeblich, wie effizient die Batterie arbeitet. Intelligentes Balancing, eine ausgekl\u00fcgelte Temperaturregelung sowie eine pr\u00e4zise SOC- und SOH-Berechnung verl\u00e4ngern die Lebensdauer der Batterie und sorgen f\u00fcr eine stabile Performance \u00fcber den gesamten Lebenszyklus der Maschine hinweg.<\/p>\n<\/div><figure class=\"wp-block-media-text__media\"><img loading=\"lazy\" decoding=\"async\" width=\"1024\" height=\"683\" src=\"https:\/\/intercel.eu\/\/app\/uploads\/2025\/11\/IMG_0741-1024x683.jpg\" alt=\"Hencon-Maschine Cellpower-Batterie\" class=\"wp-image-12508 size-full\" srcset=\"https:\/\/intercel.eu\/\/app\/uploads\/2025\/11\/IMG_0741-1024x683.jpg 1024w, https:\/\/intercel.eu\/\/app\/uploads\/2025\/11\/IMG_0741-300x200.jpg 300w, https:\/\/intercel.eu\/\/app\/uploads\/2025\/11\/IMG_0741-768x512.jpg 768w, https:\/\/intercel.eu\/\/app\/uploads\/2025\/11\/IMG_0741-1536x1024.jpg 1536w, https:\/\/intercel.eu\/\/app\/uploads\/2025\/11\/IMG_0741-50x33.jpg 50w, https:\/\/intercel.eu\/\/app\/uploads\/2025\/11\/IMG_0741-1600x1066.jpg 1600w, https:\/\/intercel.eu\/\/app\/uploads\/2025\/11\/IMG_0741-600x400.jpg 600w, https:\/\/intercel.eu\/\/app\/uploads\/2025\/11\/IMG_0741-500x333.jpg 500w, https:\/\/intercel.eu\/\/app\/uploads\/2025\/11\/IMG_0741-263x175.jpg 263w, https:\/\/intercel.eu\/\/app\/uploads\/2025\/11\/IMG_0741.jpg 2048w\" sizes=\"auto, (max-width: 1024px) 100vw, 1024px\" \/><\/figure><\/div>\n<\/div>\n\n\n\n<div style=\"height:5px\" aria-hidden=\"true\" class=\"wp-block-spacer\"><\/div>\n\n\n\n<div class=\"wp-block-group has-global-padding is-layout-constrained wp-block-group-is-layout-constrained\">\n<div class=\"wp-block-columns is-layout-flex wp-container-core-columns-is-layout-28f84493 wp-block-columns-is-layout-flex\">\n<div class=\"wp-block-column is-layout-flow wp-block-column-is-layout-flow\" style=\"flex-basis:66.66%\">\n<h2 class=\"wp-block-heading\">Sicherheitsschichten und Schutzmerkmale<\/h2>\n\n\n\n<p>Unser BMS umfasst mehrere Sicherheitsschichten:<\/p>\n\n\n\n<ul class=\"wp-block-list\">\n<li>Zellspannungs- und Temperatur\u00fcberwachung<\/li>\n\n\n\n<li>Isolations\u00fcberwachung<\/li>\n\n\n\n<li>Kurzschlussschutz<\/li>\n\n\n\n<li>Anklage-\/Entlassungsaufsicht<\/li>\n\n\n\n<li>Notabschaltung<\/li>\n\n\n\n<li>Redundanzoptionen<\/li>\n<\/ul>\n\n\n\n<p>Diese Funktionen sch\u00fctzen die Batterie, die Maschine und den Bediener \u2013 selbst unter extremen Einsatzbedingungen.<\/p>\n<\/div>\n\n\n\n<div class=\"wp-block-column is-layout-flow wp-block-column-is-layout-flow\" style=\"flex-basis:33.33%\"><\/div>\n<\/div>\n<\/div>\n\n\n\n<div style=\"height:5px\" aria-hidden=\"true\" class=\"wp-block-spacer\"><\/div>\n\n\n\n<div class=\"wp-block-group has-global-padding is-layout-constrained wp-block-group-is-layout-constrained\">\n<div class=\"wp-block-columns is-layout-flex wp-container-core-columns-is-layout-28f84493 wp-block-columns-is-layout-flex\">\n<div class=\"wp-block-column is-layout-flow wp-block-column-is-layout-flow\">\n<h2 class=\"wp-block-heading\" style=\"line-height:1.3\">Haben Sie eine Frage zu dem BMS, das wir verwenden?<\/h2>\n\n\n\n<div class=\"wp-block-buttons is-content-justification-left is-layout-flex wp-container-core-buttons-is-layout-fc4fd283 wp-block-buttons-is-layout-flex\">\n<div class=\"wp-block-button is-style-arrow\" id=\"contact-form-popup\"><a class=\"wp-block-button__link wp-element-button\" href=\"https:\/\/intercel.eu\/de\/kontakt\/\">Fragen Sie unser Team<\/a><\/div>\n<\/div>\n<\/div>\n\n\n\n<div class=\"wp-block-column is-vertically-aligned-center is-layout-flow wp-block-column-is-layout-flow\"><\/div>\n<\/div>\n<\/div>\n\n\n\n<div style=\"height:62px\" aria-hidden=\"true\" class=\"wp-block-spacer\"><\/div>\n\n\n\n<h2 class=\"wp-block-heading\">Komponenten des Batteriepacks<\/h2>\n\n\n\n<div style=\"height:5px\" aria-hidden=\"true\" class=\"wp-block-spacer\"><\/div>\n\n\n\n<div class=\"wp-block-group alignfull is-layout-flow wp-block-group-is-layout-flow\" style=\"margin-top:0;padding-top:0\">\n<div class=\"wp-block-group alignwide has-global-padding is-layout-constrained wp-container-core-group-is-layout-197e0196 wp-block-group-is-layout-constrained\" style=\"padding-top:0;padding-right:0;padding-left:0\">\n<div class=\"wp-block-columns alignwide is-style-indrukwekkend-kolommen is-layout-flex wp-container-core-columns-is-layout-e79a657b wp-block-columns-is-layout-flex\" style=\"padding-top:0\">\n<div class=\"wp-block-column is-vertically-aligned-stretch is-style-indrukwekkend-afgerond has-horizontal-grey-to-dark-grey-gradient-background has-background is-layout-flow wp-block-column-is-layout-flow\">\n<figure class=\"wp-block-image aligncenter size-full is-resized is-style-default\"><img loading=\"lazy\" decoding=\"async\" width=\"128\" height=\"128\" src=\"https:\/\/stg-intercel-staging.kinsta.cloud\/app\/uploads\/2025\/11\/battery.png\" alt=\"\" class=\"wp-image-11723\" style=\"width:106px;height:auto\" srcset=\"https:\/\/intercel.eu\/\/app\/uploads\/2025\/11\/battery.png 128w, https:\/\/intercel.eu\/\/app\/uploads\/2025\/11\/battery-50x50.png 50w, https:\/\/intercel.eu\/\/app\/uploads\/2025\/11\/battery-100x100.png 100w\" sizes=\"auto, (max-width: 128px) 100vw, 128px\" \/><\/figure>\n\n\n\n<h3 class=\"wp-block-heading has-contrast-color has-wit-background-color has-text-color has-background has-link-color has-medium-font-size wp-elements-7a54d5039923878e936c18345d8fb67b\" style=\"margin-top:0;margin-right:0;margin-bottom:0;margin-left:0;padding-top:var(--wp--preset--spacing--20);padding-right:var(--wp--preset--spacing--20);padding-bottom:var(--wp--preset--spacing--20);padding-left:var(--wp--preset--spacing--20)\"><a href=\"https:\/\/intercel.eu\/de\/elektrifizierung\/batteriezellen-und-module\/\" data-type=\"page\" data-id=\"12022\">Batteriezellen und Module<\/a><\/h3>\n<\/div>\n\n\n\n<div class=\"wp-block-column is-vertically-aligned-stretch is-style-indrukwekkend-afgerond has-horizontal-grey-to-dark-grey-gradient-background has-background is-layout-flow wp-block-column-is-layout-flow\">\n<figure class=\"wp-block-image aligncenter size-full is-resized is-style-default\"><img loading=\"lazy\" decoding=\"async\" width=\"128\" height=\"128\" src=\"https:\/\/stg-intercel-staging.kinsta.cloud\/app\/uploads\/2025\/11\/plug.png\" alt=\"Ikone eines industriellen Chargers\" class=\"wp-image-11688\" style=\"width:106px;height:auto\" srcset=\"https:\/\/intercel.eu\/\/app\/uploads\/2025\/11\/plug.png 128w, https:\/\/intercel.eu\/\/app\/uploads\/2025\/11\/plug-50x50.png 50w, https:\/\/intercel.eu\/\/app\/uploads\/2025\/11\/plug-100x100.png 100w\" sizes=\"auto, (max-width: 128px) 100vw, 128px\" \/><\/figure>\n\n\n\n<h3 class=\"wp-block-heading has-contrast-color has-wit-background-color has-text-color has-background has-link-color has-medium-font-size wp-elements-ff6ea085ef4edc02a4cad72f191685be\" style=\"margin-top:0;margin-right:0;margin-bottom:0;margin-left:0;padding-top:var(--wp--preset--spacing--20);padding-right:var(--wp--preset--spacing--20);padding-bottom:var(--wp--preset--spacing--20);padding-left:var(--wp--preset--spacing--20)\"><a href=\"https:\/\/intercel.eu\/de\/elektrifizierung\/industrieladegeraete\/\" data-type=\"page\" data-id=\"12028\">Industrieladeger\u00e4t<\/a><\/h3>\n<\/div>\n\n\n\n<div class=\"wp-block-column is-vertically-aligned-stretch is-style-indrukwekkend-afgerond has-horizontal-grey-to-dark-grey-gradient-background has-background is-layout-flow wp-block-column-is-layout-flow\">\n<figure class=\"wp-block-image aligncenter size-full is-resized is-style-default\"><img loading=\"lazy\" decoding=\"async\" width=\"128\" height=\"128\" src=\"https:\/\/stg-intercel-staging.kinsta.cloud\/app\/uploads\/2025\/11\/technology.png\" alt=\"ICON-Batterieverwaltungssystem\" class=\"wp-image-11691\" style=\"width:108px;height:auto\" srcset=\"https:\/\/intercel.eu\/\/app\/uploads\/2025\/11\/technology.png 128w, https:\/\/intercel.eu\/\/app\/uploads\/2025\/11\/technology-50x50.png 50w, https:\/\/intercel.eu\/\/app\/uploads\/2025\/11\/technology-100x100.png 100w\" sizes=\"auto, (max-width: 128px) 100vw, 128px\" \/><\/figure>\n\n\n\n<h3 class=\"wp-block-heading has-contrast-color has-wit-background-color has-text-color has-background has-link-color has-medium-font-size wp-elements-9875f07b441f48533bbeaaecf3dd3258\" style=\"margin-top:0;margin-right:0;margin-bottom:0;margin-left:0;padding-top:var(--wp--preset--spacing--20);padding-right:var(--wp--preset--spacing--20);padding-bottom:var(--wp--preset--spacing--20);padding-left:var(--wp--preset--spacing--20)\"><a href=\"https:\/\/intercel.eu\/de\/elektrifizierung\/batteriemanagementsystem-bms\/\" data-type=\"page\" data-id=\"12035\">Batteriemanagementsystem<\/a><\/h3>\n<\/div>\n<\/div>\n\n\n\n<div class=\"wp-block-columns alignwide is-style-indrukwekkend-kolommen is-layout-flex wp-container-core-columns-is-layout-e79a657b wp-block-columns-is-layout-flex\" style=\"padding-top:0\">\n<div class=\"wp-block-column is-vertically-aligned-stretch is-style-indrukwekkend-afgerond has-horizontal-grey-to-dark-grey-gradient-background has-background is-layout-flow wp-block-column-is-layout-flow\" style=\"flex-basis:31%\">\n<figure class=\"wp-block-image aligncenter size-full is-resized is-style-default\"><img loading=\"lazy\" decoding=\"async\" width=\"128\" height=\"128\" src=\"https:\/\/stg-intercel-staging.kinsta.cloud\/app\/uploads\/2025\/11\/thermal.png\" alt=\"Symbol des W&#xE4;rmemanagementsystems\" class=\"wp-image-11682\" style=\"width:100px;height:auto\" srcset=\"https:\/\/intercel.eu\/\/app\/uploads\/2025\/11\/thermal.png 128w, https:\/\/intercel.eu\/\/app\/uploads\/2025\/11\/thermal-50x50.png 50w, https:\/\/intercel.eu\/\/app\/uploads\/2025\/11\/thermal-100x100.png 100w\" sizes=\"auto, (max-width: 128px) 100vw, 128px\" \/><\/figure>\n\n\n\n<h3 class=\"wp-block-heading has-contrast-color has-wit-background-color has-text-color has-background has-link-color has-medium-font-size wp-elements-8e4d8d8a0c48bb7ba9b1ee11154d7b9b\" style=\"margin-top:0;margin-right:0;margin-bottom:0;margin-left:0;padding-top:var(--wp--preset--spacing--20);padding-right:var(--wp--preset--spacing--20);padding-bottom:var(--wp--preset--spacing--20);padding-left:var(--wp--preset--spacing--20)\"><a href=\"https:\/\/intercel.eu\/de\/elektrifizierung\/waermemanagementsystem\/\" data-type=\"page\" data-id=\"12041\">W\u00e4rmemanagementsystem<\/a><\/h3>\n<\/div>\n\n\n\n<div class=\"wp-block-column is-vertically-aligned-stretch is-style-indrukwekkend-afgerond has-horizontal-grey-to-dark-grey-gradient-background has-background is-layout-flow wp-block-column-is-layout-flow\" style=\"flex-basis:31%\">\n<figure class=\"wp-block-image aligncenter size-full is-resized is-style-default\"><img loading=\"lazy\" decoding=\"async\" width=\"128\" height=\"128\" src=\"https:\/\/stg-intercel-staging.kinsta.cloud\/app\/uploads\/2025\/11\/gateway.png\" alt=\"IoT Gateway Kommunikationsmodul-Symbol\" class=\"wp-image-11695\" style=\"width:110px;height:auto\" srcset=\"https:\/\/intercel.eu\/\/app\/uploads\/2025\/11\/gateway.png 128w, https:\/\/intercel.eu\/\/app\/uploads\/2025\/11\/gateway-50x50.png 50w, https:\/\/intercel.eu\/\/app\/uploads\/2025\/11\/gateway-100x100.png 100w\" sizes=\"auto, (max-width: 128px) 100vw, 128px\" \/><\/figure>\n\n\n\n<h3 class=\"wp-block-heading has-contrast-color has-wit-background-color has-text-color has-background has-link-color has-medium-font-size wp-elements-bf52356a78afb394da3bc2a9271bd64a\" style=\"margin-top:0;margin-right:0;margin-bottom:0;margin-left:0;padding-top:var(--wp--preset--spacing--20);padding-right:var(--wp--preset--spacing--20);padding-bottom:var(--wp--preset--spacing--20);padding-left:var(--wp--preset--spacing--20)\"><a href=\"https:\/\/intercel.eu\/de\/elektrifizierung\/iot-gateway-kommunikation\/\" data-type=\"page\" data-id=\"12047\">IoT-Gateway-Kommunikation<\/a><\/h3>\n<\/div>\n<\/div>\n<\/div>\n<\/div>\n\n\n\n<div style=\"height:86px\" aria-hidden=\"true\" class=\"wp-block-spacer\"><\/div>\n\n\n\n<div class=\"wp-block-columns has-horizontal-dark-grey-to-grey-gradient-background has-background is-layout-flex wp-container-core-columns-is-layout-a5331a9e wp-block-columns-is-layout-flex\" style=\"border-top-left-radius:35px;border-top-right-radius:32px;border-bottom-left-radius:35px;border-bottom-right-radius:32px;padding-top:0;padding-right:0;padding-bottom:0;padding-left:0;box-shadow:var(--wp--preset--shadow--natural)\">\n<div class=\"wp-block-column is-vertically-aligned-stretch is-layout-flow wp-block-column-is-layout-flow\" style=\"flex-basis:33.33%\">\n<div class=\"wp-block-group is-style-default has-global-padding is-layout-constrained wp-container-core-group-is-layout-72d38984 wp-block-group-is-layout-constrained has-background\" style=\"border-top-left-radius:25px;border-bottom-left-radius:25px;min-height:100%;margin-top:0;margin-bottom:0;padding-top:0;padding-right:0;padding-bottom:0;padding-left:0;background-image:url(&apos;https:\/\/intercel.eu\/\/app\/uploads\/2025\/11\/Battery-project-in-mind.png&apos;);background-position:59% 35%;background-size:cover;\">\n<div style=\"height:200px\" aria-hidden=\"true\" class=\"wp-block-spacer\"><\/div>\n<\/div>\n<\/div>\n\n\n\n<div class=\"wp-block-column is-vertically-aligned-center is-style-indrukwekkend-afgerond is-layout-flow wp-container-core-column-is-layout-f2c55d9d wp-block-column-is-layout-flow\" style=\"border-style:none;border-width:0px;padding-top:var(--wp--preset--spacing--20);padding-right:var(--wp--preset--spacing--30);padding-bottom:var(--wp--preset--spacing--20);padding-left:var(--wp--preset--spacing--10)\">\n<div class=\"wp-block-group is-layout-flow wp-container-core-group-is-layout-4d399660 wp-block-group-is-layout-flow\" style=\"margin-top:0;margin-bottom:0;padding-top:var(--wp--preset--spacing--50);padding-right:0;padding-bottom:var(--wp--preset--spacing--50);padding-left:0\">\n<h3 class=\"wp-block-heading alignfull has-text-align-left has-wit-color has-text-color has-link-color wp-elements-418088670faaf86341a897d3a60bbc84\">Hast du ein Projekt im Sinn?<\/h3>\n\n\n\n<p class=\"has-bijna-wit-color has-text-color has-link-color wp-elements-8e24c01220f847f4f3dee6769803e006\">Wir helfen Ihnen gerne, die richtige Batteriel\u00f6sung zu finden. Ob f\u00fcr Energiespeicherung, Elektrifizierungsprojekte, Antriebskraft oder Standby- und Backup-Anwendungen. <\/p>\n\n\n\n<div class=\"wp-block-buttons alignfull is-horizontal is-content-justification-left is-layout-flex wp-container-core-buttons-is-layout-036cb0ab wp-block-buttons-is-layout-flex\">\n<div class=\"wp-block-button is-style-arrow\" id=\"contact-form-popup\"><a class=\"wp-block-button__link has-text-align-center wp-element-button\" href=\"https:\/\/intercel.eu\/de\/kontakt\/\">Sprechen Sie mit unseren Experten<\/a><\/div>\n<\/div>\n<\/div>\n<\/div>\n<\/div>\n\n\n\n<div style=\"height:101px\" aria-hidden=\"true\" class=\"wp-block-spacer\"><\/div>\n<\/div>\n","protected":false},"excerpt":{"rendered":"<p>Das Gehirn der Batterie In jedem Off-Highway-Batteriepack ist das Batteriemanagementsystem (BMS) das Herzst\u00fcck von Sicherheit, Zuverl\u00e4ssigkeit und Performance. Es \u00fcberwacht die Zellen, steuert Lade- und Entladevorg\u00e4nge, balanciert Module, sch\u00fctzt vor Fehlerzust\u00e4nden und kommuniziert mit der Maschine. Ein hochwertiges BMS ist unverzichtbar \u2013 insbesondere in anspruchsvollen Heavy-Duty-Einsatzumgebungen. Daher ist unser BMS nach funktionaler Sicherheit bis SIL &hellip; <a href=\"https:\/\/intercel.eu\/de\/elektrifizierung\/batteriemanagementsystem-bms\/\">Fortgesetzt<\/a><\/p>\n","protected":false},"author":6,"featured_media":0,"parent":7221,"menu_order":0,"comment_status":"open","ping_status":"closed","template":"page-3","meta":{"footnotes":""},"class_list":["post-12036","page","type-page","status-publish","hentry"],"acf":[],"_links":{"self":[{"href":"https:\/\/intercel.eu\/de\/wp-json\/wp\/v2\/pages\/12036","targetHints":{"allow":["GET"]}}],"collection":[{"href":"https:\/\/intercel.eu\/de\/wp-json\/wp\/v2\/pages"}],"about":[{"href":"https:\/\/intercel.eu\/de\/wp-json\/wp\/v2\/types\/page"}],"author":[{"embeddable":true,"href":"https:\/\/intercel.eu\/de\/wp-json\/wp\/v2\/users\/6"}],"replies":[{"embeddable":true,"href":"https:\/\/intercel.eu\/de\/wp-json\/wp\/v2\/comments?post=12036"}],"version-history":[{"count":8,"href":"https:\/\/intercel.eu\/de\/wp-json\/wp\/v2\/pages\/12036\/revisions"}],"predecessor-version":[{"id":21833,"href":"https:\/\/intercel.eu\/de\/wp-json\/wp\/v2\/pages\/12036\/revisions\/21833"}],"up":[{"embeddable":true,"href":"https:\/\/intercel.eu\/de\/wp-json\/wp\/v2\/pages\/7221"}],"wp:attachment":[{"href":"https:\/\/intercel.eu\/de\/wp-json\/wp\/v2\/media?parent=12036"}],"curies":[{"name":"wp","href":"https:\/\/api.w.org\/{rel}","templated":true}]}}