{"id":12048,"date":"2025-11-19T12:15:05","date_gmt":"2025-11-19T11:15:05","guid":{"rendered":"https:\/\/intercel.eu\/?page_id=12048"},"modified":"2025-12-22T15:31:10","modified_gmt":"2025-12-22T14:31:10","slug":"iot-gateway-kommunikation","status":"publish","type":"page","link":"https:\/\/intercel.eu\/de\/elektrifizierung\/iot-gateway-kommunikation\/","title":{"rendered":"IoT-Gateway-Kommunikation"},"content":{"rendered":"\n<div class=\"wp-block-group has-global-padding is-layout-constrained wp-block-group-is-layout-constrained\">\n<div class=\"wp-block-group has-global-padding is-layout-constrained wp-block-group-is-layout-constrained\">\n<div class=\"wp-block-columns is-layout-flex wp-container-core-columns-is-layout-28f84493 wp-block-columns-is-layout-flex\">\n<div class=\"wp-block-column is-vertically-aligned-center is-layout-flow wp-block-column-is-layout-flow\">\n<h2 class=\"wp-block-heading\">Echtzeit-Einblicke f\u00fcr intelligentere Betriebsabl\u00e4ufe<\/h2>\n\n\n\n<p>Mit unserem IoT-Gateway-Kommunikationsmodul k\u00f6nnen Sie Ihr Batteriesystem jederzeit und \u00fcberall \u00fcberwachen. Dadurch gewinnen Sie wertvolle Einblicke, die die Verf\u00fcgbarkeit erh\u00f6hen, die Flotteneffizienz verbessern und die Wartungsplanung optimieren \u2013 ein entscheidender Vorteil f\u00fcr Mietflotten, stark genutzte Ger\u00e4te und komplexe Einsatzorte. <\/p>\n<\/div>\n\n\n\n<div class=\"wp-block-column is-vertically-aligned-center is-layout-flow wp-block-column-is-layout-flow\">\n<div class=\"wp-block-buttons is-content-justification-center is-layout-flex wp-container-core-buttons-is-layout-a89b3969 wp-block-buttons-is-layout-flex\">\n<div class=\"wp-block-button is-style-arrow\" id=\"contact-form-popup\"><a class=\"wp-block-button__link wp-element-button\" href=\"https:\/\/intercel.eu\/de\/kontakt\/\">Sprechen Sie mit unseren Spezialisten<\/a><\/div>\n<\/div>\n<\/div>\n<\/div>\n<\/div>\n\n\n\n<div style=\"height:5px\" aria-hidden=\"true\" class=\"wp-block-spacer\"><\/div>\n\n\n\n<div class=\"wp-block-group has-global-padding is-layout-constrained wp-block-group-is-layout-constrained\">\n<div class=\"wp-block-media-text is-stacked-on-mobile is-vertically-aligned-center\"><figure class=\"wp-block-media-text__media\"><img loading=\"lazy\" decoding=\"async\" width=\"1024\" height=\"546\" src=\"https:\/\/intercel.eu\/\/app\/uploads\/2025\/11\/Ontwerp-zonder-titel-37-1024x546.jpg\" alt=\"Dashboard zur \u00dcberwachung von Off-Highway-Batteriepacks mit IoT\" class=\"wp-image-13385 size-full\" srcset=\"https:\/\/intercel.eu\/\/app\/uploads\/2025\/11\/Ontwerp-zonder-titel-37-1024x546.jpg 1024w, https:\/\/intercel.eu\/\/app\/uploads\/2025\/11\/Ontwerp-zonder-titel-37-300x160.jpg 300w, https:\/\/intercel.eu\/\/app\/uploads\/2025\/11\/Ontwerp-zonder-titel-37-768x410.jpg 768w, https:\/\/intercel.eu\/\/app\/uploads\/2025\/11\/Ontwerp-zonder-titel-37-50x27.jpg 50w, https:\/\/intercel.eu\/\/app\/uploads\/2025\/11\/Ontwerp-zonder-titel-37-328x175.jpg 328w, https:\/\/intercel.eu\/\/app\/uploads\/2025\/11\/Ontwerp-zonder-titel-37-600x320.jpg 600w, https:\/\/intercel.eu\/\/app\/uploads\/2025\/11\/Ontwerp-zonder-titel-37.jpg 1500w\" sizes=\"auto, (max-width: 1024px) 100vw, 1024px\" \/><\/figure><div class=\"wp-block-media-text__content\">\n<div style=\"height:20px\" aria-hidden=\"true\" class=\"wp-block-spacer\"><\/div>\n\n\n\n<h2 class=\"wp-block-heading\">Was du \u00fcberwachen kannst<\/h2>\n\n\n\n<ul class=\"wp-block-list\">\n<li>Zustand der Ladung (SoC)<\/li>\n\n\n\n<li>Gesundheitszustand (SoH)<\/li>\n\n\n\n<li>Temperatur und Lastverhalten<\/li>\n\n\n\n<li>Ladestatus<\/li>\n\n\n\n<li>Historische Auff\u00fchrung<\/li>\n\n\n\n<li>Standortdaten<\/li>\n\n\n\n<li>Betriebsmuster<\/li>\n<\/ul>\n\n\n\n<p>Perfekt, um intelligentere Arbeitsabl\u00e4ufe zu erstellen und einen sicheren Betrieb an mehreren Standorten sicherzustellen.<\/p>\n\n\n\n<div style=\"height:20px\" aria-hidden=\"true\" class=\"wp-block-spacer\"><\/div>\n<\/div><\/div>\n<\/div>\n\n\n\n<div style=\"height:5px\" aria-hidden=\"true\" class=\"wp-block-spacer\"><\/div>\n\n\n\n<div class=\"wp-block-group has-global-padding is-layout-constrained wp-block-group-is-layout-constrained\">\n<div class=\"wp-block-media-text has-media-on-the-right is-stacked-on-mobile is-vertically-aligned-center is-image-fill-element\"><div class=\"wp-block-media-text__content\">\n<div style=\"height:60px\" aria-hidden=\"true\" class=\"wp-block-spacer\"><\/div>\n\n\n\n<h2 class=\"wp-block-heading\" style=\"line-height:1.3\">Optimierung des Flottenbetriebs<\/h2>\n\n\n\n<p>Mit Echtzeitdaten k\u00f6nnen Sie:<\/p>\n\n\n\n<p><strong>\u2713 <\/strong>Reduzieren Sie die Betriebskosten in Ihrer Flotte<\/p>\n\n\n\n<p><strong>\u2713 <\/strong>Vermeiden Sie Ausfallzeiten mit pr\u00e4diktiver Wartung<\/p>\n\n\n\n<p><strong>\u2713 <\/strong>Ladeinfrastruktur optimieren<\/p>\n\n\n\n<p><strong>\u2713 <\/strong>Plane die Schichtrotationen basierend auf der Batterieleistung<\/p>\n\n\n\n<div style=\"height:60px\" aria-hidden=\"true\" class=\"wp-block-spacer\"><\/div>\n<\/div><figure class=\"wp-block-media-text__media\"><img loading=\"lazy\" decoding=\"async\" width=\"1024\" height=\"768\" src=\"https:\/\/intercel.eu\/\/app\/uploads\/2025\/11\/Ekrol-aan-lader-1024x768.jpg\" alt=\"E-KROL-Flottenladung\" class=\"wp-image-12577 size-full\" style=\"object-position:50% 50%\" srcset=\"https:\/\/intercel.eu\/\/app\/uploads\/2025\/11\/Ekrol-aan-lader-1024x768.jpg 1024w, https:\/\/intercel.eu\/\/app\/uploads\/2025\/11\/Ekrol-aan-lader-300x225.jpg 300w, https:\/\/intercel.eu\/\/app\/uploads\/2025\/11\/Ekrol-aan-lader-768x576.jpg 768w, https:\/\/intercel.eu\/\/app\/uploads\/2025\/11\/Ekrol-aan-lader-1536x1152.jpg 1536w, https:\/\/intercel.eu\/\/app\/uploads\/2025\/11\/Ekrol-aan-lader-50x38.jpg 50w, https:\/\/intercel.eu\/\/app\/uploads\/2025\/11\/Ekrol-aan-lader-1600x1200.jpg 1600w, https:\/\/intercel.eu\/\/app\/uploads\/2025\/11\/Ekrol-aan-lader-233x175.jpg 233w, https:\/\/intercel.eu\/\/app\/uploads\/2025\/11\/Ekrol-aan-lader-600x450.jpg 600w, https:\/\/intercel.eu\/\/app\/uploads\/2025\/11\/Ekrol-aan-lader.jpg 2000w\" sizes=\"auto, (max-width: 1024px) 100vw, 1024px\" \/><\/figure><\/div>\n<\/div>\n\n\n\n<div style=\"height:5px\" aria-hidden=\"true\" class=\"wp-block-spacer\"><\/div>\n\n\n\n<div class=\"wp-block-group has-global-padding is-layout-constrained wp-block-group-is-layout-constrained\">\n<h2 class=\"wp-block-heading\" style=\"line-height:1.3\">Nahtlose Integration mit Ihrer Plattform<\/h2>\n\n\n\n<p>Das IoT-Gateway integriert sich mit dem BMS Ihrer Maschine und kommuniziert \u00fcber eine sichere Cloud-Infrastruktur.<\/p>\n\n\n\n<p>Unsere Ingenieure unterst\u00fctzen Sie bei der Konfiguration von Dashboards, Alarmen und Datenprofilen \u2013 exakt auf Ihre Flotte zugeschnitten.<\/p>\n<\/div>\n\n\n\n<div style=\"height:5px\" aria-hidden=\"true\" class=\"wp-block-spacer\"><\/div>\n\n\n\n<div class=\"wp-block-columns has-horizontal-dark-grey-to-grey-gradient-background has-background is-layout-flex wp-container-core-columns-is-layout-a5331a9e wp-block-columns-is-layout-flex\" style=\"border-top-left-radius:35px;border-top-right-radius:32px;border-bottom-left-radius:35px;border-bottom-right-radius:32px;padding-top:0;padding-right:0;padding-bottom:0;padding-left:0;box-shadow:var(--wp--preset--shadow--natural)\">\n<div class=\"wp-block-column is-vertically-aligned-stretch is-layout-flow wp-block-column-is-layout-flow\" style=\"flex-basis:33.33%\">\n<div class=\"wp-block-group is-style-default has-global-padding is-layout-constrained wp-container-core-group-is-layout-72d38984 wp-block-group-is-layout-constrained has-background\" style=\"border-top-left-radius:25px;border-bottom-left-radius:25px;min-height:100%;margin-top:0;margin-bottom:0;padding-top:0;padding-right:0;padding-bottom:0;padding-left:0;background-image:url(&apos;https:\/\/intercel.eu\/\/app\/uploads\/2025\/11\/Battery-project-in-mind.png&apos;);background-position:59% 35%;background-size:cover;\">\n<div style=\"height:200px\" aria-hidden=\"true\" class=\"wp-block-spacer\"><\/div>\n<\/div>\n<\/div>\n\n\n\n<div class=\"wp-block-column is-vertically-aligned-center is-style-indrukwekkend-afgerond is-layout-flow wp-container-core-column-is-layout-f2c55d9d wp-block-column-is-layout-flow\" style=\"border-style:none;border-width:0px;padding-top:var(--wp--preset--spacing--20);padding-right:var(--wp--preset--spacing--30);padding-bottom:var(--wp--preset--spacing--20);padding-left:var(--wp--preset--spacing--10)\">\n<div class=\"wp-block-group is-layout-flow wp-container-core-group-is-layout-4d399660 wp-block-group-is-layout-flow\" style=\"margin-top:0;margin-bottom:0;padding-top:var(--wp--preset--spacing--50);padding-right:0;padding-bottom:var(--wp--preset--spacing--50);padding-left:0\">\n<h3 class=\"wp-block-heading alignfull has-text-align-left has-wit-color has-text-color has-link-color wp-elements-418088670faaf86341a897d3a60bbc84\">Hast du ein Projekt im Sinn?<\/h3>\n\n\n\n<p class=\"has-bijna-wit-color has-text-color has-link-color wp-elements-8e24c01220f847f4f3dee6769803e006\">Wir helfen Ihnen gerne, die richtige Batteriel\u00f6sung zu finden. Ob f\u00fcr Energiespeicherung, Elektrifizierungsprojekte, Antriebskraft oder Standby- und Backup-Anwendungen. <\/p>\n\n\n\n<div class=\"wp-block-buttons alignfull is-horizontal is-content-justification-left is-layout-flex wp-container-core-buttons-is-layout-036cb0ab wp-block-buttons-is-layout-flex\">\n<div class=\"wp-block-button is-style-arrow\" id=\"contact-form-popup\"><a class=\"wp-block-button__link has-text-align-center wp-element-button\" href=\"https:\/\/intercel.eu\/de\/kontakt\/\">Sprechen Sie mit unseren Experten<\/a><\/div>\n<\/div>\n<\/div>\n<\/div>\n<\/div>\n\n\n\n<div style=\"height:62px\" aria-hidden=\"true\" class=\"wp-block-spacer\"><\/div>\n\n\n\n<h2 class=\"wp-block-heading\">Komponenten des Batteriepacks<\/h2>\n\n\n\n<div style=\"height:5px\" aria-hidden=\"true\" class=\"wp-block-spacer\"><\/div>\n\n\n\n<div class=\"wp-block-group alignfull is-layout-flow wp-block-group-is-layout-flow\" style=\"margin-top:0;padding-top:0\">\n<div class=\"wp-block-group alignwide has-global-padding is-layout-constrained wp-container-core-group-is-layout-197e0196 wp-block-group-is-layout-constrained\" style=\"padding-top:0;padding-right:0;padding-left:0\">\n<div class=\"wp-block-columns alignwide is-style-indrukwekkend-kolommen is-layout-flex wp-container-core-columns-is-layout-e79a657b wp-block-columns-is-layout-flex\" style=\"padding-top:0\">\n<div class=\"wp-block-column is-vertically-aligned-stretch is-style-indrukwekkend-afgerond has-horizontal-grey-to-dark-grey-gradient-background has-background is-layout-flow wp-block-column-is-layout-flow\">\n<figure class=\"wp-block-image aligncenter size-full is-resized is-style-default\"><img loading=\"lazy\" decoding=\"async\" width=\"128\" height=\"128\" src=\"https:\/\/stg-intercel-staging.kinsta.cloud\/app\/uploads\/2025\/11\/battery.png\" alt=\"\" class=\"wp-image-11723\" style=\"width:106px;height:auto\" srcset=\"https:\/\/intercel.eu\/\/app\/uploads\/2025\/11\/battery.png 128w, https:\/\/intercel.eu\/\/app\/uploads\/2025\/11\/battery-50x50.png 50w, https:\/\/intercel.eu\/\/app\/uploads\/2025\/11\/battery-100x100.png 100w\" sizes=\"auto, (max-width: 128px) 100vw, 128px\" \/><\/figure>\n\n\n\n<h3 class=\"wp-block-heading has-contrast-color has-wit-background-color has-text-color has-background has-link-color has-medium-font-size wp-elements-7a54d5039923878e936c18345d8fb67b\" style=\"margin-top:0;margin-right:0;margin-bottom:0;margin-left:0;padding-top:var(--wp--preset--spacing--20);padding-right:var(--wp--preset--spacing--20);padding-bottom:var(--wp--preset--spacing--20);padding-left:var(--wp--preset--spacing--20)\"><a href=\"https:\/\/intercel.eu\/de\/elektrifizierung\/batteriezellen-und-module\/\" data-type=\"page\" data-id=\"12022\">Batteriezellen und Module<\/a><\/h3>\n<\/div>\n\n\n\n<div class=\"wp-block-column is-vertically-aligned-stretch is-style-indrukwekkend-afgerond has-horizontal-grey-to-dark-grey-gradient-background has-background is-layout-flow wp-block-column-is-layout-flow\">\n<figure class=\"wp-block-image aligncenter size-full is-resized is-style-default\"><img loading=\"lazy\" decoding=\"async\" width=\"128\" height=\"128\" src=\"https:\/\/stg-intercel-staging.kinsta.cloud\/app\/uploads\/2025\/11\/plug.png\" alt=\"Ikone eines industriellen Chargers\" class=\"wp-image-11688\" style=\"width:106px;height:auto\" srcset=\"https:\/\/intercel.eu\/\/app\/uploads\/2025\/11\/plug.png 128w, https:\/\/intercel.eu\/\/app\/uploads\/2025\/11\/plug-50x50.png 50w, https:\/\/intercel.eu\/\/app\/uploads\/2025\/11\/plug-100x100.png 100w\" sizes=\"auto, (max-width: 128px) 100vw, 128px\" \/><\/figure>\n\n\n\n<h3 class=\"wp-block-heading has-contrast-color has-wit-background-color has-text-color has-background has-link-color has-medium-font-size wp-elements-ff6ea085ef4edc02a4cad72f191685be\" style=\"margin-top:0;margin-right:0;margin-bottom:0;margin-left:0;padding-top:var(--wp--preset--spacing--20);padding-right:var(--wp--preset--spacing--20);padding-bottom:var(--wp--preset--spacing--20);padding-left:var(--wp--preset--spacing--20)\"><a href=\"https:\/\/intercel.eu\/de\/elektrifizierung\/industrieladegeraete\/\" data-type=\"page\" data-id=\"12028\">Industrieladeger\u00e4t<\/a><\/h3>\n<\/div>\n\n\n\n<div class=\"wp-block-column is-vertically-aligned-stretch is-style-indrukwekkend-afgerond has-horizontal-grey-to-dark-grey-gradient-background has-background is-layout-flow wp-block-column-is-layout-flow\">\n<figure class=\"wp-block-image aligncenter size-full is-resized is-style-default\"><img loading=\"lazy\" decoding=\"async\" width=\"128\" height=\"128\" src=\"https:\/\/stg-intercel-staging.kinsta.cloud\/app\/uploads\/2025\/11\/technology.png\" alt=\"ICON-Batterieverwaltungssystem\" class=\"wp-image-11691\" style=\"width:108px;height:auto\" srcset=\"https:\/\/intercel.eu\/\/app\/uploads\/2025\/11\/technology.png 128w, https:\/\/intercel.eu\/\/app\/uploads\/2025\/11\/technology-50x50.png 50w, https:\/\/intercel.eu\/\/app\/uploads\/2025\/11\/technology-100x100.png 100w\" sizes=\"auto, (max-width: 128px) 100vw, 128px\" \/><\/figure>\n\n\n\n<h3 class=\"wp-block-heading has-contrast-color has-wit-background-color has-text-color has-background has-link-color has-medium-font-size wp-elements-9875f07b441f48533bbeaaecf3dd3258\" style=\"margin-top:0;margin-right:0;margin-bottom:0;margin-left:0;padding-top:var(--wp--preset--spacing--20);padding-right:var(--wp--preset--spacing--20);padding-bottom:var(--wp--preset--spacing--20);padding-left:var(--wp--preset--spacing--20)\"><a href=\"https:\/\/intercel.eu\/de\/elektrifizierung\/batteriemanagementsystem-bms\/\" data-type=\"page\" data-id=\"12035\">Batteriemanagementsystem<\/a><\/h3>\n<\/div>\n<\/div>\n\n\n\n<div class=\"wp-block-columns alignwide is-style-indrukwekkend-kolommen is-layout-flex wp-container-core-columns-is-layout-e79a657b wp-block-columns-is-layout-flex\" style=\"padding-top:0\">\n<div class=\"wp-block-column is-vertically-aligned-stretch is-style-indrukwekkend-afgerond has-horizontal-grey-to-dark-grey-gradient-background has-background is-layout-flow wp-block-column-is-layout-flow\" style=\"flex-basis:31%\">\n<figure class=\"wp-block-image aligncenter size-full is-resized is-style-default\"><img loading=\"lazy\" decoding=\"async\" width=\"128\" height=\"128\" src=\"https:\/\/stg-intercel-staging.kinsta.cloud\/app\/uploads\/2025\/11\/thermal.png\" alt=\"Symbol des W&#xE4;rmemanagementsystems\" class=\"wp-image-11682\" style=\"width:100px;height:auto\" srcset=\"https:\/\/intercel.eu\/\/app\/uploads\/2025\/11\/thermal.png 128w, https:\/\/intercel.eu\/\/app\/uploads\/2025\/11\/thermal-50x50.png 50w, https:\/\/intercel.eu\/\/app\/uploads\/2025\/11\/thermal-100x100.png 100w\" sizes=\"auto, (max-width: 128px) 100vw, 128px\" \/><\/figure>\n\n\n\n<h3 class=\"wp-block-heading has-contrast-color has-wit-background-color has-text-color has-background has-link-color has-medium-font-size wp-elements-8e4d8d8a0c48bb7ba9b1ee11154d7b9b\" style=\"margin-top:0;margin-right:0;margin-bottom:0;margin-left:0;padding-top:var(--wp--preset--spacing--20);padding-right:var(--wp--preset--spacing--20);padding-bottom:var(--wp--preset--spacing--20);padding-left:var(--wp--preset--spacing--20)\"><a href=\"https:\/\/intercel.eu\/de\/elektrifizierung\/waermemanagementsystem\/\" data-type=\"page\" data-id=\"12041\">W\u00e4rmemanagementsystem<\/a><\/h3>\n<\/div>\n\n\n\n<div class=\"wp-block-column is-vertically-aligned-stretch is-style-indrukwekkend-afgerond has-horizontal-grey-to-dark-grey-gradient-background has-background is-layout-flow wp-block-column-is-layout-flow\" style=\"flex-basis:31%\">\n<figure class=\"wp-block-image aligncenter size-full is-resized is-style-default\"><img loading=\"lazy\" decoding=\"async\" width=\"128\" height=\"128\" src=\"https:\/\/stg-intercel-staging.kinsta.cloud\/app\/uploads\/2025\/11\/gateway.png\" alt=\"IoT Gateway Kommunikationsmodul-Symbol\" class=\"wp-image-11695\" style=\"width:110px;height:auto\" srcset=\"https:\/\/intercel.eu\/\/app\/uploads\/2025\/11\/gateway.png 128w, https:\/\/intercel.eu\/\/app\/uploads\/2025\/11\/gateway-50x50.png 50w, https:\/\/intercel.eu\/\/app\/uploads\/2025\/11\/gateway-100x100.png 100w\" sizes=\"auto, (max-width: 128px) 100vw, 128px\" \/><\/figure>\n\n\n\n<h3 class=\"wp-block-heading has-contrast-color has-wit-background-color has-text-color has-background has-link-color has-medium-font-size wp-elements-bf52356a78afb394da3bc2a9271bd64a\" style=\"margin-top:0;margin-right:0;margin-bottom:0;margin-left:0;padding-top:var(--wp--preset--spacing--20);padding-right:var(--wp--preset--spacing--20);padding-bottom:var(--wp--preset--spacing--20);padding-left:var(--wp--preset--spacing--20)\"><a href=\"https:\/\/intercel.eu\/de\/elektrifizierung\/iot-gateway-kommunikation\/\" data-type=\"page\" data-id=\"12047\">IoT-Gateway-Kommunikation<\/a><\/h3>\n<\/div>\n<\/div>\n<\/div>\n<\/div>\n\n\n\n<div style=\"height:101px\" aria-hidden=\"true\" class=\"wp-block-spacer\"><\/div>\n<\/div>\n","protected":false},"excerpt":{"rendered":"<p>Echtzeit-Einblicke f\u00fcr intelligentere Betriebsabl\u00e4ufe Mit unserem IoT-Gateway-Kommunikationsmodul k\u00f6nnen Sie Ihr Batteriesystem jederzeit und \u00fcberall \u00fcberwachen. Dadurch gewinnen Sie wertvolle Einblicke, die die Verf\u00fcgbarkeit erh\u00f6hen, die Flotteneffizienz verbessern und die Wartungsplanung optimieren \u2013 ein entscheidender Vorteil f\u00fcr Mietflotten, stark genutzte Ger\u00e4te und komplexe Einsatzorte. Was du \u00fcberwachen kannst Perfekt, um intelligentere Arbeitsabl\u00e4ufe zu erstellen und einen &hellip; <a href=\"https:\/\/intercel.eu\/de\/elektrifizierung\/iot-gateway-kommunikation\/\">Fortgesetzt<\/a><\/p>\n","protected":false},"author":6,"featured_media":0,"parent":7221,"menu_order":0,"comment_status":"open","ping_status":"closed","template":"page-3","meta":{"footnotes":""},"class_list":["post-12048","page","type-page","status-publish","hentry"],"acf":[],"_links":{"self":[{"href":"https:\/\/intercel.eu\/de\/wp-json\/wp\/v2\/pages\/12048","targetHints":{"allow":["GET"]}}],"collection":[{"href":"https:\/\/intercel.eu\/de\/wp-json\/wp\/v2\/pages"}],"about":[{"href":"https:\/\/intercel.eu\/de\/wp-json\/wp\/v2\/types\/page"}],"author":[{"embeddable":true,"href":"https:\/\/intercel.eu\/de\/wp-json\/wp\/v2\/users\/6"}],"replies":[{"embeddable":true,"href":"https:\/\/intercel.eu\/de\/wp-json\/wp\/v2\/comments?post=12048"}],"version-history":[{"count":7,"href":"https:\/\/intercel.eu\/de\/wp-json\/wp\/v2\/pages\/12048\/revisions"}],"predecessor-version":[{"id":24286,"href":"https:\/\/intercel.eu\/de\/wp-json\/wp\/v2\/pages\/12048\/revisions\/24286"}],"up":[{"embeddable":true,"href":"https:\/\/intercel.eu\/de\/wp-json\/wp\/v2\/pages\/7221"}],"wp:attachment":[{"href":"https:\/\/intercel.eu\/de\/wp-json\/wp\/v2\/media?parent=12048"}],"curies":[{"name":"wp","href":"https:\/\/api.w.org\/{rel}","templated":true}]}}