{"id":12086,"date":"2025-11-19T12:49:48","date_gmt":"2025-11-19T11:49:48","guid":{"rendered":"https:\/\/intercel.eu\/?page_id=12086"},"modified":"2025-12-12T12:05:13","modified_gmt":"2025-12-12T11:05:13","slug":"standby-notstrom","status":"publish","type":"page","link":"https:\/\/intercel.eu\/de\/standby\/standby-notstrom\/","title":{"rendered":"Standby-Notstrom"},"content":{"rendered":"\n<div class=\"wp-block-group has-global-padding is-layout-constrained wp-block-group-is-layout-constrained\">\n<div class=\"wp-block-group has-global-padding is-layout-constrained wp-block-group-is-layout-constrained\">\n<div class=\"wp-block-columns are-vertically-aligned-center is-layout-flex wp-container-core-columns-is-layout-28f84493 wp-block-columns-is-layout-flex\">\n<div class=\"wp-block-column is-vertically-aligned-center is-layout-flow wp-block-column-is-layout-flow\">\n<h2 class=\"wp-block-heading\">Der Kern einer Standby-Notstromversorgung<\/h2>\n\n\n\n<p>Das Herzst\u00fcck jedes Notstromversorgungssystems sind die Batterien. Daher ist das Notstromsystem nur so zuverl\u00e4ssig wie die Qualit\u00e4t der Batterie. Intercel ist auf Backup-Batterien spezialisiert. Sie k\u00f6nnen zu uns kommen, um ein individuelles Batteriesystem, eine Installation und einen Austausch zu erhalten. Auch f\u00fcr Wartung und Bau eines Standby-Batteriesystems sind Sie bei Intercel hier genau richtig.    <\/p>\n<\/div>\n\n\n\n<div class=\"wp-block-column is-vertically-aligned-center is-style-default is-layout-flow wp-block-column-is-layout-flow\">\n<div class=\"wp-block-group has-global-padding is-layout-constrained wp-container-core-group-is-layout-6c64ff9d wp-block-group-is-layout-constrained\">\n<div class=\"wp-block-group is-style-indrukwekkend-afgerond has-vertical-bright-red-to-darker-gradient-background has-background is-layout-flow wp-block-group-is-layout-flow\" style=\"padding-top:var(--wp--preset--spacing--40);padding-right:var(--wp--preset--spacing--30);padding-bottom:var(--wp--preset--spacing--40);padding-left:var(--wp--preset--spacing--30)\">\n<h3 class=\"wp-block-heading has-text-align-center has-wit-color has-text-color has-link-color wp-elements-2819a18eac1ecc3fc0faf0f83e5dd3d3\">Standby-Notstrom<\/h3>\n\n\n\n<div style=\"height:5px\" aria-hidden=\"true\" class=\"wp-block-spacer\"><\/div>\n\n\n\n<figure class=\"wp-block-image aligncenter size-full is-resized\"><img loading=\"lazy\" decoding=\"async\" width=\"569\" height=\"226\" src=\"https:\/\/intercel.eu\/\/app\/uploads\/2025\/11\/backup2.png\" alt=\"\" class=\"wp-image-11626\" style=\"width:auto;height:100px\" srcset=\"https:\/\/intercel.eu\/\/app\/uploads\/2025\/11\/backup2.png 569w, https:\/\/intercel.eu\/\/app\/uploads\/2025\/11\/backup2-300x119.png 300w, https:\/\/intercel.eu\/\/app\/uploads\/2025\/11\/backup2-50x20.png 50w, https:\/\/intercel.eu\/\/app\/uploads\/2025\/11\/backup2-441x175.png 441w\" sizes=\"auto, (max-width: 569px) 100vw, 569px\" \/><\/figure>\n<\/div>\n<\/div>\n<\/div>\n<\/div>\n<\/div>\n\n\n\n<div style=\"height:5px\" aria-hidden=\"true\" class=\"wp-block-spacer\"><\/div>\n\n\n\n<div class=\"wp-block-group alignwide has-global-padding is-layout-constrained wp-block-group-is-layout-constrained\">\n<div class=\"wp-block-columns is-layout-flex wp-container-core-columns-is-layout-28f84493 wp-block-columns-is-layout-flex\">\n<div class=\"wp-block-column is-vertically-aligned-center is-layout-flow wp-block-column-is-layout-flow\">\n<figure class=\"wp-block-image alignleft size-large is-resized is-style-rounded\"><img loading=\"lazy\" decoding=\"async\" width=\"1024\" height=\"744\" src=\"https:\/\/intercel.eu\/\/app\/uploads\/2025\/11\/Beveiliging-1024x744.jpg\" alt=\"\" class=\"wp-image-10181\" style=\"width:auto;height:400px\" srcset=\"https:\/\/intercel.eu\/\/app\/uploads\/2025\/11\/Beveiliging-1024x744.jpg 1024w, https:\/\/intercel.eu\/\/app\/uploads\/2025\/11\/Beveiliging-300x218.jpg 300w, https:\/\/intercel.eu\/\/app\/uploads\/2025\/11\/Beveiliging-768x558.jpg 768w, https:\/\/intercel.eu\/\/app\/uploads\/2025\/11\/Beveiliging-1536x1116.jpg 1536w, https:\/\/intercel.eu\/\/app\/uploads\/2025\/11\/Beveiliging-50x36.jpg 50w, https:\/\/intercel.eu\/\/app\/uploads\/2025\/11\/Beveiliging-1600x1163.jpg 1600w, https:\/\/intercel.eu\/\/app\/uploads\/2025\/11\/Beveiliging-241x175.jpg 241w, https:\/\/intercel.eu\/\/app\/uploads\/2025\/11\/Beveiliging-600x436.jpg 600w, https:\/\/intercel.eu\/\/app\/uploads\/2025\/11\/Beveiliging.jpg 1804w\" sizes=\"auto, (max-width: 1024px) 100vw, 1024px\" \/><\/figure>\n<\/div>\n\n\n\n<div class=\"wp-block-column is-vertically-aligned-center is-layout-flow wp-block-column-is-layout-flow\">\n<h2 class=\"wp-block-heading\">Ersatzbatteriesysteme<\/h2>\n\n\n\n<p>Im Falle eines Stromausfalls versorgen Batterien wichtige Ger\u00e4te mit der ben\u00f6tigten Energie. Deshalb ist es sehr wichtig, die Batterien ordnungsgem\u00e4\u00df zu warten und bei Bedarf zu ersetzen. Wenn Batterien gewechselt werden m\u00fcssen, ist der Schl\u00fcssel, die richtige Batterie auszuw\u00e4hlen. Backup-Batterien m\u00fcssen hohe Qualit\u00e4tsstandards erf\u00fcllen und bei Bedarf eine hohe Spitzenleistung liefern. Wir k\u00f6nnen einen 1-zu-1-Austausch durchf\u00fchren, aber auch das aktuelle Batteriesystem so anpassen, dass es wieder konform ist. Unsere Experten freuen sich, mit Ihnen zu denken und Ihnen zu helfen, die richtige Entscheidung zu treffen.     <\/p>\n\n\n\n<div class=\"wp-block-buttons is-content-justification-left is-layout-flex wp-container-core-buttons-is-layout-fc4fd283 wp-block-buttons-is-layout-flex\">\n<div class=\"wp-block-button\" id=\"contact-form-popup\"><a class=\"wp-block-button__link wp-element-button\" href=\"#contact\">Pers\u00f6nliche Beratung anfordern<\/a><\/div>\n<\/div>\n<\/div>\n<\/div>\n<\/div>\n\n\n\n<div style=\"height:5px\" aria-hidden=\"true\" class=\"wp-block-spacer\"><\/div>\n\n\n\n<div class=\"wp-block-columns is-layout-flex wp-container-core-columns-is-layout-28f84493 wp-block-columns-is-layout-flex\">\n<div class=\"wp-block-column is-vertically-aligned-center is-layout-flow wp-block-column-is-layout-flow\">\n<h2 class=\"wp-block-heading\">Standby-Batterie\u00fcberwachung<\/h2>\n\n\n\n<ul class=\"wp-block-list\">\n<li>Kontinuierliche \u00dcberwachung<\/li>\n\n\n\n<li>Maximale Lebensdauer<\/li>\n\n\n\n<li>Zeitnahe Benachrichtigungen<\/li>\n<\/ul>\n\n\n\n<p>Die Lebensdauer von Batterien h\u00e4ngt von mehreren Faktoren ab. Sie nimmt ab, weil man nicht l\u00e4dt, \u00fcberl\u00e4dt, tief entladen, schnell entladen und die Umgebungstemperaturen hoch ist. Ein Batteriemonitor verfolgt den Status Ihres Akkus, sodass Sie die richtigen Ma\u00dfnahmen ergreifen k\u00f6nnen, um die Lebensdauer zu verl\u00e4ngern.  <\/p>\n\n\n\n<div style=\"height:5px\" aria-hidden=\"true\" class=\"wp-block-spacer\"><\/div>\n\n\n\n<h2 class=\"wp-block-heading\">Instandhaltung  <\/h2>\n\n\n\n<p>Von Produktauswahl und Systemdesign bis hin zu Wartung und Austausch unterst\u00fctzt Sie Intercel w\u00e4hrend des gesamten Lebenszyklus Ihrer Standby-Backup-Installation. Unser Fokus auf Qualit\u00e4t, Verf\u00fcgbarkeit, Nachhaltigkeit und Sicherheit sorgt daf\u00fcr, dass Ihr System genau dann funktioniert, wenn es darauf ankommt.<br\/>Einige L\u00f6sungen, wie das REVO 3.0 LFP-System, sind wartungsfrei. F\u00fcr alle unsere Systeme bieten wir exzellente Wartung und Service.  <\/p>\n\n\n\n<div class=\"wp-block-buttons is-layout-flex wp-block-buttons-is-layout-flex\">\n<div class=\"wp-block-button is-style-fill\"><a class=\"wp-block-button__link wp-element-button\" href=\"https:\/\/intercel.eu\/de\/uber-intercel\/nachhaltigkeit-2\/\">Sehen Sie sich den Service an, den wir anbieten<\/a><\/div>\n<\/div>\n<\/div>\n\n\n\n<div class=\"wp-block-column is-vertically-aligned-center is-layout-flow wp-block-column-is-layout-flow\">\n<figure class=\"wp-block-image alignright size-full is-resized is-style-rounded\"><img loading=\"lazy\" decoding=\"async\" width=\"536\" height=\"362\" src=\"https:\/\/intercel.eu\/\/app\/uploads\/2025\/11\/Main-datacentre-536x362-1.jpg\" alt=\"Rechenzentrum mit Notstromsystemen\" class=\"wp-image-11752\" style=\"width:592px;height:auto\" srcset=\"https:\/\/intercel.eu\/\/app\/uploads\/2025\/11\/Main-datacentre-536x362-1.jpg 536w, https:\/\/intercel.eu\/\/app\/uploads\/2025\/11\/Main-datacentre-536x362-1-300x203.jpg 300w, https:\/\/intercel.eu\/\/app\/uploads\/2025\/11\/Main-datacentre-536x362-1-50x34.jpg 50w, https:\/\/intercel.eu\/\/app\/uploads\/2025\/11\/Main-datacentre-536x362-1-259x175.jpg 259w\" sizes=\"auto, (max-width: 536px) 100vw, 536px\" \/><\/figure>\n<\/div>\n<\/div>\n\n\n\n<div style=\"height:5px\" aria-hidden=\"true\" class=\"wp-block-spacer\"><\/div>\n\n\n\n<div class=\"wp-block-group has-global-padding is-layout-constrained wp-block-group-is-layout-constrained\">\n<div class=\"wp-block-columns alignwide is-layout-flex wp-container-core-columns-is-layout-28f84493 wp-block-columns-is-layout-flex\">\n<div class=\"wp-block-column is-vertically-aligned-center is-layout-flow wp-block-column-is-layout-flow\">\n<h2 class=\"wp-block-heading\">Notbatterien und Zubeh\u00f6r<\/h2>\n\n\n\n<ul class=\"wp-block-list\">\n<li>Serien mit \u00fcber 10 Batterien<\/li>\n\n\n\n<li>AGM, Gel, Lithium und Blei-Kohlenstoff<\/li>\n\n\n\n<li>Komplett mit Ladeger\u00e4ten und Zubeh\u00f6r<\/li>\n<\/ul>\n<\/div>\n\n\n\n<div class=\"wp-block-column is-vertically-aligned-center is-layout-flow wp-block-column-is-layout-flow\">\n<p>Lange Lebensdauer, Energiedichte, effektives Laden und Entladen sowie optimale Sicherheit: In der Batterie, die Sie ben\u00f6tigen, kommt alles zusammen. Mit einer einzigartigen Auswahl von \u00fcber 10 Batterieserien mit AGM-Batterien, Gel-Batterien, Blei-Kohlenstoff- und Lithiumbatterien finden Sie immer die richtige Batterie f\u00fcr Ihre Anwendung. Gerne informieren wir Sie \u00fcber die M\u00f6glichkeiten. M\u00f6chten Sie lieber selbst suchen? Unser gesamtes Sortiment an Batterien und Zubeh\u00f6r ist in einer schnell durchsuchbaren \u00dcbersicht aufgef\u00fchrt.    <\/p>\n<\/div>\n<\/div>\n\n\n\n<div class=\"wp-block-columns alignwide is-style-indrukwekkend-kolommen is-layout-flex wp-container-core-columns-is-layout-28f84493 wp-block-columns-is-layout-flex\">\n<div class=\"wp-block-column is-vertically-aligned-stretch is-style-indrukwekkend-afgerond has-horizontal-grey-to-dark-grey-gradient-background has-background is-layout-flow wp-block-column-is-layout-flow\">\n<figure class=\"wp-block-image aligncenter size-full is-resized is-style-default\"><img decoding=\"async\" src=\"https:\/\/intercel.eu\/app\/uploads\/sites\/3\/2024\/09\/Intercell-iconen-04.png\" alt=\"\" class=\"wp-image-21701\" style=\"width:auto;height:120px\"\/><\/figure>\n\n\n\n<h3 class=\"wp-block-heading has-contrast-color has-wit-background-color has-text-color has-background has-link-color has-medium-font-size wp-elements-0c71b022c4d3861b09c190c972a86ff9\" style=\"margin-top:0;margin-right:0;margin-bottom:0;margin-left:0;padding-top:var(--wp--preset--spacing--20);padding-right:var(--wp--preset--spacing--20);padding-bottom:var(--wp--preset--spacing--20);padding-left:var(--wp--preset--spacing--20)\"><a href=\"https:\/\/intercel.eu\/de\/standby\/batterien\/\" data-type=\"page\" data-id=\"18105\">Batteries<\/a><\/h3>\n<\/div>\n\n\n\n<div class=\"wp-block-column is-vertically-aligned-stretch is-style-indrukwekkend-afgerond has-horizontal-grey-to-dark-grey-gradient-background has-background is-layout-flow wp-block-column-is-layout-flow\">\n<figure class=\"wp-block-image aligncenter size-full is-resized is-style-default\"><img decoding=\"async\" src=\"https:\/\/intercel.eu\/app\/uploads\/sites\/3\/2024\/09\/Intercell-iconen-05.png\" alt=\"\" class=\"wp-image-21704\" style=\"width:auto;height:120px\"\/><\/figure>\n\n\n\n<h3 class=\"wp-block-heading has-contrast-color has-wit-background-color has-text-color has-background has-link-color has-medium-font-size wp-elements-2cb418aa4453a0b8b1f0bc3a79d2959d\" style=\"margin-top:0;margin-right:0;margin-bottom:0;margin-left:0;padding-top:var(--wp--preset--spacing--20);padding-right:var(--wp--preset--spacing--20);padding-bottom:var(--wp--preset--spacing--20);padding-left:var(--wp--preset--spacing--20)\"><a href=\"https:\/\/intercel.eu\/de\/standby\/dc-usv\/\" data-type=\"link\" data-id=\"https:\/\/intercel.eu\/standby\/dc-ups\/\">DC-USV<\/a><\/h3>\n<\/div>\n\n\n\n<div class=\"wp-block-column is-vertically-aligned-stretch is-style-indrukwekkend-afgerond has-horizontal-grey-to-dark-grey-gradient-background has-background is-layout-flow wp-block-column-is-layout-flow\">\n<figure class=\"wp-block-image aligncenter size-full is-resized is-style-default\"><img decoding=\"async\" src=\"https:\/\/intercel.eu\/app\/uploads\/sites\/3\/2024\/09\/intercel-omvormer@4x1.png\" alt=\"\" class=\"wp-image-23767\" style=\"width:auto;height:120px\"\/><\/figure>\n\n\n\n<h3 class=\"wp-block-heading has-contrast-color has-wit-background-color has-text-color has-background has-link-color has-medium-font-size wp-elements-7b87f885ff34cc98c53a6812b1a0e34a\" style=\"margin-top:0;margin-right:0;margin-bottom:0;margin-left:0;padding-top:var(--wp--preset--spacing--20);padding-right:var(--wp--preset--spacing--20);padding-bottom:var(--wp--preset--spacing--20);padding-left:var(--wp--preset--spacing--20)\"><a href=\"https:\/\/intercel.eu\/de\/standby\/wechselrichter\/\" data-type=\"page\" data-id=\"18115\">Konverter<\/a><\/h3>\n<\/div>\n\n\n\n<div class=\"wp-block-column is-vertically-aligned-stretch is-style-indrukwekkend-afgerond has-horizontal-grey-to-dark-grey-gradient-background has-background is-layout-flow wp-block-column-is-layout-flow\">\n<figure class=\"wp-block-image aligncenter size-full is-resized is-style-default\"><img loading=\"lazy\" decoding=\"async\" width=\"512\" height=\"512\" src=\"https:\/\/intercel.eu\/\/app\/uploads\/2025\/12\/audio-jack.png\" alt=\"\" class=\"wp-image-13768\" style=\"width:auto;height:120px\" srcset=\"https:\/\/intercel.eu\/\/app\/uploads\/2025\/12\/audio-jack.png 512w, https:\/\/intercel.eu\/\/app\/uploads\/2025\/12\/audio-jack-300x300.png 300w, https:\/\/intercel.eu\/\/app\/uploads\/2025\/12\/audio-jack-150x150.png 150w, https:\/\/intercel.eu\/\/app\/uploads\/2025\/12\/audio-jack-50x50.png 50w, https:\/\/intercel.eu\/\/app\/uploads\/2025\/12\/audio-jack-450x450.png 450w, https:\/\/intercel.eu\/\/app\/uploads\/2025\/12\/audio-jack-250x250.png 250w, https:\/\/intercel.eu\/\/app\/uploads\/2025\/12\/audio-jack-175x175.png 175w, https:\/\/intercel.eu\/\/app\/uploads\/2025\/12\/audio-jack-100x100.png 100w\" sizes=\"auto, (max-width: 512px) 100vw, 512px\" \/><\/figure>\n\n\n\n<h3 class=\"wp-block-heading has-contrast-color has-wit-background-color has-text-color has-background has-link-color has-medium-font-size wp-elements-36b719dac657a3a69afc4a63c519d12d\" style=\"margin-top:0;margin-right:0;margin-bottom:0;margin-left:0;padding-top:var(--wp--preset--spacing--20);padding-right:var(--wp--preset--spacing--20);padding-bottom:var(--wp--preset--spacing--20);padding-left:var(--wp--preset--spacing--20)\"><a href=\"https:\/\/intercel.eu\/de\/standby\/verbinder\/\" data-type=\"page\" data-id=\"18110\">Verbinder<\/a><\/h3>\n<\/div>\n\n\n\n<div class=\"wp-block-column is-vertically-aligned-stretch is-style-indrukwekkend-afgerond has-horizontal-grey-to-dark-grey-gradient-background has-background is-layout-flow wp-block-column-is-layout-flow\">\n<figure class=\"wp-block-image aligncenter size-full is-resized is-style-default\"><img decoding=\"async\" src=\"https:\/\/intercel.eu\/app\/uploads\/sites\/3\/2024\/09\/magnifying-glass.png\" alt=\"\" class=\"wp-image-21861\" style=\"width:auto;height:120px\"\/><\/figure>\n\n\n\n<h3 class=\"wp-block-heading has-contrast-color has-wit-background-color has-text-color has-background has-link-color has-medium-font-size wp-elements-9ee2cede2d0bcbfd2dd4f37675f311e4\" style=\"margin-top:0;margin-right:0;margin-bottom:0;margin-left:0;padding-top:var(--wp--preset--spacing--20);padding-right:var(--wp--preset--spacing--20);padding-bottom:var(--wp--preset--spacing--20);padding-left:var(--wp--preset--spacing--20)\"><a href=\"https:\/\/intercel.eu\/de\/standby\/testausruestung\/\" data-type=\"page\" data-id=\"18122\">Testger\u00e4te<\/a><\/h3>\n<\/div>\n<\/div>\n<\/div>\n\n\n\n<div style=\"height:5px\" aria-hidden=\"true\" class=\"wp-block-spacer\"><\/div>\n\n\n\n<div class=\"wp-block-group alignwide is-style-indrukwekkend-afgerond has-wit-color has-vertical-bright-red-to-darker-gradient-background has-text-color has-background has-link-color wp-elements-678fe6990d9d2b67ec5af12f77ca52cb has-global-padding is-layout-constrained wp-container-core-group-is-layout-72190d31 wp-block-group-is-layout-constrained\" id=\"contact\" style=\"margin-top:0;margin-bottom:0;padding-top:0;padding-right:0;padding-bottom:0;padding-left:0\"><\/div>\n\n\n\n<div style=\"height:5px\" aria-hidden=\"true\" class=\"wp-block-spacer\"><\/div>\n\n\n\n<div class=\"wp-block-group alignwide has-global-padding is-layout-constrained wp-container-core-group-is-layout-19e250f3 wp-block-group-is-layout-constrained\">\n<div style=\"height:13px\" aria-hidden=\"true\" class=\"wp-block-spacer\"><\/div>\n\n\n\n<div class=\"wp-block-group has-global-padding is-layout-constrained wp-block-group-is-layout-constrained\">\n<div class=\"wp-block-columns alignwide are-vertically-aligned-center is-layout-flex wp-container-core-columns-is-layout-28f84493 wp-block-columns-is-layout-flex\">\n<div class=\"wp-block-column is-vertically-aligned-center is-layout-flow wp-block-column-is-layout-flow\" style=\"flex-basis:50%\">\n<h2 class=\"wp-block-heading\">Brauchen Sie Akkus f\u00fcr ein Notstromnetz?<\/h2>\n<\/div>\n\n\n\n<div class=\"wp-block-column is-vertically-aligned-center is-layout-flow wp-block-column-is-layout-flow\" style=\"flex-basis:50%\">\n<p>Wir helfen Ihnen gerne, die richtigen Batterien f\u00fcr Ihr Notstromversorgungssystem zu finden. Bitte f\u00fcllen Sie das untenstehende Kontaktformular aus, und wir werden Sie so bald wie m\u00f6glich kontaktieren, um Ihre Bed\u00fcrfnisse zu besprechen. <\/p>\n<\/div>\n<\/div>\n<\/div>\n<\/div>\n\n\n\n<div style=\"height:5px\" aria-hidden=\"true\" class=\"wp-block-spacer\"><\/div>\n\n\n\n<div class=\"wp-block-columns has-horizontal-dark-grey-to-grey-gradient-background has-background is-layout-flex wp-container-core-columns-is-layout-a5331a9e wp-block-columns-is-layout-flex\" style=\"border-top-left-radius:35px;border-top-right-radius:32px;border-bottom-left-radius:35px;border-bottom-right-radius:32px;padding-top:0;padding-right:0;padding-bottom:0;padding-left:0;box-shadow:var(--wp--preset--shadow--natural)\">\n<div class=\"wp-block-column is-vertically-aligned-stretch is-layout-flow wp-block-column-is-layout-flow\" style=\"flex-basis:33.33%\">\n<div class=\"wp-block-group is-style-default has-global-padding is-layout-constrained wp-container-core-group-is-layout-72d38984 wp-block-group-is-layout-constrained has-background\" style=\"border-top-left-radius:25px;border-bottom-left-radius:25px;min-height:100%;margin-top:0;margin-bottom:0;padding-top:0;padding-right:0;padding-bottom:0;padding-left:0;background-image:url(&apos;https:\/\/intercel.eu\/\/app\/uploads\/2025\/11\/Battery-project-in-mind.png&apos;);background-position:59% 32%;background-size:cover;\">\n<div style=\"height:200px\" aria-hidden=\"true\" class=\"wp-block-spacer\"><\/div>\n<\/div>\n<\/div>\n\n\n\n<div class=\"wp-block-column is-vertically-aligned-center has-global-padding is-layout-constrained wp-block-column-is-layout-constrained\" style=\"flex-basis:66.66%\">\n<div class=\"wp-block-group has-global-padding is-layout-constrained wp-container-core-group-is-layout-85182686 wp-block-group-is-layout-constrained\" style=\"padding-top:var(--wp--preset--spacing--30);padding-right:var(--wp--preset--spacing--70);padding-bottom:var(--wp--preset--spacing--30);padding-left:var(--wp--preset--spacing--10)\">\n<h2 class=\"wp-block-heading has-wit-color has-text-color has-link-color wp-elements-8f8cbb9d1f928b5ad1cbb5f7458363f6\">Haben du ein Projekt im Sinn?<\/h2>\n\n\n\n<p class=\"has-bijna-wit-color has-text-color has-link-color wp-elements-5bb223514d3ec5fbe1df100e44febb76\">Von unseren eigenen Premium-Marken bis hin zu f\u00fchrenden A-Marken bieten wir eine komplette Palette hochwertiger Batterien und Energiesysteme. Immer ausgew\u00e4hlt, um Zuverl\u00e4ssigkeit, Leistung und eine perfekte Passform f\u00fcr dein Projekt zu gew\u00e4hrleisten. <\/p>\n\n\n\n<div class=\"wp-block-buttons alignfull is-horizontal is-content-justification-left is-layout-flex wp-container-core-buttons-is-layout-036cb0ab wp-block-buttons-is-layout-flex\">\n<div class=\"wp-block-button is-style-arrow-white\" id=\"contact-form-popup\"><a class=\"wp-block-button__link has-text-align-center wp-element-button\" href=\"https:\/\/intercel.eu\/de\/kontakt\/\">Sprechen Sie mit unseren Experten<\/a><\/div>\n<\/div>\n<\/div>\n<\/div>\n<\/div>\n\n\n\n<div style=\"height:41px\" aria-hidden=\"true\" class=\"wp-block-spacer\"><\/div>\n\n\n\n<div class=\"wp-block-columns is-not-stacked-on-mobile has-vertical-grey-to-white-gradient-background has-background is-layout-flex wp-container-core-columns-is-layout-a5331a9e wp-block-columns-is-layout-flex\" style=\"border-top-left-radius:25px;border-top-right-radius:25px;border-bottom-left-radius:25px;border-bottom-right-radius:25px;padding-top:0;padding-right:0;padding-bottom:0;padding-left:0;box-shadow:var(--wp--preset--shadow--natural)\">\n<div class=\"wp-block-column is-vertically-aligned-center is-layout-flow wp-block-column-is-layout-flow\">\n<div class=\"wp-block-group has-global-padding is-layout-constrained wp-container-core-group-is-layout-52009084 wp-block-group-is-layout-constrained\" style=\"padding-top:var(--wp--preset--spacing--40);padding-right:var(--wp--preset--spacing--40);padding-bottom:var(--wp--preset--spacing--40);padding-left:var(--wp--preset--spacing--40)\">\n<h2 class=\"wp-block-heading has-contrast-color has-text-color has-link-color has-x-large-font-size wp-elements-42aaf3397b600dfc7e6783e2d48713f2\">Bleib mit <em>The Current<\/em> aktiv<\/h2>\n\n\n\n<p class=\"has-contrast-color has-text-color has-link-color wp-elements-70a65d2b9c4980d02f1ed88b4eac3bb0\">Abonnieren Sie unser digitales Journal <em>The Current<\/em> und bleiben Sie informiert \u00fcber die neuesten Batterieinnovationen, Veranstaltungen, Marktentwicklungen und Praxisbeispiele.<\/p>\n\n\n\n<div class=\"wp-block-buttons is-content-justification-left is-layout-flex wp-container-core-buttons-is-layout-fc4fd283 wp-block-buttons-is-layout-flex\">\n<div class=\"wp-block-button is-style-arrow\"><a class=\"wp-block-button__link has-text-align-center wp-element-button\" href=\"https:\/\/mailchi.mp\/420996ce8b06\/subscribe-to-the-current\" target=\"_blank\" rel=\"noopener\">Abonnieren<\/a><\/div>\n<\/div>\n<\/div>\n<\/div>\n\n\n\n<div class=\"wp-block-column is-vertically-aligned-center is-style-default is-layout-flow wp-container-core-column-is-layout-f8561097 wp-block-column-is-layout-flow\" style=\"border-radius:25px;padding-top:0;padding-right:0;padding-bottom:0;padding-left:0;flex-basis:33.33%\">\n<div class=\"wp-block-group has-global-padding is-layout-constrained wp-block-group-is-layout-constrained has-background\" style=\"border-top-right-radius:25px;border-bottom-right-radius:25px;background-image:url(&apos;https:\/\/intercel.eu\/\/app\/uploads\/2025\/11\/The-Current-newspaper-1.png&apos;);background-position:20% 70%;background-size:cover;background-attachment:scroll;\">\n<div style=\"height:280px\" aria-hidden=\"true\" class=\"wp-block-spacer\"><\/div>\n<\/div>\n<\/div>\n<\/div>\n\n\n\n<div style=\"height:41px\" aria-hidden=\"true\" class=\"wp-block-spacer\"><\/div>\n<\/div>\n","protected":false},"excerpt":{"rendered":"<p>Der Kern einer Standby-Notstromversorgung Das Herzst\u00fcck jedes Notstromversorgungssystems sind die Batterien. Daher ist das Notstromsystem nur so zuverl\u00e4ssig wie die Qualit\u00e4t der Batterie. Intercel ist auf Backup-Batterien spezialisiert. Sie k\u00f6nnen zu uns kommen, um ein individuelles Batteriesystem, eine Installation und einen Austausch zu erhalten. Auch f\u00fcr Wartung und Bau eines Standby-Batteriesystems sind Sie bei Intercel &hellip; <a href=\"https:\/\/intercel.eu\/de\/standby\/standby-notstrom\/\">Fortgesetzt<\/a><\/p>\n","protected":false},"author":20,"featured_media":7345,"parent":18618,"menu_order":0,"comment_status":"closed","ping_status":"open","template":"","meta":{"footnotes":""},"class_list":["post-12086","page","type-page","status-publish","has-post-thumbnail","hentry"],"acf":[],"_links":{"self":[{"href":"https:\/\/intercel.eu\/de\/wp-json\/wp\/v2\/pages\/12086","targetHints":{"allow":["GET"]}}],"collection":[{"href":"https:\/\/intercel.eu\/de\/wp-json\/wp\/v2\/pages"}],"about":[{"href":"https:\/\/intercel.eu\/de\/wp-json\/wp\/v2\/types\/page"}],"author":[{"embeddable":true,"href":"https:\/\/intercel.eu\/de\/wp-json\/wp\/v2\/users\/20"}],"replies":[{"embeddable":true,"href":"https:\/\/intercel.eu\/de\/wp-json\/wp\/v2\/comments?post=12086"}],"version-history":[{"count":6,"href":"https:\/\/intercel.eu\/de\/wp-json\/wp\/v2\/pages\/12086\/revisions"}],"predecessor-version":[{"id":19041,"href":"https:\/\/intercel.eu\/de\/wp-json\/wp\/v2\/pages\/12086\/revisions\/19041"}],"up":[{"embeddable":true,"href":"https:\/\/intercel.eu\/de\/wp-json\/wp\/v2\/pages\/18618"}],"wp:featuredmedia":[{"embeddable":true,"href":"https:\/\/intercel.eu\/de\/wp-json\/wp\/v2\/media\/7345"}],"wp:attachment":[{"href":"https:\/\/intercel.eu\/de\/wp-json\/wp\/v2\/media?parent=12086"}],"curies":[{"name":"wp","href":"https:\/\/api.w.org\/{rel}","templated":true}]}}