{"id":17802,"date":"2025-12-05T13:36:20","date_gmt":"2025-12-05T12:36:20","guid":{"rendered":"https:\/\/intercel.eu\/?page_id=17802"},"modified":"2026-01-30T15:59:50","modified_gmt":"2026-01-30T14:59:50","slug":"batteriebewaesserungssystem","status":"publish","type":"page","link":"https:\/\/intercel.eu\/de\/motiv\/batteriebewaesserungssystem\/","title":{"rendered":"Batterie-Bef\u00fcllsystem"},"content":{"rendered":"\n<div class=\"wp-block-group alignfull has-midden-grijs-background-color has-background has-global-padding is-layout-constrained wp-container-core-group-is-layout-95730b41 wp-block-group-is-layout-constrained\" style=\"padding-top:0;padding-bottom:0\">\n<div class=\"wp-block-columns alignwide are-vertically-aligned-center is-layout-flex wp-container-core-columns-is-layout-7abde1fe wp-block-columns-is-layout-flex\" style=\"padding-top:var(--wp--preset--spacing--40);padding-bottom:var(--wp--preset--spacing--40)\">\n<div class=\"wp-block-column is-vertically-aligned-center is-layout-flow wp-block-column-is-layout-flow\" style=\"flex-basis:25%\"><h1 class=\"has-link-color wp-elements-9c03a8e99b7476115ed900d759546607 wp-block-post-title has-text-color has-wit-color\">Batterie-Bef\u00fcllsystem<\/h1><\/div>\n\n\n\n<div class=\"wp-block-column is-vertically-aligned-center is-layout-flow wp-block-column-is-layout-flow\" style=\"flex-basis:40%\">\n<p class=\"has-wit-color has-text-color has-link-color wp-elements-7521f1f1ef34bd37f18831fb30d616cc\">Batterie-Bef\u00fcllsysteme tragen dazu bei, den korrekten Elektrolytstand in Blei-S\u00e4ure-Batterien aufrechtzuerhalten, was f\u00fcr einen sicheren und zuverl\u00e4ssigen Betrieb unerl\u00e4sslich ist. Durch die Vereinfachung des Wartungsprozesses und die Reduzierung des Risikos von \u00dcberf\u00fcllung oder Trockenlauf der Zellen verl\u00e4ngern diese Systeme die Lebensdauer der Batterie und verbessern die Gesamtleistung. F\u00fcr Organisationen, die mehrere Standby-Batterien verwalten, sparen automatisierte oder zentralisierte Bef\u00fclll\u00f6sungen Zeit, erh\u00f6hen die Konsistenz und unterst\u00fctzen einen st\u00f6rungsfreien Betrieb.  <\/p>\n<\/div>\n\n\n\n<div class=\"wp-block-column is-vertically-aligned-center is-layout-flow wp-block-column-is-layout-flow\">\n<div class=\"wp-block-buttons is-content-justification-right is-layout-flex wp-container-core-buttons-is-layout-e351d09b wp-block-buttons-is-layout-flex\" style=\"margin-top:0;margin-bottom:0\">\n<div class=\"wp-block-button is-style-arrow\" id=\"contact-form-popup\"><a class=\"wp-block-button__link wp-element-button\" href=\"https:\/\/intercel.eu\/de\/kontakt\/\">Pers\u00f6nliche Beratung<\/a><\/div>\n<\/div>\n\n\n\n<p class=\"has-text-align-right has-wit-color has-text-color has-link-color wp-elements-c9a04d686d5e440047d178682686bcba\" style=\"margin-top:0;margin-bottom:0\"><em>Wir helfen dir, das beste Preis-Leistungs-Verh\u00e4ltnis zu erzielen<\/em><\/p>\n<\/div>\n<\/div>\n<\/div>\n\n<div class=\"wp-block-group has-global-padding is-layout-constrained wp-block-group-is-layout-constrained\">\n<h2 class=\"wp-block-heading\">Technische Einblicke<\/h2>\n\n\n\n<p>Blei-S\u00e4ure-Batterien verlieren w\u00e4hrend des normalen Ladevorgangs Wasser, da Wasserstoff und Sauerstoff aus dem Elektrolyten entweichen. Wenn der Wasserstand zu stark sinkt, kann das aktive Material austrocknen, was die Kapazit\u00e4t reduziert, den Innenwiderstand erh\u00f6ht und die Lebensdauer der Batterie verk\u00fcrzt. Batterie-Bef\u00fcllsysteme verhindern dies, indem sie den korrekten Elektrolytstand in jeder Zelle aufrechterhalten.  <\/p>\n\n\n\n<p>Moderne Systeme verwenden Schwimmventile oder zentralisierte F\u00fcllverteiler, mit denen alle Zellen in einem einzigen kontrollierten Arbeitsgang nachgef\u00fcllt werden k\u00f6nnen. Dies reduziert das Risiko einer \u00dcberf\u00fcllung, minimiert die S\u00e4ureexposition f\u00fcr Techniker und stellt sicher, dass jede Zelle die richtige Menge Wasser erh\u00e4lt. Viele L\u00f6sungen beinhalten Durchflussanzeiger, Flammensperren oder Schnellkupplungen, um die Wartung sicherer und vorhersehbarer zu machen.  <\/p>\n\n\n\n<p>Durch die Standardisierung des Bew\u00e4sserungsprozesses k\u00f6nnen Betreiber die Servicezeit reduzieren, die Zuverl\u00e4ssigkeit erh\u00f6hen und sicherstellen, dass gro\u00dfe Batterieb\u00e4nke w\u00e4hrend ihrer gesamten Betriebsdauer in optimalem Zustand bleiben.<\/p>\n<\/div>\n","protected":false},"excerpt":{"rendered":"<p>Batterie-Bef\u00fcllsysteme tragen dazu bei, den korrekten Elektrolytstand in Blei-S\u00e4ure-Batterien aufrechtzuerhalten, was f\u00fcr einen sicheren und zuverl\u00e4ssigen Betrieb unerl\u00e4sslich ist. Durch die Vereinfachung des Wartungsprozesses und die Reduzierung des Risikos von \u00dcberf\u00fcllung oder Trockenlauf der Zellen verl\u00e4ngern diese Systeme die Lebensdauer der Batterie und verbessern die Gesamtleistung. F\u00fcr Organisationen, die mehrere Standby-Batterien verwalten, sparen automatisierte oder &hellip; <a href=\"https:\/\/intercel.eu\/de\/motiv\/batteriebewaesserungssystem\/\">Fortgesetzt<\/a><\/p>\n","protected":false},"author":1,"featured_media":0,"parent":7211,"menu_order":0,"comment_status":"open","ping_status":"open","template":"page-landing","meta":{"footnotes":""},"class_list":["post-17802","page","type-page","status-publish","hentry"],"acf":[],"_links":{"self":[{"href":"https:\/\/intercel.eu\/de\/wp-json\/wp\/v2\/pages\/17802","targetHints":{"allow":["GET"]}}],"collection":[{"href":"https:\/\/intercel.eu\/de\/wp-json\/wp\/v2\/pages"}],"about":[{"href":"https:\/\/intercel.eu\/de\/wp-json\/wp\/v2\/types\/page"}],"author":[{"embeddable":true,"href":"https:\/\/intercel.eu\/de\/wp-json\/wp\/v2\/users\/1"}],"replies":[{"embeddable":true,"href":"https:\/\/intercel.eu\/de\/wp-json\/wp\/v2\/comments?post=17802"}],"version-history":[{"count":10,"href":"https:\/\/intercel.eu\/de\/wp-json\/wp\/v2\/pages\/17802\/revisions"}],"predecessor-version":[{"id":35068,"href":"https:\/\/intercel.eu\/de\/wp-json\/wp\/v2\/pages\/17802\/revisions\/35068"}],"up":[{"embeddable":true,"href":"https:\/\/intercel.eu\/de\/wp-json\/wp\/v2\/pages\/7211"}],"wp:attachment":[{"href":"https:\/\/intercel.eu\/de\/wp-json\/wp\/v2\/media?parent=17802"}],"curies":[{"name":"wp","href":"https:\/\/api.w.org\/{rel}","templated":true}]}}