{"id":19031,"date":"2025-12-05T14:11:40","date_gmt":"2025-12-05T13:11:40","guid":{"rendered":"https:\/\/intercel.eu\/standby\/verbinder\/"},"modified":"2026-01-30T17:01:46","modified_gmt":"2026-01-30T16:01:46","slug":"verbinder","status":"publish","type":"page","link":"https:\/\/intercel.eu\/de\/standby\/verbinder\/","title":{"rendered":"Verbinder"},"content":{"rendered":"\n<div class=\"wp-block-group alignfull has-midden-grijs-background-color has-background has-global-padding is-layout-constrained wp-container-core-group-is-layout-95730b41 wp-block-group-is-layout-constrained\" style=\"padding-top:0;padding-bottom:0\">\n<div class=\"wp-block-columns alignwide are-vertically-aligned-center is-layout-flex wp-container-core-columns-is-layout-7abde1fe wp-block-columns-is-layout-flex\" style=\"padding-top:var(--wp--preset--spacing--40);padding-bottom:var(--wp--preset--spacing--40)\">\n<div class=\"wp-block-column is-vertically-aligned-center is-layout-flow wp-block-column-is-layout-flow\" style=\"flex-basis:25%\"><h1 class=\"has-link-color wp-elements-9c03a8e99b7476115ed900d759546607 wp-block-post-title has-text-color has-wit-color\">Verbinder<\/h1><\/div>\n\n\n\n<div class=\"wp-block-column is-vertically-aligned-center is-layout-flow wp-block-column-is-layout-flow\" style=\"flex-basis:40%\">\n<p class=\"has-wit-color has-text-color has-link-color wp-elements-ac349c0f111513681992f58350be6158\">Zuverl\u00e4ssige Leistung beginnt mit zuverl\u00e4ssigen Verbindungen. Unsere Steckverbinder gew\u00e4hrleisten eine sichere Schnittstelle mit geringem Widerstand zwischen Batterien, Verkabelung und Leistungselektronik. Dies ist essenziell f\u00fcr die Stabilit\u00e4t jedes Standby-Systems. Sie sind auf Langlebigkeit, sichere Handhabung und hohe Strombelastungen ausgelegt und bieten eine konsistente Leistung sowohl in kritischen als auch in nicht-kritischen Umgebungen.   <\/p>\n<\/div>\n\n\n\n<div class=\"wp-block-column is-vertically-aligned-center is-layout-flow wp-block-column-is-layout-flow\">\n<div class=\"wp-block-buttons is-content-justification-right is-layout-flex wp-container-core-buttons-is-layout-e351d09b wp-block-buttons-is-layout-flex\" style=\"margin-top:0;margin-bottom:0\">\n<div class=\"wp-block-button is-style-arrow\" id=\"contact-form-popup\"><a class=\"wp-block-button__link wp-element-button\" href=\"https:\/\/intercel.eu\/de\/kontakt\/\">Pers\u00f6nliche Beratung<\/a><\/div>\n<\/div>\n\n\n\n<p class=\"has-text-align-right has-wit-color has-text-color has-link-color wp-elements-37e9c8efbdd4cefcf4f8ad73c85ccfbc\" style=\"margin-top:0;margin-bottom:0\"><em>Wir helfen dir, das beste Preis-Leistungs-Verh\u00e4ltnis zu erzielen.<\/em><\/p>\n<\/div>\n<\/div>\n<\/div>\n\n<div class=\"wp-block-group has-global-padding is-layout-constrained wp-block-group-is-layout-constrained\">\n<h2 class=\"wp-block-heading\">Technische Einblicke<\/h2>\n\n\n\n<p>Hochwertige Steckverbinder sind unerl\u00e4sslich, um einen geringen Widerstand aufrechtzuerhalten und unerw\u00fcnschte W\u00e4rmeentwicklung in Standby-Stromversorgungssystemen zu verhindern. Materialien wie versilbertes oder verzinntes Kupfer bieten eine stabile Leitf\u00e4higkeit und reduzieren das Korrosionsrisiko im Laufe der Zeit. Ordnungsgem\u00e4\u00df ausgef\u00fchrte Crimp- oder Kompressionsanschl\u00fcsse gew\u00e4hrleisten eine mechanisch feste und elektrisch zuverl\u00e4ssige Verbindung, die Vibrationen und langen Wartungsintervallen standh\u00e4lt.  <\/p>\n\n\n\n<p>Viele Steckverbindersysteme verf\u00fcgen \u00fcber F\u00fchrungsmerkmale, Verriegelungsmechanismen und kodierte Designs, die ein falsches Zusammenstecken verhindern und eine sichere Handhabung bei Installation oder Wartung unterst\u00fctzen. Strombelastbarkeit, Kontaktwiderstand und Temperaturerh\u00f6hung sind kritische Spezifikationen, die bestimmen, ob ein Steckverbinder f\u00fcr anspruchsvolle USV- und Standby-Umgebungen geeignet ist. Bei korrekter Auswahl und Installation tragen Steckverbinder dazu bei, die Systemeffizienz aufrechtzuerhalten, die Sicherheit zu verbessern und die Lebensdauer von Batterien und Verkabelung zu verl\u00e4ngern.  <\/p>\n<\/div>\n","protected":false},"excerpt":{"rendered":"<p>Zuverl\u00e4ssige Leistung beginnt mit zuverl\u00e4ssigen Verbindungen. Unsere Steckverbinder gew\u00e4hrleisten eine sichere Schnittstelle mit geringem Widerstand zwischen Batterien, Verkabelung und Leistungselektronik. Dies ist essenziell f\u00fcr die Stabilit\u00e4t jedes Standby-Systems. Sie sind auf Langlebigkeit, sichere Handhabung und hohe Strombelastungen ausgelegt und bieten eine konsistente Leistung sowohl in kritischen als auch in nicht-kritischen Umgebungen. Wir helfen dir, das &hellip; <a href=\"https:\/\/intercel.eu\/de\/standby\/verbinder\/\">Fortgesetzt<\/a><\/p>\n","protected":false},"author":1,"featured_media":0,"parent":18618,"menu_order":0,"comment_status":"closed","ping_status":"closed","template":"page-landing","meta":{"footnotes":""},"class_list":["post-19031","page","type-page","status-publish","hentry"],"acf":[],"_links":{"self":[{"href":"https:\/\/intercel.eu\/de\/wp-json\/wp\/v2\/pages\/19031","targetHints":{"allow":["GET"]}}],"collection":[{"href":"https:\/\/intercel.eu\/de\/wp-json\/wp\/v2\/pages"}],"about":[{"href":"https:\/\/intercel.eu\/de\/wp-json\/wp\/v2\/types\/page"}],"author":[{"embeddable":true,"href":"https:\/\/intercel.eu\/de\/wp-json\/wp\/v2\/users\/1"}],"replies":[{"embeddable":true,"href":"https:\/\/intercel.eu\/de\/wp-json\/wp\/v2\/comments?post=19031"}],"version-history":[{"count":7,"href":"https:\/\/intercel.eu\/de\/wp-json\/wp\/v2\/pages\/19031\/revisions"}],"predecessor-version":[{"id":35111,"href":"https:\/\/intercel.eu\/de\/wp-json\/wp\/v2\/pages\/19031\/revisions\/35111"}],"up":[{"embeddable":true,"href":"https:\/\/intercel.eu\/de\/wp-json\/wp\/v2\/pages\/18618"}],"wp:attachment":[{"href":"https:\/\/intercel.eu\/de\/wp-json\/wp\/v2\/media?parent=19031"}],"curies":[{"name":"wp","href":"https:\/\/api.w.org\/{rel}","templated":true}]}}