{"id":19546,"date":"2025-12-09T11:37:06","date_gmt":"2025-12-09T10:37:06","guid":{"rendered":"https:\/\/intercel.eu\/uber-intercel\/schutzmarken\/revo\/"},"modified":"2025-12-10T14:27:08","modified_gmt":"2025-12-10T13:27:08","slug":"revo","status":"publish","type":"page","link":"https:\/\/intercel.eu\/de\/uber-intercel\/marken\/revo\/","title":{"rendered":"REVO"},"content":{"rendered":"\n<div class=\"wp-block-group has-global-padding is-layout-constrained wp-block-group-is-layout-constrained\">\n<div class=\"wp-block-columns is-layout-flex wp-container-core-columns-is-layout-28f84493 wp-block-columns-is-layout-flex\">\n<div class=\"wp-block-column is-layout-flow wp-block-column-is-layout-flow\">\n<h2 class=\"wp-block-heading\">REVO 3.0 TPX600: Der neue Standard f\u00fcr die UPS-Energiespeicherung<\/h2>\n\n\n\n<p>Die Technologie in der Welt der Notstromversorgung entwickelt sich mit blitzschneller Geschwindigkeit. Die neueste Innovation<br \/>In unserem Produktsortiment befindet sich der REVO 3.0 TPX600. Ein innovatives modulares Batteriesystem, das Lithium verwendet<br \/>Batterietechnologie und speziell f\u00fcr USV-Systeme entwickelt in:  <\/p>\n\n\n\n<ul class=\"wp-block-list\">\n<li>Rechenzentren<\/li>\n\n\n\n<li>Finanzinstitute<\/li>\n\n\n\n<li>Telekommunikation<\/li>\n\n\n\n<li>Eisenbahnanwendungen<\/li>\n<\/ul>\n\n\n\n<div style=\"height:5px\" aria-hidden=\"true\" class=\"wp-block-spacer\"><\/div>\n\n\n\n<h2 class=\"wp-block-heading\">Kompakt, leistungsstark und modular<\/h2>\n\n\n\n<p>Mit einer f\u00fcnfmal h\u00f6heren Energiedichte im Vergleich zu herk\u00f6mmlichen Blei-S\u00e4ure-Batterien ist der REVO 3.0 TPX600<br \/>bietet beeindruckende Kapazit\u00e4ten in einem Bruchteil des Raumes. Das macht das System ideal f\u00fcr Organisationen, die sich stellen<br \/>Platzmangel oder solche, die darauf abzielen, die Energiespeicherung innerhalb desselben Grundst\u00fccks zu maximieren. <\/p>\n\n\n\n<div style=\"height:5px\" aria-hidden=\"true\" class=\"wp-block-spacer\"><\/div>\n\n\n\n<h2 class=\"wp-block-heading\">Mehr als nur Backup<\/h2>\n\n\n\n<p>Neben der zuverl\u00e4ssigen Notstromversorgung erm\u00f6glicht dieses System auch:<\/p>\n\n\n\n<ul class=\"wp-block-list\">\n<li>Spitzenablagerung: Absorption von Spitzenspitzen im Strombedarf<\/li>\n\n\n\n<li>Handel auf dem Ungleichgewichtsmarkt: Monetarisierung von \u00dcberschusskapazit\u00e4t<\/li>\n\n\n\n<li>Speicherung erneuerbarer Energien: Maximierung der Nutzung gr\u00fcner Energie<\/li>\n<\/ul>\n\n\n\n<div style=\"height:5px\" aria-hidden=\"true\" class=\"wp-block-spacer\"><\/div>\n\n\n\n<h2 class=\"wp-block-heading\">15 Jahre Zuverl\u00e4ssigkeit<\/h2>\n\n\n\n<p>Im Gegensatz zu herk\u00f6mmlichen Blei-S\u00e4ure-Batterien, die typischerweise 7 bis 8 Jahre halten, sind die<br \/>REVO 3.0 hat eine erwartete <strong>Lebensdauer von bis zu 15 Jahren<\/strong>. Das ist bedeutsam<br \/>senkt die <strong>Gesamtkosten des Besitzes (TCO),<\/strong> trotz eines h\u00f6heren Anfangsbetrags<br \/>Investition. <\/p>\n<\/div>\n\n\n\n<div class=\"wp-block-column is-vertically-aligned-top is-layout-flow wp-block-column-is-layout-flow\">\n<div class=\"wp-block-columns has-horizontal-dark-grey-to-grey-gradient-background has-background is-layout-flex wp-container-core-columns-is-layout-a5331a9e wp-block-columns-is-layout-flex\" style=\"border-top-left-radius:35px;border-top-right-radius:32px;border-bottom-left-radius:35px;border-bottom-right-radius:32px;padding-top:0;padding-right:0;padding-bottom:0;padding-left:0;box-shadow:var(--wp--preset--shadow--natural)\">\n<div class=\"wp-block-column is-vertically-aligned-stretch is-layout-flow wp-block-column-is-layout-flow\" style=\"flex-basis:33.33%\">\n<div class=\"wp-block-group is-style-default has-global-padding is-layout-constrained wp-container-core-group-is-layout-72d38984 wp-block-group-is-layout-constrained has-background\" style=\"border-top-left-radius:25px;border-bottom-left-radius:25px;min-height:100%;margin-top:0;margin-bottom:0;padding-top:0;padding-right:0;padding-bottom:0;padding-left:0;background-image:url(&apos;https:\/\/intercel.eu\/\/app\/uploads\/2025\/11\/Battery-project-in-mind.png&apos;);background-position:59% 35%;background-size:cover;\">\n<div style=\"height:200px\" aria-hidden=\"true\" class=\"wp-block-spacer\"><\/div>\n<\/div>\n<\/div>\n\n\n\n<div class=\"wp-block-column is-vertically-aligned-center is-style-indrukwekkend-afgerond is-layout-flow wp-container-core-column-is-layout-f2c55d9d wp-block-column-is-layout-flow\" style=\"border-style:none;border-width:0px;padding-top:var(--wp--preset--spacing--20);padding-right:var(--wp--preset--spacing--30);padding-bottom:var(--wp--preset--spacing--20);padding-left:var(--wp--preset--spacing--10)\">\n<div class=\"wp-block-group is-layout-flow wp-container-core-group-is-layout-4d399660 wp-block-group-is-layout-flow\" style=\"margin-top:0;margin-bottom:0;padding-top:var(--wp--preset--spacing--50);padding-right:0;padding-bottom:var(--wp--preset--spacing--50);padding-left:0\">\n<h3 class=\"wp-block-heading alignfull has-text-align-left has-wit-color has-text-color has-link-color wp-elements-418088670faaf86341a897d3a60bbc84\">Hast du ein Projekt im Sinn?<\/h3>\n\n\n\n<p class=\"has-bijna-wit-color has-text-color has-link-color wp-elements-8e24c01220f847f4f3dee6769803e006\">Wir helfen Ihnen gerne, die richtige Batteriel\u00f6sung zu finden. Ob f\u00fcr Energiespeicherung, Elektrifizierungsprojekte, Antriebskraft oder Standby- und Backup-Anwendungen. <\/p>\n\n\n\n<div class=\"wp-block-buttons alignfull is-horizontal is-content-justification-left is-layout-flex wp-container-core-buttons-is-layout-036cb0ab wp-block-buttons-is-layout-flex\">\n<div class=\"wp-block-button is-style-arrow\" id=\"contact-form-popup\"><a class=\"wp-block-button__link has-text-align-center wp-element-button\" href=\"https:\/\/intercel.eu\/de\/kontakt\/\">Sprechen Sie mit unseren Experten<\/a><\/div>\n<\/div>\n<\/div>\n<\/div>\n<\/div>\n\n\n\n<div class=\"wp-block-group is-style-indrukwekkend-afgerond has-global-padding is-layout-constrained wp-container-core-group-is-layout-dfac14d7 wp-block-group-is-layout-constrained\" style=\"margin-top:0;margin-bottom:0;padding-top:var(--wp--preset--spacing--50);padding-right:0;padding-bottom:var(--wp--preset--spacing--50);padding-left:0\">\n<div style=\"height:100px\" aria-hidden=\"true\" class=\"wp-block-spacer\"><\/div>\n\n\n\n<figure class=\"wp-block-image aligncenter size-large is-resized is-style-default\"><img loading=\"lazy\" decoding=\"async\" width=\"922\" height=\"1024\" src=\"https:\/\/intercel.eu\/\/app\/uploads\/2025\/11\/revo-3.0-power-1-922x1024.png\" alt=\"REVO 3.0 TPX600: Der neue Standard f&#xFC;r die UPS-Energiespeicherung\" class=\"wp-image-13032\" style=\"width:auto;height:500px\" srcset=\"https:\/\/intercel.eu\/\/app\/uploads\/2025\/11\/revo-3.0-power-1-922x1024.png 922w, https:\/\/intercel.eu\/\/app\/uploads\/2025\/11\/revo-3.0-power-1-270x300.png 270w, https:\/\/intercel.eu\/\/app\/uploads\/2025\/11\/revo-3.0-power-1-768x853.png 768w, https:\/\/intercel.eu\/\/app\/uploads\/2025\/11\/revo-3.0-power-1-1383x1536.png 1383w, https:\/\/intercel.eu\/\/app\/uploads\/2025\/11\/revo-3.0-power-1-1845x2048.png 1845w, https:\/\/intercel.eu\/\/app\/uploads\/2025\/11\/revo-3.0-power-1-50x56.png 50w, https:\/\/intercel.eu\/\/app\/uploads\/2025\/11\/revo-3.0-power-1-1600x1776.png 1600w, https:\/\/intercel.eu\/\/app\/uploads\/2025\/11\/revo-3.0-power-1-158x175.png 158w, https:\/\/intercel.eu\/\/app\/uploads\/2025\/11\/revo-3.0-power-1-600x666.png 600w\" sizes=\"auto, (max-width: 922px) 100vw, 922px\" \/><\/figure>\n<\/div>\n<\/div>\n<\/div>\n\n\n\n<div style=\"height:5px\" aria-hidden=\"true\" class=\"wp-block-spacer\"><\/div>\n\n\n\n<h2 class=\"wp-block-heading\">Blei-S\u00e4ure vs. REVO 3.0 TPX600<\/h2>\n\n\n\n<figure class=\"wp-block-table is-style-stripes\"><table class=\"has-midden-grijs-color has-vertical-white-to-light-grey-gradient-background has-text-color has-background has-link-color has-fixed-layout\" style=\"border-style:none;border-width:0px\"><thead><tr><th>Merkmal<\/th><th>AGM Blei-S\u00e4ure-Batterie<\/th><th>REVO LFP-System  <\/th><\/tr><\/thead><tbody><tr><td>Energiedichte  <\/td><td>Niedrig: ben\u00f6tigt mehr Platz  <\/td><td>Hoch: 5-mal mehr kWh im selben Raum  <\/td><\/tr><tr><td>Zyklen (bei 80 % DoD)  <\/td><td>300\u2013800 Zyklen  <\/td><td>4.000\u201310.000 Zyklen (je nach Chemie und Verwendung)  <\/td><\/tr><tr><td>Lebensdauer  <\/td><td>7\u20138 Jahre  <\/td><td>15 Jahre  <\/td><\/tr><tr><td>Nutzbare Kapazit\u00e4t (DoD)  <\/td><td>Maximal 50\u201360 % empfohlen  <\/td><td>Bis zu 90\u2013100 % nutzbar  <\/td><\/tr><tr><td>Zell\u00fcberwachung und -ausgleich  <\/td><td>Keine individuelle \u00dcberwachung  <\/td><td>Beinhaltet Zell\u00fcberwachung und -balancierung  <\/td><\/tr><tr><td>Sicherheit und Schutz  <\/td><td>Das h\u00e4ngt von den Umweltfaktoren der Charge und der Umwelt ab  <\/td><td>Integrierte Schutzsysteme  <\/td><\/tr><tr><td>\u00dcberwachung und Kontrolle<\/td><td>Keine oder nur Basisstatus  <\/td><td>Echtzeit-Ferndaten (Modbus usw.)  <\/td><\/tr><tr><td>Ladungs-\/Entladungseffizienz  <\/td><td>70\u201385%  <\/td><td>&gt;95 %  <\/td><\/tr><tr><td>Instandhaltung  <\/td><td>Erforderlich  <\/td><td>Wartungsfrei  <\/td><\/tr><tr><td>Betriebstemperatur  <\/td><td>Empfohlene 20\u201325\u00b0C  <\/td><td>Empfohlene 13\u201335\u00b0C  <\/td><\/tr><tr><td>Batteriemanagementsystem  <\/td><td>Nicht integriert  <\/td><td>Integriert  <\/td><\/tr><tr><td>W\u00e4rmemanagement  <\/td><td>Begrenzter Temperaturbereich  <\/td><td>Fl\u00fcssigkeitsgek\u00fchlt<\/td><\/tr><tr><td>Antr\u00e4ge  <\/td><td>Haupts\u00e4chlich Backup- oder einfache USV  <\/td><td>USV, Backup, Peak Shaveing, Speicherung erneuerbarer Energien, Energiehandel, industrielle Anwendungen  <\/td><\/tr><tr><td>Anlagekosten  <\/td><td>\u20ac\u00a0<\/td><td>\u20ac\u20ac\u00a0<\/td><\/tr><tr><td>Eigentumskosten  <\/td><td>\u20ac\u20ac\u00a0<\/td><td>\u20ac\u00a0<\/td><\/tr><\/tbody><\/table><\/figure>\n<\/div>\n","protected":false},"excerpt":{"rendered":"<p>REVO 3.0 TPX600: Der neue Standard f\u00fcr die UPS-Energiespeicherung Die Technologie in der Welt der Notstromversorgung entwickelt sich mit blitzschneller Geschwindigkeit. Die neueste InnovationIn unserem Produktsortiment befindet sich der REVO 3.0 TPX600. Ein innovatives modulares Batteriesystem, das Lithium verwendetBatterietechnologie und speziell f\u00fcr USV-Systeme entwickelt in: Kompakt, leistungsstark und modular Mit einer f\u00fcnfmal h\u00f6heren Energiedichte im &hellip; <a href=\"https:\/\/intercel.eu\/de\/uber-intercel\/marken\/revo\/\">Fortgesetzt<\/a><\/p>\n","protected":false},"author":20,"featured_media":0,"parent":18231,"menu_order":0,"comment_status":"closed","ping_status":"closed","template":"","meta":{"footnotes":""},"class_list":["post-19546","page","type-page","status-publish","hentry"],"acf":[],"_links":{"self":[{"href":"https:\/\/intercel.eu\/de\/wp-json\/wp\/v2\/pages\/19546","targetHints":{"allow":["GET"]}}],"collection":[{"href":"https:\/\/intercel.eu\/de\/wp-json\/wp\/v2\/pages"}],"about":[{"href":"https:\/\/intercel.eu\/de\/wp-json\/wp\/v2\/types\/page"}],"author":[{"embeddable":true,"href":"https:\/\/intercel.eu\/de\/wp-json\/wp\/v2\/users\/20"}],"replies":[{"embeddable":true,"href":"https:\/\/intercel.eu\/de\/wp-json\/wp\/v2\/comments?post=19546"}],"version-history":[{"count":2,"href":"https:\/\/intercel.eu\/de\/wp-json\/wp\/v2\/pages\/19546\/revisions"}],"predecessor-version":[{"id":19553,"href":"https:\/\/intercel.eu\/de\/wp-json\/wp\/v2\/pages\/19546\/revisions\/19553"}],"up":[{"embeddable":true,"href":"https:\/\/intercel.eu\/de\/wp-json\/wp\/v2\/pages\/18231"}],"wp:attachment":[{"href":"https:\/\/intercel.eu\/de\/wp-json\/wp\/v2\/media?parent=19546"}],"curies":[{"name":"wp","href":"https:\/\/api.w.org\/{rel}","templated":true}]}}