{"id":20052,"date":"2025-12-05T14:14:56","date_gmt":"2025-12-05T13:14:56","guid":{"rendered":"https:\/\/intercel.eu\/standby\/testausruestung\/"},"modified":"2026-01-30T17:02:46","modified_gmt":"2026-01-30T16:02:46","slug":"testausruestung","status":"publish","type":"page","link":"https:\/\/intercel.eu\/de\/standby\/testausruestung\/","title":{"rendered":"Testger\u00e4te"},"content":{"rendered":"\n<div class=\"wp-block-group alignfull has-midden-grijs-background-color has-background has-global-padding is-layout-constrained wp-container-core-group-is-layout-95730b41 wp-block-group-is-layout-constrained\" style=\"padding-top:0;padding-bottom:0\">\n<div class=\"wp-block-columns alignwide are-vertically-aligned-center is-layout-flex wp-container-core-columns-is-layout-7abde1fe wp-block-columns-is-layout-flex\" style=\"padding-top:var(--wp--preset--spacing--40);padding-bottom:var(--wp--preset--spacing--40)\">\n<div class=\"wp-block-column is-vertically-aligned-center is-layout-flow wp-block-column-is-layout-flow\" style=\"flex-basis:25%\"><h1 class=\"has-link-color wp-elements-9c03a8e99b7476115ed900d759546607 wp-block-post-title has-text-color has-wit-color\">Testger\u00e4te<\/h1><\/div>\n\n\n\n<div class=\"wp-block-column is-vertically-aligned-center is-layout-flow wp-block-column-is-layout-flow\" style=\"flex-basis:40%\">\n<p class=\"has-wit-color has-text-color has-link-color wp-elements-4474db774519a8d88e57bba080ba7e82\">Genaue Tests sind f\u00fcr die Zuverl\u00e4ssigkeit jedes Notstromsystems unerl\u00e4sslich. Unsere Testger\u00e4te erm\u00f6glichen es du, den Zustand, die Kapazit\u00e4t und die Leistung der Batterie unter realen Betriebsbedingungen zu beurteilen. Mit klaren Diagnosen und zuverl\u00e4ssigen Messungen k\u00f6nnen Sie die Wartung proaktiv planen, die Systembereitschaft \u00fcberpr\u00fcfen und sicherstellen, dass Ihre Notstromversorgung zuverl\u00e4ssig bleibt, wenn es darauf ankommt.  <\/p>\n<\/div>\n\n\n\n<div class=\"wp-block-column is-vertically-aligned-center is-layout-flow wp-block-column-is-layout-flow\">\n<div class=\"wp-block-buttons is-content-justification-right is-layout-flex wp-container-core-buttons-is-layout-e351d09b wp-block-buttons-is-layout-flex\" style=\"margin-top:0;margin-bottom:0\">\n<div class=\"wp-block-button is-style-arrow\" id=\"contact-form-popup\"><a class=\"wp-block-button__link wp-element-button\" href=\"https:\/\/intercel.eu\/de\/kontakt\/\">Pers\u00f6nliche Beratung<\/a><\/div>\n<\/div>\n\n\n\n<p class=\"has-text-align-right has-wit-color has-text-color has-link-color wp-elements-37e9c8efbdd4cefcf4f8ad73c85ccfbc\" style=\"margin-top:0;margin-bottom:0\"><em>Wir helfen dir, das beste Preis-Leistungs-Verh\u00e4ltnis zu erzielen.<\/em><\/p>\n<\/div>\n<\/div>\n<\/div>\n\n<div class=\"wp-block-group has-global-padding is-layout-constrained wp-block-group-is-layout-constrained\">\n<h2 class=\"wp-block-heading\">Technische Einblicke<\/h2>\n\n\n\n<p>Um die Zuverl\u00e4ssigkeit eines Standby-Stromversorgungssystems zu gew\u00e4hrleisten, m\u00fcssen Batterien unter Bedingungen getestet werden, die die tats\u00e4chliche Leistung widerspiegeln. Fortschrittliche Testger\u00e4te erm\u00f6glichen Technikern die Bewertung wichtiger Parameter wie Innenwiderstand, Spannungsstabilit\u00e4t und Entladekapazit\u00e4t. Leitf\u00e4higkeits- und Impedanzmessungen liefern fr\u00fche Hinweise auf Alterung oder Sulfatierung, w\u00e4hrend kontrollierte Lasttests zeigen, wie sich eine Batterie unter realer Leistungsanforderung verh\u00e4lt.  <\/p>\n\n\n\n<p>Durch die Kombination dieser Diagnosemethoden erhalten Betreiber ein vollst\u00e4ndiges Bild \u00fcber die Einsatzbereitschaft des Systems und k\u00f6nnen datengest\u00fctzte Entscheidungen \u00fcber Austausch, Wartungsintervalle und Sicherheitskonformit\u00e4t treffen. Dieses Ma\u00df an Einblick ist entscheidend, um eine unterbrechungsfreie Stromversorgung in kritischen Umgebungen sicherzustellen. <\/p>\n<\/div>\n","protected":false},"excerpt":{"rendered":"<p>Genaue Tests sind f\u00fcr die Zuverl\u00e4ssigkeit jedes Notstromsystems unerl\u00e4sslich. Unsere Testger\u00e4te erm\u00f6glichen es du, den Zustand, die Kapazit\u00e4t und die Leistung der Batterie unter realen Betriebsbedingungen zu beurteilen. Mit klaren Diagnosen und zuverl\u00e4ssigen Messungen k\u00f6nnen Sie die Wartung proaktiv planen, die Systembereitschaft \u00fcberpr\u00fcfen und sicherstellen, dass Ihre Notstromversorgung zuverl\u00e4ssig bleibt, wenn es darauf ankommt. Wir &hellip; <a href=\"https:\/\/intercel.eu\/de\/standby\/testausruestung\/\">Fortgesetzt<\/a><\/p>\n","protected":false},"author":1,"featured_media":0,"parent":18618,"menu_order":0,"comment_status":"closed","ping_status":"closed","template":"page-landing","meta":{"footnotes":""},"class_list":["post-20052","page","type-page","status-publish","hentry"],"acf":[],"_links":{"self":[{"href":"https:\/\/intercel.eu\/de\/wp-json\/wp\/v2\/pages\/20052","targetHints":{"allow":["GET"]}}],"collection":[{"href":"https:\/\/intercel.eu\/de\/wp-json\/wp\/v2\/pages"}],"about":[{"href":"https:\/\/intercel.eu\/de\/wp-json\/wp\/v2\/types\/page"}],"author":[{"embeddable":true,"href":"https:\/\/intercel.eu\/de\/wp-json\/wp\/v2\/users\/1"}],"replies":[{"embeddable":true,"href":"https:\/\/intercel.eu\/de\/wp-json\/wp\/v2\/comments?post=20052"}],"version-history":[{"count":7,"href":"https:\/\/intercel.eu\/de\/wp-json\/wp\/v2\/pages\/20052\/revisions"}],"predecessor-version":[{"id":35115,"href":"https:\/\/intercel.eu\/de\/wp-json\/wp\/v2\/pages\/20052\/revisions\/35115"}],"up":[{"embeddable":true,"href":"https:\/\/intercel.eu\/de\/wp-json\/wp\/v2\/pages\/18618"}],"wp:attachment":[{"href":"https:\/\/intercel.eu\/de\/wp-json\/wp\/v2\/media?parent=20052"}],"curies":[{"name":"wp","href":"https:\/\/api.w.org\/{rel}","templated":true}]}}