{"id":20431,"date":"2025-12-05T14:09:25","date_gmt":"2025-12-05T13:09:25","guid":{"rendered":"https:\/\/intercel.eu\/standby\/dc-usv\/"},"modified":"2026-01-30T17:00:06","modified_gmt":"2026-01-30T16:00:06","slug":"dc-usv","status":"publish","type":"page","link":"https:\/\/intercel.eu\/de\/standby\/dc-usv\/","title":{"rendered":"DC-USV"},"content":{"rendered":"\n<div class=\"wp-block-group alignfull has-midden-grijs-background-color has-background has-global-padding is-layout-constrained wp-container-core-group-is-layout-95730b41 wp-block-group-is-layout-constrained\" style=\"padding-top:0;padding-bottom:0\">\n<div class=\"wp-block-columns alignwide are-vertically-aligned-center is-layout-flex wp-container-core-columns-is-layout-7abde1fe wp-block-columns-is-layout-flex\" style=\"padding-top:var(--wp--preset--spacing--40);padding-bottom:var(--wp--preset--spacing--40)\">\n<div class=\"wp-block-column is-vertically-aligned-center is-layout-flow wp-block-column-is-layout-flow\" style=\"flex-basis:25%\"><h1 class=\"has-link-color wp-elements-9c03a8e99b7476115ed900d759546607 wp-block-post-title has-text-color has-wit-color\">DC-USV<\/h1><\/div>\n\n\n\n<div class=\"wp-block-column is-vertically-aligned-center is-layout-flow wp-block-column-is-layout-flow\" style=\"flex-basis:40%\">\n<p class=\"has-wit-color has-text-color has-link-color wp-elements-c091dd19e7eb10e620624d0e88897bf7\">Eine DC-USV stellt sicher, dass Ihre kritischen DC-Lasten ohne Unterbrechung weiterlaufen, selbst wenn die Hauptstromversorgung ausf\u00e4llt. Im Gegensatz zu traditionellen Backup-Systemen ben\u00f6tigt eine DC-USV kein separates Ladeger\u00e4t: Das Netzteil versorgt kontinuierlich die Last und h\u00e4lt die Batterie geladen. Wenn die Eingangsspannung abf\u00e4llt, schaltet das System sofort auf Batteriestrom \u00fcber seinen eingebauten Wechselrichter oder DC-Wandler um, ohne jegliche Umschaltzeit.  <\/p>\n\n\n\n<p class=\"has-wit-color has-text-color has-link-color wp-elements-c4a7f5716cf42ef05b217764a551b277\">Diese Architektur macht DC-USV-L\u00f6sungen kompakt, hocheffizient und ideal f\u00fcr Anwendungen, bei denen Stabilit\u00e4t und Kontinuit\u00e4t entscheidend sind \u2013 etwa in Schalttafeln, Sicherheitssystemen, Telekommunikationsanlagen und der industriellen Automatisierung.<\/p>\n<\/div>\n\n\n\n<div class=\"wp-block-column is-vertically-aligned-center is-layout-flow wp-block-column-is-layout-flow\">\n<div class=\"wp-block-buttons is-content-justification-right is-layout-flex wp-container-core-buttons-is-layout-e351d09b wp-block-buttons-is-layout-flex\" style=\"margin-top:0;margin-bottom:0\">\n<div class=\"wp-block-button is-style-arrow\" id=\"contact-form-popup\"><a class=\"wp-block-button__link wp-element-button\" href=\"https:\/\/intercel.eu\/de\/kontakt\/\">Pers\u00f6nliche Beratung<\/a><\/div>\n<\/div>\n\n\n\n<p class=\"has-text-align-right has-wit-color has-text-color has-link-color wp-elements-37e9c8efbdd4cefcf4f8ad73c85ccfbc\" style=\"margin-top:0;margin-bottom:0\"><em>Wir helfen dir, das beste Preis-Leistungs-Verh\u00e4ltnis zu erzielen.<\/em><\/p>\n<\/div>\n<\/div>\n<\/div>\n\n<div class=\"wp-block-group alignwide filter-container is-layout-flow wp-block-group-is-layout-flow\" style=\"margin-top:0;margin-bottom:0;padding-top:0\"><div data-block-name=\"woocommerce\/store-notices\" class=\"wc-block-store-notices woocommerce alignwide alignwide wp-block-woocommerce-store-notices\"><div class=\"woocommerce-notices-wrapper\"><\/div><\/div>\n\n\n<div class=\"wp-block-buttons mobile-filter is-layout-flex wp-block-buttons-is-layout-flex\" style=\"margin-top:0;margin-bottom:0\">\n<div class=\"wp-block-button facetwp-flyout-open\"><a class=\"wp-block-button__link has-wit-color has-cta-background-color has-text-color has-background has-link-color wp-element-button\">Filter<\/a><\/div>\n<\/div>\n\n\n\n<div class=\"wp-block-group alignwide has-global-padding is-layout-constrained wp-block-group-is-layout-constrained\" style=\"margin-top:0;margin-bottom:0\">\n<div class=\"wp-block-columns alignwide is-layout-flex wp-container-core-columns-is-layout-6e7d8bb3 wp-block-columns-is-layout-flex\" style=\"margin-top:0;margin-bottom:0\">\n<div class=\"wp-block-column is-style-indrukwekkend-afgerond is-layout-flow wp-block-column-is-layout-flow\" style=\"flex-basis:20%\">\n<div class=\"wp-block-group filter-column is-style-indrukwekkend-afgerond has-wit-color has-horizontal-bright-red-to-darker-gradient-background has-text-color has-background has-link-color wp-elements-451a129ce744294b110be75c4f6f405c has-global-padding is-layout-constrained wp-block-group-is-layout-constrained\">\n<div class=\"wp-block-group filer-brand filtershortcode has-global-padding is-layout-constrained wp-container-core-group-is-layout-7f72c979 wp-block-group-is-layout-constrained\" style=\"margin-top:0;margin-bottom:0;padding-top:0;padding-right:0;padding-bottom:var(--wp--preset--spacing--30);padding-left:0\"><div class=\"facetwp-facet facetwp-facet-brand_new facetwp-type-checkboxes\" data-name=\"brand_new\" data-type=\"checkboxes\"><\/div>\n<\/div>\n\n\n\n<div class=\"wp-block-group filter-kind filtershortcode has-global-padding is-layout-constrained wp-container-core-group-is-layout-7f72c979 wp-block-group-is-layout-constrained\" style=\"margin-top:0;margin-bottom:0;padding-top:0;padding-right:0;padding-bottom:var(--wp--preset--spacing--30);padding-left:0\"><div class=\"facetwp-facet facetwp-facet-kind facetwp-type-checkboxes\" data-name=\"kind\" data-type=\"checkboxes\"><\/div>\n<\/div>\n\n\n\n<div class=\"wp-block-group filter-industries filtershortcode has-global-padding is-layout-constrained wp-container-core-group-is-layout-75432e46 wp-block-group-is-layout-constrained\" style=\"margin-top:0;margin-bottom:0;padding-top:0;padding-right:0;padding-bottom:var(--wp--preset--spacing--30);padding-left:0\"><div class=\"facetwp-facet facetwp-facet-industries facetwp-type-checkboxes\" data-name=\"industries\" data-type=\"checkboxes\"><\/div>\n<\/div>\n\n\n\n<div class=\"wp-block-group filter-length filtershortcode has-global-padding is-layout-constrained wp-container-core-group-is-layout-7f72c979 wp-block-group-is-layout-constrained\" style=\"margin-top:0;margin-bottom:0;padding-top:0;padding-right:0;padding-bottom:var(--wp--preset--spacing--30);padding-left:0\"><div class=\"facetwp-facet facetwp-facet-length facetwp-type-slider\" data-name=\"length\" data-type=\"slider\"><\/div>\n<\/div>\n\n\n\n<div class=\"wp-block-group filter-width filtershortcode has-global-padding is-layout-constrained wp-container-core-group-is-layout-7f72c979 wp-block-group-is-layout-constrained\" style=\"margin-top:0;margin-bottom:0;padding-top:0;padding-right:0;padding-bottom:var(--wp--preset--spacing--30);padding-left:0\"><div class=\"facetwp-facet facetwp-facet-width facetwp-type-slider\" data-name=\"width\" data-type=\"slider\"><\/div>\n<\/div>\n\n\n\n<div class=\"wp-block-group filter-height filtershortcode has-global-padding is-layout-constrained wp-container-core-group-is-layout-7f72c979 wp-block-group-is-layout-constrained\" style=\"margin-top:0;margin-bottom:0;padding-top:0;padding-right:0;padding-bottom:var(--wp--preset--spacing--30);padding-left:0\"><div class=\"facetwp-facet facetwp-facet-height facetwp-type-slider\" data-name=\"height\" data-type=\"slider\"><\/div>\n<\/div>\n\n\n\n<div class=\"wp-block-group filter-voltage filtershortcode has-global-padding is-layout-constrained wp-container-core-group-is-layout-7f72c979 wp-block-group-is-layout-constrained\" style=\"margin-top:0;margin-bottom:0;padding-top:0;padding-right:0;padding-bottom:var(--wp--preset--spacing--30);padding-left:0\"><div class=\"facetwp-facet facetwp-facet-voltage_in_1 facetwp-type-slider\" data-name=\"voltage_in_1\" data-type=\"slider\"><\/div>\n<\/div>\n\n\n\n<div class=\"wp-block-group filter-capaciteit filtershortcode has-global-padding is-layout-constrained wp-container-core-group-is-layout-7f72c979 wp-block-group-is-layout-constrained\" style=\"margin-top:0;margin-bottom:0;padding-top:0;padding-right:0;padding-bottom:var(--wp--preset--spacing--30);padding-left:0\"><div class=\"facetwp-facet facetwp-facet-capacity_ah facetwp-type-slider\" data-name=\"capacity_ah\" data-type=\"slider\"><\/div>\n<\/div>\n\n\n\n<div class=\"wp-block-group filter-serie filtershortcode has-global-padding is-layout-constrained wp-container-core-group-is-layout-7f72c979 wp-block-group-is-layout-constrained\" style=\"margin-top:0;margin-bottom:0;padding-top:0;padding-right:0;padding-bottom:var(--wp--preset--spacing--30);padding-left:0\">\n<\/div>\n<\/div>\n\n\n\n<div class=\"wp-block-group is-style-indrukwekkend-afgerond has-horizontal-grey-to-dark-grey-gradient-background has-background has-global-padding is-layout-constrained wp-container-core-group-is-layout-5c53b157 wp-block-group-is-layout-constrained\" style=\"margin-top:0;margin-bottom:0;padding-top:0;padding-right:0;padding-bottom:0;padding-left:0\">\n<div class=\"wp-block-group is-style-indrukwekkend-rond-schaduw has-vertical-white-to-grey-gradient-background has-background has-global-padding is-layout-constrained wp-container-core-group-is-layout-a35945ca wp-block-group-is-layout-constrained\" style=\"padding-top:var(--wp--preset--spacing--30);padding-right:var(--wp--preset--spacing--30);padding-bottom:var(--wp--preset--spacing--30);padding-left:var(--wp--preset--spacing--30)\">\n<h2 class=\"wp-block-heading has-text-align-left has-donker-grijs-color has-text-color has-link-color wp-elements-0281e0647d7b5e00f93d71e840562fda\">Finden Sie nicht, was Sie ben\u00f6tigen?<\/h2>\n\n\n\n<p class=\"has-text-align-left has-midden-grijs-color has-text-color has-link-color wp-elements-267bbb860f2ddeff1820e1b0041756b1\">Noch nicht alle unsere Produkte sind in unserem Katalog aufgef\u00fchrt. Kontaktieren Sie uns, um herauszufinden, welches Produkt am besten zu Ihren Anforderungen passt. <\/p>\n\n\n\n<div class=\"wp-block-buttons is-content-justification-left is-layout-flex wp-container-core-buttons-is-layout-fc4fd283 wp-block-buttons-is-layout-flex\">\n<div class=\"wp-block-button is-style-arrow\"><a class=\"wp-block-button__link has-text-align-center wp-element-button\" href=\"https:\/\/intercel.eu\/de\/motive-kontakt\/\">Sprechen Sie mit unseren Experten<\/a><\/div>\n<\/div>\n<\/div>\n<\/div>\n<\/div>\n\n\n\n<div class=\"wp-block-column facetwp-template is-layout-flow wp-block-column-is-layout-flow\">\n<div class=\"wp-block-query is-layout-flow wp-block-query-is-layout-flow\"><ul class=\"columns-4 wc-block-product-template facetwp-template wp-block-post-template is-layout-grid wp-container-core-post-template-is-layout-aad3ae65 wp-block-post-template-is-layout-grid\"><li class=\"wp-block-post post-19418 product type-product status-publish has-post-thumbnail product_brand-adelsystems product_brand-als-cbi product_brand-ladegerate product_cat-dc-usv product_kind-agm-de product_kind-gel-de product_kind-lithium-de product_kind-nicd-de product_application-agv-systeme product_application-anhangerbau product_application-aufzuge product_application-autonome-beschilderung product_application-eigenstandige-roboter product_application-elektrischer-rollstuhl product_application-elektrischer-transport product_application-elektrisches-bootfahren product_application-elektrofahrzeuge product_application-elektromobil product_application-evakuierungsanlage product_application-feueralarmsystem product_application-interne-logistik product_application-karosserie product_application-leichtes-elektrofahrzeug product_application-maritim product_application-mobile-kamerasysteme product_application-notbeleuchtung product_application-nutzfahrzeuge product_application-patientenhebung product_application-rehabilitation product_application-reinigung product_application-rgv-system product_application-schrubber product_application-sicherheit product_application-treppenlift product_application-verkehr-infrastruktur product_application-verkehrssysteme product_application-versand product_application-wohnwagen-wohnmobil first instock product-type-simple\">\n\n<div class=\"wp-block-group containerProduct is-style-indrukwekkend-afgerond has-vertical-white-to-light-grey-gradient-background has-background has-global-padding is-content-justification-left is-layout-constrained wp-container-core-group-is-layout-71565178 wp-block-group-is-layout-constrained\" style=\"margin-top:0;margin-bottom:0;padding-top:0;padding-right:0;padding-bottom:0;padding-left:0\"><div data-block-name=\"woocommerce\/product-image\" data-height=\"150px\" data-is-descendent-of-query-loop=\"true\" data-scale=\"contain\" data-show-product-link=\"false\" data-show-sale-badge=\"false\" data-style=\"{&quot;spacing&quot;:{&quot;margin&quot;:{&quot;top&quot;:&quot;0&quot;,&quot;bottom&quot;:&quot;0&quot;,&quot;left&quot;:&quot;0&quot;,&quot;right&quot;:&quot;0&quot;},&quot;padding&quot;:{&quot;top&quot;:&quot;var:preset|spacing|20&quot;,&quot;bottom&quot;:&quot;var:preset|spacing|20&quot;,&quot;left&quot;:&quot;var:preset|spacing|20&quot;,&quot;right&quot;:&quot;var:preset|spacing|20&quot;}}}\" data-width=\"\" style=\"margin-top:0;margin-bottom:0;margin-left:0;margin-right:0; padding-top:var(--wp--preset--spacing--20);padding-bottom:var(--wp--preset--spacing--20);padding-left:var(--wp--preset--spacing--20);padding-right:var(--wp--preset--spacing--20); padding-top:var(--wp--preset--spacing--20);padding-bottom:var(--wp--preset--spacing--20);padding-left:var(--wp--preset--spacing--20);padding-right:var(--wp--preset--spacing--20);margin-top:0;margin-bottom:0;margin-left:0;margin-right:0;\" class=\"wc-block-components-product-image wc-block-grid__product-image wc-block-components-product-image--aspect-ratio-auto wp-block-woocommerce-product-image\"><a href=\"#\" onclick=\"return false;\" style=\"pointer-events: none; cursor: default;\" ><img loading=\"lazy\" decoding=\"async\" width=\"600\" height=\"485\" src=\"https:\/\/intercel.eu\/\/app\/uploads\/2025\/12\/dc-ups-cbi4810a-600x485.png\" class=\"attachment-woocommerce_single size-woocommerce_single\" alt=\"AdelSystems AS CBI 4810A\" data-testid=\"product-image\" data-image-id=\"32925\" style=\"height:150px;object-fit:contain;\" srcset=\"https:\/\/intercel.eu\/\/app\/uploads\/2025\/12\/dc-ups-cbi4810a-600x485.png 600w, https:\/\/intercel.eu\/\/app\/uploads\/2025\/12\/dc-ups-cbi4810a-300x243.png 300w, https:\/\/intercel.eu\/\/app\/uploads\/2025\/12\/dc-ups-cbi4810a-50x40.png 50w, https:\/\/intercel.eu\/\/app\/uploads\/2025\/12\/dc-ups-cbi4810a-216x175.png 216w, https:\/\/intercel.eu\/\/app\/uploads\/2025\/12\/dc-ups-cbi4810a.png 648w\" sizes=\"auto, (max-width: 600px) 100vw, 600px\" \/><div class=\"wc-block-components-product-image__inner-container\"><\/div><\/a><\/div>\n\n<h3 style=\"font-size:1rem;font-style:normal;font-weight:700; padding-right:var(--wp--preset--spacing--20);padding-left:var(--wp--preset--spacing--20);padding-top:var(--wp--preset--spacing--10);padding-bottom:var(--wp--preset--spacing--10);margin-top:0;margin-bottom:0;margin-left:0;margin-right:0;\" class=\"has-text-align-left has-link-color wp-elements-33b671aca5e46e3bafaed0d79130c539 wp-block-post-title has-text-color has-contrast-color\">AdelSystems AS CBI 4810A<\/h3>\n\n\n<!-- wp:group {\"style\":{\"spacing\":{\"margin\":{\"top\":\"0\",\"bottom\":\"0\"}}},\"layout\":{\"type\":\"constrained\"}} -->\n<div class=\"wp-block-group\" style=\"margin-top:0;margin-bottom:0\">\n\n  <!-- wp:list -->\n  <ul class=\"specifications\">\n\n          <!-- wp:list-item -->\n      <li>150 x 115 x 135 mm<\/li>\n      <!-- \/wp:list-item -->\n    \n\n    \n\n          <!-- wp:list-item -->\n      <li>10 Ah<\/li>\n      <!-- \/wp:list-item -->\n    \n\n                            <!-- wp:list-item -->\n          <li>AGM<\/li>\n          <!-- \/wp:list-item -->\n                                <!-- wp:list-item -->\n          <li>Gel<\/li>\n          <!-- \/wp:list-item -->\n                                <!-- wp:list-item -->\n          <li>Lithium<\/li>\n          <!-- \/wp:list-item -->\n                                <!-- wp:list-item -->\n          <li>NiCD<\/li>\n          <!-- \/wp:list-item -->\n                  \n\n          <!-- wp:list-item -->\n      <li>48 V<\/li>\n      <!-- \/wp:list-item -->\n    \n  <\/ul>\n  <!-- \/wp:list -->\n\n<\/div>\n<!-- \/wp:group -->\n\n<a style=\"border-top-left-radius:0px;border-top-right-radius:0px;border-bottom-right-radius:20px;border-bottom-left-radius:20px; padding-top:var(--wp--preset--spacing--20);padding-bottom:var(--wp--preset--spacing--20);padding-left:var(--wp--preset--spacing--20);padding-right:var(--wp--preset--spacing--20);margin-top:0;margin-bottom:0;\" class=\"wp-elements-7b8441924d7f9bcac4436e28db9dfe67 wp-block-read-more has-text-color has-donker-blauw-color has-background has-wit-background-color\" href=\"https:\/\/intercel.eu\/de\/produkt\/adelsystems-as-cbi-4810a\/\" target=\"_self\">Mehr Informationen<span class=\"screen-reader-text\">: AdelSystems AS CBI 4810A<\/span><\/a><\/div>\n\n<\/li><li class=\"wp-block-post post-19416 product type-product status-publish has-post-thumbnail product_brand-adelsystems product_brand-als-cbi product_brand-ladegerate product_cat-dc-usv product_kind-agm-de product_kind-gel-de product_application-agv-systeme product_application-anhangerbau product_application-aufzuge product_application-autonome-beschilderung product_application-eigenstandige-roboter product_application-elektrischer-rollstuhl product_application-elektrischer-transport product_application-elektrisches-bootfahren product_application-elektrofahrzeuge product_application-elektromobil product_application-evakuierungsanlage product_application-feueralarmsystem product_application-interne-logistik product_application-karosserie product_application-leichtes-elektrofahrzeug product_application-maritim product_application-mobile-kamerasysteme product_application-notbeleuchtung product_application-nutzfahrzeuge product_application-patientenhebung product_application-rehabilitation product_application-reinigung product_application-rgv-system product_application-schrubber product_application-sicherheit product_application-treppenlift product_application-verkehr-infrastruktur product_application-verkehrssysteme product_application-versand product_application-wohnwagen-wohnmobil  instock product-type-simple\">\n\n<div class=\"wp-block-group containerProduct is-style-indrukwekkend-afgerond has-vertical-white-to-light-grey-gradient-background has-background has-global-padding is-content-justification-left is-layout-constrained wp-container-core-group-is-layout-71565178 wp-block-group-is-layout-constrained\" style=\"margin-top:0;margin-bottom:0;padding-top:0;padding-right:0;padding-bottom:0;padding-left:0\"><div data-block-name=\"woocommerce\/product-image\" data-height=\"150px\" data-is-descendent-of-query-loop=\"true\" data-scale=\"contain\" data-show-product-link=\"false\" data-show-sale-badge=\"false\" data-style=\"{&quot;spacing&quot;:{&quot;margin&quot;:{&quot;top&quot;:&quot;0&quot;,&quot;bottom&quot;:&quot;0&quot;,&quot;left&quot;:&quot;0&quot;,&quot;right&quot;:&quot;0&quot;},&quot;padding&quot;:{&quot;top&quot;:&quot;var:preset|spacing|20&quot;,&quot;bottom&quot;:&quot;var:preset|spacing|20&quot;,&quot;left&quot;:&quot;var:preset|spacing|20&quot;,&quot;right&quot;:&quot;var:preset|spacing|20&quot;}}}\" data-width=\"\" style=\"margin-top:0;margin-bottom:0;margin-left:0;margin-right:0; padding-top:var(--wp--preset--spacing--20);padding-bottom:var(--wp--preset--spacing--20);padding-left:var(--wp--preset--spacing--20);padding-right:var(--wp--preset--spacing--20); padding-top:var(--wp--preset--spacing--20);padding-bottom:var(--wp--preset--spacing--20);padding-left:var(--wp--preset--spacing--20);padding-right:var(--wp--preset--spacing--20);margin-top:0;margin-bottom:0;margin-left:0;margin-right:0;\" class=\"wc-block-components-product-image wc-block-grid__product-image wc-block-components-product-image--aspect-ratio-auto wp-block-woocommerce-product-image\"><a href=\"#\" onclick=\"return false;\" style=\"pointer-events: none; cursor: default;\" ><img loading=\"lazy\" decoding=\"async\" width=\"594\" height=\"480\" src=\"https:\/\/intercel.eu\/\/app\/uploads\/2025\/10\/dc-ups-cbi2420a_1.png\" class=\"attachment-woocommerce_single size-woocommerce_single\" alt=\"AdelSystems AS CBI 2420 AP\" data-testid=\"product-image\" data-image-id=\"19417\" style=\"height:150px;object-fit:contain;\" srcset=\"https:\/\/intercel.eu\/\/app\/uploads\/2025\/10\/dc-ups-cbi2420a_1.png 594w, https:\/\/intercel.eu\/\/app\/uploads\/2025\/10\/dc-ups-cbi2420a_1-300x242.png 300w, https:\/\/intercel.eu\/\/app\/uploads\/2025\/10\/dc-ups-cbi2420a_1-50x40.png 50w, https:\/\/intercel.eu\/\/app\/uploads\/2025\/10\/dc-ups-cbi2420a_1-217x175.png 217w\" sizes=\"auto, (max-width: 594px) 100vw, 594px\" \/><div class=\"wc-block-components-product-image__inner-container\"><\/div><\/a><\/div>\n\n<h3 style=\"font-size:1rem;font-style:normal;font-weight:700; padding-right:var(--wp--preset--spacing--20);padding-left:var(--wp--preset--spacing--20);padding-top:var(--wp--preset--spacing--10);padding-bottom:var(--wp--preset--spacing--10);margin-top:0;margin-bottom:0;margin-left:0;margin-right:0;\" class=\"has-text-align-left has-link-color wp-elements-33b671aca5e46e3bafaed0d79130c539 wp-block-post-title has-text-color has-contrast-color\">AdelSystems AS CBI 2420 AP<\/h3>\n\n\n<!-- wp:group {\"style\":{\"spacing\":{\"margin\":{\"top\":\"0\",\"bottom\":\"0\"}}},\"layout\":{\"type\":\"constrained\"}} -->\n<div class=\"wp-block-group\" style=\"margin-top:0;margin-bottom:0\">\n\n  <!-- wp:list -->\n  <ul class=\"specifications\">\n\n          <!-- wp:list-item -->\n      <li>150 x 115 x 135 mm<\/li>\n      <!-- \/wp:list-item -->\n    \n\n    \n\n          <!-- wp:list-item -->\n      <li>20 Ah<\/li>\n      <!-- \/wp:list-item -->\n    \n\n                            <!-- wp:list-item -->\n          <li>AGM<\/li>\n          <!-- \/wp:list-item -->\n                                <!-- wp:list-item -->\n          <li>Gel<\/li>\n          <!-- \/wp:list-item -->\n                  \n\n          <!-- wp:list-item -->\n      <li>24 V<\/li>\n      <!-- \/wp:list-item -->\n    \n  <\/ul>\n  <!-- \/wp:list -->\n\n<\/div>\n<!-- \/wp:group -->\n\n<a style=\"border-top-left-radius:0px;border-top-right-radius:0px;border-bottom-right-radius:20px;border-bottom-left-radius:20px; padding-top:var(--wp--preset--spacing--20);padding-bottom:var(--wp--preset--spacing--20);padding-left:var(--wp--preset--spacing--20);padding-right:var(--wp--preset--spacing--20);margin-top:0;margin-bottom:0;\" class=\"wp-elements-7b8441924d7f9bcac4436e28db9dfe67 wp-block-read-more has-text-color has-donker-blauw-color has-background has-wit-background-color\" href=\"https:\/\/intercel.eu\/de\/produkt\/adelsystems-as-cbi-2420-ap\/\" target=\"_self\">Mehr Informationen<span class=\"screen-reader-text\">: AdelSystems AS CBI 2420 AP<\/span><\/a><\/div>\n\n<\/li><\/ul>\n\n<div class=\"facetwp-facet facetwp-facet-paginering facetwp-type-pager\" data-name=\"paginering\" data-type=\"pager\"><\/div>\n\n\n<\/div>\n\n\n\n<div class=\"wp-block-group has-global-padding is-layout-constrained wp-block-group-is-layout-constrained\">\n<h2 class=\"wp-block-heading\">DC-USV<\/h2>\n\n\n\n<p>Eine DC-USV stellt sicher, dass Ihre kritischen DC-Lasten ohne Unterbrechung weiterlaufen, selbst wenn die Hauptstromversorgung ausf\u00e4llt. Im Gegensatz zu traditionellen Backup-Systemen ben\u00f6tigt eine DC-USV kein separates Ladeger\u00e4t: Das Netzteil versorgt kontinuierlich die Last und h\u00e4lt die Batterie geladen. Wenn die Eingangsspannung abf\u00e4llt, schaltet das System sofort auf Batteriestrom \u00fcber seinen eingebauten Wechselrichter oder DC-Wandler um, ohne jegliche Umschaltzeit.  <\/p>\n\n\n\n<p>Diese Architektur macht DC-USV-L\u00f6sungen kompakt, hocheffizient und ideal f\u00fcr Anwendungen, bei denen Stabilit\u00e4t und Kontinuit\u00e4t entscheidend sind \u2013 etwa in Schalttafeln, Sicherheitssystemen, Telekommunikationsanlagen und der industriellen Automatisierung.<\/p>\n\n\n\n<h2 class=\"wp-block-heading\">Technische Einblicke<\/h2>\n\n\n\n<p>Eine DC-USV vereint drei zentrale Funktionen in einem einzigen Ger\u00e4t: ein stabilisiertes DC-Netzteil, ein Batterieladeger\u00e4t und eine automatische Umschaltvorrichtung. Unter normalen Betriebsbedingungen liefert das Netzteil einen konstanten Gleichstromausgang und h\u00e4lt gleichzeitig die Batterie durch Erhaltungsladung auf der richtigen Spannung. Da die Batterie parallel zur Last angeschlossen ist, wird kein Relais oder mechanischer Umschalter ben\u00f6tigt; der \u00dcbergang in den Batteriebetrieb erfolgt elektronisch und ohne Verz\u00f6gerung, sobald die Eingangsspannung unter einen definierten Schwellenwert f\u00e4llt.  <\/p>\n\n\n\n<p>Hochwertige DC-USV-Systeme verf\u00fcgen au\u00dferdem \u00fcber Funktionen wie temperaturkompensiertes Laden, Tiefentladeschutz, Batteriest\u00f6rungs\u00aderkennung und Statussignale (z. B. potentialfreie Kontakte oder Kommunikationsschnittstellen). Diese Funktionen sch\u00fctzen die Batterie vor vorzeitigem Altern und gew\u00e4hrleisten eine vorhersehbare Laufzeit bei Stromausf\u00e4llen. <\/p>\n\n\n\n<p>Diese Topologie macht DC-USV-L\u00f6sungen effizienter und reaktionsschneller als AC-basierte USV-Architekturen f\u00fcr Niederspannungsanwendungen und bietet gleichzeitig eine stabile DC-Versorgung, die f\u00fcr empfindliche Elektronik und industrielle Steuerungssysteme unerl\u00e4sslich ist.Batteries<\/p>\n<\/div>\n<\/div>\n<\/div>\n<\/div>\n<\/div>\n","protected":false},"excerpt":{"rendered":"<p>Eine DC-USV stellt sicher, dass Ihre kritischen DC-Lasten ohne Unterbrechung weiterlaufen, selbst wenn die Hauptstromversorgung ausf\u00e4llt. Im Gegensatz zu traditionellen Backup-Systemen ben\u00f6tigt eine DC-USV kein separates Ladeger\u00e4t: Das Netzteil versorgt kontinuierlich die Last und h\u00e4lt die Batterie geladen. Wenn die Eingangsspannung abf\u00e4llt, schaltet das System sofort auf Batteriestrom \u00fcber seinen eingebauten Wechselrichter oder DC-Wandler um, &hellip; <a href=\"https:\/\/intercel.eu\/de\/standby\/dc-usv\/\">Fortgesetzt<\/a><\/p>\n","protected":false},"author":1,"featured_media":0,"parent":18618,"menu_order":0,"comment_status":"closed","ping_status":"closed","template":"page-landing","meta":{"footnotes":""},"class_list":["post-20431","page","type-page","status-publish","hentry"],"acf":[],"_links":{"self":[{"href":"https:\/\/intercel.eu\/de\/wp-json\/wp\/v2\/pages\/20431","targetHints":{"allow":["GET"]}}],"collection":[{"href":"https:\/\/intercel.eu\/de\/wp-json\/wp\/v2\/pages"}],"about":[{"href":"https:\/\/intercel.eu\/de\/wp-json\/wp\/v2\/types\/page"}],"author":[{"embeddable":true,"href":"https:\/\/intercel.eu\/de\/wp-json\/wp\/v2\/users\/1"}],"replies":[{"embeddable":true,"href":"https:\/\/intercel.eu\/de\/wp-json\/wp\/v2\/comments?post=20431"}],"version-history":[{"count":8,"href":"https:\/\/intercel.eu\/de\/wp-json\/wp\/v2\/pages\/20431\/revisions"}],"predecessor-version":[{"id":35105,"href":"https:\/\/intercel.eu\/de\/wp-json\/wp\/v2\/pages\/20431\/revisions\/35105"}],"up":[{"embeddable":true,"href":"https:\/\/intercel.eu\/de\/wp-json\/wp\/v2\/pages\/18618"}],"wp:attachment":[{"href":"https:\/\/intercel.eu\/de\/wp-json\/wp\/v2\/media?parent=20431"}],"curies":[{"name":"wp","href":"https:\/\/api.w.org\/{rel}","templated":true}]}}