{"id":20663,"date":"2025-11-24T14:24:45","date_gmt":"2025-11-24T13:24:45","guid":{"rendered":"https:\/\/intercel.eu\/uber-intercel\/schutzmarken\/pbq\/"},"modified":"2025-12-16T14:51:52","modified_gmt":"2025-12-16T13:51:52","slug":"pbq","status":"publish","type":"page","link":"https:\/\/intercel.eu\/de\/uber-intercel\/marken\/pbq\/","title":{"rendered":"PBQ"},"content":{"rendered":"\n<div class=\"wp-block-columns is-layout-flex wp-container-core-columns-is-layout-28f84493 wp-block-columns-is-layout-flex\">\n<div class=\"wp-block-column is-layout-flow wp-block-column-is-layout-flow\">\n<h2 class=\"wp-block-heading\">PBQ: Professionelle Batteriequalit\u00e4t<\/h2>\n\n\n\n<p>Dank der richtigen Vorschriften und strenger Qualit\u00e4tskontrolle sind die Produkte von PBQ als zuverl\u00e4ssige Produkte auf dem Markt positioniert. OEMs und Endanwender erleben weniger Probleme und gr\u00f6\u00dfere Kosteneinsparungen durch die Installation von PBQ-Akkus. <\/p>\n\n\n\n<div style=\"height:5px\" aria-hidden=\"true\" class=\"wp-block-spacer\"><\/div>\n\n\n\n<h2 class=\"wp-block-heading\">Entdecke unser Sortiment<\/h2>\n\n\n\n<p>Wir bieten unseren Kunden und potenziellen Kunden ein breites Sortiment an Batterieprodukten an. Im VRLA-Akkubereich geh\u00f6ren dazu spezielle VdS-zertifizierte Batterien, Hochleistungsbatterien, Einzellenbatterien und Frontzugangsbatterien. F\u00fcr verschiedene Kunden hat PBQ spezielle Modelle als ma\u00dfgeschneiderte L\u00f6sungen geliefert. Neben der gro\u00dfen Auswahl an VRLA-Batterien liefert PBQ auch <a href=\"https:\/\/intercel.eu\/knowledge-center\/battery-technology\/lithium-batteries\/\">Lithiumbatterien<\/a>. Kleine prim\u00e4re Lithiumbatterien werden in verschiedenen Chemikalien angeboten: Li-SOCl2, Li-MnO2 und Li-SO2. Unsere F&amp;E-Abteilung hat k\u00fcrzlich eine neue Reihe von pbq Lithium-Eisenphosphat-Batterien zum Produktprogramm hinzugef\u00fcgt: <a href=\"https:\/\/intercel.eu\/de\/wissenszentrum\/batterie-technologie\/lithium-batterien\/lifepo4-batterien\/\" data-type=\"page\" data-id=\"10232\">die pbq LiFePO4-Batterieserie<\/a>.     <\/p>\n\n\n\n<div style=\"height:5px\" aria-hidden=\"true\" class=\"wp-block-spacer\"><\/div>\n\n\n\n<h2 class=\"wp-block-heading\">Service, auf den Sie sich verlassen k\u00f6nnen<\/h2>\n\n\n\n<p>Bei PBQ sch\u00e4tzen wir unsere Vertriebspartner und sorgen daf\u00fcr, dass sie regelm\u00e4\u00dfig Schulungen und Updates erhalten. Dies stellt sicher, dass unsere Kunden eine angemessene Beratung von unseren OEM-Partnern und Endnutzern erhalten. <\/p>\n<\/div>\n\n\n\n<div class=\"wp-block-column is-vertically-aligned-top is-layout-flow wp-block-column-is-layout-flow\">\n<figure class=\"wp-block-image size-large has-custom-border is-style-rounded\"><img loading=\"lazy\" decoding=\"async\" width=\"1024\" height=\"644\" src=\"https:\/\/intercel.eu\/\/app\/uploads\/2025\/11\/pbq-assortment-1024x644.png\" alt=\"\" class=\"wp-image-12980\" style=\"border-radius:20px\" srcset=\"https:\/\/intercel.eu\/\/app\/uploads\/2025\/11\/pbq-assortment-1024x644.png 1024w, https:\/\/intercel.eu\/\/app\/uploads\/2025\/11\/pbq-assortment-300x189.png 300w, https:\/\/intercel.eu\/\/app\/uploads\/2025\/11\/pbq-assortment-768x483.png 768w, https:\/\/intercel.eu\/\/app\/uploads\/2025\/11\/pbq-assortment-1536x966.png 1536w, https:\/\/intercel.eu\/\/app\/uploads\/2025\/11\/pbq-assortment-2048x1288.png 2048w, https:\/\/intercel.eu\/\/app\/uploads\/2025\/11\/pbq-assortment-50x31.png 50w, https:\/\/intercel.eu\/\/app\/uploads\/2025\/11\/pbq-assortment-1600x1007.png 1600w, https:\/\/intercel.eu\/\/app\/uploads\/2025\/11\/pbq-assortment-278x175.png 278w, https:\/\/intercel.eu\/\/app\/uploads\/2025\/11\/pbq-assortment-600x377.png 600w\" sizes=\"auto, (max-width: 1024px) 100vw, 1024px\" \/><\/figure>\n<\/div>\n<\/div>\n\n<div class=\"wp-block-group has-global-padding is-layout-constrained wp-container-core-group-is-layout-92b9201d wp-block-group-is-layout-constrained\">\n<h2 class=\"wp-block-heading\">Unser Produktsortiment<\/h2>\n\n\n\n<div class=\"wp-block-group is-layout-grid wp-container-core-group-is-layout-9cb11802 wp-block-group-is-layout-grid\">\n<div class=\"wp-block-group has-global-padding is-layout-constrained wp-container-core-group-is-layout-a35945ca wp-block-group-is-layout-constrained\" style=\"padding-top:var(--wp--preset--spacing--30);padding-right:var(--wp--preset--spacing--30);padding-bottom:var(--wp--preset--spacing--30);padding-left:var(--wp--preset--spacing--30)\">\n<h3 class=\"wp-block-heading\">Allzweckbatterien f\u00fcr Standby- und zyklische Nutzung<\/h3>\n\n\n\n<p>Diese PBQ General <a href=\"\/de\/?page_id=10225\" data-type=\"page\" data-id=\"10224\">Purpose AGM-Batterien <\/a>sind \u00e4u\u00dferst vielseitig und bieten ein ausgezeichnetes Preis-Leistungs-Verh\u00e4ltnis. Die PBQ General Purpose Batterieserie eignet sich f\u00fcr station\u00e4re und zyklische Anwendungen. Beispiele f\u00fcr solche Anwendungen sind USV-Systeme, Messger\u00e4te, Spielzeug und Werkzeuge.  <\/p>\n<\/div>\n\n\n\n<div class=\"wp-block-group has-global-padding is-layout-constrained wp-container-core-group-is-layout-a35945ca wp-block-group-is-layout-constrained\" style=\"padding-top:var(--wp--preset--spacing--30);padding-right:var(--wp--preset--spacing--30);padding-bottom:var(--wp--preset--spacing--30);padding-left:var(--wp--preset--spacing--30)\">\n<h3 class=\"wp-block-heading\">Hochleistungsbatterien f\u00fcr USV-Systeme<\/h3>\n\n\n\n<p>PBQ-Hochleistungsbatterien sind ideal f\u00fcr Anwendungen mit hohen Startstr\u00f6men. PBQ High Rate Batterien sind die richtige Wahl f\u00fcr ein zuverl\u00e4ssiges USV-System. Sie sind auch die ideale Batteriel\u00f6sung f\u00fcr <a href=\"https:\/\/intercel.eu\/product\/uninterrupted-power-supply\/\" target=\"_blank\" rel=\"noreferrer noopener\">kleine USV-Systeme<\/a>.  <\/p>\n<\/div>\n\n\n\n<div class=\"wp-block-group has-global-padding is-layout-constrained wp-container-core-group-is-layout-a35945ca wp-block-group-is-layout-constrained\" style=\"padding-top:var(--wp--preset--spacing--30);padding-right:var(--wp--preset--spacing--30);padding-bottom:var(--wp--preset--spacing--30);padding-left:var(--wp--preset--spacing--30)\">\n<h3 class=\"wp-block-heading\">pbq Langzeitbatterienserie<\/h3>\n\n\n\n<p>Batterien der PBQ Long Life-Serie haben eine lange Lebensdauer und garantieren eine \u00e4u\u00dferst zuverl\u00e4ssige Notstromversorgung. PBQ-Langzeitbatterien werden in vielen Anwendungen eingesetzt, bei denen eine besonders lange Lebensdauer wichtig ist. <\/p>\n<\/div>\n\n\n\n<div class=\"wp-block-group has-global-padding is-layout-constrained wp-container-core-group-is-layout-a35945ca wp-block-group-is-layout-constrained\" style=\"padding-top:var(--wp--preset--spacing--30);padding-right:var(--wp--preset--spacing--30);padding-bottom:var(--wp--preset--spacing--30);padding-left:var(--wp--preset--spacing--30)\">\n<h3 class=\"wp-block-heading\">pbq Gel-Batterien<\/h3>\n\n\n\n<p>Akkus der PBQ <a href=\"https:\/\/intercel.eu\/de\/wissenszentrum\/batterie-technologie\/gel-batterien\/\" data-type=\"page\" data-id=\"10226\">Gel-Serie<\/a> haben eine lange Lebensdauer und garantieren eine sehr zuverl\u00e4ssige Stromversorgung. PBQ-Gel-Batterien werden in vielen Anwendungen eingesetzt, bei denen eine lange Lebensdauer und hohe Zuverl\u00e4ssigkeit wichtig sind. <\/p>\n<\/div>\n\n\n\n<div class=\"wp-block-group has-global-padding is-layout-constrained wp-container-core-group-is-layout-a35945ca wp-block-group-is-layout-constrained\" style=\"padding-top:var(--wp--preset--spacing--30);padding-right:var(--wp--preset--spacing--30);padding-bottom:var(--wp--preset--spacing--30);padding-left:var(--wp--preset--spacing--30)\">\n<h3 class=\"wp-block-heading\">pbq Front-Access-Akkus<\/h3>\n\n\n\n<p>pbq Front-Access-Batterien sind speziell f\u00fcr den Einsatz in Telekommunikationsanwendungen konzipiert. Diese Batterien sind d\u00fcnn, und der Klemmenanschluss ist vorne montiert. Batterien aus der PBQ Front Access-Serie eignen sich f\u00fcr die Installation in 19- und 23-Zoll-Geh\u00e4use.  <\/p>\n<\/div>\n\n\n\n<div class=\"wp-block-group has-global-padding is-layout-constrained wp-container-core-group-is-layout-a35945ca wp-block-group-is-layout-constrained\" style=\"padding-top:var(--wp--preset--spacing--30);padding-right:var(--wp--preset--spacing--30);padding-bottom:var(--wp--preset--spacing--30);padding-left:var(--wp--preset--spacing--30)\">\n<h3 class=\"wp-block-heading\">pbq Einzelzellbatterien<\/h3>\n\n\n\n<p>Speziell f\u00fcr umfangreichere Batteriesysteme liefert PBQ 2V-Einzelzellen mit hoher Kapazit\u00e4t. Eine <a href=\"\/de\/?page_id=10225\" data-type=\"page\" data-id=\"10224\">AGM-Batterie<\/a> aus der pbq Single Cell-Serie hat ein kompaktes und robustes Geh\u00e4use und ist einfach zu installieren. 2V-Batterien werden oft in Reihe eingebaut.  <\/p>\n<\/div>\n\n\n\n<div class=\"wp-block-group has-global-padding is-layout-constrained wp-container-core-group-is-layout-a35945ca wp-block-group-is-layout-constrained\" style=\"padding-top:var(--wp--preset--spacing--30);padding-right:var(--wp--preset--spacing--30);padding-bottom:var(--wp--preset--spacing--30);padding-left:var(--wp--preset--spacing--30)\">\n<h3 class=\"wp-block-heading\">pbq Lithium LiFePO4-Akkus<\/h3>\n\n\n\n<p>PBQ-Lithium-Eisenphosphat-Batterien sind Produkte mit einzigartigen Eigenschaften. Die pbq <a href=\"https:\/\/intercel.eu\/de\/wissenszentrum\/batterie-technologie\/lithium-batterien\/lifepo4-batterien\/\" data-type=\"page\" data-id=\"10232\">LiFePO4-Technologie<\/a> bietet eine lange Lebensdauer, hohe Energiedichte, leichtes Gewicht und eine einfache Installation. Die pbq LiFePO4-Batterieserie bietet alle Vorteile einer Batterie in einem kompakten Geh\u00e4use.  <\/p>\n<\/div>\n<\/div>\n<\/div>\n\n<div class=\"wp-block-columns has-horizontal-dark-grey-to-grey-gradient-background has-background is-layout-flex wp-container-core-columns-is-layout-a5331a9e wp-block-columns-is-layout-flex\" style=\"border-top-left-radius:35px;border-top-right-radius:32px;border-bottom-left-radius:35px;border-bottom-right-radius:32px;padding-top:0;padding-right:0;padding-bottom:0;padding-left:0;box-shadow:var(--wp--preset--shadow--natural)\">\n<div class=\"wp-block-column is-vertically-aligned-stretch is-layout-flow wp-block-column-is-layout-flow\" style=\"flex-basis:33.33%\">\n<div class=\"wp-block-group is-style-default has-global-padding is-layout-constrained wp-container-core-group-is-layout-72d38984 wp-block-group-is-layout-constrained has-background\" style=\"border-top-left-radius:25px;border-bottom-left-radius:25px;min-height:100%;margin-top:0;margin-bottom:0;padding-top:0;padding-right:0;padding-bottom:0;padding-left:0;background-image:url(&apos;https:\/\/intercel.eu\/\/app\/uploads\/2025\/11\/Battery-project-in-mind.png&apos;);background-position:59% 32%;background-size:cover;\">\n<div style=\"height:200px\" aria-hidden=\"true\" class=\"wp-block-spacer\"><\/div>\n<\/div>\n<\/div>\n\n\n\n<div class=\"wp-block-column is-vertically-aligned-center has-global-padding is-layout-constrained wp-block-column-is-layout-constrained\" style=\"flex-basis:66.66%\">\n<div class=\"wp-block-group has-global-padding is-layout-constrained wp-container-core-group-is-layout-85182686 wp-block-group-is-layout-constrained\" style=\"padding-top:var(--wp--preset--spacing--30);padding-right:var(--wp--preset--spacing--70);padding-bottom:var(--wp--preset--spacing--30);padding-left:var(--wp--preset--spacing--10)\">\n<h2 class=\"wp-block-heading has-wit-color has-text-color has-link-color wp-elements-8f8cbb9d1f928b5ad1cbb5f7458363f6\">Haben du ein Projekt im Sinn?<\/h2>\n\n\n\n<p class=\"has-bijna-wit-color has-text-color has-link-color wp-elements-5bb223514d3ec5fbe1df100e44febb76\">Von unseren eigenen Premium-Marken bis hin zu f\u00fchrenden A-Marken bieten wir eine komplette Palette hochwertiger Batterien und Energiesysteme. Immer ausgew\u00e4hlt, um Zuverl\u00e4ssigkeit, Leistung und eine perfekte Passform f\u00fcr dein Projekt zu gew\u00e4hrleisten. <\/p>\n\n\n\n<div class=\"wp-block-buttons alignfull is-horizontal is-content-justification-left is-layout-flex wp-container-core-buttons-is-layout-036cb0ab wp-block-buttons-is-layout-flex\">\n<div class=\"wp-block-button is-style-arrow-white\" id=\"contact-form-popup\"><a class=\"wp-block-button__link has-text-align-center wp-element-button\" href=\"https:\/\/intercel.eu\/de\/kontakt\/\">Sprechen Sie mit unseren Experten<\/a><\/div>\n<\/div>\n<\/div>\n<\/div>\n<\/div>\n\n<div class=\"wp-block-columns is-not-stacked-on-mobile is-style-default has-vertical-bright-red-to-darker-gradient-background has-background is-layout-flex wp-container-core-columns-is-layout-db27d905 wp-block-columns-is-layout-flex\" style=\"border-radius:20px;margin-top:0;margin-bottom:0;padding-top:0;padding-right:0;padding-bottom:0;padding-left:0\">\n<div class=\"wp-block-column is-vertically-aligned-center is-layout-flow wp-block-column-is-layout-flow\">\n<div class=\"wp-block-group has-global-padding is-layout-constrained wp-container-core-group-is-layout-6226084c wp-block-group-is-layout-constrained\" style=\"margin-top:0;margin-bottom:0;padding-top:0;padding-right:0;padding-bottom:0;padding-left:0\">\n<div style=\"height:5px\" aria-hidden=\"true\" class=\"wp-block-spacer\"><\/div>\n\n\n\n<h2 class=\"wp-block-heading has-text-align-right has-wit-color has-text-color has-link-color wp-elements-9086dae633df04995d8ec83cce727e99\"><em>pbq \u2013 Zuverl\u00e4ssige Qualit\u00e4t<\/em><\/h2>\n\n\n\n<div style=\"height:5px\" aria-hidden=\"true\" class=\"wp-block-spacer\"><\/div>\n<\/div>\n<\/div>\n\n\n\n<div class=\"wp-block-column is-layout-flow wp-block-column-is-layout-flow\">\n<figure class=\"wp-block-image alignright size-full is-resized has-custom-border\"><img loading=\"lazy\" decoding=\"async\" width=\"2560\" height=\"781\" src=\"https:\/\/intercel.eu\/\/app\/uploads\/2025\/11\/pbq-banner-scaled.png\" alt=\"\" class=\"wp-image-12956\" style=\"border-top-right-radius:20px;border-bottom-right-radius:20px;width:auto;height:200px\" srcset=\"https:\/\/intercel.eu\/\/app\/uploads\/2025\/11\/pbq-banner-scaled.png 2560w, https:\/\/intercel.eu\/\/app\/uploads\/2025\/11\/pbq-banner-300x92.png 300w, https:\/\/intercel.eu\/\/app\/uploads\/2025\/11\/pbq-banner-1024x313.png 1024w, https:\/\/intercel.eu\/\/app\/uploads\/2025\/11\/pbq-banner-768x234.png 768w, https:\/\/intercel.eu\/\/app\/uploads\/2025\/11\/pbq-banner-1536x469.png 1536w, https:\/\/intercel.eu\/\/app\/uploads\/2025\/11\/pbq-banner-2048x625.png 2048w, https:\/\/intercel.eu\/\/app\/uploads\/2025\/11\/pbq-banner-50x15.png 50w, https:\/\/intercel.eu\/\/app\/uploads\/2025\/11\/pbq-banner-1600x488.png 1600w, https:\/\/intercel.eu\/\/app\/uploads\/2025\/11\/pbq-banner-573x175.png 573w, https:\/\/intercel.eu\/\/app\/uploads\/2025\/11\/pbq-banner-600x183.png 600w\" sizes=\"auto, (max-width: 2560px) 100vw, 2560px\" \/><\/figure>\n<\/div>\n<\/div>\n\n<div class=\"wp-block-columns has-horizontal-dark-grey-to-grey-gradient-background has-background is-layout-flex wp-container-core-columns-is-layout-2000334d wp-block-columns-is-layout-flex\" style=\"border-top-left-radius:35px;border-top-right-radius:32px;border-bottom-left-radius:35px;border-bottom-right-radius:32px;padding-top:0;padding-right:0;padding-bottom:0;padding-left:0;box-shadow:var(--wp--preset--shadow--natural)\">\n<div class=\"wp-block-column is-vertically-aligned-stretch is-layout-flow wp-block-column-is-layout-flow\" style=\"flex-basis:33.33%\">\n<div class=\"wp-block-group is-style-default has-global-padding is-layout-constrained wp-container-core-group-is-layout-72d38984 wp-block-group-is-layout-constrained has-background\" style=\"border-top-left-radius:25px;border-bottom-left-radius:25px;min-height:100%;margin-top:0;margin-bottom:0;padding-top:0;padding-right:0;padding-bottom:0;padding-left:0;background-image:url(&apos;https:\/\/intercel.eu\/\/app\/uploads\/2025\/11\/Trusted-brands-cellpower.png&apos;);background-position:45% 48%;background-size:cover;\">\n<div style=\"height:200px\" aria-hidden=\"true\" class=\"wp-block-spacer\"><\/div>\n<\/div>\n<\/div>\n\n\n\n<div class=\"wp-block-column is-vertically-aligned-center has-global-padding is-layout-constrained wp-block-column-is-layout-constrained\" style=\"flex-basis:66.66%\">\n<div class=\"wp-block-group has-global-padding is-layout-constrained wp-container-core-group-is-layout-0747478d wp-block-group-is-layout-constrained\" style=\"padding-top:var(--wp--preset--spacing--50);padding-right:var(--wp--preset--spacing--50);padding-bottom:var(--wp--preset--spacing--50);padding-left:var(--wp--preset--spacing--50)\">\n<h2 class=\"wp-block-heading has-wit-color has-text-color has-link-color wp-elements-87419742f1edd15d74b94ec208eb9c1d\">Vertrauensw\u00fcrdige Marken<\/h2>\n\n\n\n<p class=\"has-bijna-wit-color has-text-color has-link-color wp-elements-34786e93ad4ead3b9681d039cbd77675\">Von unseren eigenen Premium-Marken bis hin zu f\u00fchrenden A-Marken bieten wir ein komplettes Sortiment an hochwertigen Batterien und Energiesystemen. Immer ausgew\u00e4hlt, um Zuverl\u00e4ssigkeit, Leistung und eine perfekte Passform f\u00fcr Ihr Projekt zu bieten. <\/p>\n\n\n\n<div class=\"wp-block-buttons is-layout-flex wp-block-buttons-is-layout-flex\">\n<div class=\"wp-block-button is-style-arrow\"><a class=\"wp-block-button__link wp-element-button\" href=\"https:\/\/intercel.eu\/de\/uber-intercel\/schutzmarken\/\">W\u00e4hlen Sie aus Top-Marken<\/a><\/div>\n<\/div>\n<\/div>\n<\/div>\n<\/div>\n\n<p><\/p>\n","protected":false},"excerpt":{"rendered":"<p>PBQ: Professionelle Batteriequalit\u00e4t Dank der richtigen Vorschriften und strenger Qualit\u00e4tskontrolle sind die Produkte von PBQ als zuverl\u00e4ssige Produkte auf dem Markt positioniert. OEMs und Endanwender erleben weniger Probleme und gr\u00f6\u00dfere Kosteneinsparungen durch die Installation von PBQ-Akkus. Entdecke unser Sortiment Wir bieten unseren Kunden und potenziellen Kunden ein breites Sortiment an Batterieprodukten an. Im VRLA-Akkubereich geh\u00f6ren &hellip; <a href=\"https:\/\/intercel.eu\/de\/uber-intercel\/marken\/pbq\/\">Fortgesetzt<\/a><\/p>\n","protected":false},"author":20,"featured_media":0,"parent":18231,"menu_order":0,"comment_status":"closed","ping_status":"closed","template":"","meta":{"footnotes":""},"class_list":["post-20663","page","type-page","status-publish","hentry"],"acf":[],"_links":{"self":[{"href":"https:\/\/intercel.eu\/de\/wp-json\/wp\/v2\/pages\/20663","targetHints":{"allow":["GET"]}}],"collection":[{"href":"https:\/\/intercel.eu\/de\/wp-json\/wp\/v2\/pages"}],"about":[{"href":"https:\/\/intercel.eu\/de\/wp-json\/wp\/v2\/types\/page"}],"author":[{"embeddable":true,"href":"https:\/\/intercel.eu\/de\/wp-json\/wp\/v2\/users\/20"}],"replies":[{"embeddable":true,"href":"https:\/\/intercel.eu\/de\/wp-json\/wp\/v2\/comments?post=20663"}],"version-history":[{"count":3,"href":"https:\/\/intercel.eu\/de\/wp-json\/wp\/v2\/pages\/20663\/revisions"}],"predecessor-version":[{"id":22919,"href":"https:\/\/intercel.eu\/de\/wp-json\/wp\/v2\/pages\/20663\/revisions\/22919"}],"up":[{"embeddable":true,"href":"https:\/\/intercel.eu\/de\/wp-json\/wp\/v2\/pages\/18231"}],"wp:attachment":[{"href":"https:\/\/intercel.eu\/de\/wp-json\/wp\/v2\/media?parent=20663"}],"curies":[{"name":"wp","href":"https:\/\/api.w.org\/{rel}","templated":true}]}}