{"id":21359,"date":"2025-12-11T15:48:18","date_gmt":"2025-12-11T14:48:18","guid":{"rendered":"https:\/\/intercel.eu\/?page_id=21359"},"modified":"2025-12-12T13:33:10","modified_gmt":"2025-12-12T12:33:10","slug":"danke","status":"publish","type":"page","link":"https:\/\/intercel.eu\/de\/elektrifizierung\/berechnen\/danke\/","title":{"rendered":"Danke"},"content":{"rendered":"\n<div class=\"wp-block-group is-layout-flow wp-block-group-is-layout-flow\">\n<div class=\"wp-block-columns is-layout-flex wp-container-core-columns-is-layout-28f84493 wp-block-columns-is-layout-flex\">\n<div class=\"wp-block-column is-layout-flow wp-block-column-is-layout-flow\">\n<h2 class=\"wp-block-heading\">Vielen Dank, dass Sie unseren Rechner verwendet haben<\/h2>\n\n\n\n<figure class=\"wp-block-image size-large is-resized\"><img decoding=\"async\" src=\"https:\/\/intercel.eu\/app\/uploads\/sites\/2\/2025\/07\/Ontwerp-zonder-titel-15-1024x576.jpg\" alt=\"\" class=\"wp-image-5895\" style=\"width:521px;height:auto\" \/><\/figure>\n<\/div>\n\n\n\n<div class=\"wp-block-column is-vertically-aligned-center is-layout-flow wp-block-column-is-layout-flow\">\n<p>Wir haben die Ergebnisse an Ihre E-Mail gesendet. Wenn Sie Fragen haben, rufen Sie uns unter <a href=\"tel:+31(0)885149902\" target=\"_blank\" rel=\"noreferrer noopener\">+31 (0)88- 5149902<\/a> an oder antworten Sie einfach auf die E-Mail. <\/p>\n<\/div>\n<\/div>\n<\/div>\n\n<div style=\"height:19px\" aria-hidden=\"true\" class=\"wp-block-spacer\"><\/div>\n\n<div class=\"wp-block-group has-global-padding is-layout-constrained wp-block-group-is-layout-constrained\">\n<div class=\"wp-block-columns is-layout-flex wp-container-core-columns-is-layout-28f84493 wp-block-columns-is-layout-flex\">\n<div class=\"wp-block-column is-layout-flow wp-block-column-is-layout-flow\">\n<h2 class=\"wp-block-heading\">Mandantenf\u00e4lle<\/h2>\n\n\n\n<p>Du bist nicht der Erste, der seine Maschinen elektrifiziert, und du wirst nicht der Letzte sein. In ganz Europa bringen Unternehmen ihre Flotten bereits mit gro\u00dfem Erfolg um. Entdecken Sie, wie sie technische Herausforderungen bew\u00e4ltigten, Integrationsh\u00fcrden \u00fcberwunden und echte Ergebnisse bei Leistung, Betriebszeit und Nachhaltigkeit erzielten. Entdecken Sie ihre Geschichten in unseren Mandantenf\u00e4llen.   <\/p>\n<\/div>\n\n\n\n<div class=\"wp-block-column is-vertically-aligned-center is-layout-flow wp-block-column-is-layout-flow\">\n<div class=\"wp-block-buttons is-content-justification-right is-layout-flex wp-container-core-buttons-is-layout-d445cf74 wp-block-buttons-is-layout-flex\">\n<div class=\"wp-block-button is-style-arrow\"><a class=\"wp-block-button__link wp-element-button\" href=\"https:\/\/intercel.eu\/client-cases\/?_categories_cases=electrification\">Entdecken Sie ihre Geschichten<\/a><\/div>\n<\/div>\n<\/div>\n<\/div>\n<\/div>\n\n<div class=\"wp-block-group has-global-padding is-layout-constrained wp-block-group-is-layout-constrained\">\n<div class=\"wp-block-query alignwide referenties is-layout-flow wp-block-query-is-layout-flow\"><ul class=\"columns-3 wp-block-post-template is-layout-grid wp-container-core-post-template-is-layout-572542b5 wp-block-post-template-is-layout-grid\"><li class=\"wp-block-post post-34988 reference type-reference status-publish has-post-thumbnail hentry tag-elektrifizierung tag-konstruktion tag-mandantenfall tag-net-zerol reference_category-electrification\">\n\n<div class=\"wp-block-group is-style-indrukwekkend-rond-schaduw has-vertical-white-to-light-grey-gradient-background has-background has-global-padding is-layout-constrained wp-block-group-is-layout-constrained\" style=\"min-height:100%;margin-top:0;margin-bottom:0;padding-top:0;padding-bottom:0\"><figure style=\"aspect-ratio:16\/9; margin-right:0;margin-left:0;\" class=\"wp-block-post-featured-image\"><img loading=\"lazy\" decoding=\"async\" width=\"430\" height=\"300\" src=\"https:\/\/intercel.eu\/\/app\/uploads\/2026\/01\/Schermafbeelding-2026-01-30-115042-430x300.png\" class=\"attachment-kenmerkenFeatImg size-kenmerkenFeatImg wp-post-image\" alt=\"\" style=\"border-top-right-radius:20px;border-bottom-left-radius:0px;border-bottom-right-radius:0px;width:100%;height:100%;object-fit:cover;\" \/><\/figure>\n\n\n<div class=\"wp-block-group has-global-padding is-layout-constrained wp-container-core-group-is-layout-f5662feb wp-block-group-is-layout-constrained\" style=\"margin-top:var(--wp--preset--spacing--30);margin-bottom:var(--wp--preset--spacing--30);padding-right:var(--wp--preset--spacing--30);padding-left:var(--wp--preset--spacing--30)\"><h3 style=\"padding-right:0;padding-left:0;\" class=\"has-link-color wp-elements-d8e624a684b0dafb1b8625a1bbf3fc5f wp-block-post-title has-text-color has-contrast-color\">Emissionsfreier Asphaltbau am Flughafen Schiphol<\/h3>\n\n<div style=\"padding-right:0;padding-left:0;\" class=\"has-link-color wp-elements-fc756eb2b1a3bbada7dd971a1d55d9bb wp-block-post-excerpt has-text-color has-midden-grijs-color\"><p class=\"wp-block-post-excerpt__excerpt\">In Schiphol demonstriert Heijmans, dass emissionsfreier Betrieb schon heute m\u00f6glich ist. <\/p><\/div><\/div>\n\n\n\n<div class=\"wp-block-group footer has-global-padding is-content-justification-left is-layout-constrained wp-container-core-group-is-layout-0416e3c3 wp-block-group-is-layout-constrained\"><a class=\"wp-block-read-more\" href=\"https:\/\/intercel.eu\/de\/referenzen\/emissionsfreier-asphaltbau-am-flughafen-schiphol\/\" target=\"_self\">Mehr lesen<span class=\"screen-reader-text\">: Emissionsfreier Asphaltbau am Flughafen Schiphol<\/span><\/a><\/div>\n<\/div>\n\n<\/li><li class=\"wp-block-post post-19644 reference type-reference status-publish has-post-thumbnail hentry tag-anwendung tag-artikel tag-mandantenfall reference_category-electrification\">\n\n<div class=\"wp-block-group is-style-indrukwekkend-rond-schaduw has-vertical-white-to-light-grey-gradient-background has-background has-global-padding is-layout-constrained wp-block-group-is-layout-constrained\" style=\"min-height:100%;margin-top:0;margin-bottom:0;padding-top:0;padding-bottom:0\"><figure style=\"aspect-ratio:16\/9; margin-right:0;margin-left:0;\" class=\"wp-block-post-featured-image\"><img loading=\"lazy\" decoding=\"async\" width=\"430\" height=\"300\" src=\"https:\/\/intercel.eu\/\/app\/uploads\/2025\/12\/1714649630642-1-430x300.jpg\" class=\"attachment-kenmerkenFeatImg size-kenmerkenFeatImg wp-post-image\" alt=\"\" style=\"border-top-right-radius:20px;border-bottom-left-radius:0px;border-bottom-right-radius:0px;width:100%;height:100%;object-fit:cover;\" \/><\/figure>\n\n\n<div class=\"wp-block-group has-global-padding is-layout-constrained wp-container-core-group-is-layout-f5662feb wp-block-group-is-layout-constrained\" style=\"margin-top:var(--wp--preset--spacing--30);margin-bottom:var(--wp--preset--spacing--30);padding-right:var(--wp--preset--spacing--30);padding-left:var(--wp--preset--spacing--30)\"><h3 style=\"padding-right:0;padding-left:0;\" class=\"has-link-color wp-elements-d8e624a684b0dafb1b8625a1bbf3fc5f wp-block-post-title has-text-color has-contrast-color\">Elektrisches Asphaltset erm\u00f6glicht emissionsfreies Asphaltieren<\/h3>\n\n<div style=\"padding-right:0;padding-left:0;\" class=\"has-link-color wp-elements-fc756eb2b1a3bbada7dd971a1d55d9bb wp-block-post-excerpt has-text-color has-midden-grijs-color\"><p class=\"wp-block-post-excerpt__excerpt\">Motrac Industries hat mit Unterst\u00fctzung von Intercel ein vollelektrisches Asphalt-Set entwickelt, das einen wichtigen Schritt in Richtung emissionsfreier Stra\u00dfenbau darstellt. <\/p><\/div><\/div>\n\n\n\n<div class=\"wp-block-group footer has-global-padding is-content-justification-left is-layout-constrained wp-container-core-group-is-layout-0416e3c3 wp-block-group-is-layout-constrained\"><a class=\"wp-block-read-more\" href=\"https:\/\/intercel.eu\/de\/referenzen\/elektrisches-asphaltset-ermoeglicht-emissionsfreies-asphaltieren\/\" target=\"_self\">Mehr lesen<span class=\"screen-reader-text\">: Elektrisches Asphaltset erm\u00f6glicht emissionsfreies Asphaltieren<\/span><\/a><\/div>\n<\/div>\n\n<\/li><li class=\"wp-block-post post-7147 reference type-reference status-publish has-post-thumbnail hentry tag-elektrifizierung tag-konstruktion tag-net-zerol reference_category-electrification\">\n\n<div class=\"wp-block-group is-style-indrukwekkend-rond-schaduw has-vertical-white-to-light-grey-gradient-background has-background has-global-padding is-layout-constrained wp-block-group-is-layout-constrained\" style=\"min-height:100%;margin-top:0;margin-bottom:0;padding-top:0;padding-bottom:0\"><figure style=\"aspect-ratio:16\/9; margin-right:0;margin-left:0;\" class=\"wp-block-post-featured-image\"><img loading=\"lazy\" decoding=\"async\" width=\"430\" height=\"300\" src=\"https:\/\/intercel.eu\/\/app\/uploads\/2025\/10\/Burtec-Kernboormachine1-1-scaled-1-430x300.jpg\" class=\"attachment-kenmerkenFeatImg size-kenmerkenFeatImg wp-post-image\" alt=\"\" style=\"border-top-right-radius:20px;border-bottom-left-radius:0px;border-bottom-right-radius:0px;width:100%;height:100%;object-fit:cover;\" \/><\/figure>\n\n\n<div class=\"wp-block-group has-global-padding is-layout-constrained wp-container-core-group-is-layout-f5662feb wp-block-group-is-layout-constrained\" style=\"margin-top:var(--wp--preset--spacing--30);margin-bottom:var(--wp--preset--spacing--30);padding-right:var(--wp--preset--spacing--30);padding-left:var(--wp--preset--spacing--30)\"><h3 style=\"padding-right:0;padding-left:0;\" class=\"has-link-color wp-elements-d8e624a684b0dafb1b8625a1bbf3fc5f wp-block-post-title has-text-color has-contrast-color\">Burtec Elektrifizierte Kernbohrger\u00e4te<\/h3>\n\n<div style=\"padding-right:0;padding-left:0;\" class=\"has-link-color wp-elements-fc756eb2b1a3bbada7dd971a1d55d9bb wp-block-post-excerpt has-text-color has-midden-grijs-color\"><p class=\"wp-block-post-excerpt__excerpt\">Intercel ist unser Traumpartner, weil wir wirklich alles besprechen k\u00f6nnen. Wir freuen uns auf die gemeinsame Zukunft und \u00fcberlegen, wie wir uns weiter verbessern und innovieren k\u00f6nnen. <\/p><\/div><\/div>\n\n\n\n<div class=\"wp-block-group footer has-global-padding is-content-justification-left is-layout-constrained wp-container-core-group-is-layout-0416e3c3 wp-block-group-is-layout-constrained\"><a class=\"wp-block-read-more\" href=\"https:\/\/intercel.eu\/de\/referenzen\/burtec-elektrifizierte-kernbohrgerate\/\" target=\"_self\">Mehr lesen<span class=\"screen-reader-text\">: Burtec Elektrifizierte Kernbohrger\u00e4te<\/span><\/a><\/div>\n<\/div>\n\n<\/li><\/ul><\/div>\n<\/div>\n","protected":false},"excerpt":{"rendered":"<p>Vielen Dank, dass Sie unseren Rechner verwendet haben Wir haben die Ergebnisse an Ihre E-Mail gesendet. Wenn Sie Fragen haben, rufen Sie uns unter +31 (0)88- 5149902 an oder antworten Sie einfach auf die E-Mail. Mandantenf\u00e4lle Du bist nicht der Erste, der seine Maschinen elektrifiziert, und du wirst nicht der Letzte sein. In ganz Europa &hellip; <a href=\"https:\/\/intercel.eu\/de\/elektrifizierung\/berechnen\/danke\/\">Fortgesetzt<\/a><\/p>\n","protected":false},"author":6,"featured_media":0,"parent":7306,"menu_order":0,"comment_status":"closed","ping_status":"closed","template":"","meta":{"footnotes":""},"class_list":["post-21359","page","type-page","status-publish","hentry"],"acf":[],"_links":{"self":[{"href":"https:\/\/intercel.eu\/de\/wp-json\/wp\/v2\/pages\/21359","targetHints":{"allow":["GET"]}}],"collection":[{"href":"https:\/\/intercel.eu\/de\/wp-json\/wp\/v2\/pages"}],"about":[{"href":"https:\/\/intercel.eu\/de\/wp-json\/wp\/v2\/types\/page"}],"author":[{"embeddable":true,"href":"https:\/\/intercel.eu\/de\/wp-json\/wp\/v2\/users\/6"}],"replies":[{"embeddable":true,"href":"https:\/\/intercel.eu\/de\/wp-json\/wp\/v2\/comments?post=21359"}],"version-history":[{"count":5,"href":"https:\/\/intercel.eu\/de\/wp-json\/wp\/v2\/pages\/21359\/revisions"}],"predecessor-version":[{"id":21376,"href":"https:\/\/intercel.eu\/de\/wp-json\/wp\/v2\/pages\/21359\/revisions\/21376"}],"up":[{"embeddable":true,"href":"https:\/\/intercel.eu\/de\/wp-json\/wp\/v2\/pages\/7306"}],"wp:attachment":[{"href":"https:\/\/intercel.eu\/de\/wp-json\/wp\/v2\/media?parent=21359"}],"curies":[{"name":"wp","href":"https:\/\/api.w.org\/{rel}","templated":true}]}}