{"id":35186,"date":"2026-02-05T10:27:07","date_gmt":"2026-02-05T09:27:07","guid":{"rendered":"https:\/\/intercel.eu\/?page_id=35186"},"modified":"2026-02-10T09:51:45","modified_gmt":"2026-02-10T08:51:45","slug":"200ah","status":"publish","type":"page","link":"https:\/\/intercel.eu\/de\/wissen-erkenntnisse\/batterietechnologie\/agm-batterien\/200ah\/","title":{"rendered":"AGM-Batterie 200Ah"},"content":{"rendered":"\n<div class=\"wp-block-group has-global-padding is-layout-constrained wp-container-core-group-is-layout-97829e9f wp-block-group-is-layout-constrained\" style=\"padding-right:var(--wp--preset--spacing--40);padding-left:var(--wp--preset--spacing--40)\">\n<div class=\"wp-block-columns alignwide are-vertically-aligned-center is-layout-flex wp-container-core-columns-is-layout-28f84493 wp-block-columns-is-layout-flex\">\n<div class=\"wp-block-column is-vertically-aligned-center is-layout-flow wp-block-column-is-layout-flow\" style=\"flex-basis:66.6%\">\n<div class=\"wp-block-group has-global-padding is-layout-constrained wp-block-group-is-layout-constrained\">\n<h2 class=\"wp-block-heading has-x-large-font-size\">Zuverl\u00e4ssige Energie f\u00fcr anspruchsvolle Anwendungen<\/h2>\n\n\n\n<p>Eine <strong>200Ah AGM-Batterie<\/strong> ist eine robuste und vielseitige Energiespeicherl\u00f6sung, die f\u00fcr eine Vielzahl von Anwendungen geeignet ist.<br \/>Einer der Hauptvorteile einer AGM-Batterie (Absorbed Glass Mat) ist die Verwendung von Glasfaserseparatoren zwischen den Bleiplatten. Diese Glasmatten absorbieren den Elektrolyten und verhindern so, dass er sich frei in der Batterie bewegt. <\/p>\n\n\n\n<p>Dadurch ist eine AGM-Batterie <strong>auslaufsicher, spritzwassergesch\u00fctzt und sicher in der Anwendung<\/strong>.<\/p>\n\n\n\n<div style=\"height:29px\" aria-hidden=\"true\" class=\"wp-block-spacer\"><\/div>\n\n\n\n<h3 class=\"wp-block-heading\">Widerstandsf\u00e4hig gegen Tiefentladung<\/h3>\n\n\n\n<p>Die <strong>AGM 200Ah Batterie<\/strong> ist f\u00fcr anspruchsvolle Betriebsbedingungen ausgelegt. Obwohl Tiefentladungen zur Maximierung der Batterielebensdauer stets begrenzt werden sollten, tolerieren AGM-Batterien tiefere Entladezyklen im Allgemeinen besser als herk\u00f6mmliche Nass-Blei-S\u00e4ure-Batterien. <\/p>\n\n\n\n<p>Im Vergleich zu Gel-Batterien werden AGM-Batterien oft in Anwendungen bevorzugt, die <strong>h\u00f6here Entladestr\u00f6me und eine schnellere Erholung<\/strong> erfordern, wodurch sie sowohl f\u00fcr den zyklischen Einsatz als auch f\u00fcr Hochlastsituationen geeignet sind.<\/p>\n\n\n\n<div style=\"height:33px\" aria-hidden=\"true\" class=\"wp-block-spacer\"><\/div>\n\n\n\n<h3 class=\"wp-block-heading\">Installation auf engem Raum<\/h3>\n\n\n\n<p>AGM-Batterien sind hermetisch versiegelt und intern gut gesch\u00fctzt. Da kein fl\u00fcssiger Elektrolyt austreten kann, kann die Batterie bei Bedarf nicht nur aufrecht, sondern auch auf der Seite installiert werden.<br \/>Dies macht eine <strong>200Ah AGM-Batterie<\/strong> ideal f\u00fcr Installationen auf engem Raum, wie zum Beispiel: <\/p>\n\n\n\n<ul class=\"wp-block-list\">\n<li><a href=\"https:\/\/intercel.eu\/de\/motiv\/wohnwagen-wohnmobil\/\" data-type=\"page\" data-id=\"10315\">Wohnwagen und Reisemobile<\/a><\/li>\n\n\n\n<li><a href=\"https:\/\/intercel.eu\/de\/motiv\/elektrisches-bootfahren\/\" data-type=\"page\" data-id=\"10291\">Freizeitboote und Yachten<\/a><\/li>\n\n\n\n<li>kompakte Technikf\u00e4cher<\/li>\n<\/ul>\n\n\n\n<p>Die Batterie kann in jeder Ausrichtung montiert werden, au\u00dfer vollst\u00e4ndig auf dem Kopf stehend.<\/p>\n\n\n\n<div style=\"height:30px\" aria-hidden=\"true\" class=\"wp-block-spacer\"><\/div>\n<\/div>\n<\/div>\n\n\n\n<div class=\"wp-block-column is-layout-flow wp-block-column-is-layout-flow\">\n<figure class=\"wp-block-image size-large\"><img loading=\"lazy\" decoding=\"async\" width=\"1024\" height=\"561\" src=\"https:\/\/intercel.eu\/\/app\/uploads\/2026\/02\/cellpower-cpc-200-12-1024x561.jpg\" alt=\"AGM-Batterie 200 Ah\" class=\"wp-image-35216\" srcset=\"https:\/\/intercel.eu\/\/app\/uploads\/2026\/02\/cellpower-cpc-200-12-1024x561.jpg 1024w, https:\/\/intercel.eu\/\/app\/uploads\/2026\/02\/cellpower-cpc-200-12-300x164.jpg 300w, https:\/\/intercel.eu\/\/app\/uploads\/2026\/02\/cellpower-cpc-200-12-768x421.jpg 768w, https:\/\/intercel.eu\/\/app\/uploads\/2026\/02\/cellpower-cpc-200-12-1536x842.jpg 1536w, https:\/\/intercel.eu\/\/app\/uploads\/2026\/02\/cellpower-cpc-200-12-2048x1123.jpg 2048w, https:\/\/intercel.eu\/\/app\/uploads\/2026\/02\/cellpower-cpc-200-12-50x27.jpg 50w, https:\/\/intercel.eu\/\/app\/uploads\/2026\/02\/cellpower-cpc-200-12-1600x877.jpg 1600w, https:\/\/intercel.eu\/\/app\/uploads\/2026\/02\/cellpower-cpc-200-12-319x175.jpg 319w, https:\/\/intercel.eu\/\/app\/uploads\/2026\/02\/cellpower-cpc-200-12-600x329.jpg 600w\" sizes=\"auto, (max-width: 1024px) 100vw, 1024px\" \/><\/figure>\n<\/div>\n<\/div>\n\n\n\n<div class=\"wp-block-columns alignwide are-vertically-aligned-center is-layout-flex wp-container-core-columns-is-layout-7d874bf9 wp-block-columns-is-layout-flex\" style=\"margin-top:0;margin-bottom:0;padding-top:0;padding-bottom:0\">\n<div class=\"wp-block-column is-vertically-aligned-center is-layout-flow wp-block-column-is-layout-flow\" style=\"flex-basis:66.6%\">\n<div class=\"wp-block-group has-global-padding is-layout-constrained wp-block-group-is-layout-constrained\">\n<h3 class=\"wp-block-heading\">Lebensdauer einer 12V AGM 200Ah Batterie<\/h3>\n\n\n\n<p>Die Lebensdauer einer 200Ah AGM-Batterie h\u00e4ngt stark von ihrer Nutzung ab. Die folgende Tabelle zeigt typische Lebensdauerbereiche pro Anwendungsart. <\/p>\n\n\n\n<figure class=\"wp-block-table is-style-stripes\"><table class=\"has-fixed-layout\"><thead><tr><th>Nutzungsart<\/th><th>Typische Anwendungsbeispiele<\/th><th>Entladetiefe (DoD)<\/th><th>Temperaturprofil<\/th><th>Typische Lebensdauer<\/th><\/tr><\/thead><tbody><tr><td><strong>Standby- \/ Pufferbetrieb<\/strong><\/td><td>USV, Notstrom, Sicherheitssysteme<\/td><td>20 % DoD<\/td><td>Stabil (20\u201325 \u00b0C)<\/td><td><strong>6\u20138 Jahre<\/strong><\/td><\/tr><tr><td><strong>Leichter zyklischer Gebrauch<\/strong><\/td><td>Freizeitfahrzeuge, Freizeitboote, Notstromversorgung<\/td><td>20\u201340 % DoD<\/td><td>Meist stabil<\/td><td><strong>4\u20136 Jahre<\/strong><\/td><\/tr><tr><td><strong>Moderater zyklischer Gebrauch<\/strong><\/td><td>Solarspeicher, Off-Grid-Systeme, mobile Stromversorgung<\/td><td>40\u201360 % DoD<\/td><td>Variabel<\/td><td><strong>3\u20135 Jahre<\/strong><\/td><\/tr><tr><td><strong>Intensiver zyklischer Gebrauch<\/strong><\/td><td>Mobilit\u00e4t, t\u00e4glicher Betrieb, industrielle Anwendungen<\/td><td>60\u201380 % DoD<\/td><td>Variabel \/ erh\u00f6ht<\/td><td><strong>2\u20134 Jahre<\/strong><\/td><\/tr><tr><td><strong>Hochlast- \/ Spitzenleistungsanwendungen<\/strong><\/td><td>Marine-Winden, Bugstrahlruder, Start-Booster<\/td><td>Hohe Spitzenstr\u00f6me<\/td><td>Variabel<\/td><td><strong>3\u20135 Jahre<\/strong>*<\/td><\/tr><\/tbody><\/table><\/figure>\n\n\n\n<p>* <em>Die kalendarische Lebensdauer kann k\u00fcrzer sein, aber die Batterien sind f\u00fcr hohe Leistung und Spitzenentladef\u00e4higkeit ausgelegt.<\/em><\/p>\n\n\n\n<p>Zur Maximierung der Lebensdauer wird eine regelm\u00e4\u00dfige Wartungsladung empfohlen, wenn die Batterie nicht aktiv genutzt wird.<br \/>Im Vergleich dazu halten herk\u00f6mmliche Nass-Blei-S\u00e4ure-Batterien in der Regel zwischen <strong>drei und f\u00fcnf Jahren<\/strong>, was AGM-Batterien zu einer leistungsst\u00e4rkeren, aber auch h\u00f6herwertigen Investition macht.<\/p>\n\n\n\n<div style=\"height:25px\" aria-hidden=\"true\" class=\"wp-block-spacer\"><\/div>\n\n\n\n<h3 class=\"wp-block-heading\">Anwendungen einer 200Ah AGM-Batterie<\/h3>\n\n\n\n<p>Dank ihrer hohen Kapazit\u00e4t und langen Zyklenlebensdauer ist die <strong>AGM 200Ah Batterie<\/strong> f\u00fcr eine Vielzahl von Anwendungen geeignet, darunter:<\/p>\n\n\n\n<ul class=\"wp-block-list\">\n<li>Freizeitboote und Yachten<\/li>\n\n\n\n<li>elektrische Rollst\u00fchle und Mobilit\u00e4tsl\u00f6sungen<\/li>\n\n\n\n<li>elektrisch betriebene Gartenger\u00e4te<\/li>\n\n\n\n<li>Freizeit- und mobile Energiesysteme<\/li>\n<\/ul>\n\n\n\n<p>Die Batterie ist in der Lage, <strong>hohe Spitzenstr\u00f6me<\/strong> zu liefern, was f\u00fcr Anwendungen, die Startsch\u00fcbe oder kurze Phasen hoher Leistung erfordern, unerl\u00e4sslich ist. Im maritimen Bereich umfasst dies Komponenten wie Bugstrahlruder, Winden und Anlasser. <\/p>\n\n\n\n<p>Ansicht <a href=\"https:\/\/intercel.eu\/de\/motiv\/batterien\/?_kind=agm-en_capacity_ah=200.00%2C250.00\" data-type=\"link\" data-id=\"https:\/\/intercel.eu\/motive\/batteries\/?_kind=agm-en_capacity_ah=200.00%2C250.00\">200Ah AGM-Batterien f\u00fcr zyklische Nutzung<\/a><br \/>Ansicht <a href=\"https:\/\/intercel.eu\/de\/standby\/batterien\/?_kind=agm-en_capacity_ah=198.80%2C201.80\" data-type=\"link\" data-id=\"https:\/\/intercel.eu\/standby\/batteries\/?_kind=agm-en_capacity_ah=198.80%2C201.80\">200Ah AGM-Batterien f\u00fcr Standby-Nutzung<\/a><\/p>\n\n\n\n<div style=\"height:25px\" aria-hidden=\"true\" class=\"wp-block-spacer\"><\/div>\n\n\n\n<h3 class=\"wp-block-heading\">AGM 12V 200Ah Batterie und Solarsysteme<\/h3>\n\n\n\n<p>Zus\u00e4tzlich zu mobilen und hochbelastbaren Anwendungen wird eine <strong>12V AGM 200Ah Batterie<\/strong> h\u00e4ufig in Solar- und <a href=\"https:\/\/intercel.eu\/de\/lagerung\/stromloesungen-fuer-netzueberlastung\/netzunabhangige-stromversorgung\/\" data-type=\"page\" data-id=\"7382\">Off-Grid-Energiesystemen<\/a> eingesetzt. Ihr wartungsfreies Design und ihre stabile Leistung machen sie zu einer zuverl\u00e4ssigen Wahl sowohl f\u00fcr private als auch f\u00fcr professionelle <a href=\"https:\/\/intercel.eu\/de\/lagerung\/energiespeichersysteme\/\" data-type=\"page\" data-id=\"7368\">Energiespeicherl\u00f6sungen<\/a>.<\/p>\n\n\n\n<div style=\"height:25px\" aria-hidden=\"true\" class=\"wp-block-spacer\"><\/div>\n\n\n\n<h3 class=\"wp-block-heading\">Ist eine 200Ah AGM-Batterie die richtige Wahl f\u00fcr Ihre Anwendung?<\/h3>\n\n\n\n<p>Wenn Sie eine <strong>starke, vielseitige und zuverl\u00e4ssige Batterie<\/strong> suchen, die auch unter anspruchsvollen Bedingungen gut funktioniert, ist die AGM 200Ah Batterie eine ausgezeichnete Wahl. Obwohl die AGM-Technologie im Vergleich zu anderen Blei-S\u00e4ure-Batterien mit einer h\u00f6heren Anfangsinvestition verbunden ist, wird dies typischerweise durch verbesserte Leistung, Sicherheit und Lebensdauer ausgeglichen. <\/p>\n\n\n\n<p>Sie sind sich nicht sicher, ob eine 200Ah AGM-Batterie die richtige L\u00f6sung f\u00fcr Ihre Situation ist?<br \/>Unsere Spezialisten beraten Sie gerne und helfen Ihnen bei der Auswahl der am besten geeigneten Batterie f\u00fcr Ihre Anwendung.<\/p>\n\n\n\n<div class=\"wp-block-buttons is-layout-flex wp-block-buttons-is-layout-flex\">\n<div class=\"wp-block-button is-style-arrow\" id=\"contact-form-popup\"><a class=\"wp-block-button__link wp-element-button\" href=\"https:\/\/intercel.eu\/de\/kontakt\/\">Fragen Sie einen Spezialisten<\/a><\/div>\n<\/div>\n\n\n\n<div style=\"height:25px\" aria-hidden=\"true\" class=\"wp-block-spacer\"><\/div>\n<\/div>\n<\/div>\n\n\n\n<div class=\"wp-block-column is-sticky is-layout-flow wp-block-column-is-layout-flow\">\n<div class=\"wp-block-group is-style-indrukwekkend-afgerond has-horizontal-grey-to-dark-grey-gradient-background has-background has-global-padding is-layout-constrained wp-container-core-group-is-layout-5c53b157 wp-block-group-is-layout-constrained\" style=\"margin-top:0;margin-bottom:0;padding-top:0;padding-right:0;padding-bottom:0;padding-left:0\">\n<div class=\"wp-block-group is-style-indrukwekkend-rond-schaduw has-contrast-color has-vertical-white-to-light-grey-gradient-background has-text-color has-background has-link-color wp-elements-5f0648b913530a04728cfcf6c1d6131c has-global-padding is-layout-constrained wp-container-core-group-is-layout-a35945ca wp-block-group-is-layout-constrained\" style=\"padding-top:var(--wp--preset--spacing--30);padding-right:var(--wp--preset--spacing--30);padding-bottom:var(--wp--preset--spacing--30);padding-left:var(--wp--preset--spacing--30)\">\n<h2 class=\"wp-block-heading has-text-align-left has-donker-grijs-color has-text-color has-link-color has-x-large-font-size wp-elements-ea904b3a718d520e13130b7e7dd17a33\">Ben\u00f6tigen Sie Beratung zu diesem Thema?<\/h2>\n\n\n\n<p class=\"has-text-align-left has-donker-grijs-color has-text-color has-link-color wp-elements-cbf7a7bc2d97b8b19c389ca987e2ead1\">Unsere Spezialisten helfen dir gerne dabei, die am besten geeignete Batterie f\u00fcr deine reale Situation zu ermitteln.<\/p>\n\n\n\n<div class=\"wp-block-buttons is-content-justification-left is-layout-flex wp-container-core-buttons-is-layout-fc4fd283 wp-block-buttons-is-layout-flex\">\n<div class=\"wp-block-button is-style-arrow-white\" id=\"contact-form-popup\"><a class=\"wp-block-button__link has-text-align-center wp-element-button\" href=\"https:\/\/intercel.eu\/de\/kontakt\/\">Kontaktieren Sie uns<\/a><\/div>\n<\/div>\n<\/div>\n<\/div>\n<\/div>\n<\/div>\n<\/div>\n","protected":false},"excerpt":{"rendered":"<p>Zuverl\u00e4ssige Energie f\u00fcr anspruchsvolle Anwendungen Eine 200Ah AGM-Batterie ist eine robuste und vielseitige Energiespeicherl\u00f6sung, die f\u00fcr eine Vielzahl von Anwendungen geeignet ist.Einer der Hauptvorteile einer AGM-Batterie (Absorbed Glass Mat) ist die Verwendung von Glasfaserseparatoren zwischen den Bleiplatten. Diese Glasmatten absorbieren den Elektrolyten und verhindern so, dass er sich frei in der Batterie bewegt. Dadurch ist &hellip; <a href=\"https:\/\/intercel.eu\/de\/wissen-erkenntnisse\/batterietechnologie\/agm-batterien\/200ah\/\">Fortgesetzt<\/a><\/p>\n","protected":false},"author":6,"featured_media":0,"parent":10225,"menu_order":0,"comment_status":"open","ping_status":"closed","template":"","meta":{"footnotes":""},"class_list":["post-35186","page","type-page","status-publish","hentry"],"acf":[],"_links":{"self":[{"href":"https:\/\/intercel.eu\/de\/wp-json\/wp\/v2\/pages\/35186","targetHints":{"allow":["GET"]}}],"collection":[{"href":"https:\/\/intercel.eu\/de\/wp-json\/wp\/v2\/pages"}],"about":[{"href":"https:\/\/intercel.eu\/de\/wp-json\/wp\/v2\/types\/page"}],"author":[{"embeddable":true,"href":"https:\/\/intercel.eu\/de\/wp-json\/wp\/v2\/users\/6"}],"replies":[{"embeddable":true,"href":"https:\/\/intercel.eu\/de\/wp-json\/wp\/v2\/comments?post=35186"}],"version-history":[{"count":10,"href":"https:\/\/intercel.eu\/de\/wp-json\/wp\/v2\/pages\/35186\/revisions"}],"predecessor-version":[{"id":35251,"href":"https:\/\/intercel.eu\/de\/wp-json\/wp\/v2\/pages\/35186\/revisions\/35251"}],"up":[{"embeddable":true,"href":"https:\/\/intercel.eu\/de\/wp-json\/wp\/v2\/pages\/10225"}],"wp:attachment":[{"href":"https:\/\/intercel.eu\/de\/wp-json\/wp\/v2\/media?parent=35186"}],"curies":[{"name":"wp","href":"https:\/\/api.w.org\/{rel}","templated":true}]}}