{"id":37229,"date":"2026-04-01T10:42:42","date_gmt":"2026-04-01T08:42:42","guid":{"rendered":"https:\/\/intercel.eu\/?page_id=37229"},"modified":"2026-04-01T10:52:37","modified_gmt":"2026-04-01T08:52:37","slug":"motive-danke","status":"publish","type":"page","link":"https:\/\/intercel.eu\/de\/kontakt\/motive-danke\/","title":{"rendered":"Motive \u2013 Vielen Dank f\u00fcr Ihre Kontaktaufnahme"},"content":{"rendered":"\n<h2 class=\"wp-block-heading\">Kontaktformular erfolgreich verschickt!<\/h2>\n\n<p>Vielen Dank f\u00fcr Ihre Nachricht. Wir werden uns so schnell wie m\u00f6glich bei Ihnen melden. <\/p>\n\n<p>Ben\u00f6tigen Sie dringend eine Antwort? Rufen Sie uns an, und wir helfen Ihnen direkt: <a href=\"tel:+31885149900\" target=\"_blank\" rel=\"noreferrer noopener\">+31(0)88 \u2013 514 99 00<\/a> <\/p>\n\n<div style=\"height:24px\" aria-hidden=\"true\" class=\"wp-block-spacer\"><\/div>\n\n<div class=\"wp-block-columns is-not-stacked-on-mobile has-vertical-grey-to-white-gradient-background has-background is-layout-flex wp-container-core-columns-is-layout-a5331a9e wp-block-columns-is-layout-flex\" style=\"border-top-left-radius:25px;border-top-right-radius:25px;border-bottom-left-radius:25px;border-bottom-right-radius:25px;padding-top:0;padding-right:0;padding-bottom:0;padding-left:0;box-shadow:var(--wp--preset--shadow--natural)\">\n<div class=\"wp-block-column is-vertically-aligned-center is-layout-flow wp-block-column-is-layout-flow\">\n<div class=\"wp-block-group has-global-padding is-layout-constrained wp-container-core-group-is-layout-52009084 wp-block-group-is-layout-constrained\" style=\"padding-top:var(--wp--preset--spacing--40);padding-right:var(--wp--preset--spacing--40);padding-bottom:var(--wp--preset--spacing--40);padding-left:var(--wp--preset--spacing--40)\">\n<h2 class=\"wp-block-heading has-contrast-color has-text-color has-link-color has-x-large-font-size wp-elements-42aaf3397b600dfc7e6783e2d48713f2\">Bleib mit <em>The Current<\/em> aktiv<\/h2>\n\n\n\n<p class=\"has-contrast-color has-text-color has-link-color wp-elements-70a65d2b9c4980d02f1ed88b4eac3bb0\">Abonnieren Sie unser digitales Journal <em>The Current<\/em> und bleiben Sie informiert \u00fcber die neuesten Batterieinnovationen, Veranstaltungen, Marktentwicklungen und Praxisbeispiele.<\/p>\n\n\n\n<div class=\"wp-block-buttons is-content-justification-left is-layout-flex wp-container-core-buttons-is-layout-fc4fd283 wp-block-buttons-is-layout-flex\">\n<div class=\"wp-block-button is-style-arrow\"><a class=\"wp-block-button__link has-text-align-center wp-element-button\" href=\"https:\/\/mailchi.mp\/420996ce8b06\/subscribe-to-the-current\" target=\"_blank\" rel=\"noopener\">Abonnieren<\/a><\/div>\n<\/div>\n<\/div>\n<\/div>\n\n\n\n<div class=\"wp-block-column is-vertically-aligned-center is-style-default is-layout-flow wp-container-core-column-is-layout-f8561097 wp-block-column-is-layout-flow\" style=\"border-radius:25px;padding-top:0;padding-right:0;padding-bottom:0;padding-left:0;flex-basis:33.33%\">\n<div class=\"wp-block-group has-global-padding is-layout-constrained wp-block-group-is-layout-constrained has-background\" style=\"border-top-right-radius:25px;border-bottom-right-radius:25px;background-image:url(&apos;https:\/\/intercel.eu\/\/app\/uploads\/2025\/11\/The-Current-newspaper-1.png&apos;);background-position:20% 70%;background-size:cover;background-attachment:scroll;\">\n<div style=\"height:280px\" aria-hidden=\"true\" class=\"wp-block-spacer\"><\/div>\n<\/div>\n<\/div>\n<\/div>\n","protected":false},"excerpt":{"rendered":"<p>Kontaktformular erfolgreich verschickt! Vielen Dank f\u00fcr Ihre Nachricht. Wir werden uns so schnell wie m\u00f6glich bei Ihnen melden. Ben\u00f6tigen Sie dringend eine Antwort? Rufen Sie uns an, und wir helfen Ihnen direkt: +31(0)88 \u2013 514 99 00<\/p>\n","protected":false},"author":6,"featured_media":0,"parent":19123,"menu_order":0,"comment_status":"closed","ping_status":"closed","template":"","meta":{"footnotes":""},"class_list":["post-37229","page","type-page","status-publish","hentry"],"acf":[],"_links":{"self":[{"href":"https:\/\/intercel.eu\/de\/wp-json\/wp\/v2\/pages\/37229","targetHints":{"allow":["GET"]}}],"collection":[{"href":"https:\/\/intercel.eu\/de\/wp-json\/wp\/v2\/pages"}],"about":[{"href":"https:\/\/intercel.eu\/de\/wp-json\/wp\/v2\/types\/page"}],"author":[{"embeddable":true,"href":"https:\/\/intercel.eu\/de\/wp-json\/wp\/v2\/users\/6"}],"replies":[{"embeddable":true,"href":"https:\/\/intercel.eu\/de\/wp-json\/wp\/v2\/comments?post=37229"}],"version-history":[{"count":4,"href":"https:\/\/intercel.eu\/de\/wp-json\/wp\/v2\/pages\/37229\/revisions"}],"predecessor-version":[{"id":37241,"href":"https:\/\/intercel.eu\/de\/wp-json\/wp\/v2\/pages\/37229\/revisions\/37241"}],"up":[{"embeddable":true,"href":"https:\/\/intercel.eu\/de\/wp-json\/wp\/v2\/pages\/19123"}],"wp:attachment":[{"href":"https:\/\/intercel.eu\/de\/wp-json\/wp\/v2\/media?parent=37229"}],"curies":[{"name":"wp","href":"https:\/\/api.w.org\/{rel}","templated":true}]}}