{"id":6903,"date":"2025-11-06T10:27:12","date_gmt":"2025-11-06T09:27:12","guid":{"rendered":"https:\/\/intercel.eu\/?page_id=6903"},"modified":"2025-12-16T17:18:04","modified_gmt":"2025-12-16T16:18:04","slug":"unsere-verantwortlichkeiten","status":"publish","type":"page","link":"https:\/\/intercel.eu\/de\/uber-intercel\/unsere-verantwortlichkeiten\/","title":{"rendered":"Unsere Verantwortlichkeiten"},"content":{"rendered":"\n<div class=\"wp-block-group alignwide has-global-padding is-layout-constrained wp-block-group-is-layout-constrained\">\n<div class=\"wp-block-columns is-layout-flex wp-container-core-columns-is-layout-28f84493 wp-block-columns-is-layout-flex\">\n<div class=\"wp-block-column is-layout-flow wp-block-column-is-layout-flow\"><\/div>\n\n\n\n<div class=\"wp-block-column is-layout-flow wp-block-column-is-layout-flow\"><\/div>\n<\/div>\n\n\n\n<div class=\"wp-block-columns is-layout-flex wp-container-core-columns-is-layout-28f84493 wp-block-columns-is-layout-flex\">\n<div class=\"wp-block-column is-vertically-aligned-top is-layout-flow wp-block-column-is-layout-flow\">\n<h2 class=\"wp-block-heading\">Fortschritt verantwortungsvoll vorantreiben<\/h2>\n\n\n\n<p>Bei Intercel glauben wir, dass die Energieversorgung der Zukunft Hand in Hand mit ihrem Schutz geht. Unser Engagement f\u00fcr Nachhaltigkeit geht \u00fcber unsere Produkte hinaus. Es pr\u00e4gt, wie wir arbeiten, wie wir Materialien beschaffen und wie wir mit Menschen und dem Planeten umgehen.  <\/p>\n\n\n\n<p>Wir \u00fcbernehmen Verantwortung in der gesamten Wertsch\u00f6pfungskette: von der Auswahl der Rohstoffe und der Transparenz unserer Lieferanten bis hin zu sicheren Produktionsprozessen, Recycling und der Einhaltung internationaler Standards.<\/p>\n\n\n\n<div style=\"height:70px\" aria-hidden=\"true\" class=\"wp-block-spacer\"><\/div>\n\n\n\n<figure class=\"wp-block-image size-large is-style-rounded\"><img loading=\"lazy\" decoding=\"async\" width=\"1024\" height=\"683\" src=\"https:\/\/intercel.eu\/\/app\/uploads\/2025\/10\/1-1-scaled-1-1024x683.jpg\" alt=\"EcoVadis-Gold-Logo und: Verantwortungs- und Sicherheitsbeauftragte bei der Pr&#xFC;fung eines ESS-Schaltschranks\" class=\"wp-image-7534\" srcset=\"https:\/\/intercel.eu\/\/app\/uploads\/2025\/10\/1-1-scaled-1-1024x683.jpg 1024w, https:\/\/intercel.eu\/\/app\/uploads\/2025\/10\/1-1-scaled-1-300x200.jpg 300w, https:\/\/intercel.eu\/\/app\/uploads\/2025\/10\/1-1-scaled-1-768x512.jpg 768w, https:\/\/intercel.eu\/\/app\/uploads\/2025\/10\/1-1-scaled-1-1536x1024.jpg 1536w, https:\/\/intercel.eu\/\/app\/uploads\/2025\/10\/1-1-scaled-1-2048x1366.jpg 2048w, https:\/\/intercel.eu\/\/app\/uploads\/2025\/10\/1-1-scaled-1-50x33.jpg 50w, https:\/\/intercel.eu\/\/app\/uploads\/2025\/10\/1-1-scaled-1-1600x1067.jpg 1600w, https:\/\/intercel.eu\/\/app\/uploads\/2025\/10\/1-1-scaled-1-600x400.jpg 600w, https:\/\/intercel.eu\/\/app\/uploads\/2025\/10\/1-1-scaled-1-500x333.jpg 500w, https:\/\/intercel.eu\/\/app\/uploads\/2025\/10\/1-1-scaled-1-262x175.jpg 262w\" sizes=\"auto, (max-width: 1024px) 100vw, 1024px\" \/><\/figure>\n\n\n\n<div style=\"height:70px\" aria-hidden=\"true\" class=\"wp-block-spacer\"><\/div>\n<\/div>\n\n\n\n<div class=\"wp-block-column is-vertically-aligned-bottom is-layout-flow wp-block-column-is-layout-flow\">\n<h2 class=\"wp-block-heading\">Warum unsere Nachhaltigkeits- und Compliance-Richtlinien f\u00fcr Sie wichtig sind<\/h2>\n\n\n\n<p>Unsere Nachhaltigkeits- und Compliance-Aktivit\u00e4ten sind von entscheidender Bedeutung, da sie unseren Kunden in einer zunehmend komplexen regulatorischen Landschaft Sicherheit und Vertrauen geben. Durch das proaktive Management von Themen wie ESG-Performance, die Einreichung von CDP-Offenlegungen, die Vorbereitung von vSME-Nachhaltigkeitsberichten sowie die vollst\u00e4ndige Einhaltung der EU-Batterieverordnung reduziert der Hersteller Risiken und den administrativen Aufwand f\u00fcr seine Kunden. Kunden k\u00f6nnen darauf vertrauen, dass die von ihnen eingesetzten Produkte strenge \u00f6kologische und soziale Standards erf\u00fcllen, ihre eigenen Berichtspflichten unterst\u00fctzen und mit zukunftssicheren Nachhaltigkeitsanforderungen im Einklang stehen \u2013 sodass sie sich auf ihr Kerngesch\u00e4ft konzentrieren k\u00f6nnen, ohne sich um versteckte Compliance-L\u00fccken sorgen zu m\u00fcssen.  <\/p>\n\n\n\n<div class=\"wp-block-group has-global-padding is-layout-constrained wp-block-group-is-layout-constrained\" style=\"margin-top:0;margin-bottom:0\">\n<div style=\"height:5px\" aria-hidden=\"true\" class=\"wp-block-spacer\"><\/div>\n\n\n\n<h2 class=\"wp-block-heading\">EcoVadis-Goldmedaille<\/h2>\n\n\n\n<p>Im August 2025 wurde die Intercel Group mit der EcoVadis-Goldmedaille ausgezeichnet und z\u00e4hlt damit zu den weltweit besten 5 % der Unternehmen in Bezug auf Nachhaltigkeitsleistung. Diese Auszeichnung spiegelt unsere kontinuierlichen Anstrengungen in den Bereichen Umwelt, Arbeits- und Menschenrechte, Ethik sowie nachhaltige Beschaffung wider und best\u00e4tigt, dass unsere Taten mit unseren Worten \u00fcbereinstimmen. <\/p>\n\n\n\n<p>Wir sind stolz auf diese Auszeichnung, doch sie ist lediglich ein Meilenstein \u2013 nicht das Ziel. Jeden Tag arbeiten wir weiter daran, unsere Prozesse zu verbessern und mit Partnern zusammenzuarbeiten, die unser Engagement f\u00fcr eine sauberere, sicherere und transparentere Energiezukunft teilen.  <\/p>\n\n\n\n<div class=\"wp-block-buttons is-layout-flex wp-block-buttons-is-layout-flex\">\n<div class=\"wp-block-button\"><a class=\"wp-block-button__link wp-element-button\" href=\"https:\/\/intercel.eu\/de\/intercel-group-mit-ecovadis-goldmedaille-fuer-nachhaltigkeitsleistungen-ausgezeichnet\/\">Lesen Sie mehr \u00fcber Ecovadis<\/a><\/div>\n<\/div>\n<\/div>\n<\/div>\n<\/div>\n\n\n\n<div class=\"wp-block-group has-global-padding is-layout-constrained wp-block-group-is-layout-constrained\">\n<div class=\"wp-block-columns is-layout-flex wp-container-core-columns-is-layout-28f84493 wp-block-columns-is-layout-flex\">\n<div class=\"wp-block-column is-layout-flow wp-block-column-is-layout-flow\">\n<h2 class=\"wp-block-heading\">Verpflichtung zu einer nachhaltigen Zukunft<\/h2>\n\n\n\n<p>Ein gro\u00dfer Teil unseres Gesch\u00e4fts ist auf die Energiewende ausgerichtet. So verfolgt Intercel Electrification das Ziel, den \u00dcbergang von fossil betriebenen mobilen Maschinen zur Elektrifizierung durch die Entwicklung robuster und technologisch fortschrittlicher Batterien zu beschleunigen. Intercel Storage wiederum hat das Ziel, erneuerbare Energiequellen jederzeit verf\u00fcgbar zu machen, indem hochwertige Energiespeichersysteme bereitgestellt werden.  <\/p>\n\n\n\n<p>Unabh\u00e4ngig davon sind wir als Intercel Teil der Energiewende und damit auch des \u00dcbergangs zu einer nachhaltigen Zukunft. Dies macht uns umso bewusster, dass wir unsere Entscheidungen verantwortungsvoll treffen und eine langfristige Nachhaltigkeitsstrategie verfolgen m\u00fcssen. Nur so k\u00f6nnen wir nicht nur unsere eigenen Bed\u00fcrfnisse, sondern auch die zuk\u00fcnftiger Generationen sichern. <\/p>\n\n\n\n<div style=\"height:5px\" aria-hidden=\"true\" class=\"wp-block-spacer\"><\/div>\n<\/div>\n\n\n\n<div class=\"wp-block-column is-layout-flow wp-block-column-is-layout-flow\"><\/div>\n<\/div>\n\n\n\n<div class=\"wp-block-columns is-layout-flex wp-container-core-columns-is-layout-28f84493 wp-block-columns-is-layout-flex\">\n<div class=\"wp-block-column is-vertically-aligned-center is-layout-flow wp-block-column-is-layout-flow\">\n<figure class=\"wp-block-image alignleft size-kenmerkenFeatImgLarge is-style-rounded\"><img decoding=\"async\" src=\"https:\/\/intercel.eu\/app\/uploads\/sites\/3\/2024\/09\/NL-HlmNHA_Hrlm_17537-600x400.jpg\" alt=\"\" class=\"wp-image-21280\"\/><\/figure>\n<\/div>\n\n\n\n<div class=\"wp-block-column is-vertically-aligned-center is-layout-flow wp-block-column-is-layout-flow\">\n<h2 class=\"wp-block-heading has-text-align-left\">Nachhaltigkeit im Kern<\/h2>\n\n\n\n<h3 class=\"wp-block-heading\">Batterietechnologien<\/h3>\n\n\n\n<p>Mit dem Bekenntnis zu einer nachhaltigen Zukunft ist es wichtig, die vollst\u00e4ndigen Lebenszyklusphasen unserer Produkte so gut wie m\u00f6glich zu identifizieren und diese wherever m\u00f6glich nachhaltig zu gestalten.<\/p>\n\n\n\n<p>DDer Lebenszyklus unserer Batterie beginnt mit der Gewinnung der Rohstoffe und der Herstellung der Batteriezellen. Obwohl diese Phase au\u00dferhalb des direkten Einflussbereichs der Gesch\u00e4ftsprozesse von Intercel liegt, k\u00f6nnen wir sie durch bewusste Entscheidungen dennoch beeinflussen. In der Batterieindustrie sind LFP (Hauptrohstoffe: Lithium, Eisen und Phosphat) und NMC (Hauptrohstoffe: Nickel, Mangan und Kobalt) zwei g\u00e4ngige Lithium-Batterietechnologien. Die Gewinnung von Kobalt erfolgt h\u00e4ufig unter unethischen Bedingungen. Zudem ist die Lebensdauer von LFP-Batteriezellen deutlich l\u00e4nger. Aus diesem Grund verwenden wir in den von uns gelieferten Lithiumbatterien und Energiel\u00f6sungen nahezu ausschlie\u00dflich LFP-Batteriezellen. Dar\u00fcber hinaus arbeiten wir daran, auch unser Sortiment an Bleibatterien nachhaltiger zu gestalten. Ein gutes Beispiel hierf\u00fcr sind Lead-Carbon-Batterien, die sich durch eine verl\u00e4ngerte Lebensdauer auszeichnen.       <\/p>\n<\/div>\n<\/div>\n\n\n\n<div class=\"wp-block-columns is-layout-flex wp-container-core-columns-is-layout-28f84493 wp-block-columns-is-layout-flex\">\n<div class=\"wp-block-column is-layout-flow wp-block-column-is-layout-flow\">\n<h3 class=\"wp-block-heading\">Nachhaltigkeit in den Gesch\u00e4ftsprozessen von Intercel<\/h3>\n\n\n\n<p>eben der Auswahl bestimmter Batterietechnologien haben wir bei Intercel auch durch die Gestaltung unserer Gesch\u00e4ftsprozesse Einfluss auf die Umwelt. Dabei spielt unser Energieverbrauch eine wichtige Rolle.\nWir haben diesen nachhaltiger gestaltet, indem wir Solarpaneele auf unseren Betriebsgeb\u00e4uden installiert, am neuen Produktionsstandort ein Energiespeichersystem eingesetzt und eine W\u00e4rmepumpe installiert haben. Die H\u00e4lfte unserer Standorte ist bereits gasfrei.\nDar\u00fcber hinaus bem\u00fchen wir uns, die mit unseren Gesch\u00e4ftsprozessen verbundenen Transporte so nachhaltig wie m\u00f6glich zu gestalten. So reduzieren wir Flugreisen auf ein Minimum, und ein Gro\u00dfteil unseres Fahrzeugfuhrparks ist elektrisch. <\/p>\n\n\n\n<div style=\"height:5px\" aria-hidden=\"true\" class=\"wp-block-spacer\"><\/div>\n\n\n\n<h3 class=\"wp-block-heading\">Das \u201cEnde&#8221; von Lebenszyklen<\/h3>\n\n\n\n<p>Nachhaltiges Wirtschaften bedeutet auch, dass wir als Unternehmen Verantwortung f\u00fcr die von uns gelieferten Produkte \u00fcbernehmen und dar\u00fcber nachdenken, was am Ende ihrer Nutzungsdauer mit ihnen geschieht.\nIntercel ist der Stichting Open (ehemals Stibat) angeschlossen, die unter anderem die Ganzheitlichkeit des Recyclingprozesses f\u00f6rdert. Bleibatterien sind gut recycelbar; bis zu 99 % der Materialien k\u00f6nnen in diesem Prozess zur\u00fcckgewonnen werden.\nBei Lithiumbatterien ist dieser Anteil derzeit noch geringer, und aufgrund der hohen Temperaturen, die f\u00fcr das Recycling der Zellen erforderlich sind, geht momentan viel Energie verloren. Daher ist es sinnvoll zu untersuchen, wie diese Zellen k\u00fcnftig in h\u00f6herem Ma\u00dfe recycelt werden k\u00f6nnen. <\/p>\n<\/div>\n\n\n\n<div class=\"wp-block-column is-vertically-aligned-center is-layout-flow wp-block-column-is-layout-flow\">\n<div class=\"wp-block-columns has-horizontal-bright-red-to-darker-gradient-background has-background is-layout-flex wp-container-core-columns-is-layout-a5331a9e wp-block-columns-is-layout-flex\" style=\"border-top-left-radius:35px;border-top-right-radius:32px;border-bottom-left-radius:35px;border-bottom-right-radius:32px;padding-top:0;padding-right:0;padding-bottom:0;padding-left:0;box-shadow:var(--wp--preset--shadow--natural)\">\n<div class=\"wp-block-column is-vertically-aligned-stretch is-layout-flow wp-block-column-is-layout-flow\" style=\"flex-basis:33.33%\">\n<div class=\"wp-block-group is-style-default has-global-padding is-layout-constrained wp-container-core-group-is-layout-72d38984 wp-block-group-is-layout-constrained has-background\" style=\"border-top-left-radius:25px;border-bottom-left-radius:25px;min-height:100%;margin-top:0;margin-bottom:0;padding-top:0;padding-right:0;padding-bottom:0;padding-left:0;background-image:url(&apos;https:\/\/intercel.eu\/\/app\/uploads\/2025\/11\/Intercel-Sfeer-4-scaled-1.jpg&apos;);background-position:59% 35%;background-size:cover;\">\n<div style=\"height:200px\" aria-hidden=\"true\" class=\"wp-block-spacer\"><\/div>\n<\/div>\n<\/div>\n\n\n\n<div class=\"wp-block-column is-vertically-aligned-center is-style-indrukwekkend-afgerond is-layout-flow wp-container-core-column-is-layout-f2c55d9d wp-block-column-is-layout-flow\" style=\"border-style:none;border-width:0px;padding-top:var(--wp--preset--spacing--20);padding-right:var(--wp--preset--spacing--30);padding-bottom:var(--wp--preset--spacing--20);padding-left:var(--wp--preset--spacing--10)\">\n<div class=\"wp-block-group is-layout-flow wp-container-core-group-is-layout-e8824730 wp-block-group-is-layout-flow\" style=\"margin-top:0;margin-bottom:0;padding-top:var(--wp--preset--spacing--10);padding-right:0;padding-bottom:var(--wp--preset--spacing--10);padding-left:0\">\n<h3 class=\"wp-block-heading alignfull has-text-align-left has-wit-color has-text-color has-link-color wp-elements-cf3103409e6904e809c4fed89c2066fb\">Entdecken Sie alle Batterietechnologien<\/h3>\n\n\n\n<p class=\"has-bijna-wit-color has-text-color has-link-color wp-elements-83d0d1575dd847b0aae0c9a333b54c26\">Entdecken Sie die verschiedenen Batterietechnologien und wo jede wirklich vorankommt.<\/p>\n\n\n\n<div class=\"wp-block-buttons is-layout-flex wp-block-buttons-is-layout-flex\">\n<div class=\"wp-block-button is-style-arrow-white\"><a class=\"wp-block-button__link has-text-align-center wp-element-button\" href=\"https:\/\/intercel.eu\/de\/wissenszentrum\/batterie-technologie\/\">Batterietechnologien<\/a><\/div>\n<\/div>\n<\/div>\n<\/div>\n<\/div>\n<\/div>\n<\/div>\n\n\n\n<div style=\"height:5px\" aria-hidden=\"true\" class=\"wp-block-spacer\"><\/div>\n\n\n\n<div class=\"wp-block-columns is-layout-flex wp-container-core-columns-is-layout-28f84493 wp-block-columns-is-layout-flex\">\n<div class=\"wp-block-column is-vertically-aligned-center is-layout-flow wp-block-column-is-layout-flow\">\n<figure class=\"wp-block-image alignleft is-resized is-style-rounded\"><img decoding=\"async\" src=\"https:\/\/intercel.eu\/app\/uploads\/sites\/3\/2024\/09\/Haarlem-Energy-HUB-2-1-1024x683.jpg\" alt=\"\" class=\"wp-image-21287\" style=\"width:740px;height:auto\"\/><\/figure>\n<\/div>\n\n\n\n<div class=\"wp-block-column is-layout-flow wp-block-column-is-layout-flow\">\n<h2 class=\"wp-block-heading\">Eine nachhaltige Zukunft<\/h2>\n\n\n\n<p>Wenn es um Nachhaltigkeit geht, gibt es immer Raum f\u00fcr Verbesserungen. Deshalb sind wir noch lange nicht am Ziel. Zum Beispiel m\u00f6chten wir au\u00dferdem:  <\/p>\n\n\n\n<div style=\"height:5px\" aria-hidden=\"true\" class=\"wp-block-spacer\"><\/div>\n\n\n\n<ul class=\"wp-block-list\">\n<li>Erhalten Sie vollst\u00e4ndige Transparenz \u00fcber die Sorgfaltspflichten bei den Rohstoffen sowie den CO\u2082-Fu\u00dfabdruck unserer Produkte. Batterien sind grunds\u00e4tzlich CO\u2082-intensive Produkte. Auf Basis dieser Erkenntnisse kann Intercel gezielt bestimmen, an welchen Stellen weitere CO\u2082-Reduzierungen m\u00f6glich sind. <br\/><\/li>\n\n\n\n<li>Unsere weiteren Standorte nachhaltiger gestalten. Unser neues B\u00fcro- und Produktionszentrum in Haarlem verf\u00fcgt bereits \u00fcber das Energieeffizienzlabel A+++++. <br\/><\/li>\n\n\n\n<li>Elektrische Nutzfahrzeuge f\u00fcr unseren Service-Fuhrpark (sobald diese f\u00fcr schwere Lasten verf\u00fcgbar sind).<br\/><\/li>\n\n\n\n<li>ie ESG-Werte all unserer Kunden erfassen \u2013 kommen Sie daher gerne mit Ihren Herausforderungen auf uns zu und zeigen Sie uns, wobei wir Sie unterst\u00fctzen k\u00f6nnen. Die Chancen stehen gut, dass wir bereits mit Ihren Zielen und Ambitionen \u00fcbereinstimmen! <\/li>\n<\/ul>\n\n\n\n<div style=\"height:5px\" aria-hidden=\"true\" class=\"wp-block-spacer\"><\/div>\n\n\n\n<p>Dar\u00fcber hinaus werden wir untersuchen, was Intercel k\u00fcnftig mit Batterien tun kann, die in einigen Jahren aus Baggern, leichten Elektrofahrzeugen usw. zur\u00fcckkommen. M\u00f6glicherweise k\u00f6nnen diese beispielsweise in Energiespeichersystemen wiederverwendet werden. Aufgrund der langen Lebensdauer der LFP-Zellen sind die von uns gelieferten Batterien jedoch derzeit noch im Einsatz. <\/p>\n\n\n\n<p>Dank der Branche, in der wir t\u00e4tig sind, sehen wir uns als einen wirkungsvollen und relevanten Akteur der Energiewende. Seit \u00fcber 40 Jahren treiben wir Menschen und Produkte im Gesundheitswesen voran, unterst\u00fctzen die Bauindustrie \u2013 beispielsweise mit Hubarbeitsb\u00fchnen \u2013 sowie weitere industrielle Anwendungen und stellen sicher, dass es zuverl\u00e4ssige Notstromversorgung f\u00fcr Telekommunikation und Krankenh\u00e4user gibt.<br\/>In den letzten sechs Jahren engagieren wir uns zudem f\u00fcr L\u00f6sungen im Bereich Netzengp\u00e4sse und Stromnetzinfrastruktur. Dabei konnten wir bereits viel bewirken \u2013 darauf sind wir sehr stolz.   <\/p>\n<\/div>\n<\/div>\n\n\n\n<div style=\"height:5px\" aria-hidden=\"true\" class=\"wp-block-spacer\"><\/div>\n\n\n\n<div class=\"wp-block-columns is-not-stacked-on-mobile has-vertical-grey-to-white-gradient-background has-background is-layout-flex wp-container-core-columns-is-layout-a5331a9e wp-block-columns-is-layout-flex\" style=\"border-top-left-radius:25px;border-top-right-radius:25px;border-bottom-left-radius:25px;border-bottom-right-radius:25px;padding-top:0;padding-right:0;padding-bottom:0;padding-left:0;box-shadow:var(--wp--preset--shadow--natural)\">\n<div class=\"wp-block-column is-vertically-aligned-center is-layout-flow wp-block-column-is-layout-flow\">\n<div class=\"wp-block-group has-global-padding is-layout-constrained wp-container-core-group-is-layout-52009084 wp-block-group-is-layout-constrained\" style=\"padding-top:var(--wp--preset--spacing--40);padding-right:var(--wp--preset--spacing--40);padding-bottom:var(--wp--preset--spacing--40);padding-left:var(--wp--preset--spacing--40)\">\n<h2 class=\"wp-block-heading has-contrast-color has-text-color has-link-color has-x-large-font-size wp-elements-42aaf3397b600dfc7e6783e2d48713f2\">Bleib mit <em>The Current<\/em> aktiv<\/h2>\n\n\n\n<p class=\"has-contrast-color has-text-color has-link-color wp-elements-70a65d2b9c4980d02f1ed88b4eac3bb0\">Abonnieren Sie unser digitales Journal <em>The Current<\/em> und bleiben Sie informiert \u00fcber die neuesten Batterieinnovationen, Veranstaltungen, Marktentwicklungen und Praxisbeispiele.<\/p>\n\n\n\n<div class=\"wp-block-buttons is-content-justification-left is-layout-flex wp-container-core-buttons-is-layout-fc4fd283 wp-block-buttons-is-layout-flex\">\n<div class=\"wp-block-button is-style-arrow\"><a class=\"wp-block-button__link has-text-align-center wp-element-button\" href=\"https:\/\/mailchi.mp\/420996ce8b06\/subscribe-to-the-current\" target=\"_blank\" rel=\"noopener\">Abonnieren<\/a><\/div>\n<\/div>\n<\/div>\n<\/div>\n\n\n\n<div class=\"wp-block-column is-vertically-aligned-center is-style-default is-layout-flow wp-container-core-column-is-layout-f8561097 wp-block-column-is-layout-flow\" style=\"border-radius:25px;padding-top:0;padding-right:0;padding-bottom:0;padding-left:0;flex-basis:33.33%\">\n<div class=\"wp-block-group has-global-padding is-layout-constrained wp-block-group-is-layout-constrained has-background\" style=\"border-top-right-radius:25px;border-bottom-right-radius:25px;background-image:url(&apos;https:\/\/intercel.eu\/\/app\/uploads\/2025\/11\/The-Current-newspaper-1.png&apos;);background-position:20% 70%;background-size:cover;background-attachment:scroll;\">\n<div style=\"height:280px\" aria-hidden=\"true\" class=\"wp-block-spacer\"><\/div>\n<\/div>\n<\/div>\n<\/div>\n\n\n\n<div style=\"height:43px\" aria-hidden=\"true\" class=\"wp-block-spacer\"><\/div>\n<\/div>\n<\/div>\n\n<p><\/p>\n","protected":false},"excerpt":{"rendered":"<p>Fortschritt verantwortungsvoll vorantreiben Bei Intercel glauben wir, dass die Energieversorgung der Zukunft Hand in Hand mit ihrem Schutz geht. Unser Engagement f\u00fcr Nachhaltigkeit geht \u00fcber unsere Produkte hinaus. Es pr\u00e4gt, wie wir arbeiten, wie wir Materialien beschaffen und wie wir mit Menschen und dem Planeten umgehen. Wir \u00fcbernehmen Verantwortung in der gesamten Wertsch\u00f6pfungskette: von der &hellip; <a href=\"https:\/\/intercel.eu\/de\/uber-intercel\/unsere-verantwortlichkeiten\/\">Fortgesetzt<\/a><\/p>\n","protected":false},"author":1,"featured_media":0,"parent":18318,"menu_order":0,"comment_status":"closed","ping_status":"closed","template":"","meta":{"footnotes":""},"class_list":["post-6903","page","type-page","status-publish","hentry"],"acf":[],"_links":{"self":[{"href":"https:\/\/intercel.eu\/de\/wp-json\/wp\/v2\/pages\/6903","targetHints":{"allow":["GET"]}}],"collection":[{"href":"https:\/\/intercel.eu\/de\/wp-json\/wp\/v2\/pages"}],"about":[{"href":"https:\/\/intercel.eu\/de\/wp-json\/wp\/v2\/types\/page"}],"author":[{"embeddable":true,"href":"https:\/\/intercel.eu\/de\/wp-json\/wp\/v2\/users\/1"}],"replies":[{"embeddable":true,"href":"https:\/\/intercel.eu\/de\/wp-json\/wp\/v2\/comments?post=6903"}],"version-history":[{"count":7,"href":"https:\/\/intercel.eu\/de\/wp-json\/wp\/v2\/pages\/6903\/revisions"}],"predecessor-version":[{"id":23000,"href":"https:\/\/intercel.eu\/de\/wp-json\/wp\/v2\/pages\/6903\/revisions\/23000"}],"up":[{"embeddable":true,"href":"https:\/\/intercel.eu\/de\/wp-json\/wp\/v2\/pages\/18318"}],"wp:attachment":[{"href":"https:\/\/intercel.eu\/de\/wp-json\/wp\/v2\/media?parent=6903"}],"curies":[{"name":"wp","href":"https:\/\/api.w.org\/{rel}","templated":true}]}}