{"id":7151,"date":"2025-10-29T15:42:00","date_gmt":"2025-10-29T14:42:00","guid":{"rendered":"https:\/\/intercel.eu\/?page_id=7151"},"modified":"2026-03-02T18:23:43","modified_gmt":"2026-03-02T17:23:43","slug":"nachrichten","status":"publish","type":"page","link":"https:\/\/intercel.eu\/de\/uber-intercel\/nachrichten\/","title":{"rendered":"Nachrichten"},"content":{"rendered":"\n<div class=\"wp-block-columns is-layout-flex wp-container-core-columns-is-layout-ec2e7a44 wp-block-columns-is-layout-flex\" style=\"padding-top:0;padding-bottom:0\">\n<div class=\"wp-block-column is-vertically-aligned-top is-layout-flow wp-block-column-is-layout-flow\">\n<h2 class=\"wp-block-heading\">Nachrichten<\/h2>\n\n\n\n<p>Von technologischen Entwicklungen und Unternehmensmeilensteinen bis hin zu Brancheneinblicken, die die Batteriebranche und die umfassendere Energiewende pr\u00e4gen. Hier teilen wir die Geschichten, Innovationen und Perspektiven, die unsere Arbeit voranbringen. M\u00f6chten Sie auf dem Laufenden bleiben? Abonnieren Sie unsere digitale Zeitung <em><a href=\"https:\/\/mailchi.mp\/420996ce8b06\/subscribe-to-the-current\" target=\"_blank\" rel=\"noopener\">The Current<\/a> <\/em>, um stets mit Energie versorgt zu bleiben.   <br \/><\/p>\n<\/div>\n\n\n\n<div class=\"wp-block-column is-style-indrukwekkend-afgerond is-layout-flow wp-block-column-is-layout-flow\" style=\"padding-top:var(--wp--preset--spacing--10);padding-right:var(--wp--preset--spacing--10);padding-bottom:var(--wp--preset--spacing--10);padding-left:var(--wp--preset--spacing--10)\">\n<h2 class=\"wp-block-heading has-text-align-left\">Veranstaltungen<\/h2>\n\n\n\n<p>Wir hoffen, Sie bei den Veranstaltungen und Konferenzen in diesem Jahr zu sehen. Sehen Sie sich unseren Veranstaltungskalender an, um zu erfahren, wo wir als N\u00e4chstes sein werden. <\/p>\n\n\n\n<div class=\"wp-block-buttons is-content-justification-left is-layout-flex wp-container-core-buttons-is-layout-fc4fd283 wp-block-buttons-is-layout-flex\">\n<div class=\"wp-block-button\"><a class=\"wp-block-button__link wp-element-button\" href=\"https:\/\/intercel.eu\/de\/uber-intercel\/nachrichten\/nachrichten\/\">Sehen Sie sich unseren Veranstaltungskalender an<\/a><\/div>\n<\/div>\n<\/div>\n<\/div>\n\n<div class=\"wp-block-group has-global-padding is-layout-constrained wp-block-group-is-layout-constrained\">\n<div class=\"wp-block-columns alignwide post-type-archive-vacancies is-layout-flex wp-container-core-columns-is-layout-658170e2 wp-block-columns-is-layout-flex\">\n<div class=\"wp-block-column is-layout-flow wp-block-column-is-layout-flow\"><div class=\"facetwp-template\" data-name=\"blog_posts\"><div class=\"fwpl-layout listingGrid\"><div class=\"fwpl-result r1\"><div class=\"fwpl-row el-8cjrpw\"><div class=\"fwpl-col fwpl-col el-1tvcxf\"><div class=\"fwpl-item afbeelding\"><img loading=\"lazy\" decoding=\"async\" width=\"430\" height=\"300\" src=\"https:\/\/intercel.eu\/\/app\/uploads\/2026\/02\/IMG_8324-430x300.jpg\" class=\"attachment-kenmerkenFeatImg size-kenmerkenFeatImg wp-post-image\" alt=\"Large scale energy storage project using battery containers from Cellpower\" \/><\/div><div class=\"fwpl-item el-fz703r\"><h3>Batteriecontainer f\u00fcr Gro\u00dfskalige Energiespeicherung<\/h3><\/div><div class=\"fwpl-item footer2\"><a href=\"https:\/\/intercel.eu\/de\/batteriecontainer-grosskalige-energiespeicherung\/\" class=\"fwpl-btn\">Weiterlesen<\/a>\n<\/div><\/div><\/div><\/div><div class=\"fwpl-result r2\"><div class=\"fwpl-row el-8cjrpw\"><div class=\"fwpl-col fwpl-col el-1tvcxf\"><div class=\"fwpl-item afbeelding\"><img loading=\"lazy\" decoding=\"async\" width=\"430\" height=\"300\" src=\"https:\/\/intercel.eu\/\/app\/uploads\/2025\/10\/P1017725-430x300.jpg\" class=\"attachment-kenmerkenFeatImg size-kenmerkenFeatImg wp-post-image\" alt=\"Important issues in choosing an energy storage system\" \/><\/div><div class=\"fwpl-item el-fz703r\"><h3>Wichtige Punkte bei der Auswahl eines Energiespeichersystems<\/h3><\/div><div class=\"fwpl-item footer2\"><a href=\"https:\/\/intercel.eu\/de\/wichtige-punkte-bei-der-auswahl-eines-energiespeichersystems\/\" class=\"fwpl-btn\">Weiterlesen<\/a>\n<\/div><\/div><\/div><\/div><div class=\"fwpl-result r3\"><div class=\"fwpl-row el-8cjrpw\"><div class=\"fwpl-col fwpl-col el-1tvcxf\"><div class=\"fwpl-item afbeelding\"><img loading=\"lazy\" decoding=\"async\" width=\"430\" height=\"300\" src=\"https:\/\/intercel.eu\/\/app\/uploads\/2025\/10\/1-scaled-3-430x300.jpg\" class=\"attachment-kenmerkenFeatImg size-kenmerkenFeatImg wp-post-image\" alt=\"\" \/><\/div><div class=\"fwpl-item el-fz703r\"><h3>Intercel Group mit EcoVadis-Goldmedaille f\u00fcr Nachhaltigkeitsleistungen ausgezeichnet<\/h3><\/div><div class=\"fwpl-item footer2\"><a href=\"https:\/\/intercel.eu\/de\/intercel-group-mit-ecovadis-goldmedaille-fuer-nachhaltigkeitsleistungen-ausgezeichnet\/\" class=\"fwpl-btn\">Weiterlesen<\/a>\n<\/div><\/div><\/div><\/div><div class=\"fwpl-result r4\"><div class=\"fwpl-row el-8cjrpw\"><div class=\"fwpl-col fwpl-col el-1tvcxf\"><div class=\"fwpl-item afbeelding\"><img loading=\"lazy\" decoding=\"async\" width=\"430\" height=\"300\" src=\"https:\/\/intercel.eu\/\/app\/uploads\/2025\/10\/Verkleint-scaled-1-430x300.jpg\" class=\"attachment-kenmerkenFeatImg size-kenmerkenFeatImg wp-post-image\" alt=\"\" \/><\/div><div class=\"fwpl-item el-fz703r\"><h3>Erfolgreiche Er\u00f6ffnung der gr\u00f6\u00dften Fabrik f\u00fcr kundenspezifische Batterien in den Niederlanden<\/h3><\/div><div class=\"fwpl-item footer2\"><a href=\"https:\/\/intercel.eu\/de\/erfolgreiche-eroffnung-der-grosten-fabrik-fur-kundenspezifische-batterien-in-den-niederlanden\/\" class=\"fwpl-btn\">Weiterlesen<\/a>\n<\/div><\/div><\/div><\/div><div class=\"fwpl-result r5\"><div class=\"fwpl-row el-8cjrpw\"><div class=\"fwpl-col fwpl-col el-1tvcxf\"><div class=\"fwpl-item afbeelding\"><img loading=\"lazy\" decoding=\"async\" width=\"430\" height=\"300\" src=\"https:\/\/intercel.eu\/\/app\/uploads\/2025\/10\/REVO-mock-scaled-1-430x300.jpg\" class=\"attachment-kenmerkenFeatImg size-kenmerkenFeatImg wp-post-image\" alt=\"\" \/><\/div><div class=\"fwpl-item el-fz703r\"><h3>REVO 3.0: Neue Lithium-Batteriemodule f\u00fcr USV-Systeme<\/h3><\/div><div class=\"fwpl-item footer2\"><a href=\"https:\/\/intercel.eu\/de\/revo-3-0-neue-lithium-batteriemodule-fur-usv-systeme\/\" class=\"fwpl-btn\">Weiterlesen<\/a>\n<\/div><\/div><\/div><\/div><div class=\"fwpl-result r6\"><div class=\"fwpl-row el-8cjrpw\"><div class=\"fwpl-col fwpl-col el-1tvcxf\"><div class=\"fwpl-item afbeelding\"><img loading=\"lazy\" decoding=\"async\" width=\"430\" height=\"300\" src=\"https:\/\/intercel.eu\/\/app\/uploads\/2025\/10\/Christening-of-Mira-scaled-1-430x300.jpg\" class=\"attachment-kenmerkenFeatImg size-kenmerkenFeatImg wp-post-image\" alt=\"\" \/><\/div><div class=\"fwpl-item el-fz703r\"><h3>Das Hydro Motion Team enth\u00fcllt: das Wasserstoffboot 2025<\/h3><\/div><div class=\"fwpl-item footer2\"><a href=\"https:\/\/intercel.eu\/de\/das-hydro-motion-team-enthullt-das-wasserstoffboot-2025\/\" class=\"fwpl-btn\">Weiterlesen<\/a>\n<\/div><\/div><\/div><\/div><div class=\"fwpl-result r7\"><div class=\"fwpl-row el-8cjrpw\"><div class=\"fwpl-col fwpl-col el-1tvcxf\"><div class=\"fwpl-item afbeelding\"><img loading=\"lazy\" decoding=\"async\" width=\"430\" height=\"300\" src=\"https:\/\/intercel.eu\/\/app\/uploads\/2025\/10\/IMG_1636-scaled-1-430x300.jpg\" class=\"attachment-kenmerkenFeatImg size-kenmerkenFeatImg wp-post-image\" alt=\"\" \/><\/div><div class=\"fwpl-item el-fz703r\"><h3>ZQuips Flexible Batterieenergiemodule<\/h3><\/div><div class=\"fwpl-item footer2\"><a href=\"https:\/\/intercel.eu\/de\/zquips-flexible-batterieenergiemodule\/\" class=\"fwpl-btn\">Weiterlesen<\/a>\n<\/div><\/div><\/div><\/div><div class=\"fwpl-result r8\"><div class=\"fwpl-row el-8cjrpw\"><div class=\"fwpl-col fwpl-col el-1tvcxf\"><div class=\"fwpl-item afbeelding\"><img loading=\"lazy\" decoding=\"async\" width=\"430\" height=\"300\" src=\"https:\/\/intercel.eu\/\/app\/uploads\/2025\/10\/pand-voorkant-Haarlem-energy-hub-scaled-1-430x300.jpg\" class=\"attachment-kenmerkenFeatImg size-kenmerkenFeatImg wp-post-image\" alt=\"\" \/><\/div><div class=\"fwpl-item el-fz703r\"><h3>Intercel er\u00f6ffnet die gr\u00f6\u00dfte Fabrik f\u00fcr europ\u00e4ische Custom-Batterien in den Niederlanden<\/h3><\/div><div class=\"fwpl-item footer2\"><a href=\"https:\/\/intercel.eu\/de\/intercel-eroeffnet-die-groesste-fabrik-fuer-europaeische-custom-batterien-in-den-niederlanden\/\" class=\"fwpl-btn\">Weiterlesen<\/a>\n<\/div><\/div><\/div><\/div><div class=\"fwpl-result r9\"><div class=\"fwpl-row el-8cjrpw\"><div class=\"fwpl-col fwpl-col el-1tvcxf\"><div class=\"fwpl-item afbeelding\"><img loading=\"lazy\" decoding=\"async\" width=\"430\" height=\"300\" src=\"https:\/\/intercel.eu\/\/app\/uploads\/2025\/10\/5-kasten-voorkant-430x300.png\" class=\"attachment-kenmerkenFeatImg size-kenmerkenFeatImg wp-post-image\" alt=\"Cell Power\" \/><\/div><div class=\"fwpl-item el-fz703r\"><h3>Neue Energiespeichersysteme mit den leistungsst\u00e4rksten Batteriezellen auf dem Markt<\/h3><\/div><div class=\"fwpl-item footer2\"><a href=\"https:\/\/intercel.eu\/de\/neue-energiespeichersysteme-mit-den-leistungsstarksten-batteriezellen-auf-dem-markt\/\" class=\"fwpl-btn\">Weiterlesen<\/a>\n<\/div><\/div><\/div><\/div><div class=\"fwpl-result r10\"><div class=\"fwpl-row el-8cjrpw\"><div class=\"fwpl-col fwpl-col el-1tvcxf\"><div class=\"fwpl-item afbeelding\"><img loading=\"lazy\" decoding=\"async\" width=\"430\" height=\"300\" src=\"https:\/\/intercel.eu\/\/app\/uploads\/2025\/10\/AdobeStock_730096407-scaled-1-430x300.jpeg\" class=\"attachment-kenmerkenFeatImg size-kenmerkenFeatImg wp-post-image\" alt=\"Energieopslag voor bedrijven\" \/><\/div><div class=\"fwpl-item el-fz703r\"><h3>Gewerbespeicher f\u00fcr Unternehmen<\/h3><\/div><div class=\"fwpl-item footer2\"><a href=\"https:\/\/intercel.eu\/de\/batteriespeicher-fuer-unternehmen\/\" class=\"fwpl-btn\">Weiterlesen<\/a>\n<\/div><\/div><\/div><\/div><div class=\"fwpl-result r11\"><div class=\"fwpl-row el-8cjrpw\"><div class=\"fwpl-col fwpl-col el-1tvcxf\"><div class=\"fwpl-item afbeelding\"><img loading=\"lazy\" decoding=\"async\" width=\"430\" height=\"300\" src=\"https:\/\/intercel.eu\/\/app\/uploads\/2025\/10\/Ontwerp-zonder-titel-91-430x300.png\" class=\"attachment-kenmerkenFeatImg size-kenmerkenFeatImg wp-post-image\" alt=\"\" \/><\/div><div class=\"fwpl-item el-fz703r\"><h3>Neue robuste Lithiumbatterien: Cellpower CLF<\/h3><\/div><div class=\"fwpl-item footer2\"><a href=\"https:\/\/intercel.eu\/de\/neue-robuste-lithium-batterien-cellpower-clf\/\" class=\"fwpl-btn\">Weiterlesen<\/a>\n<\/div><\/div><\/div><\/div><div class=\"fwpl-result r12\"><div class=\"fwpl-row el-8cjrpw\"><div class=\"fwpl-col fwpl-col el-1tvcxf\"><div class=\"fwpl-item afbeelding\"><img loading=\"lazy\" decoding=\"async\" width=\"430\" height=\"300\" src=\"https:\/\/intercel.eu\/\/app\/uploads\/2025\/10\/1714649630642-1-430x300.jpg\" class=\"attachment-kenmerkenFeatImg size-kenmerkenFeatImg wp-post-image\" alt=\"\" \/><\/div><div class=\"fwpl-item el-fz703r\"><h3>Elektrisches Asphaltset erm\u00f6glicht emissionsfreies Asphaltieren<\/h3><\/div><div class=\"fwpl-item footer2\"><a href=\"https:\/\/intercel.eu\/de\/elektrische-asphalt-set-ermoglicht-emissionsfreies-asphaltieren\/\" class=\"fwpl-btn\">Weiterlesen<\/a>\n<\/div><\/div><\/div><\/div><div class=\"fwpl-result r13\"><div class=\"fwpl-row el-8cjrpw\"><div class=\"fwpl-col fwpl-col el-1tvcxf\"><div class=\"fwpl-item afbeelding\"><img loading=\"lazy\" decoding=\"async\" width=\"430\" height=\"300\" src=\"https:\/\/intercel.eu\/\/app\/uploads\/2025\/10\/IMG_9794-scaled-1-430x300.jpg\" class=\"attachment-kenmerkenFeatImg size-kenmerkenFeatImg wp-post-image\" alt=\"\" \/><\/div><div class=\"fwpl-item el-fz703r\"><h3>Wetac und Intercel schlie\u00dfen sich zusammen, um das Wachstum in Europa zu beschleunigen<\/h3><\/div><div class=\"fwpl-item footer2\"><a href=\"https:\/\/intercel.eu\/de\/wetac-und-intercel-schliessen-sich-zusammen-um-das-wachstum-in-europa-zu-beschleunigen\/\" class=\"fwpl-btn\">Weiterlesen<\/a>\n<\/div><\/div><\/div><\/div><div class=\"fwpl-result r14\"><div class=\"fwpl-row el-8cjrpw\"><div class=\"fwpl-col fwpl-col el-1tvcxf\"><div class=\"fwpl-item afbeelding\"><img loading=\"lazy\" decoding=\"async\" width=\"430\" height=\"300\" src=\"https:\/\/intercel.eu\/\/app\/uploads\/2025\/10\/IMG_9745-2-scaled-1-430x300.jpg\" class=\"attachment-kenmerkenFeatImg size-kenmerkenFeatImg wp-post-image\" alt=\"\" \/><\/div><div class=\"fwpl-item el-fz703r\"><h3>Optimierte Energiespeicherung und -verwaltung<\/h3><\/div><div class=\"fwpl-item footer2\"><a href=\"https:\/\/intercel.eu\/de\/optimierte-energiespeicherung-und-verwaltung\/\" class=\"fwpl-btn\">Weiterlesen<\/a>\n<\/div><\/div><\/div><\/div><div class=\"fwpl-result r15\"><div class=\"fwpl-row el-8cjrpw\"><div class=\"fwpl-col fwpl-col el-1tvcxf\"><div class=\"fwpl-item afbeelding\"><img loading=\"lazy\" decoding=\"async\" width=\"430\" height=\"300\" src=\"https:\/\/intercel.eu\/\/app\/uploads\/2025\/10\/Schermafbeelding-2025-02-17-110002-430x300.png\" class=\"attachment-kenmerkenFeatImg size-kenmerkenFeatImg wp-post-image\" alt=\"\" srcset=\"https:\/\/intercel.eu\/\/app\/uploads\/2025\/10\/Schermafbeelding-2025-02-17-110002-430x300.png 430w, https:\/\/intercel.eu\/\/app\/uploads\/2025\/10\/Schermafbeelding-2025-02-17-110002-50x34.png 50w\" sizes=\"auto, (max-width: 430px) 100vw, 430px\" \/><\/div><div class=\"fwpl-item el-fz703r\"><h3>Gomutec entwickelt eine elektrische Fugenmaschine mit individuellen Akkus von Intercel<\/h3><\/div><div class=\"fwpl-item footer2\"><a href=\"https:\/\/intercel.eu\/de\/gomutec-entwirft-elektrische-fugenmaschine-mit-masgeschneiderten-intercel-batterien\/\" class=\"fwpl-btn\">Weiterlesen<\/a>\n<\/div><\/div><\/div><\/div><div class=\"fwpl-result r16\"><div class=\"fwpl-row el-8cjrpw\"><div class=\"fwpl-col fwpl-col el-1tvcxf\"><div class=\"fwpl-item afbeelding\"><img loading=\"lazy\" decoding=\"async\" width=\"430\" height=\"300\" src=\"https:\/\/intercel.eu\/\/app\/uploads\/2025\/10\/Green-Road-Equipments-scaled-1-430x300.jpg\" class=\"attachment-kenmerkenFeatImg size-kenmerkenFeatImg wp-post-image\" alt=\"\" \/><\/div><div class=\"fwpl-item el-fz703r\"><h3>Das SSEB-Stipendium \u00f6ffnet am 4. M\u00e4rz<\/h3><\/div><div class=\"fwpl-item footer2\"><a href=\"https:\/\/intercel.eu\/de\/sseb-stipendium-beginnt-am-4-marz\/\" class=\"fwpl-btn\">Weiterlesen<\/a>\n<\/div><\/div><\/div><\/div><div class=\"fwpl-result r17\"><div class=\"fwpl-row el-8cjrpw\"><div class=\"fwpl-col fwpl-col el-1tvcxf\"><div class=\"fwpl-item afbeelding\"><img loading=\"lazy\" decoding=\"async\" width=\"430\" height=\"300\" src=\"https:\/\/intercel.eu\/\/app\/uploads\/2025\/10\/Tekenmoment-samenwerking-Intercel-Technische-Unie-2-scaled-1-430x300.jpg\" class=\"attachment-kenmerkenFeatImg size-kenmerkenFeatImg wp-post-image\" alt=\"\" \/><\/div><div class=\"fwpl-item el-fz703r\"><h3>Die Technische Unie unterst\u00fctzt Kunden mit Stromnetz\u00fcberlastung<\/h3><\/div><div class=\"fwpl-item footer2\"><a href=\"https:\/\/intercel.eu\/de\/technische-unie-unterstutzt-kunden-bei-netzengpassen\/\" class=\"fwpl-btn\">Weiterlesen<\/a>\n<\/div><\/div><\/div><\/div><div class=\"fwpl-result r18\"><div class=\"fwpl-row el-8cjrpw\"><div class=\"fwpl-col fwpl-col el-1tvcxf\"><div class=\"fwpl-item afbeelding\"><img loading=\"lazy\" decoding=\"async\" width=\"430\" height=\"300\" src=\"https:\/\/intercel.eu\/\/app\/uploads\/2025\/10\/IMG_4161-scaled-1-430x300.jpeg\" class=\"attachment-kenmerkenFeatImg size-kenmerkenFeatImg wp-post-image\" alt=\"\" \/><\/div><div class=\"fwpl-item el-fz703r\"><h3>Fr\u00fchst\u00fcckssitzung im Van der Laan<\/h3><\/div><div class=\"fwpl-item footer2\"><a href=\"https:\/\/intercel.eu\/de\/fruhstuckssitzung-bei-van-der-laan\/\" class=\"fwpl-btn\">Weiterlesen<\/a>\n<\/div><\/div><\/div><\/div><\/div>\n<style>\n.fwpl-layout, .fwpl-row {\n    display: grid;\n}\n.fwpl-layout.listingGrid {\n    grid-template-columns: repeat(4, 1fr);\n    grid-gap: 30px;\n}\n.fwpl-row.el-8cjrpw {\n    grid-template-columns: 1fr;\n}\n<\/style>\n<\/div>\n\n\n<div class=\"facetwp-facet facetwp-facet-paginering facetwp-type-pager\" data-name=\"paginering\" data-type=\"pager\"><\/div>\n<\/div>\n<\/div>\n<\/div>\n\n<div class=\"wp-block-columns is-not-stacked-on-mobile has-vertical-grey-to-white-gradient-background has-background is-layout-flex wp-container-core-columns-is-layout-a5331a9e wp-block-columns-is-layout-flex\" style=\"border-top-left-radius:25px;border-top-right-radius:25px;border-bottom-left-radius:25px;border-bottom-right-radius:25px;padding-top:0;padding-right:0;padding-bottom:0;padding-left:0;box-shadow:var(--wp--preset--shadow--natural)\">\n<div class=\"wp-block-column is-vertically-aligned-center is-layout-flow wp-block-column-is-layout-flow\">\n<div class=\"wp-block-group has-global-padding is-layout-constrained wp-container-core-group-is-layout-52009084 wp-block-group-is-layout-constrained\" style=\"padding-top:var(--wp--preset--spacing--40);padding-right:var(--wp--preset--spacing--40);padding-bottom:var(--wp--preset--spacing--40);padding-left:var(--wp--preset--spacing--40)\">\n<h2 class=\"wp-block-heading has-contrast-color has-text-color has-link-color has-x-large-font-size wp-elements-42aaf3397b600dfc7e6783e2d48713f2\">Bleib mit <em>The Current<\/em> aktiv<\/h2>\n\n\n\n<p class=\"has-contrast-color has-text-color has-link-color wp-elements-70a65d2b9c4980d02f1ed88b4eac3bb0\">Abonnieren Sie unser digitales Journal <em>The Current<\/em> und bleiben Sie informiert \u00fcber die neuesten Batterieinnovationen, Veranstaltungen, Marktentwicklungen und Praxisbeispiele.<\/p>\n\n\n\n<div class=\"wp-block-buttons is-content-justification-left is-layout-flex wp-container-core-buttons-is-layout-fc4fd283 wp-block-buttons-is-layout-flex\">\n<div class=\"wp-block-button is-style-arrow\"><a class=\"wp-block-button__link has-text-align-center wp-element-button\" href=\"https:\/\/mailchi.mp\/420996ce8b06\/subscribe-to-the-current\" target=\"_blank\" rel=\"noopener\">Abonnieren<\/a><\/div>\n<\/div>\n<\/div>\n<\/div>\n\n\n\n<div class=\"wp-block-column is-vertically-aligned-center is-style-default is-layout-flow wp-container-core-column-is-layout-f8561097 wp-block-column-is-layout-flow\" style=\"border-radius:25px;padding-top:0;padding-right:0;padding-bottom:0;padding-left:0;flex-basis:33.33%\">\n<div class=\"wp-block-group has-global-padding is-layout-constrained wp-block-group-is-layout-constrained has-background\" style=\"border-top-right-radius:25px;border-bottom-right-radius:25px;background-image:url(&apos;https:\/\/intercel.eu\/\/app\/uploads\/2025\/11\/The-Current-newspaper-1.png&apos;);background-position:20% 70%;background-size:cover;background-attachment:scroll;\">\n<div style=\"height:280px\" aria-hidden=\"true\" class=\"wp-block-spacer\"><\/div>\n<\/div>\n<\/div>\n<\/div>\n","protected":false},"excerpt":{"rendered":"<p>Von technologischen Entwicklungen und Unternehmensmeilensteinen bis hin zu Brancheneinblicken, die die Batteriebranche und die umfassendere Energiewende pr\u00e4gen. Hier teilen wir die Geschichten, Innovationen und Perspektiven, die unsere Arbeit voranbringen. M\u00f6chten Sie auf dem Laufenden bleiben? Abonnieren Sie unseren Newsletter, um \u00fcber zuk\u00fcnftige Ver\u00f6ffentlichungen informiert zu werden.   <\/p>\n","protected":false},"author":1,"featured_media":12835,"parent":18318,"menu_order":0,"comment_status":"closed","ping_status":"closed","template":"","meta":{"footnotes":""},"class_list":["post-7151","page","type-page","status-publish","has-post-thumbnail","hentry"],"acf":[],"_links":{"self":[{"href":"https:\/\/intercel.eu\/de\/wp-json\/wp\/v2\/pages\/7151","targetHints":{"allow":["GET"]}}],"collection":[{"href":"https:\/\/intercel.eu\/de\/wp-json\/wp\/v2\/pages"}],"about":[{"href":"https:\/\/intercel.eu\/de\/wp-json\/wp\/v2\/types\/page"}],"author":[{"embeddable":true,"href":"https:\/\/intercel.eu\/de\/wp-json\/wp\/v2\/users\/1"}],"replies":[{"embeddable":true,"href":"https:\/\/intercel.eu\/de\/wp-json\/wp\/v2\/comments?post=7151"}],"version-history":[{"count":14,"href":"https:\/\/intercel.eu\/de\/wp-json\/wp\/v2\/pages\/7151\/revisions"}],"predecessor-version":[{"id":36306,"href":"https:\/\/intercel.eu\/de\/wp-json\/wp\/v2\/pages\/7151\/revisions\/36306"}],"up":[{"embeddable":true,"href":"https:\/\/intercel.eu\/de\/wp-json\/wp\/v2\/pages\/18318"}],"wp:featuredmedia":[{"embeddable":true,"href":"https:\/\/intercel.eu\/de\/wp-json\/wp\/v2\/media\/12835"}],"wp:attachment":[{"href":"https:\/\/intercel.eu\/de\/wp-json\/wp\/v2\/media?parent=7151"}],"curies":[{"name":"wp","href":"https:\/\/api.w.org\/{rel}","templated":true}]}}